{"id":153,"date":"2023-02-08T19:26:16","date_gmt":"2023-02-08T19:26:16","guid":{"rendered":"https:\/\/www.celec.gob.ec\/celecsur\/?page_id=153"},"modified":"2023-07-28T16:24:58","modified_gmt":"2023-07-28T21:24:58","slug":"produccion-en-linea-detalle","status":"publish","type":"page","link":"https:\/\/www.celec.gob.ec\/celecsur\/produccion-en-linea-detalle\/","title":{"rendered":"Producci\u00f3n en L\u00ednea"},"content":{"rendered":"\n<p>La Corporaci\u00f3n El\u00e9ctrica del Ecuador CELEC EP, Unidad de Negocio CELEC SUR, es la empresa encargada de la administraci\u00f3n, operaci\u00f3n y mantenimiento de las centrales hidroel\u00e9ctricas Mazar, Molino, Sopladora y Minas San Francisco, que suman una capacidad instalada de 2027 MW (megavatios) de energ\u00eda renovable y amigable con el medio ambiente.<\/p>\n\n\n\n<p>Para poder visualizar la producci\u00f3n en l\u00ednea dar clic en el siguiente enlace:<\/p>\n\n\n\n<div class=\"wp-block-buttons is-layout-flex wp-block-buttons-is-layout-flex\">\n<div class=\"wp-block-button has-custom-font-size has-small-font-size\"><a class=\"wp-block-button__link wp-element-button\" href=\"https:\/\/generacioncsr.celec.gob.ec\/graficasproduccion\/\" target=\"_blank\" rel=\"noreferrer noopener\">IR A ENLACE<\/a><\/div>\n<\/div>\n","protected":false},"excerpt":{"rendered":"<p>La Corporaci\u00f3n El\u00e9ctrica del Ecuador CELEC EP, Unidad de Negocio CELEC SUR, es la empresa encargada de la administraci\u00f3n, operaci\u00f3n y mantenimiento de las centrales hidroel\u00e9ctricas Mazar, Molino, Sopladora y Minas San Francisco, que suman una capacidad instalada de 2027 MW (megavatios) de energ\u00eda renovable y amigable con el medio ambiente. Para poder visualizar la [&hellip;]<\/p>\n","protected":false},"author":1,"featured_media":0,"parent":0,"menu_order":0,"comment_status":"closed","ping_status":"closed","template":"","meta":{"_acf_changed":false,"_themeisle_gutenberg_block_has_review":false,"footnotes":""},"class_list":["post-153","page","type-page","status-publish","hentry"],"acf":[],"_links":{"self":[{"href":"https:\/\/www.celec.gob.ec\/celecsur\/wp-json\/wp\/v2\/pages\/153","targetHints":{"allow":["GET"]}}],"collection":[{"href":"https:\/\/www.celec.gob.ec\/celecsur\/wp-json\/wp\/v2\/pages"}],"about":[{"href":"https:\/\/www.celec.gob.ec\/celecsur\/wp-json\/wp\/v2\/types\/page"}],"author":[{"embeddable":true,"href":"https:\/\/www.celec.gob.ec\/celecsur\/wp-json\/wp\/v2\/users\/1"}],"replies":[{"embeddable":true,"href":"https:\/\/www.celec.gob.ec\/celecsur\/wp-json\/wp\/v2\/comments?post=153"}],"version-history":[{"count":0,"href":"https:\/\/www.celec.gob.ec\/celecsur\/wp-json\/wp\/v2\/pages\/153\/revisions"}],"wp:attachment":[{"href":"https:\/\/www.celec.gob.ec\/celecsur\/wp-json\/wp\/v2\/media?parent=153"}],"curies":[{"name":"wp","href":"https:\/\/api.w.org\/{rel}","templated":true}]}}