{"id":2315,"date":"2024-07-10T15:55:26","date_gmt":"2024-07-10T20:55:26","guid":{"rendered":"https:\/\/www.celec.gob.ec\/celecsur\/?page_id=2315"},"modified":"2024-07-24T16:29:15","modified_gmt":"2024-07-24T21:29:15","slug":"procesos-de-contratacion","status":"publish","type":"page","link":"https:\/\/www.celec.gob.ec\/celecsur\/procesos-de-contratacion\/","title":{"rendered":"Procesos de Contrataci\u00f3n"},"content":{"rendered":"\n<p><strong>En este espacio se publican las convocatorias p\u00fablicas cuando la Unidad de Negocio CELEC SUR requiere cumplir con procesos de contrataci\u00f3n.<\/strong><\/p>\n\n\n\n<h2 id=\"wp-block-themeisle-blocks-advanced-heading-1a8865c6\" class=\"wp-block-themeisle-blocks-advanced-heading wp-block-themeisle-blocks-advanced-heading-1a8865c6\">Historial de convocatorias<\/h2>\n\n\n\n<div id=\"wp-block-themeisle-blocks-tabs-d3107147\" class=\"wp-block-themeisle-blocks-tabs\"><div class=\"wp-block-themeisle-blocks-tabs__content\">\n<div data-title=\"2024\" class=\"wp-block-themeisle-blocks-tabs-item\"><div class=\"wp-block-themeisle-blocks-tabs-item__header\" tabindex=\"0\">2024<\/div><div class=\"wp-block-themeisle-blocks-tabs-item__content\">\n<div id=\"wp-block-themeisle-blocks-accordion-07d955ee\" class=\"wp-block-themeisle-blocks-accordion exclusive\">\n<details open class=\"wp-block-themeisle-blocks-accordion-item\"><summary class=\"wp-block-themeisle-blocks-accordion-item__title\"><div>Julio<\/div><\/summary><div class=\"wp-block-themeisle-blocks-accordion-item__content\">\n<figure class=\"wp-block-table is-style-stripes has-small-font-size\"><table class=\"has-black-color has-white-background-color has-text-color has-background has-link-color\"><thead><tr><th class=\"has-text-align-left\" data-align=\"left\">Convocatoria<\/th><th class=\"has-text-align-left\" data-align=\"left\">Documentos<\/th><th>Fecha m\u00e1xima de recepci\u00f3n<\/th><\/tr><\/thead><tbody><tr><td class=\"has-text-align-left\" data-align=\"left\"><strong>La Empresa P\u00fablica Estrat\u00e9gica Corporaci\u00f3n El\u00e9ctrica del Ecuador CELEC EP, Unidad de Negocio CELEC SUR, convoca a consultores individuales, legalmente capaces para contratar, a que presenten sus manifestaciones de inter\u00e9s para participar en el procedimiento de contrataci\u00f3n Consultor\u00eda Lista Corta para la prestaci\u00f3n del servicio de SUR ESTUDIOS Y DISE\u00d1OS DE INGENIERIA PARA LAS OBRAS DE ESTABILIZACION DE LOS TALUDES DE LAS VIAS DE ACCESO A CASA DE MAQUINAS Y LA DESCARGA DE LA CENTRAL SOPLADORA\u201d A TRAV\u00c9S DE CONSULTOR\u00cdA \u2013 LISTA CORTA.<\/strong> <em>Para lo cual en el siguiente enlace encontrar\u00e1 las condiciones de la preselecci\u00f3n y el formulario \u00fanico que deber\u00e1 presentar<\/em>.<\/td><td class=\"has-text-align-left\" data-align=\"left\"><a href=\"https:\/\/www.celec.gob.ec\/celecsur\/wp-content\/uploads\/2024\/07\/Pliego-CONVOCATORIA-PUBLICA-OBRAS-DE-ESTABILIZACION-DE-TALUDES_24072024.pdf\" data-type=\"link\" data-id=\"https:\/\/www.celec.gob.ec\/celecsur\/wp-content\/uploads\/2024\/07\/Pliego-CONVOCATORIA-PUBLICA-OBRAS-DE-ESTABILIZACION-DE-TALUDES_24072024.pdf\" target=\"_blank\" rel=\"noreferrer noopener\">Condiciones \/ Formulario<\/a><\/td><td>Mi\u00e9rcoles 31 de julio de 2024 hasta las 11H00 del d\u00eda.<\/td><\/tr><tr><td class=\"has-text-align-left\" data-align=\"left\"><strong>Consultor\u00eda- Lista Corta con (c\u00f3digo PREC-CELECEP-2024-03129) para contratar \u201cSUR FISCALIZACI\u00d3N DE CONSTRUCCI\u00d3N DE OBRAS EN PUENTE DE ACCESO A LA PRESA DANIEL PALACIOS\u00bb<\/strong> <em>Para lo cual en el siguiente enlace encontrar\u00e1 las condiciones de la preselecci\u00f3n y el formulario \u00fanico que deber\u00e1 presentar<\/em>.<\/td><td class=\"has-text-align-left\" data-align=\"left\"><a href=\"https:\/\/www.celec.gob.ec\/celecsur\/wp-content\/uploads\/2024\/07\/CONDICIONES-DE-LA-PRESELECCION-PARA-LISTA-CORTA-FISCALIZACION-PUENTE.pdf\" data-type=\"link\" data-id=\"https:\/\/www.celec.gob.ec\/celecsur\/wp-content\/uploads\/2024\/07\/CONDICIONES-DE-LA-PRESELECCION-PARA-LISTA-CORTA-FISCALIZACION-PUENTE.pdf\" target=\"_blank\" rel=\"noreferrer noopener\">T\u00e9rminos de Referencia<\/a><br><a href=\"https:\/\/www.celec.gob.ec\/celecsur\/wp-content\/uploads\/2024\/07\/FORMULARIO-UNICO-FISCALIZACION-PUENTE.pdf\" data-type=\"link\" data-id=\"https:\/\/www.celec.gob.ec\/celecsur\/wp-content\/uploads\/2024\/07\/FORMULARIO-UNICO-FISCALIZACION-PUENTE.pdf\" target=\"_blank\" rel=\"noreferrer noopener\">Formulario \u00danico<\/a><\/td><td>Viernes 12 de julio de 2024 hasta las 11H00 del d\u00eda <\/td><\/tr><tr><td class=\"has-text-align-left\" data-align=\"left\"><\/td><td class=\"has-text-align-left\" data-align=\"left\"><\/td><td><\/td><\/tr><\/tbody><\/table><figcaption class=\"wp-element-caption\"><em>Los interesados deber\u00e1n presentar su manifestaci\u00f3n de inter\u00e9s al correo institucional <a href=\"mailto:juan.donoso@celec.gob.ec\">juan.donoso@celec.gob.ec<\/a> hasta la fecha m\u00e1xima de recepci\u00f3n de la convocatoria<\/em><\/figcaption><\/figure>\n<\/div><\/details>\n<\/div>\n<\/div><\/div>\n<\/div><\/div>\n","protected":false},"excerpt":{"rendered":"<p>En este espacio se publican las convocatorias p\u00fablicas cuando la Unidad de Negocio CELEC SUR requiere cumplir con procesos de contrataci\u00f3n.<\/p>\n","protected":false},"author":9,"featured_media":0,"parent":0,"menu_order":0,"comment_status":"closed","ping_status":"closed","template":"","meta":{"_acf_changed":false,"_themeisle_gutenberg_block_has_review":false,"footnotes":""},"class_list":["post-2315","page","type-page","status-publish","hentry"],"acf":[],"_links":{"self":[{"href":"https:\/\/www.celec.gob.ec\/celecsur\/wp-json\/wp\/v2\/pages\/2315","targetHints":{"allow":["GET"]}}],"collection":[{"href":"https:\/\/www.celec.gob.ec\/celecsur\/wp-json\/wp\/v2\/pages"}],"about":[{"href":"https:\/\/www.celec.gob.ec\/celecsur\/wp-json\/wp\/v2\/types\/page"}],"author":[{"embeddable":true,"href":"https:\/\/www.celec.gob.ec\/celecsur\/wp-json\/wp\/v2\/users\/9"}],"replies":[{"embeddable":true,"href":"https:\/\/www.celec.gob.ec\/celecsur\/wp-json\/wp\/v2\/comments?post=2315"}],"version-history":[{"count":6,"href":"https:\/\/www.celec.gob.ec\/celecsur\/wp-json\/wp\/v2\/pages\/2315\/revisions"}],"predecessor-version":[{"id":2342,"href":"https:\/\/www.celec.gob.ec\/celecsur\/wp-json\/wp\/v2\/pages\/2315\/revisions\/2342"}],"wp:attachment":[{"href":"https:\/\/www.celec.gob.ec\/celecsur\/wp-json\/wp\/v2\/media?parent=2315"}],"curies":[{"name":"wp","href":"https:\/\/api.w.org\/{rel}","templated":true}]}}