{"id":44,"date":"2023-07-26T14:36:13","date_gmt":"2023-07-26T19:36:13","guid":{"rendered":"https:\/\/www.celec.gob.ec\/celecsur\/?page_id=44"},"modified":"2025-02-20T09:57:49","modified_gmt":"2025-02-20T14:57:49","slug":"resena-historica","status":"publish","type":"page","link":"https:\/\/www.celec.gob.ec\/celecsur\/resena-historica\/","title":{"rendered":"Rese\u00f1a Hist\u00f3rica"},"content":{"rendered":"\n<h2 class=\"wp-block-heading\">Rese\u00f1a Hist\u00f3rica y Constituci\u00f3n CELEC EP<\/h2>\n\n\n\n<p>El Art\u00edculo 314 de la Constituci\u00f3n de la Rep\u00fablica del Ecuador, establece que el Estado es responsable de la provisi\u00f3n de servicio el\u00e9ctrico y \u00e9ste debe responder a los principios de obligatoriedad, generalidad, uniformidad, responsabilidad, universalidad, accesibilidad, regularidad, continuidad y calidad.<\/p>\n\n\n\n<p>El Art\u00edculo 315 de la Constituci\u00f3n de la Rep\u00fablica del Ecuador, establece que el Estado constituir\u00e1 empresas p\u00fablicas para la gesti\u00f3n de sectores estrat\u00e9gicos, la prestaci\u00f3n de servicios p\u00fablicos, el aprovechamiento sustentable de recursos naturales o de bienes p\u00fablicos y el desarrollo de otras actividades econ\u00f3micas.<\/p>\n\n\n\n<p>Dicho precepto constitucional dispone que las Empresas P\u00fablicas funcionen como Sociedades de Derecho P\u00fablico, con personalidad jur\u00eddica, autonom\u00eda financiera, econ\u00f3mica, administrativa y de gesti\u00f3n, con altos par\u00e1metros de calidad y criterios empresariales, econ\u00f3micos, sociales y ambientales.<\/p>\n\n\n\n<p>Mediante escritura p\u00fablica suscrita el 13 de enero de 2009, se constituye la Corporaci\u00f3n El\u00e9ctrica del Ecuador CELEC S.A, con la fusi\u00f3n de las empresas HIDROPAUTE S.A., HIDROAGOYAN S.A., ELECTROGUAYAS S.A., TERMOESMERALDAS S.A., TERMOPICHINCHA S.A. y TRANSELECTRIC S.A.<\/p>\n\n\n\n<p>En Suplemento del Registro Oficial No. 48 de 16 de octubre de 2009, se public\u00f3 la Ley Org\u00e1nica de Empresas P\u00fablicas, cuya Disposici\u00f3n Transitoria Segunda establece que el procedimiento de transformaci\u00f3n de las Sociedades An\u00f3nimas en las que el Estado, a trav\u00e9s de sus entidades y organismos sea accionista \u00fanico, deber\u00e1 cumplirse en un plazo m\u00e1ximo de noventa d\u00edas, contado a partir de la expedici\u00f3n de la precitada Ley.<\/p>\n\n\n\n<p>La Empresa P\u00fablica Estrat\u00e9gica Corporaci\u00f3n El\u00e9ctrica del Ecuador CELEC EP, se cre\u00f3 mediante Decreto Ejecutivo No. 220, expedido el 14 de enero del 2010, la misma que subroga en todos los derechos y obligaciones las de CELEC S.A. e HIDRONACION S.A.<\/p>\n\n\n\n<div style=\"height:30px\" aria-hidden=\"true\" class=\"wp-block-spacer\"><\/div>\n\n\n\n<h2 class=\"wp-block-heading\">Rese\u00f1a Hist\u00f3rica y Constituci\u00f3n CELEC SUR<\/h2>\n\n\n\n<p>Mediante resoluci\u00f3n administrativa, el representante legal e interventor de la Corporaci\u00f3n El\u00e9ctrica del Ecuador \u2013 CELEC EP, Ingeniero Ra\u00fal Maldonado, en el proceso de Fortalecimiento Corporativo y consolidaci\u00f3n de la Unidades de Negocio, cambi\u00f3 la denominaci\u00f3n de la Unidad de Negocio HIDROPAUTE y pas\u00f3 a denominarse Unidad de Negocio CELEC SUR, como \u00e1rea administrativo \u2013 operativa.<\/p>\n\n\n\n<p>Asimismo, dispuso la extinci\u00f3n de la Unidad de Negocio ENERJUBONES y que, en un plazo de 30 d\u00edas, la administraci\u00f3n, operaci\u00f3n y mantenimiento de la Central Hidroel\u00e9ctrica Minas San Francisco pase a la Unidad de Negocio CELEC SUR. Tambi\u00e9n el personal t\u00e9cnico y administrativo de la extinta Unidad de Negocio Enerjubones se incorpora a la Unidad de Negocio CELEC SUR, de conformidad con lo establecido en el informe t\u00e9cnico, administrativo y financiero emitido para esta integraci\u00f3n dentro del proceso de Intervenci\u00f3n.<\/p>\n\n\n\n<p>La Unidad de Negocio CELEC SUR continuar\u00e1 con la ejecuci\u00f3n de los proyectos y la operaci\u00f3n de las centrales a cargo de las ex Unidades de Negocio HIDROPAUTE y ENERJUBONES. As\u00ed mismo, se encargar\u00e1 de la ejecuci\u00f3n de los contratos suscritos por \u00e9stas. La Unidad de Negocio CELEC SUR, en general, asumir\u00e1 la gesti\u00f3n \u00edntegra que ha venido siendo realizada por las ex Unidades de Negocio HIDROPAUTE y ENERJUBONES. En consecuencia, CELEC SUR asume la administraci\u00f3n, operaci\u00f3n y mantenimiento de cuatro centrales hidroel\u00e9ctricas: Mazar, Molino, Sopladora y Minas San Francisco, que suman una capacidad instalada de 2 027 MW (megavatios).<\/p>\n\n\n\n<p>Actualmente el Ing. Miguel Andrade L\u00f3pez ocupa el cargo de Gerente de la Unidad de Negocio CELEC SUR de la Corporaci\u00f3n El\u00e9ctrica del Ecuador &#8211; CELEC EP.<\/p>\n","protected":false},"excerpt":{"rendered":"<p>Rese\u00f1a Hist\u00f3rica y Constituci\u00f3n CELEC EP El Art\u00edculo 314 de la Constituci\u00f3n de la Rep\u00fablica del Ecuador, establece que el Estado es responsable de la provisi\u00f3n de servicio el\u00e9ctrico y \u00e9ste debe responder a los principios de obligatoriedad, generalidad, uniformidad, responsabilidad, universalidad, accesibilidad, regularidad, continuidad y calidad. El Art\u00edculo 315 de la Constituci\u00f3n de la [&hellip;]<\/p>\n","protected":false},"author":1,"featured_media":0,"parent":0,"menu_order":0,"comment_status":"closed","ping_status":"closed","template":"","meta":{"_acf_changed":false,"_themeisle_gutenberg_block_has_review":false,"footnotes":""},"class_list":["post-44","page","type-page","status-publish","hentry"],"acf":[],"_links":{"self":[{"href":"https:\/\/www.celec.gob.ec\/celecsur\/wp-json\/wp\/v2\/pages\/44","targetHints":{"allow":["GET"]}}],"collection":[{"href":"https:\/\/www.celec.gob.ec\/celecsur\/wp-json\/wp\/v2\/pages"}],"about":[{"href":"https:\/\/www.celec.gob.ec\/celecsur\/wp-json\/wp\/v2\/types\/page"}],"author":[{"embeddable":true,"href":"https:\/\/www.celec.gob.ec\/celecsur\/wp-json\/wp\/v2\/users\/1"}],"replies":[{"embeddable":true,"href":"https:\/\/www.celec.gob.ec\/celecsur\/wp-json\/wp\/v2\/comments?post=44"}],"version-history":[{"count":3,"href":"https:\/\/www.celec.gob.ec\/celecsur\/wp-json\/wp\/v2\/pages\/44\/revisions"}],"predecessor-version":[{"id":2579,"href":"https:\/\/www.celec.gob.ec\/celecsur\/wp-json\/wp\/v2\/pages\/44\/revisions\/2579"}],"wp:attachment":[{"href":"https:\/\/www.celec.gob.ec\/celecsur\/wp-json\/wp\/v2\/media?parent=44"}],"curies":[{"name":"wp","href":"https:\/\/api.w.org\/{rel}","templated":true}]}}