{"id":118,"date":"2023-02-08T22:07:24","date_gmt":"2023-02-08T22:07:24","guid":{"rendered":"https:\/\/www.celec.gob.ec\/cocacodo\/?page_id=118"},"modified":"2023-02-08T22:07:25","modified_gmt":"2023-02-08T22:07:25","slug":"quienes-somos","status":"publish","type":"page","link":"https:\/\/www.celec.gob.ec\/cocacodo\/quienes-somos\/","title":{"rendered":"Quienes Somos"},"content":{"rendered":"\n<p>La Unidad de Negocio CELEC EP \u2013 COCA CODO SINCLAIR, creada mediante Resoluci\u00f3n N\u00b0 003-2015 del 23 de julio de 2015, es un \u00e1rea administrativa operativa de la Empresa P\u00fablica Corporaci\u00f3n El\u00e9ctrica del Ecuador (CELEC EP).<\/p>\n\n\n\n<p>COCA CODO SINCLAIR administra la construcci\u00f3n del Proyecto Hidroel\u00e9ctrico Quijos, de 50 MW; y, de la operaci\u00f3n y mantenimiento de la Centrales Hidroel\u00e9ctricas Coca Codo Sinclair de 1500 MW, y Manduriacu de 65 MW.<\/p>\n\n\n\n<p><strong>Rese\u00f1a hist\u00f3rica y constituci\u00f3n<\/strong><\/p>\n\n\n\n<p>El Art\u00edculo 314 de la Constituci\u00f3n de la Rep\u00fablica del Ecuador establece que el Estado es responsable de la provisi\u00f3n de servicio el\u00e9ctrico y \u00e9ste debe responder a los principios de obligatoriedad, generalidad, uniformidad, responsabilidad, universalidad, accesibilidad, regularidad, continuidad y calidad.<\/p>\n\n\n\n<p>El Art\u00edculo 315 de la Constituci\u00f3n de la Rep\u00fablica del Ecuador establece que el Estado constituir\u00e1 empresas p\u00fablicas para la gesti\u00f3n de sectores estrat\u00e9gicos, la prestaci\u00f3n de servicios p\u00fablicos, el aprovechamiento sustentable de recursos naturales o de bienes p\u00fablicos y el desarrollo de otras actividades econ\u00f3micas.<\/p>\n\n\n\n<p>Dicho precepto constitucional dispone que las Empresas P\u00fablicas funcionen como Sociedades de Derecho P\u00fablico, con personalidad jur\u00eddica, autonom\u00eda financiera, econ\u00f3mica, administrativa y de gesti\u00f3n, con altos par\u00e1metros de calidad y criterios empresariales, econ\u00f3micos, sociales y ambientales.<\/p>\n\n\n\n<p>Mediante escritura p\u00fablica suscrita el 13 de enero de 2009, se constituye la Corporaci\u00f3n El\u00e9ctrica del Ecuador CELEC S.A, con la fusi\u00f3n de las empresas HIDROPAUTE S.A., HIDROAGOYAN S.A., ELECTROGUAYAS S.A., TERMOESMERALDAS S.A., TERMOPICHINCHA S.A. y TRANSELECTRIC S.A.<\/p>\n\n\n\n<p>La Empresa P\u00fablica Estrat\u00e9gica Corporaci\u00f3n El\u00e9ctrica del Ecuador CELEC EP, se cre\u00f3 mediante Decreto Ejecutivo No. 220, expedido el 14 de enero del 2010, la misma que subroga en todos los derechos y obligaciones las de CELEC S.A. e HIDRONACION S.A.<\/p>\n\n\n\n<p>La Unidad de Negocio CELEC EP \u2013 COCA CODO SINCLAIR fue creada mediante Resoluci\u00f3n N\u00b0 003-2015 del 23 de julio de 2015, es un \u00e1rea administrativa operativa de la Empresa P\u00fablica Corporaci\u00f3n El\u00e9ctrica del Ecuador (CELEC EP).<\/p>\n","protected":false},"excerpt":{"rendered":"<p>La Unidad de Negocio CELEC EP \u2013 COCA CODO SINCLAIR, creada mediante Resoluci\u00f3n N\u00b0 003-2015 del 23 de julio de 2015, es un \u00e1rea administrativa operativa de la Empresa P\u00fablica Corporaci\u00f3n El\u00e9ctrica del Ecuador (CELEC EP). COCA CODO SINCLAIR administra la construcci\u00f3n del Proyecto Hidroel\u00e9ctrico Quijos, de 50 MW; y, de la operaci\u00f3n y mantenimiento [&hellip;]<\/p>\n","protected":false},"author":1,"featured_media":0,"parent":0,"menu_order":0,"comment_status":"closed","ping_status":"closed","template":"","meta":{"_acf_changed":false,"_themeisle_gutenberg_block_has_review":false,"footnotes":""},"class_list":["post-118","page","type-page","status-publish","hentry"],"acf":[],"_links":{"self":[{"href":"https:\/\/www.celec.gob.ec\/cocacodo\/wp-json\/wp\/v2\/pages\/118","targetHints":{"allow":["GET"]}}],"collection":[{"href":"https:\/\/www.celec.gob.ec\/cocacodo\/wp-json\/wp\/v2\/pages"}],"about":[{"href":"https:\/\/www.celec.gob.ec\/cocacodo\/wp-json\/wp\/v2\/types\/page"}],"author":[{"embeddable":true,"href":"https:\/\/www.celec.gob.ec\/cocacodo\/wp-json\/wp\/v2\/users\/1"}],"replies":[{"embeddable":true,"href":"https:\/\/www.celec.gob.ec\/cocacodo\/wp-json\/wp\/v2\/comments?post=118"}],"version-history":[{"count":1,"href":"https:\/\/www.celec.gob.ec\/cocacodo\/wp-json\/wp\/v2\/pages\/118\/revisions"}],"predecessor-version":[{"id":119,"href":"https:\/\/www.celec.gob.ec\/cocacodo\/wp-json\/wp\/v2\/pages\/118\/revisions\/119"}],"wp:attachment":[{"href":"https:\/\/www.celec.gob.ec\/cocacodo\/wp-json\/wp\/v2\/media?parent=118"}],"curies":[{"name":"wp","href":"https:\/\/api.w.org\/{rel}","templated":true}]}}