{"id":2255,"date":"2026-04-14T10:24:18","date_gmt":"2026-04-14T15:24:18","guid":{"rendered":"https:\/\/www.celec.gob.ec\/cocacodo\/?page_id=2255"},"modified":"2026-04-14T15:04:11","modified_gmt":"2026-04-14T20:04:11","slug":"comision-ejecutora-rio-coca","status":"publish","type":"page","link":"https:\/\/www.celec.gob.ec\/cocacodo\/comision-ejecutora-rio-coca\/","title":{"rendered":"R\u00edo Coca"},"content":{"rendered":"\n<p>La Corporaci\u00f3n El\u00e9ctrica del Ecuador (CELEC-EP) estructur\u00f3 la Comisi\u00f3n Ejecutora R\u00edo Coca para mitigar los efectos actuales y aquellos potenciales de la erosi\u00f3n del R\u00edo Coca mediante el desarrollo de investigaciones, dise\u00f1os, ejecuci\u00f3n de obras y acciones para evitar afectaciones en las obras de captaci\u00f3n de la Central Hidroel\u00e9ctrica Coca Codo Sinclair.<\/p>\n\n\n\n<h2 class=\"wp-block-heading has-medium-font-size\" style=\"margin-top:var(--wp--preset--spacing--40);margin-bottom:var(--wp--preset--spacing--20);letter-spacing:2px;text-transform:uppercase\">\ud83d\udccb Contenido destacado<\/h2>\n\n\n\n<div class=\"wp-block-columns is-layout-flex wp-container-core-columns-is-layout-9d6595d7 wp-block-columns-is-layout-flex\">\n<div class=\"wp-block-column has-border-color has-light-gray-border-color has-background-background-color has-background is-layout-flow wp-block-column-is-layout-flow\" style=\"border-width:1px;border-radius:12px;padding-top:var(--wp--preset--spacing--30);padding-right:var(--wp--preset--spacing--30);padding-bottom:var(--wp--preset--spacing--30);padding-left:var(--wp--preset--spacing--30)\">\n<h3 class=\"wp-block-heading\" style=\"font-size:1.5rem\">\ud83d\uddfa\ufe0f Geoportal<\/h3>\n\n\n\n<p>Visor geogr\u00e1fico que permite analizar informaci\u00f3n t\u00e9cnica sobre la erosi\u00f3n del r\u00edo Coca.<\/p>\n\n\n\n<div class=\"wp-block-buttons is-layout-flex wp-block-buttons-is-layout-flex\">\n<div class=\"wp-block-button\"><a class=\"wp-block-button__link has-white-color has-primary-background-color has-text-color has-background wp-element-button\" href=\"https:\/\/portalarcgis.celec.gob.ec\/portal\/apps\/experiencebuilder\/experience\/?id=8087f1ab70504cdd84eaa8e9b240d0c0\" style=\"border-radius:6px\" target=\"_blank\" rel=\"noreferrer noopener\">Acceder al Geoportal \u2192<\/a><\/div>\n<\/div>\n<\/div>\n\n\n\n<div class=\"wp-block-column has-border-color has-light-gray-border-color has-background-background-color has-background is-layout-flow wp-block-column-is-layout-flow\" style=\"border-width:1px;border-radius:12px;padding-top:var(--wp--preset--spacing--30);padding-right:var(--wp--preset--spacing--30);padding-bottom:var(--wp--preset--spacing--30);padding-left:var(--wp--preset--spacing--30)\">\n<h3 class=\"wp-block-heading\" style=\"font-size:1.5rem\">\ud83d\udcca Informes de monitoreo<\/h3>\n\n\n\n<p>Revise los informes de monitoreo del proceso erosivo. La informaci\u00f3n est\u00e1 clasificada por a\u00f1os.<\/p>\n\n\n\n<div class=\"wp-block-buttons is-layout-flex wp-block-buttons-is-layout-flex\">\n<div class=\"wp-block-button\"><a class=\"wp-block-button__link has-white-color has-primary-background-color has-text-color has-background wp-element-button\" href=\"https:\/\/celecloud.celec.gob.ec\/s\/fH4f7pr5y9XBsxn\" style=\"border-radius:6px\" target=\"_blank\" rel=\"noreferrer noopener\">Ver informes \u2192<\/a><\/div>\n<\/div>\n<\/div>\n<\/div>\n","protected":false},"excerpt":{"rendered":"<p>La Corporaci\u00f3n El\u00e9ctrica del Ecuador (CELEC-EP) estructur\u00f3 la Comisi\u00f3n Ejecutora R\u00edo Coca para mitigar los efectos actuales y aquellos potenciales de la erosi\u00f3n del R\u00edo Coca mediante el desarrollo de investigaciones, dise\u00f1os, ejecuci\u00f3n de obras y acciones para evitar afectaciones en las obras de captaci\u00f3n de la Central Hidroel\u00e9ctrica Coca Codo Sinclair. \ud83d\udccb Contenido destacado [&hellip;]<\/p>\n","protected":false},"author":3,"featured_media":0,"parent":0,"menu_order":0,"comment_status":"closed","ping_status":"closed","template":"","meta":{"_acf_changed":false,"_themeisle_gutenberg_block_has_review":false,"footnotes":""},"class_list":["post-2255","page","type-page","status-publish","hentry"],"acf":[],"_links":{"self":[{"href":"https:\/\/www.celec.gob.ec\/cocacodo\/wp-json\/wp\/v2\/pages\/2255","targetHints":{"allow":["GET"]}}],"collection":[{"href":"https:\/\/www.celec.gob.ec\/cocacodo\/wp-json\/wp\/v2\/pages"}],"about":[{"href":"https:\/\/www.celec.gob.ec\/cocacodo\/wp-json\/wp\/v2\/types\/page"}],"author":[{"embeddable":true,"href":"https:\/\/www.celec.gob.ec\/cocacodo\/wp-json\/wp\/v2\/users\/3"}],"replies":[{"embeddable":true,"href":"https:\/\/www.celec.gob.ec\/cocacodo\/wp-json\/wp\/v2\/comments?post=2255"}],"version-history":[{"count":24,"href":"https:\/\/www.celec.gob.ec\/cocacodo\/wp-json\/wp\/v2\/pages\/2255\/revisions"}],"predecessor-version":[{"id":2293,"href":"https:\/\/www.celec.gob.ec\/cocacodo\/wp-json\/wp\/v2\/pages\/2255\/revisions\/2293"}],"wp:attachment":[{"href":"https:\/\/www.celec.gob.ec\/cocacodo\/wp-json\/wp\/v2\/media?parent=2255"}],"curies":[{"name":"wp","href":"https:\/\/api.w.org\/{rel}","templated":true}]}}