{"id":5,"date":"2023-02-08T20:08:55","date_gmt":"2023-02-08T20:08:55","guid":{"rendered":"https:\/\/www.celec.gob.ec\/cocacodo\/?page_id=5"},"modified":"2023-02-08T20:11:53","modified_gmt":"2023-02-08T20:11:53","slug":"normativa","status":"publish","type":"page","link":"https:\/\/www.celec.gob.ec\/cocacodo\/normativa\/","title":{"rendered":"Normativa"},"content":{"rendered":"\n<h2 class=\"wp-block-heading\">Decreto Ejecutivo 22<\/h2>\n\n\n\n<div data-wp-interactive=\"core\/file\" class=\"wp-block-file\"><object data-wp-bind--hidden=\"!state.hasPdfPreview\" hidden class=\"wp-block-file__embed\" data=\"https:\/\/www.celec.gob.ec\/cocacodo\/wp-content\/uploads\/2023\/02\/Decreto220.pdf\" type=\"application\/pdf\" style=\"width:100%;height:600px\" aria-label=\"Incrustado de Decreto220.\"><\/object><a id=\"wp-block-file--media-99081d13-d2ff-4e9a-9e01-4f8fcd118292\" href=\"https:\/\/www.celec.gob.ec\/cocacodo\/wp-content\/uploads\/2023\/02\/Decreto220.pdf\">Decreto220<\/a><a href=\"https:\/\/www.celec.gob.ec\/cocacodo\/wp-content\/uploads\/2023\/02\/Decreto220.pdf\" class=\"wp-block-file__button wp-element-button\" download aria-describedby=\"wp-block-file--media-99081d13-d2ff-4e9a-9e01-4f8fcd118292\"><\/a><\/div>\n\n\n\n<h2 class=\"wp-block-heading\"><br>Ley Org\u00e1nica de Empresa P\u00fablicas<\/h2>\n\n\n\n<div data-wp-interactive=\"core\/file\" class=\"wp-block-file\"><object data-wp-bind--hidden=\"!state.hasPdfPreview\" hidden class=\"wp-block-file__embed\" data=\"https:\/\/www.celec.gob.ec\/cocacodo\/wp-content\/uploads\/2023\/02\/LeyOrganicadeEmpresasPublicas.pdf\" type=\"application\/pdf\" style=\"width:100%;height:600px\" aria-label=\"Incrustado de LeyOrganicadeEmpresasPublicas.\"><\/object><a id=\"wp-block-file--media-ee390022-c146-4297-84c5-19fdc1cce5c5\" href=\"https:\/\/www.celec.gob.ec\/cocacodo\/wp-content\/uploads\/2023\/02\/LeyOrganicadeEmpresasPublicas.pdf\">LeyOrganicadeEmpresasPublicas<\/a><a href=\"https:\/\/www.celec.gob.ec\/cocacodo\/wp-content\/uploads\/2023\/02\/LeyOrganicadeEmpresasPublicas.pdf\" class=\"wp-block-file__button wp-element-button\" download aria-describedby=\"wp-block-file--media-ee390022-c146-4297-84c5-19fdc1cce5c5\">Descarga<\/a><\/div>\n\n\n\n<p><br>Ley Org\u00e1nica de Contrataci\u00f3n P\u00fablica<br>Reglamento General de la Ley Org\u00e1nica de Contrataci\u00f3n P\u00fablica<\/p>\n","protected":false},"excerpt":{"rendered":"<p>Decreto Ejecutivo 22 Ley Org\u00e1nica de Empresa P\u00fablicas Ley Org\u00e1nica de Contrataci\u00f3n P\u00fablicaReglamento General de la Ley Org\u00e1nica de Contrataci\u00f3n P\u00fablica<\/p>\n","protected":false},"author":1,"featured_media":0,"parent":0,"menu_order":0,"comment_status":"closed","ping_status":"closed","template":"","meta":{"_acf_changed":false,"_themeisle_gutenberg_block_has_review":false,"footnotes":""},"class_list":["post-5","page","type-page","status-publish","hentry"],"acf":[],"_links":{"self":[{"href":"https:\/\/www.celec.gob.ec\/cocacodo\/wp-json\/wp\/v2\/pages\/5","targetHints":{"allow":["GET"]}}],"collection":[{"href":"https:\/\/www.celec.gob.ec\/cocacodo\/wp-json\/wp\/v2\/pages"}],"about":[{"href":"https:\/\/www.celec.gob.ec\/cocacodo\/wp-json\/wp\/v2\/types\/page"}],"author":[{"embeddable":true,"href":"https:\/\/www.celec.gob.ec\/cocacodo\/wp-json\/wp\/v2\/users\/1"}],"replies":[{"embeddable":true,"href":"https:\/\/www.celec.gob.ec\/cocacodo\/wp-json\/wp\/v2\/comments?post=5"}],"version-history":[{"count":2,"href":"https:\/\/www.celec.gob.ec\/cocacodo\/wp-json\/wp\/v2\/pages\/5\/revisions"}],"predecessor-version":[{"id":13,"href":"https:\/\/www.celec.gob.ec\/cocacodo\/wp-json\/wp\/v2\/pages\/5\/revisions\/13"}],"wp:attachment":[{"href":"https:\/\/www.celec.gob.ec\/cocacodo\/wp-json\/wp\/v2\/media?parent=5"}],"curies":[{"name":"wp","href":"https:\/\/api.w.org\/{rel}","templated":true}]}}