{"id":82,"date":"2023-02-08T21:32:03","date_gmt":"2023-02-08T21:32:03","guid":{"rendered":"https:\/\/www.celec.gob.ec\/cocacodo\/?page_id=82"},"modified":"2023-10-19T10:49:12","modified_gmt":"2023-10-19T15:49:12","slug":"visita-los-proyectos","status":"publish","type":"page","link":"https:\/\/www.celec.gob.ec\/cocacodo\/visita-los-proyectos\/","title":{"rendered":"Visita nuestras centrales"},"content":{"rendered":"\n<h2 class=\"wp-block-heading\">SOLICITUD DE INGRESO A LAS CENTRALES<\/h2>\n\n\n\n<p>Las &nbsp;visitas a las Centrales de Generaci\u00f3n: Coca Codo Sinclair o Manduriacu deben ser solicitadas con un m\u00ednimo de 7 d\u00edas laborables de anticipaci\u00f3n para lo cual se deber\u00e1 enviar un oficio formal al Gerente de la Unidad de Negocio (v\u00eda Quipux) y el registro de visitantes, debidamente suscritos. Tambi\u00e9n, se puede entregar el oficio en las oficinas administrativas de la Unidad de Negocio Coca Codo Sinclair, ubicadas en la Av. 6 de diciembre N31-110 y Whymper, Edificio Tenerife, piso 11.<\/p>\n\n\n\n<p>Una vez que la m\u00e1xima autoridad de la Unidad de Negocio autorice su solicitud de visita, personal del \u00e1rea de Comunicaci\u00f3n, se contactar\u00e1 con Usted para la coordinaci\u00f3n de la log\u00edstica y entrega de informaci\u00f3n.<\/p>\n\n\n\n<figure class=\"wp-block-table is-style-stripes\"><table class=\"has-fixed-layout\"><tbody><tr><td>Modelo de oficio para dirigir al Gerente<\/td><td class=\"has-text-align-center\" data-align=\"center\"><a href=\"https:\/\/www.celec.gob.ec\/cocacodo\/images\/visita\/Modelo_solicitud_de_visita.docx\" target=\"_blank\" rel=\"noreferrer noopener\"><img loading=\"lazy\" decoding=\"async\" class=\"alignnone size-medium wp-image-5\" src=\"https:\/\/www.celec.gob.ec\/cocacodo\/images\/descargar.png\" alt=\"Descargar\" width=\"30\" height=\"30\"><\/a><\/td><\/tr><\/tbody><\/table><\/figure>\n\n\n\n<p>Para el conocimiento de todos los interesados, de detalla el Instructivo para ingreso de visitas de la Unidad de Negocio Coca Codo Sinclair:<\/p>\n\n\n\n<figure class=\"wp-block-table is-style-stripes\"><table class=\"has-fixed-layout\"><tbody><tr><td>Instructivo de visitas<\/td><td class=\"has-text-align-center\" data-align=\"center\"><a href=\"https:\/\/www.celec.gob.ec\/cocacodo\/images\/visita\/CCS_SSL_IT_01_Instructivo_ingreso_visitas_CCS.pdf\" target=\"_blank\" rel=\"noreferrer noopener\"><img loading=\"lazy\" decoding=\"async\" width=\"30\" height=\"30\" class=\"alignnone size-medium wp-image-5\" src=\"https:\/\/www.celec.gob.ec\/cocacodo\/images\/descargar.png\" alt=\"Descargar\"><\/a><\/td><\/tr><\/tbody><\/table><\/figure>\n\n\n\n<p>En el siguiente enlace se encuentra el formato de salvoconducto para ingreso de visitas para las centrales Coca Codo Sinclair \/ Manduriacu, mismo de deber\u00e1n llenarlo y adjuntarlo en formato digital, una vez lo solicite el Especialista de Comunicaci\u00f3n:<\/p>\n\n\n\n<figure class=\"wp-block-table is-style-stripes\"><table class=\"has-fixed-layout\"><tbody><tr><td> Salvoconducto de visitas<\/td><td class=\"has-text-align-center\" data-align=\"center\"><a href=\"https:\/\/www.celec.gob.ec\/cocacodo\/images\/visita\/Formato_salvoconducto_2023.docx\" target=\"_blank\" rel=\"noreferrer noopener\"><img loading=\"lazy\" decoding=\"async\" width=\"30\" height=\"30\" class=\"alignnone size-medium wp-image-5\" src=\"https:\/\/www.celec.gob.ec\/cocacodo\/images\/descargar.png\" alt=\"Descargar\"><\/a><\/td><\/tr><\/tbody><\/table><\/figure>\n","protected":false},"excerpt":{"rendered":"<p>SOLICITUD DE INGRESO A LAS CENTRALES Las &nbsp;visitas a las Centrales de Generaci\u00f3n: Coca Codo Sinclair o Manduriacu deben ser solicitadas con un m\u00ednimo de 7 d\u00edas laborables de anticipaci\u00f3n para lo cual se deber\u00e1 enviar un oficio formal al Gerente de la Unidad de Negocio (v\u00eda Quipux) y el registro de visitantes, debidamente suscritos. [&hellip;]<\/p>\n","protected":false},"author":1,"featured_media":0,"parent":0,"menu_order":0,"comment_status":"closed","ping_status":"closed","template":"","meta":{"_acf_changed":false,"_themeisle_gutenberg_block_has_review":false,"footnotes":""},"class_list":["post-82","page","type-page","status-publish","hentry"],"acf":[],"_links":{"self":[{"href":"https:\/\/www.celec.gob.ec\/cocacodo\/wp-json\/wp\/v2\/pages\/82","targetHints":{"allow":["GET"]}}],"collection":[{"href":"https:\/\/www.celec.gob.ec\/cocacodo\/wp-json\/wp\/v2\/pages"}],"about":[{"href":"https:\/\/www.celec.gob.ec\/cocacodo\/wp-json\/wp\/v2\/types\/page"}],"author":[{"embeddable":true,"href":"https:\/\/www.celec.gob.ec\/cocacodo\/wp-json\/wp\/v2\/users\/1"}],"replies":[{"embeddable":true,"href":"https:\/\/www.celec.gob.ec\/cocacodo\/wp-json\/wp\/v2\/comments?post=82"}],"version-history":[{"count":10,"href":"https:\/\/www.celec.gob.ec\/cocacodo\/wp-json\/wp\/v2\/pages\/82\/revisions"}],"predecessor-version":[{"id":1124,"href":"https:\/\/www.celec.gob.ec\/cocacodo\/wp-json\/wp\/v2\/pages\/82\/revisions\/1124"}],"wp:attachment":[{"href":"https:\/\/www.celec.gob.ec\/cocacodo\/wp-json\/wp\/v2\/media?parent=82"}],"curies":[{"name":"wp","href":"https:\/\/api.w.org\/{rel}","templated":true}]}}