{"id":26,"date":"2023-02-08T22:37:34","date_gmt":"2023-02-08T22:37:34","guid":{"rendered":"https:\/\/www.celec.gob.ec\/electroguayas\/?page_id=26"},"modified":"2023-02-08T22:37:34","modified_gmt":"2023-02-08T22:37:34","slug":"metas","status":"publish","type":"page","link":"https:\/\/www.celec.gob.ec\/electroguayas\/metas\/","title":{"rendered":"Metas"},"content":{"rendered":"\n<p>Como resultado del trabajo realizado bajo las directrices de las \u00e1reas de Desarrollo Institucional y de Planificaci\u00f3n de matriz, utilizando los formatos establecidos por esta \u00faltima, se elabor\u00f3 el Plan Operativo Anual 2011, que contiene las actividades y proyectos programados para ejecutar durante el presente a\u00f1o.<\/p>\n\n\n\n<p>Los objetivos operativos incluidos en el POA de ELECTROGUAYAS est\u00e1n alineados con cuatro objetivos corporativos de CELEC EP:<\/p>\n\n\n\n<p>\u2022 Maximizar la disponibilidad y confiabilidad del sistema el\u00e9ctrico nacional bajo est\u00e1ndares de calidad y eficiencia<\/p>\n\n\n\n<p>\u2022 Desarrollar el talento humano.<\/p>\n\n\n\n<p>\u2022 Consolidar la gesti\u00f3n organizacional, y<\/p>\n\n\n\n<p>\u2022 Modernizar la plataforma tecnol\u00f3gica.<\/p>\n\n\n\n<p>En este contexto, se desarrollaron ocho objetivos operativos y las actividades y proyectos asociados a los mismos, donde se incluyen las cifras considerados en la proforma presupuestaria de ELECTROGUAYAS, conforme la estructura que se muestra en el Anexo 2.<\/p>\n","protected":false},"excerpt":{"rendered":"<p>Como resultado del trabajo realizado bajo las directrices de las \u00e1reas de Desarrollo Institucional y de Planificaci\u00f3n de matriz, utilizando los formatos establecidos por esta \u00faltima, se elabor\u00f3 el Plan Operativo Anual 2011, que contiene las actividades y proyectos programados para ejecutar durante el presente a\u00f1o. Los objetivos operativos incluidos en el POA de ELECTROGUAYAS [&hellip;]<\/p>\n","protected":false},"author":1,"featured_media":0,"parent":0,"menu_order":0,"comment_status":"closed","ping_status":"closed","template":"","meta":{"_acf_changed":false,"rop_custom_images_group":[],"rop_custom_messages_group":[],"rop_publish_now":"initial","rop_publish_now_accounts":[],"rop_publish_now_history":[],"rop_publish_now_status":"pending","_themeisle_gutenberg_block_has_review":false,"footnotes":""},"class_list":["post-26","page","type-page","status-publish","hentry"],"acf":[],"_links":{"self":[{"href":"https:\/\/www.celec.gob.ec\/electroguayas\/wp-json\/wp\/v2\/pages\/26","targetHints":{"allow":["GET"]}}],"collection":[{"href":"https:\/\/www.celec.gob.ec\/electroguayas\/wp-json\/wp\/v2\/pages"}],"about":[{"href":"https:\/\/www.celec.gob.ec\/electroguayas\/wp-json\/wp\/v2\/types\/page"}],"author":[{"embeddable":true,"href":"https:\/\/www.celec.gob.ec\/electroguayas\/wp-json\/wp\/v2\/users\/1"}],"replies":[{"embeddable":true,"href":"https:\/\/www.celec.gob.ec\/electroguayas\/wp-json\/wp\/v2\/comments?post=26"}],"version-history":[{"count":1,"href":"https:\/\/www.celec.gob.ec\/electroguayas\/wp-json\/wp\/v2\/pages\/26\/revisions"}],"predecessor-version":[{"id":27,"href":"https:\/\/www.celec.gob.ec\/electroguayas\/wp-json\/wp\/v2\/pages\/26\/revisions\/27"}],"wp:attachment":[{"href":"https:\/\/www.celec.gob.ec\/electroguayas\/wp-json\/wp\/v2\/media?parent=26"}],"curies":[{"name":"wp","href":"https:\/\/api.w.org\/{rel}","templated":true}]}}