{"id":28,"date":"2023-02-08T22:38:50","date_gmt":"2023-02-08T22:38:50","guid":{"rendered":"https:\/\/www.celec.gob.ec\/electroguayas\/?page_id=28"},"modified":"2023-02-08T22:39:12","modified_gmt":"2023-02-08T22:39:12","slug":"planificacion","status":"publish","type":"page","link":"https:\/\/www.celec.gob.ec\/electroguayas\/planificacion\/","title":{"rendered":"Planificaci\u00f3n"},"content":{"rendered":"\n<p><strong>EL PLAN DE SINERGIA PRODUCTIVA DE CELEC EP Electroguayas 2020 &#8211; 2021, est\u00e1 basado en el mejoramiento continuo de los procesos, espec\u00edficamente orientado a la consecuci\u00f3n de los objetivos de confiabilidad y disponibilidad de las unidades de generaci\u00f3n, considerando que en el mes de Diciembre del a\u00f1o 2016 se logr\u00f3 la certificaci\u00f3n internacional bajo la ISO 9001:2015 para la central Gonzalo Zevallos y la Administraci\u00f3n Central cuya vigencia fue de Diciembre del 2016 a Diciembre 2019.<\/strong><\/p>\n\n\n\n<p>Como parte del desarrollo normal de un sistema de gesti\u00f3n, la madurez es paulatina, para lo cual la documentaci\u00f3n del sistema ha sido actualizada, como parte del mejoramiento continuo, cuya pol\u00edtica de calidad ha sido actualizada incluyendo el cumplimiento oportuno de la gesti\u00f3n, la comunicaci\u00f3n eficaz, al Talento Humano motivado para mejorar la productividad, as\u00ed como la seguridad y salud de los trabajadores.<\/p>\n\n\n\n<p>El plan de sinergia contempla:<\/p>\n\n\n\n<ul class=\"wp-block-list\">\n<li>La implementaci\u00f3n de los documentos corporativos, alineados a CELEC matriz.<\/li>\n\n\n\n<li>Utilizaci\u00f3n de las bondades del sistema de gesti\u00f3n por parte de las \u00e1reas de producci\u00f3n y agregadores de valor, a fin de propender a la ejecuci\u00f3n oportuna de la planificaci\u00f3n a trav\u00e9s del POA, Presupuesto y PAC y por ende al cumplimiento de los objetivos del core del negocio.<\/li>\n\n\n\n<li>El proyecto de cero papeles en procesos precontractuales y contractuales.<\/li>\n<\/ul>\n\n\n\n<p><br>El plan contempla la gesti\u00f3n por procesos, el mismo que est\u00e1 alineado al proyecto corporativo establecido en el punto 1, para lo cual la Direcci\u00f3n de Gesti\u00f3n Estrat\u00e9gica a trav\u00e9s de la Subdirecci\u00f3n de Procesos y Calidad de CELEC EP (matriz) ha actualizado la metodolog\u00eda para la Gesti\u00f3n por Procesos, manteniendo la esencia de la misma y brindando flexibilidad para dise\u00f1ar y documentar procesos.<\/p>\n\n\n\n<p>Los procesos y subprocesos adjetivos estrat\u00e9gicos y adjetivos de apoyo, son aprobados en CELEC matriz por parte de la Direcci\u00f3n y Subdirecci\u00f3n due\u00f1a del proceso.<\/p>\n\n\n\n<p>Por lo tanto, se ha establecido mediante un proyecto GPR la implementaci\u00f3n de todos los documentos corporativos.<\/p>\n","protected":false},"excerpt":{"rendered":"<p>EL PLAN DE SINERGIA PRODUCTIVA DE CELEC EP Electroguayas 2020 &#8211; 2021, est\u00e1 basado en el mejoramiento continuo de los procesos, espec\u00edficamente orientado a la consecuci\u00f3n de los objetivos de confiabilidad y disponibilidad de las unidades de generaci\u00f3n, considerando que en el mes de Diciembre del a\u00f1o 2016 se logr\u00f3 la certificaci\u00f3n internacional bajo la [&hellip;]<\/p>\n","protected":false},"author":1,"featured_media":0,"parent":0,"menu_order":0,"comment_status":"closed","ping_status":"closed","template":"","meta":{"_acf_changed":false,"rop_custom_images_group":[],"rop_custom_messages_group":[],"rop_publish_now":"initial","rop_publish_now_accounts":[],"rop_publish_now_history":[],"rop_publish_now_status":"pending","_themeisle_gutenberg_block_has_review":false,"footnotes":""},"class_list":["post-28","page","type-page","status-publish","hentry"],"acf":[],"_links":{"self":[{"href":"https:\/\/www.celec.gob.ec\/electroguayas\/wp-json\/wp\/v2\/pages\/28","targetHints":{"allow":["GET"]}}],"collection":[{"href":"https:\/\/www.celec.gob.ec\/electroguayas\/wp-json\/wp\/v2\/pages"}],"about":[{"href":"https:\/\/www.celec.gob.ec\/electroguayas\/wp-json\/wp\/v2\/types\/page"}],"author":[{"embeddable":true,"href":"https:\/\/www.celec.gob.ec\/electroguayas\/wp-json\/wp\/v2\/users\/1"}],"replies":[{"embeddable":true,"href":"https:\/\/www.celec.gob.ec\/electroguayas\/wp-json\/wp\/v2\/comments?post=28"}],"version-history":[{"count":2,"href":"https:\/\/www.celec.gob.ec\/electroguayas\/wp-json\/wp\/v2\/pages\/28\/revisions"}],"predecessor-version":[{"id":30,"href":"https:\/\/www.celec.gob.ec\/electroguayas\/wp-json\/wp\/v2\/pages\/28\/revisions\/30"}],"wp:attachment":[{"href":"https:\/\/www.celec.gob.ec\/electroguayas\/wp-json\/wp\/v2\/media?parent=28"}],"curies":[{"name":"wp","href":"https:\/\/api.w.org\/{rel}","templated":true}]}}