{"id":31,"date":"2023-02-08T22:41:21","date_gmt":"2023-02-08T22:41:21","guid":{"rendered":"https:\/\/www.celec.gob.ec\/electroguayas\/?page_id=31"},"modified":"2023-02-08T22:41:22","modified_gmt":"2023-02-08T22:41:22","slug":"proyectos","status":"publish","type":"page","link":"https:\/\/www.celec.gob.ec\/electroguayas\/proyectos\/","title":{"rendered":"Proyectos"},"content":{"rendered":"\n<p>El parque generador t\u00e9rmico actual del pa\u00eds est\u00e1 conformado por unidades que operan con combustibles como el fuel oil, diesel, gas y nafta, siendo las menos competitivas aquellas que operan con diesel y nafta debido al alto precio de estos \u00faltimos, raz\u00f3n por la cual estas unidades tienen elevados costos de producci\u00f3n.<\/p>\n\n\n\n<p>Entre las pol\u00edticas del actual Gobierno, a trav\u00e9s del Ministerio de Electricidad y Energ\u00edas Renovables y de la Corporaci\u00f3n El\u00e9ctrica del Ecuador &#8211; CELEC E.P., se incluyen el incremento de la capacidad instalada y la reducci\u00f3n del costo de producci\u00f3n de la energ\u00eda el\u00e9ctrica.<\/p>\n\n\n\n<p>A continuaci\u00f3n se presenta una breve descripci\u00f3n de los proyectos que ha emprendido la Corporaci\u00f3n, cuya operaci\u00f3n ser\u00e1 responsabilidad de esta Unidad de Negocio.<\/p>\n\n\n\n<h2 class=\"wp-block-heading\">CELEC EP ELECTROGUAYAS LOGRA CERTIFICACI\u00d3N ISO 9001:2015<\/h2>\n\n\n\n<p>Despu\u00e9s de lo establecido por la certificadora COTECNA el viernes 02 de diciembre del 2016 a las 18h30, donde recomend\u00f3 la certificaci\u00f3n de calidad bajo la norma ISO 9001:2015 para CELEC EP Electroguayas Central Gonzalo Zevallos y Administraci\u00f3n Central.<\/p>\n\n\n\n<p>Convirti\u00e9ndose CELEC EP Electroguayas, se convirti\u00f3 en la primera Unidad de Negocio en conseguir la certificaci\u00f3n bajo esta nueva y \u00faltima versi\u00f3n de la Norma de Calidad ISO 9001:2015.<\/p>\n\n\n\n<p>Con este antecedente el objetivo es CERTIFICAR A TODA LA UNIDAD DE NEGOCIO CELEC EP ELECTROGUAYAS, este proyecto se lograr\u00e1 con el trabajo en equipo que asegurar\u00e1 mantener la certificaci\u00f3n, con el aporte y desempe\u00f1o de nuestro Talento Humano, y el cumpliendo de los requisitos que exige la norma para las futuras auditor\u00edas internas y externas de seguimiento y recertificaci\u00f3n del SGC.<\/p>\n\n\n\n<h2 class=\"wp-block-heading\">PROYECTO SANTA ELENA II \u2013 PRIMERA ETAPA (90.1 MW)<\/h2>\n\n\n\n<p>El a\u00f1o 2010 se implement\u00f3 el plan anual de nueva generaci\u00f3n termoel\u00e9ctrica para cubrir el d\u00e9ficit de energ\u00eda el\u00e9ctrica en el pa\u00eds. Uno de los proyectos ejecutados fue el de la Central de generaci\u00f3n Santa Elena II.<\/p>\n\n\n\n<p>Para ello, se realiz\u00f3 el proceso de estudios e informes t\u00e9cnicos favorables y la m\u00e1xima autoridad de CELEC EP decidi\u00f3 aprobar el proceso de licitaci\u00f3n No. LI-CELEC-002-2010 y a trav\u00e9s del portal de Compras P\u00fablicas se realiz\u00f3 la correspondiente convocatoria, el 28 de agosto de 2010.<\/p>\n\n\n\n<p>Luego del proceso correspondiente y mediante resoluci\u00f3n No. LI-CELEC EP-GG-084.10 del 18 de junio de 2010, se adjudic\u00f3 el contrato al oferente EQUITATIS S.A., cap\u00edtulo Santa Elena posici\u00f3n 1-2-3 para el suministro, transporte, montaje, pruebas y puesta en operaci\u00f3n comercial de equipos de generaci\u00f3n de una potencia nominal total de 90.1 Mw., incluidos los auxiliares y obras civiles asociadas.<\/p>\n\n\n\n<p>El directorio de CELEC EP, mediante resoluci\u00f3n No. 034-2010 del 25 de julio de 2010 autoriz\u00f3 la suscripci\u00f3n del contrato 003-2010.<\/p>\n\n\n\n<p>Caracter\u00edsticas de la Planta:<\/p>\n\n\n\n<p>El proyecto de generaci\u00f3n Santa Elena est\u00e1 ubicado en el Km. 4 \u00bd v\u00eda Anc\u00f3n, junto a la subestaci\u00f3n Transelectric. Est\u00e1 conformada por 53 Unidades de 1.7MW marca HYUNDAI, Modelo 9H\/21\/32 con una capacidad total de 90.1MW.<\/p>\n\n\n\n<h2 class=\"wp-block-heading\">Proyecto Santa Elena II \u2013 Segunda Etapa (40 MW)<\/h2>\n\n\n\n<p>El 14 de abril de 2011 se suscribi\u00f3 el contrato para el \u201cSuministro e Instalaci\u00f3n de una Planta Termoel\u00e9ctrica Adicional con una Potencia Efectiva de 40 MW para la Central Santa Elena II\u201d; para lo cual \u00e9sta Unidad de Negocio estar\u00e1 encargada de las siguientes actividades:<\/p>\n\n\n\n<ul class=\"wp-block-list\">\n<li>Brindar apoyo a la gesti\u00f3n del contrato<\/li>\n\n\n\n<li>Designaci\u00f3n del grupo de especialistas para la fiscalizaci\u00f3n del proyecto<\/li>\n\n\n\n<li>Contrataci\u00f3n y capacitaci\u00f3n del personal t\u00e9cnico y administrativo<\/li>\n\n\n\n<li>Coordinaci\u00f3n para la operaci\u00f3n y mantenimiento durante el periodo de operaci\u00f3n asistida<\/li>\n\n\n\n<li>Obtener ante los entes de control los permisos y licencias respectivas para la construcci\u00f3n y operaci\u00f3n de la central<\/li>\n\n\n\n<li>Contrataci\u00f3n de seguros generales.<\/li>\n\n\n\n<li>Finalmente gestionar los contratos de adquisici\u00f3n de combustibles, lubricantes y en general todas las actividades que necesarias durante la construcci\u00f3n y operaci\u00f3n comercial de la central.<\/li>\n<\/ul>\n\n\n\n<h2 class=\"wp-block-heading\"><strong>TRASLADO DE UNIDADES TM2500<\/strong><\/h2>\n\n\n\n<p>Continuando con la pol\u00edtica energ\u00e9tica del Gobierno actual, adicionalmente se est\u00e1n impulsando las gestiones pertinentes para utilizar GAS NATURAL como combustible primario con el objetivo de generar energ\u00eda a bajos costos de producci\u00f3n, con menor impacto al medio ambiente.<\/p>\n\n\n\n<p>Para ello, considerando que PETROECUADOR EP tiene a su cargo la explotaci\u00f3n del gas del campo AMISTAD, antes concesionado a EDC, es decisi\u00f3n del MEER y CELEC EP trasladar las 6 unidades de generaci\u00f3n General Electric TM 2500 de 22.8 MW de potencia instalada cada una, actualmente instaladas en la central Pascuales II de la Unidad de Negocio ELECTROGUAYAS, a la poblaci\u00f3n de Bajo Alto donde se encuentran las plantas de la recientemente creada Unidad de Negocio Machala, encargada de la administraci\u00f3n, operaci\u00f3n y mantenimiento de las dos unidades a gas de 65 MW cada una, que pertenecieron a Machala Power.<\/p>\n\n\n\n<p>El proyecto de traslado ser\u00e1 desarrollado por la Unidad de Negocio Machala, con la valiosa colaboraci\u00f3n de funcionarios de ELECTROGUAYAS y otras Unidades de Negocio de CELEC EP.<\/p>\n","protected":false},"excerpt":{"rendered":"<p>El parque generador t\u00e9rmico actual del pa\u00eds est\u00e1 conformado por unidades que operan con combustibles como el fuel oil, diesel, gas y nafta, siendo las menos competitivas aquellas que operan con diesel y nafta debido al alto precio de estos \u00faltimos, raz\u00f3n por la cual estas unidades tienen elevados costos de producci\u00f3n. Entre las pol\u00edticas [&hellip;]<\/p>\n","protected":false},"author":1,"featured_media":0,"parent":0,"menu_order":0,"comment_status":"closed","ping_status":"closed","template":"","meta":{"_acf_changed":false,"rop_custom_images_group":[],"rop_custom_messages_group":[],"rop_publish_now":"initial","rop_publish_now_accounts":[],"rop_publish_now_history":[],"rop_publish_now_status":"pending","_themeisle_gutenberg_block_has_review":false,"footnotes":""},"class_list":["post-31","page","type-page","status-publish","hentry"],"acf":[],"_links":{"self":[{"href":"https:\/\/www.celec.gob.ec\/electroguayas\/wp-json\/wp\/v2\/pages\/31","targetHints":{"allow":["GET"]}}],"collection":[{"href":"https:\/\/www.celec.gob.ec\/electroguayas\/wp-json\/wp\/v2\/pages"}],"about":[{"href":"https:\/\/www.celec.gob.ec\/electroguayas\/wp-json\/wp\/v2\/types\/page"}],"author":[{"embeddable":true,"href":"https:\/\/www.celec.gob.ec\/electroguayas\/wp-json\/wp\/v2\/users\/1"}],"replies":[{"embeddable":true,"href":"https:\/\/www.celec.gob.ec\/electroguayas\/wp-json\/wp\/v2\/comments?post=31"}],"version-history":[{"count":1,"href":"https:\/\/www.celec.gob.ec\/electroguayas\/wp-json\/wp\/v2\/pages\/31\/revisions"}],"predecessor-version":[{"id":32,"href":"https:\/\/www.celec.gob.ec\/electroguayas\/wp-json\/wp\/v2\/pages\/31\/revisions\/32"}],"wp:attachment":[{"href":"https:\/\/www.celec.gob.ec\/electroguayas\/wp-json\/wp\/v2\/media?parent=31"}],"curies":[{"name":"wp","href":"https:\/\/api.w.org\/{rel}","templated":true}]}}