{"id":42,"date":"2023-02-08T22:51:22","date_gmt":"2023-02-08T22:51:22","guid":{"rendered":"https:\/\/www.celec.gob.ec\/electroguayas\/?page_id=42"},"modified":"2023-02-08T22:51:23","modified_gmt":"2023-02-08T22:51:23","slug":"politica-de-calidad","status":"publish","type":"page","link":"https:\/\/www.celec.gob.ec\/electroguayas\/politica-de-calidad\/","title":{"rendered":"Politica de Calidad"},"content":{"rendered":"\n<p>El Gerente de CELEC EP- Electroguayas, luego de su revisi\u00f3n, establece la Pol\u00edtica de la Calidad de acuerdo a los siguientes t\u00e9rminos:<\/p>\n\n\n\n<div style=\"height:30px\" aria-hidden=\"true\" class=\"wp-block-spacer\"><\/div>\n\n\n\n<p class=\"has-text-align-center\"><strong>POLITICA DE CALIDAD<\/strong><\/p>\n\n\n\n<p>CELEC EP Electroguayas, est\u00e1 comprometida con la satisfacci\u00f3n de los clientes internos y externos, mediante un Sistema de Gesti\u00f3n de Calidad orientado al mejoramiento continuo de los procesos, garantizando la disponibilidad y confiabilidad en la generaci\u00f3n de energ\u00eda el\u00e9ctrica, respaldados con el compromiso y aporte del Talento Humano capacitado, competente y motivado, para la mejora de la productividad y el desempe\u00f1o de la gesti\u00f3n de manera oportuna, en constante interacci\u00f3n con las partes interesadas, aplicando la comunicaci\u00f3n eficaz y el marco legal en todo el \u00e1mbito organizacional, en seguridad, salud laboral y cuidado del medio ambiente.<\/p>\n\n\n\n<div style=\"height:30px\" aria-hidden=\"true\" class=\"wp-block-spacer\"><\/div>\n\n\n\n<p class=\"has-text-align-center\">Gerencia CELEC EP \u2013 Electroguayas<br>Diciembre 2020<\/p>\n\n\n\n<div style=\"height:30px\" aria-hidden=\"true\" class=\"wp-block-spacer\"><\/div>\n\n\n\n<figure class=\"wp-block-image size-large\"><img fetchpriority=\"high\" decoding=\"async\" width=\"1024\" height=\"690\" src=\"https:\/\/www.celec.gob.ec\/electroguayas\/wp-content\/uploads\/2023\/02\/12___M10P03M01EGU01-F03_Objetivos_de_Calidad-2023-1024x690.png\" alt=\"\" class=\"wp-image-43\" srcset=\"https:\/\/www.celec.gob.ec\/electroguayas\/wp-content\/uploads\/2023\/02\/12___M10P03M01EGU01-F03_Objetivos_de_Calidad-2023-1024x690.png 1024w, https:\/\/www.celec.gob.ec\/electroguayas\/wp-content\/uploads\/2023\/02\/12___M10P03M01EGU01-F03_Objetivos_de_Calidad-2023-300x202.png 300w, https:\/\/www.celec.gob.ec\/electroguayas\/wp-content\/uploads\/2023\/02\/12___M10P03M01EGU01-F03_Objetivos_de_Calidad-2023-768x517.png 768w, https:\/\/www.celec.gob.ec\/electroguayas\/wp-content\/uploads\/2023\/02\/12___M10P03M01EGU01-F03_Objetivos_de_Calidad-2023-1536x1035.png 1536w, https:\/\/www.celec.gob.ec\/electroguayas\/wp-content\/uploads\/2023\/02\/12___M10P03M01EGU01-F03_Objetivos_de_Calidad-2023.png 1542w\" sizes=\"(max-width: 1024px) 100vw, 1024px\" \/><\/figure>\n\n\n\n<figure class=\"wp-block-image size-large\"><img decoding=\"async\" width=\"1024\" height=\"733\" src=\"https:\/\/www.celec.gob.ec\/electroguayas\/wp-content\/uploads\/2023\/02\/13___M10P03M01EGU01-F04_Mapa_de_procesos_2023-1024x733.jpg\" alt=\"\" class=\"wp-image-44\" srcset=\"https:\/\/www.celec.gob.ec\/electroguayas\/wp-content\/uploads\/2023\/02\/13___M10P03M01EGU01-F04_Mapa_de_procesos_2023-1024x733.jpg 1024w, https:\/\/www.celec.gob.ec\/electroguayas\/wp-content\/uploads\/2023\/02\/13___M10P03M01EGU01-F04_Mapa_de_procesos_2023-300x215.jpg 300w, https:\/\/www.celec.gob.ec\/electroguayas\/wp-content\/uploads\/2023\/02\/13___M10P03M01EGU01-F04_Mapa_de_procesos_2023-768x550.jpg 768w, https:\/\/www.celec.gob.ec\/electroguayas\/wp-content\/uploads\/2023\/02\/13___M10P03M01EGU01-F04_Mapa_de_procesos_2023-1536x1099.jpg 1536w, https:\/\/www.celec.gob.ec\/electroguayas\/wp-content\/uploads\/2023\/02\/13___M10P03M01EGU01-F04_Mapa_de_procesos_2023.jpg 1664w\" sizes=\"(max-width: 1024px) 100vw, 1024px\" \/><\/figure>\n","protected":false},"excerpt":{"rendered":"<p>El Gerente de CELEC EP- Electroguayas, luego de su revisi\u00f3n, establece la Pol\u00edtica de la Calidad de acuerdo a los siguientes t\u00e9rminos: POLITICA DE CALIDAD CELEC EP Electroguayas, est\u00e1 comprometida con la satisfacci\u00f3n de los clientes internos y externos, mediante un Sistema de Gesti\u00f3n de Calidad orientado al mejoramiento continuo de los procesos, garantizando la [&hellip;]<\/p>\n","protected":false},"author":1,"featured_media":0,"parent":0,"menu_order":0,"comment_status":"closed","ping_status":"closed","template":"","meta":{"_acf_changed":false,"rop_custom_images_group":[],"rop_custom_messages_group":[],"rop_publish_now":"initial","rop_publish_now_accounts":[],"rop_publish_now_history":[],"rop_publish_now_status":"pending","_themeisle_gutenberg_block_has_review":false,"footnotes":""},"class_list":["post-42","page","type-page","status-publish","hentry"],"acf":[],"_links":{"self":[{"href":"https:\/\/www.celec.gob.ec\/electroguayas\/wp-json\/wp\/v2\/pages\/42","targetHints":{"allow":["GET"]}}],"collection":[{"href":"https:\/\/www.celec.gob.ec\/electroguayas\/wp-json\/wp\/v2\/pages"}],"about":[{"href":"https:\/\/www.celec.gob.ec\/electroguayas\/wp-json\/wp\/v2\/types\/page"}],"author":[{"embeddable":true,"href":"https:\/\/www.celec.gob.ec\/electroguayas\/wp-json\/wp\/v2\/users\/1"}],"replies":[{"embeddable":true,"href":"https:\/\/www.celec.gob.ec\/electroguayas\/wp-json\/wp\/v2\/comments?post=42"}],"version-history":[{"count":1,"href":"https:\/\/www.celec.gob.ec\/electroguayas\/wp-json\/wp\/v2\/pages\/42\/revisions"}],"predecessor-version":[{"id":45,"href":"https:\/\/www.celec.gob.ec\/electroguayas\/wp-json\/wp\/v2\/pages\/42\/revisions\/45"}],"wp:attachment":[{"href":"https:\/\/www.celec.gob.ec\/electroguayas\/wp-json\/wp\/v2\/media?parent=42"}],"curies":[{"name":"wp","href":"https:\/\/api.w.org\/{rel}","templated":true}]}}