{"id":132,"date":"2023-02-10T18:35:57","date_gmt":"2023-02-10T18:35:57","guid":{"rendered":"https:\/\/www.celec.gob.ec\/gensur\/?page_id=132"},"modified":"2023-02-10T18:37:50","modified_gmt":"2023-02-10T18:37:50","slug":"central-eolica-villonanco","status":"publish","type":"page","link":"https:\/\/www.celec.gob.ec\/gensur\/central-eolica-villonanco\/","title":{"rendered":"Central E\u00f3lica Villonanco"},"content":{"rendered":"\n<h2 class=\"wp-block-heading\">Electrificaci\u00f3n<\/h2>\n\n\n\n<p>Convenio de Cooperaci\u00f3n Interinstitucional entre la Corporaci\u00f3n El\u00e9ctrica del Ecuador CELEC EP \u2013 GENSUR y la Empresa El\u00e9ctrica Regional del Sur EERSSA; de esta forma se benefici\u00f3 a 3.522 habitantes de 8 barrios de la zona de influencia, ejecutando las siguientes obras:<\/p>\n\n\n\n<div style=\"height:30px\" aria-hidden=\"true\" class=\"wp-block-spacer\"><\/div>\n\n\n\n<h2 class=\"wp-block-heading\">Instalaci\u00f3n de luminarias.<\/h2>\n\n\n\n<p>Construcci\u00f3n y reubicaci\u00f3n de red de alta, media y baja tensi\u00f3n.<br>Construcci\u00f3n de red de conductor tr\u00edplex.<br>Instalaci\u00f3n de transformadores.<br>Instalaci\u00f3n de acometidas para medidores domiciliarios.<br>Instalaci\u00f3n de postes de hormig\u00f3n y fibra.<\/p>\n\n\n\n<div style=\"height:30px\" aria-hidden=\"true\" class=\"wp-block-spacer\"><\/div>\n\n\n\n<h2 class=\"wp-block-heading\">Vialidad<\/h2>\n\n\n\n<p>Se intervinieron 17 kil\u00f3metros de la v\u00eda antigua Loja &#8211; Catamayo, desde el Barrio V\u00edctor Emilio Valdivieso hasta la \u201cY\u201d de Catamayo, beneficiando a 344 habitantes de los Barrios Tierras Coloradas, Payanchi, Uriguanga y Rumicorral.<\/p>\n\n\n\n<p>Construcci\u00f3n a nivel de pavimento r\u00edgido de hormig\u00f3n con una longitud de 5,5 km, beneficiando a los barrios Eucaliptos, Bolonia y Plateado beneficiando a 1055 habitantes.<\/p>\n\n\n\n<p>Se\u00f1alizaci\u00f3n horizontal y vertical de las v\u00edas de acceso a los barrios El Plateado, Bolonia y Eucaliptos de la ciudad de Loja, s\/e y enlace con la Central E\u00f3lica Villonaco, longitud 6.0 km.<\/p>\n\n\n\n<div style=\"height:30px\" aria-hidden=\"true\" class=\"wp-block-spacer\"><\/div>\n\n\n\n<h2 class=\"wp-block-heading\">Educaci\u00f3n<\/h2>\n\n\n\n<p>En coordinaci\u00f3n con el Ministerio de Educaci\u00f3n se gestion\u00f3 la intervenci\u00f3n en las escuelas que se encuentran dentro de la zona de influencia en temas de infraestructura civil, mobiliario y equipamiento tecnol\u00f3gico.<\/p>\n\n\n\n<p>Se firm\u00f3 una Nota Reversal entre la Corporaci\u00f3n El\u00e9ctrica del Ecuador CELEC EP \u2013 GENSUR y la Coordinaci\u00f3n Zonal de Educaci\u00f3n Zona 7, para mejorar el estado de dichas escuelas, beneficiando a 936 estudiantes de cinco Unidades Educativas ubicadas dentro de la zona de influencia de la Central E\u00f3lica Villonaco con las siguientes obras:<\/p>\n\n\n\n<p>Mejoramiento de infraestructura f\u00edsica.<br>Equipamiento con pupitres, escritorios y sillas para computadoras.<br>Implementaci\u00f3n de juegos recreativos exteriores.<br>Adecuaci\u00f3n de los centros de c\u00f3mputo.<br>Conservaci\u00f3n de \u00e1reas verdes mediante el dise\u00f1o e implementaci\u00f3n de jardineras.<\/p>\n\n\n\n<div style=\"height:30px\" aria-hidden=\"true\" class=\"wp-block-spacer\"><\/div>\n\n\n\n<h2 class=\"wp-block-heading\">Socio Econ\u00f3mico<\/h2>\n\n\n\n<p>En cumplimiento al segundo objetivo del Plan Nacional de Buen Vivir que hace menci\u00f3n en Mejorar las Capacidades y Potencialidades de la Ciudadan\u00eda, se gestion\u00f3 la conformaci\u00f3n de una asociaci\u00f3n de servicios complementarios con la finalidad de que mejoren sus condiciones de trabajo, por lo que se les capacit\u00f3 en:<\/p>\n\n\n\n<p>Operaciones b\u00e1sicas de aseo y limpieza, gestionada con el SECAP.<br>Manejo de Jardines y \u00c1reas Verdes, dictada por el departamento de Responsabilidad Social y Ambiental.<br>Manejo de desechos s\u00f3lidos.<br>La asociaci\u00f3n Virgen de Guadalupe \u201cASOSERVIG\u201d se encuentra registrada y legalizada en la Superintendencia de Econom\u00eda Popular y Solidaria, actualmente la asociaci\u00f3n presta los servicios de limpieza y mantenimiento de \u00e1reas verdes en las instalaciones de CELEC EP &#8211; GENSUR, SENPLADES, INMOBILIAR, entre otras.<\/p>\n\n\n\n<div style=\"height:30px\" aria-hidden=\"true\" class=\"wp-block-spacer\"><\/div>\n\n\n\n<h2 class=\"wp-block-heading\">Eje Productivo<\/h2>\n\n\n\n<p>Dentro de la zona de influencia de la Central E\u00f3lica Villonaco, se encuentran cinco barrios productores agr\u00edcolas y pecuarios, es por ello que conjuntamente con Agrocalidad se realiza actividades agropecuarias con la finalidad de mejorar la producci\u00f3n e incrementar la rentabilidad de sus actividades econ\u00f3micas.<\/p>\n\n\n\n<p>Las actividades realizadas son:<\/p>\n\n\n\n<p>Diagn\u00f3stico y muestreo de productos vegetales como: acelga, br\u00f3coli, arveja, fr\u00e9jol, haba etc., para identificar plagas y enfermedades.<br>Resultados obtenidos por Agrocalidad y entregados a los agricultores de la zona.<br>Capacitaciones dictadas a los agricultores basadas en las plagas y enfermedades identificadas en el sector.<br>Muestreo y capacitaci\u00f3n sobre enfermedades identificadas en animales mayores y menores.<br>Capacitaciones dictadas a los ganaderos basadas en las enfermedades identificadas en los animales mayores y menores del sector.<\/p>\n\n\n\n<div style=\"height:30px\" aria-hidden=\"true\" class=\"wp-block-spacer\"><\/div>\n\n\n\n<h2 class=\"wp-block-heading\">Responsabilidad Social Corporativa<\/h2>\n\n\n\n<p>Se conform\u00f3 el voluntariado corporativo con el objetivo de establecer mecanismos de participaci\u00f3n y relaciones positivas con comunidades dentro de la zona de influencia de la Central E\u00f3lica Villonaco.<\/p>\n\n\n\n<p>Esto nos permite disminuir o eliminar probables situaciones de \u00edndole social, as\u00ed como evitar, mitigar o remediar sus impactos negativos; adem\u00e1s, desarrollar con los actores sociales involucrados relaciones de confianza mutua para lograr niveles de credibilidad y transparencia en todas las actividades a desarrollarse.<\/p>\n","protected":false},"excerpt":{"rendered":"<p>Electrificaci\u00f3n Convenio de Cooperaci\u00f3n Interinstitucional entre la Corporaci\u00f3n El\u00e9ctrica del Ecuador CELEC EP \u2013 GENSUR y la Empresa El\u00e9ctrica Regional del Sur EERSSA; de esta forma se benefici\u00f3 a 3.522 habitantes de 8 barrios de la zona de influencia, ejecutando las siguientes obras: Instalaci\u00f3n de luminarias. Construcci\u00f3n y reubicaci\u00f3n de red de alta, media y [&hellip;]<\/p>\n","protected":false},"author":1,"featured_media":0,"parent":0,"menu_order":0,"comment_status":"closed","ping_status":"closed","template":"","meta":{"_acf_changed":false,"_themeisle_gutenberg_block_has_review":false,"footnotes":""},"class_list":["post-132","page","type-page","status-publish","hentry"],"acf":[],"_links":{"self":[{"href":"https:\/\/www.celec.gob.ec\/gensur\/wp-json\/wp\/v2\/pages\/132","targetHints":{"allow":["GET"]}}],"collection":[{"href":"https:\/\/www.celec.gob.ec\/gensur\/wp-json\/wp\/v2\/pages"}],"about":[{"href":"https:\/\/www.celec.gob.ec\/gensur\/wp-json\/wp\/v2\/types\/page"}],"author":[{"embeddable":true,"href":"https:\/\/www.celec.gob.ec\/gensur\/wp-json\/wp\/v2\/users\/1"}],"replies":[{"embeddable":true,"href":"https:\/\/www.celec.gob.ec\/gensur\/wp-json\/wp\/v2\/comments?post=132"}],"version-history":[{"count":2,"href":"https:\/\/www.celec.gob.ec\/gensur\/wp-json\/wp\/v2\/pages\/132\/revisions"}],"predecessor-version":[{"id":135,"href":"https:\/\/www.celec.gob.ec\/gensur\/wp-json\/wp\/v2\/pages\/132\/revisions\/135"}],"wp:attachment":[{"href":"https:\/\/www.celec.gob.ec\/gensur\/wp-json\/wp\/v2\/media?parent=132"}],"curies":[{"name":"wp","href":"https:\/\/api.w.org\/{rel}","templated":true}]}}