{"id":136,"date":"2023-02-10T18:40:04","date_gmt":"2023-02-10T18:40:04","guid":{"rendered":"https:\/\/www.celec.gob.ec\/gensur\/?page_id=136"},"modified":"2023-02-10T18:42:23","modified_gmt":"2023-02-10T18:42:23","slug":"proyecto-hidroelectrico-delsitanisagua","status":"publish","type":"page","link":"https:\/\/www.celec.gob.ec\/gensur\/proyecto-hidroelectrico-delsitanisagua\/","title":{"rendered":"Proyecto Hidroel\u00e9ctrico Delsitanisagua"},"content":{"rendered":"\n<h2 class=\"wp-block-heading\">Electrificaci\u00f3n<\/h2>\n\n\n\n<p>Ampliaci\u00f3n y construcci\u00f3n de redes de energ\u00eda el\u00e9ctrica en las Parroquias de Imbana, Sabanilla y Zamora en barrios como: Rio Blanco, Santa Rosa, El Retorno, El Tambo, Santa Rita, La Cascada, El Queque, El Oso, Santa Elena, Los Guabos, El tibio, El Porvenir, Tibio Bajo, Tibio Alto, El Cristal, Las Palmas, Reina del Cisne, La Uni\u00f3n, Miraflores, San Francisco y Tambo Blanco, beneficiando a 1.606 habitantes.<\/p>\n\n\n\n<div style=\"height:30px\" aria-hidden=\"true\" class=\"wp-block-spacer\"><\/div>\n\n\n\n<h2 class=\"wp-block-heading\">Servicios B\u00e1sios y Saneamiento<\/h2>\n\n\n\n<p>Con el objetivo de mejorar la calidad de vida de la poblaci\u00f3n se construy\u00f3 tres sistemas de Agua Potable en barrios como: El Tambo, Rio Blanco y el Retorno, de igual manera se construy\u00f3 129 Unidades B\u00e1sicas Sanitarias beneficiando a 408 Habitantes.<br>En la cabecera parroquial La Victoria de Imbana, se construy\u00f3 los sistemas de alcantarillado sanitario, pluvial, planta de tratamiento de aguas residuales y 22 unidades b\u00e1sicas sanitarias beneficiando a 200 habitantes.<\/p>\n\n\n\n<div style=\"height:30px\" aria-hidden=\"true\" class=\"wp-block-spacer\"><\/div>\n\n\n\n<h2 class=\"wp-block-heading\">Infraestructura y Vialidad<\/h2>\n\n\n\n<p>Construcci\u00f3n de la \u00faltima etapa de la Casa Comunal en el barrio Rio Blanco, Parroquia Sabanilla &#8211; Zamora Chinchipe beneficiando a 195 habitantes.<\/p>\n\n\n\n<div style=\"height:30px\" aria-hidden=\"true\" class=\"wp-block-spacer\"><\/div>\n\n\n\n<h2 class=\"wp-block-heading\">Socio Econ\u00f3mico<\/h2>\n\n\n\n<p>Con el objetivo de potencializar las capacidades de las comunidades se coordin\u00f3 con el SECAP capacitaci\u00f3n a la Asociaci\u00f3n de Matarifes del barrio el Tambo en temas referente a:<\/p>\n\n\n\n<p>Recursos humanos<br>Manejo de Alimentos<br>Faenamiento<\/p>\n","protected":false},"excerpt":{"rendered":"<p>Electrificaci\u00f3n Ampliaci\u00f3n y construcci\u00f3n de redes de energ\u00eda el\u00e9ctrica en las Parroquias de Imbana, Sabanilla y Zamora en barrios como: Rio Blanco, Santa Rosa, El Retorno, El Tambo, Santa Rita, La Cascada, El Queque, El Oso, Santa Elena, Los Guabos, El tibio, El Porvenir, Tibio Bajo, Tibio Alto, El Cristal, Las Palmas, Reina del Cisne, [&hellip;]<\/p>\n","protected":false},"author":1,"featured_media":0,"parent":0,"menu_order":0,"comment_status":"closed","ping_status":"closed","template":"","meta":{"_acf_changed":false,"_themeisle_gutenberg_block_has_review":false,"footnotes":""},"class_list":["post-136","page","type-page","status-publish","hentry"],"acf":[],"_links":{"self":[{"href":"https:\/\/www.celec.gob.ec\/gensur\/wp-json\/wp\/v2\/pages\/136","targetHints":{"allow":["GET"]}}],"collection":[{"href":"https:\/\/www.celec.gob.ec\/gensur\/wp-json\/wp\/v2\/pages"}],"about":[{"href":"https:\/\/www.celec.gob.ec\/gensur\/wp-json\/wp\/v2\/types\/page"}],"author":[{"embeddable":true,"href":"https:\/\/www.celec.gob.ec\/gensur\/wp-json\/wp\/v2\/users\/1"}],"replies":[{"embeddable":true,"href":"https:\/\/www.celec.gob.ec\/gensur\/wp-json\/wp\/v2\/comments?post=136"}],"version-history":[{"count":2,"href":"https:\/\/www.celec.gob.ec\/gensur\/wp-json\/wp\/v2\/pages\/136\/revisions"}],"predecessor-version":[{"id":138,"href":"https:\/\/www.celec.gob.ec\/gensur\/wp-json\/wp\/v2\/pages\/136\/revisions\/138"}],"wp:attachment":[{"href":"https:\/\/www.celec.gob.ec\/gensur\/wp-json\/wp\/v2\/media?parent=136"}],"curies":[{"name":"wp","href":"https:\/\/api.w.org\/{rel}","templated":true}]}}