{"id":69,"date":"2023-02-09T00:56:59","date_gmt":"2023-02-09T00:56:59","guid":{"rendered":"https:\/\/www.celec.gob.ec\/gensur\/?page_id=69"},"modified":"2023-02-09T00:56:59","modified_gmt":"2023-02-09T00:56:59","slug":"seguridad-y-salud-laboral","status":"publish","type":"page","link":"https:\/\/www.celec.gob.ec\/gensur\/seguridad-y-salud-laboral\/","title":{"rendered":"Seguridad y Salud Laboral"},"content":{"rendered":"\n<p>En CELEC EP-GENSUR la Unidad de Seguridad y Salud Laboral, se encuentra implementando un sistema de gesti\u00f3n en prevenci\u00f3n de riesgos (SGP) conformado por los 4 macro elementos del sistema, enfocados en la gesti\u00f3n administrativa, t\u00e9cnica del talento humano y los procesos y procedimientos operativos b\u00e1sicos; que adem\u00e1s de ser un requerimiento t\u00e9cnico legal, nos encamina a un sistema de prevenci\u00f3n completo, con el objetivo principal de evitar accidentes y enfermedades ocupacionales.<\/p>\n\n\n\n<p>Es deber de todos hacer seguridad y salud ocupacional, puesto que de cada uno depende su propia integridad en el campo laboral, cumpliendo con los est\u00e1ndares y buenas pr\u00e1cticas impartidas por diversos medios. Para este efecto contamos con una pol\u00edtica, reglamento interno de Seguridad y Salud Laboral de CELEC EP y la asesor\u00eda y gesti\u00f3n constante de los profesionales del \u00e1rea en cuesti\u00f3n.<\/p>\n\n\n\n<p>Los \u00edndices de accidentabilidad en CELEC EP &#8211; GENSUR, son realmente bajos, debido al compromiso y profesionalismo de todos quienes conforman la Unidad de Negocio, acompa\u00f1ado de un sistema de gesti\u00f3n orientado a controlar los riesgos laborales y promover ambientes sanos y seguros.<\/p>\n\n\n\n<p>Salud Ocupacional<\/p>\n\n\n\n<p>Salud ocupacional consiste en la planeaci\u00f3n, organizaci\u00f3n, ejecuci\u00f3n, control y evaluaci\u00f3n de todas aquellas actividades tendientes a preservar, mantener y mejorar la salud individual y colectiva de los trabajadores con el fin de evitar accidentes de trabajo y enfermedades profesionales.<\/p>\n\n\n\n<p>El principal objetivo de un programa de Salud Ocupacional es proveer de seguridad, protecci\u00f3n y atenci\u00f3n a los empleados en el desempe\u00f1o de su trabajo.<\/p>\n\n\n\n<p>Un programa de salud ocupacional debe contar con los elementos b\u00e1sicos para cumplir con estos objetivos, los cuales incluyen datos generales de prevenci\u00f3n de accidentes, la evaluaci\u00f3n m\u00e9dica de los empleados, la investigaci\u00f3n de los accidentes que ocurran y un programa de entrenamiento y divulgaci\u00f3n de las normas para evitarlos.<\/p>\n\n\n\n<p>Por lo tanto nos encargamos: VIGILAR, PREVENIR Y PROMOVER LA SALUD DE LOS TRABAJADORES.<\/p>\n","protected":false},"excerpt":{"rendered":"<p>En CELEC EP-GENSUR la Unidad de Seguridad y Salud Laboral, se encuentra implementando un sistema de gesti\u00f3n en prevenci\u00f3n de riesgos (SGP) conformado por los 4 macro elementos del sistema, enfocados en la gesti\u00f3n administrativa, t\u00e9cnica del talento humano y los procesos y procedimientos operativos b\u00e1sicos; que adem\u00e1s de ser un requerimiento t\u00e9cnico legal, nos [&hellip;]<\/p>\n","protected":false},"author":1,"featured_media":0,"parent":0,"menu_order":0,"comment_status":"closed","ping_status":"closed","template":"","meta":{"_acf_changed":false,"_themeisle_gutenberg_block_has_review":false,"footnotes":""},"class_list":["post-69","page","type-page","status-publish","hentry"],"acf":[],"_links":{"self":[{"href":"https:\/\/www.celec.gob.ec\/gensur\/wp-json\/wp\/v2\/pages\/69","targetHints":{"allow":["GET"]}}],"collection":[{"href":"https:\/\/www.celec.gob.ec\/gensur\/wp-json\/wp\/v2\/pages"}],"about":[{"href":"https:\/\/www.celec.gob.ec\/gensur\/wp-json\/wp\/v2\/types\/page"}],"author":[{"embeddable":true,"href":"https:\/\/www.celec.gob.ec\/gensur\/wp-json\/wp\/v2\/users\/1"}],"replies":[{"embeddable":true,"href":"https:\/\/www.celec.gob.ec\/gensur\/wp-json\/wp\/v2\/comments?post=69"}],"version-history":[{"count":1,"href":"https:\/\/www.celec.gob.ec\/gensur\/wp-json\/wp\/v2\/pages\/69\/revisions"}],"predecessor-version":[{"id":70,"href":"https:\/\/www.celec.gob.ec\/gensur\/wp-json\/wp\/v2\/pages\/69\/revisions\/70"}],"wp:attachment":[{"href":"https:\/\/www.celec.gob.ec\/gensur\/wp-json\/wp\/v2\/media?parent=69"}],"curies":[{"name":"wp","href":"https:\/\/api.w.org\/{rel}","templated":true}]}}