{"id":9,"date":"2023-02-08T23:57:47","date_gmt":"2023-02-08T23:57:47","guid":{"rendered":"https:\/\/www.celec.gob.ec\/gensur\/?page_id=9"},"modified":"2023-02-08T23:57:47","modified_gmt":"2023-02-08T23:57:47","slug":"resena-historica","status":"publish","type":"page","link":"https:\/\/www.celec.gob.ec\/gensur\/resena-historica\/","title":{"rendered":"Rese\u00f1a Hist\u00f3rica"},"content":{"rendered":"\n<p>El 14 de enero de 2010, mediante Decreto Ejecutivo No. 220, se crea la Corporaci\u00f3n El\u00e9ctrica del Ecuador CELEC EP, como una Empresa P\u00fablica Estrat\u00e9gica, bajo la rector\u00eda del Ministerio de Electricidad y Energ\u00eda Renovable, fundament\u00e1ndose en los art\u00edculos:<\/p>\n\n\n\n<ul class=\"wp-block-list\">\n<li>Art\u00edculo 314 de la Constituci\u00f3n de la Rep\u00fablica del Ecuador,&nbsp; que establece que el Estado es responsable de la provisi\u00f3n de servicio el\u00e9ctrico y \u00e9ste debe responder a los principios de obligatoriedad, generalidad, uniformidad, responsabilidad, universalidad, accesibilidad, regularidad, continuidad y calidad.<\/li>\n\n\n\n<li>Art\u00edculo 315 de la Constituci\u00f3n de la Rep\u00fablica del Ecuador, establece que el Estado constituir\u00e1 empresas p\u00fablicas para la gesti\u00f3n de sectores estrat\u00e9gicos, la prestaci\u00f3n de servicios p\u00fablicos, el aprovechamiento sustentable de recursos naturales o de bienes p\u00fablicos y el desarrollo de otras actividades econ\u00f3micas.<\/li>\n<\/ul>\n\n\n\n<p>Desde ese entonces, la CELEC EP tiene la responsabilidad de ejecutar los procesos de: generaci\u00f3n y transmisi\u00f3n de energ\u00eda el\u00e9ctrica; ampliaci\u00f3n del sistema el\u00e9ctrico existente; planificaci\u00f3n, dise\u00f1o, instalaci\u00f3n, operaci\u00f3n y mantenimiento de sistemas no incorporados al Sistema Nacional Interconectado.<\/p>\n\n\n\n<p>CELEC EP al ser una Empresa P\u00fablica y por su \u00e1mbito de acci\u00f3n, se la define como Empresa P\u00fablica Estrat\u00e9gica, cuya finalidad es la provisi\u00f3n de servicio el\u00e9ctrico y responde a los principios de obligatoriedad, generalidad, uniformidad, responsabilidad, universalidad, accesibilidad, regularidad, continuidad y calidad.<\/p>\n\n\n\n<p><strong>CONSTITUCI\u00d3N:<\/strong><\/p>\n\n\n\n<p>Mediante RESOLUCI\u00d3N No. CELEC EP \u2013 GG \u2013 142 \u2013 2011, la CORPORACI\u00d3N EL\u00c9CTRICA DEL ECUADOR CELEC E.P, con fecha 21 de junio del 2011, resuelve crear una Unidad de Negocio con la finalidad de que se encargue de ejecutar varios de los proyectos considerados por el Gobierno Nacional como emblem\u00e1ticos en el sur del pa\u00eds; por lo que, en ejercicio de las atribuciones conferidas por el Art. 11 numerales 11 y 12 de la Ley Org\u00e1nica de Empresas P\u00fablicas, resuelve crear como \u00e1rea administrativo \u2013 operativa, a la Unidad de Negocio CELEC EP \u2013 GENSUR, con domicilio en la ciudad de Loja.<\/p>\n\n\n\n<p>Desde ese entonces, la Unidad de Negocio CELEC EP \u2013 GENSUR, contribuye al desarrollo del pa\u00eds, a trav\u00e9s de la implementaci\u00f3n de proyectos de generaci\u00f3n de energ\u00eda el\u00e9ctrica basados en el uso de fuentes renovables, teniendo a su cargo la CENTRAL E\u00d3LICA VILLONACO Y el PROYECTO HIDROEL\u00c9CTRICO DELSITANISAGUA.&nbsp;<\/p>\n","protected":false},"excerpt":{"rendered":"<p>El 14 de enero de 2010, mediante Decreto Ejecutivo No. 220, se crea la Corporaci\u00f3n El\u00e9ctrica del Ecuador CELEC EP, como una Empresa P\u00fablica Estrat\u00e9gica, bajo la rector\u00eda del Ministerio de Electricidad y Energ\u00eda Renovable, fundament\u00e1ndose en los art\u00edculos: Desde ese entonces, la CELEC EP tiene la responsabilidad de ejecutar los procesos de: generaci\u00f3n y [&hellip;]<\/p>\n","protected":false},"author":1,"featured_media":0,"parent":0,"menu_order":0,"comment_status":"closed","ping_status":"closed","template":"","meta":{"_acf_changed":false,"_themeisle_gutenberg_block_has_review":false,"footnotes":""},"class_list":["post-9","page","type-page","status-publish","hentry"],"acf":[],"_links":{"self":[{"href":"https:\/\/www.celec.gob.ec\/gensur\/wp-json\/wp\/v2\/pages\/9","targetHints":{"allow":["GET"]}}],"collection":[{"href":"https:\/\/www.celec.gob.ec\/gensur\/wp-json\/wp\/v2\/pages"}],"about":[{"href":"https:\/\/www.celec.gob.ec\/gensur\/wp-json\/wp\/v2\/types\/page"}],"author":[{"embeddable":true,"href":"https:\/\/www.celec.gob.ec\/gensur\/wp-json\/wp\/v2\/users\/1"}],"replies":[{"embeddable":true,"href":"https:\/\/www.celec.gob.ec\/gensur\/wp-json\/wp\/v2\/comments?post=9"}],"version-history":[{"count":1,"href":"https:\/\/www.celec.gob.ec\/gensur\/wp-json\/wp\/v2\/pages\/9\/revisions"}],"predecessor-version":[{"id":10,"href":"https:\/\/www.celec.gob.ec\/gensur\/wp-json\/wp\/v2\/pages\/9\/revisions\/10"}],"wp:attachment":[{"href":"https:\/\/www.celec.gob.ec\/gensur\/wp-json\/wp\/v2\/media?parent=9"}],"curies":[{"name":"wp","href":"https:\/\/api.w.org\/{rel}","templated":true}]}}