{"id":170,"date":"2023-02-10T23:04:02","date_gmt":"2023-02-10T23:04:02","guid":{"rendered":"https:\/\/www.celec.gob.ec\/hidroagoyan\/?page_id=170"},"modified":"2023-08-22T12:15:16","modified_gmt":"2023-08-22T17:15:16","slug":"contacto","status":"publish","type":"page","link":"https:\/\/www.celec.gob.ec\/hidroagoyan\/contacto\/","title":{"rendered":"Contacto"},"content":{"rendered":"\n<h2 class=\"wp-block-heading\">Llene el formulario para solicitar su requerimiento:<\/h2>\n\n\n\n<div class=\"forminator-guttenberg\"><div class=\"forminator-ui forminator-custom-form forminator-custom-form-2618 forminator-design--material  forminator_ajax\" data-forminator-render=\"0\" data-form=\"forminator-module-2618\" data-uid=\"69f1737423900\"><br\/><\/div><form\n\t\t\t\tid=\"forminator-module-2618\"\n\t\t\t\tclass=\"forminator-ui forminator-custom-form forminator-custom-form-2618 forminator-design--material  forminator_ajax\"\n\t\t\t\tmethod=\"post\"\n\t\t\t\tdata-forminator-render=\"0\"\n\t\t\t\tdata-form-id=\"2618\"\n\t\t\t\t data-color-option=\"default\" data-design=\"material\" data-grid=\"open\" style=\"display: none;\"\n\t\t\t\tdata-uid=\"69f1737423900\"\n\t\t\t><div role=\"alert\" aria-live=\"polite\" class=\"forminator-response-message forminator-error\" aria-hidden=\"true\"><\/div><div class=\"forminator-row\"><div id=\"select-1\" class=\"forminator-field-select forminator-col forminator-col-12 \"><div class=\"forminator-field\"><label for=\"forminator-form-2618__field--select-1_69f1737423900\" id=\"forminator-form-2618__field--select-1_69f1737423900-label\" class=\"forminator-label\">Seleccionar <span class=\"forminator-required\">*<\/span><\/label><select  id=\"forminator-form-2618__field--select-1_69f1737423900\" class=\"forminator-select--field forminator-select2 forminator-select2-multiple\" data-required=\"1\" name=\"select-1\" data-default-value=\"\" data-placeholder=\"Servicio Institucional\" data-search=\"false\" data-search-placeholder=\"Servicio Institucional\" data-checkbox=\"false\" data-allow-clear=\"false\" aria-labelledby=\"forminator-form-2618__field--select-1_69f1737423900-label\"><option value=\"\"  >Servicio Institucional<\/option><option value=\"one\"  data-calculation=\"0\">Servicio de Generaci\u00f3n y transporte de energ\u00eda el\u00e9ctrica<\/option><option value=\"two\"  data-calculation=\"0\">Acceso a Internet y Servicio de portador<\/option><option value=\"Conexi\u00f3n-al-Sistema-Nacional-de-Transmisi\u00f3n\"  data-calculation=\"0\">Conexi\u00f3n al Sistema Nacional de Transmisi\u00f3n<\/option><option value=\"Servicio-de-Mantenimiento,-reparaci\u00f3n-y-fabricaci\u00f3n-de-turbinas-hidr\u00e1ulicas-y-partes-industriales,-mediante-servicios-especializados-de-ingenier\u00eda,-manufactura,-control-de-calidad-e-investigaci\u00f3n-(CIRT)\"  data-calculation=\"0\">Servicio de Mantenimiento, reparaci\u00f3n y fabricaci\u00f3n de turbinas hidr\u00e1ulicas y partes industriales, mediante servicios especializados de ingenier\u00eda, manufactura, control de calidad e investigaci\u00f3n (CIRT)<\/option><option value=\"Visitas-guiadas-a-centrales-de-generaci\u00f3n-el\u00e9ctrica-y-proyectos-estrat\u00e9gicos\"  data-calculation=\"0\">Visitas guiadas a centrales de generaci\u00f3n el\u00e9ctrica y proyectos estrat\u00e9gicos<\/option><option value=\"Acceso-a-informaci\u00f3n-p\u00fablica\"  data-calculation=\"0\">Acceso a informaci\u00f3n p\u00fablica<\/option><option value=\"Otros\"  data-calculation=\"0\">Otros<\/option><\/select><\/div><\/div><\/div><div class=\"forminator-row\"><div id=\"select-2\" class=\"forminator-field-select forminator-col forminator-col-12 \"><div class=\"forminator-field\"><label for=\"forminator-form-2618__field--select-2_69f1737423900\" id=\"forminator-form-2618__field--select-2_69f1737423900-label\" class=\"forminator-label\">Seleccionar <span class=\"forminator-required\">*<\/span><\/label><select  id=\"forminator-form-2618__field--select-2_69f1737423900\" class=\"forminator-select--field forminator-select2 forminator-select2-multiple\" data-required=\"1\" name=\"select-2\" data-default-value=\"\" data-placeholder=\"Tipo de Requerimiento\" data-search=\"false\" data-search-placeholder=\"Tipo de Requerimiento\" data-checkbox=\"false\" data-allow-clear=\"false\" aria-labelledby=\"forminator-form-2618__field--select-2_69f1737423900-label\"><option value=\"\"  >Tipo de Requerimiento<\/option><option value=\"one\"  data-calculation=\"0\">Pregunta<\/option><option value=\"two\"  data-calculation=\"0\">Queja<\/option><option value=\"Sugerencia\"  data-calculation=\"0\">Sugerencia<\/option><option value=\"Solicitudes-de-informaci\u00f3n\"  data-calculation=\"0\">Solicitudes de informaci\u00f3n<\/option><option value=\"Felicitaciones\"  data-calculation=\"0\">Felicitaciones<\/option><\/select><\/div><\/div><\/div><div class=\"forminator-row\"><div id=\"name-1\" class=\"forminator-field-name forminator-col forminator-col-6 \"><div class=\"forminator-field\"><label for=\"forminator-field-name-1_69f1737423900\" id=\"forminator-field-name-1_69f1737423900-label\" class=\"forminator-label\">Nombre <span class=\"forminator-required\">*<\/span><\/label><input type=\"text\" name=\"name-1\" value=\"\" placeholder=\"Ejemplo: Juan P\u00e9rez\" id=\"forminator-field-name-1_69f1737423900\" class=\"forminator-input forminator-name--field\" aria-required=\"true\" autocomplete=\"name\" \/><\/div><\/div><div id=\"number-1\" class=\"forminator-field-number forminator-col forminator-col-6 \"><div class=\"forminator-field\"><label for=\"forminator-field-number-1_69f1737423900\" id=\"forminator-field-number-1_69f1737423900-label\" class=\"forminator-label\">C\u00e9dula <span class=\"forminator-required\">*<\/span><\/label><input name=\"number-1\" value=\"\" placeholder=\"\" id=\"forminator-field-number-1_69f1737423900\" class=\"forminator-input forminator-number--field\" inputmode=\"decimal\" data-required=\"1\" data-decimals=\"0\" aria-required=\"true\" data-inputmask=\"&#039;groupSeparator&#039;: &#039;&#039;, &#039;radixPoint&#039;: &#039;&#039;, &#039;digits&#039;: &#039;0&#039;\" type=\"number\" step=\"any\" min=\"0\" max=\"9999999999\" \/><\/div><\/div><\/div><div class=\"forminator-row\"><div id=\"email-1\" class=\"forminator-field-email forminator-col forminator-col-6 \"><div class=\"forminator-field\"><label for=\"forminator-field-email-1_69f1737423900\" id=\"forminator-field-email-1_69f1737423900-label\" class=\"forminator-label\">Correo electr\u00f3nico <span class=\"forminator-required\">*<\/span><\/label><input type=\"email\" name=\"email-1\" value=\"\" placeholder=\"Ej . : john@doe.com\" id=\"forminator-field-email-1_69f1737423900\" class=\"forminator-input forminator-email--field\" data-required=\"1\" aria-required=\"true\" autocomplete=\"email\" \/><\/div><\/div><div id=\"phone-1\" class=\"forminator-field-phone forminator-col forminator-col-6 \"><div class=\"forminator-field\"><label for=\"forminator-field-phone-1_69f1737423900\" id=\"forminator-field-phone-1_69f1737423900-label\" class=\"forminator-label\">N\u00famero Telef\u00f3nico <span class=\"forminator-required\">*<\/span><\/label><input type=\"text\" name=\"phone-1\" value=\"\" placeholder=\"\" id=\"forminator-field-phone-1_69f1737423900\" class=\"forminator-input forminator-field--phone\" data-required=\"1\" aria-required=\"true\" autocomplete=\"off\" \/><\/div><\/div><\/div><div class=\"forminator-row\"><div id=\"select-3\" class=\"forminator-field-select forminator-col forminator-col-6 \"><div class=\"forminator-field\"><label for=\"forminator-form-2618__field--select-3_69f1737423900\" id=\"forminator-form-2618__field--select-3_69f1737423900-label\" class=\"forminator-label\">Seleccionar <span class=\"forminator-required\">*<\/span><\/label><select  id=\"forminator-form-2618__field--select-3_69f1737423900\" class=\"forminator-select--field forminator-select2 forminator-select2-multiple\" data-required=\"1\" name=\"select-3\" data-default-value=\"\" data-placeholder=\"Provincia\" data-search=\"false\" data-search-placeholder=\"Provincia\" data-checkbox=\"false\" data-allow-clear=\"false\" aria-labelledby=\"forminator-form-2618__field--select-3_69f1737423900-label\"><option value=\"\"  >Provincia<\/option><option value=\"one\"  data-calculation=\"0\">Azuay<\/option><option value=\"two\"  data-calculation=\"0\">Bol\u00edvar<\/option><option value=\"Ca\u00f1ar\"  data-calculation=\"0\">Ca\u00f1ar<\/option><option value=\"Carchi\"  data-calculation=\"0\">Carchi<\/option><option value=\"Cotopaxi\"  data-calculation=\"0\">Cotopaxi<\/option><option value=\"Chimborazo\"  data-calculation=\"0\">Chimborazo<\/option><option value=\"El-Oro\"  data-calculation=\"0\">El Oro<\/option><option value=\"Esmeraldas\"  data-calculation=\"0\">Esmeraldas<\/option><option value=\"Gal\u00e1pagos\"  data-calculation=\"0\">Gal\u00e1pagos<\/option><option value=\"Guayas\"  data-calculation=\"0\">Guayas<\/option><option value=\"Imbabura\"  data-calculation=\"0\">Imbabura<\/option><option value=\"Loja\"  data-calculation=\"0\">Loja<\/option><option value=\"Los-R\u00edos\"  data-calculation=\"0\">Los R\u00edos<\/option><option value=\"Manab\u00ed\"  data-calculation=\"0\">Manab\u00ed<\/option><option value=\"Morona-Santiago\"  data-calculation=\"0\">Morona Santiago<\/option><option value=\"Napo\"  data-calculation=\"0\">Napo<\/option><option value=\"Orellana\"  data-calculation=\"0\">Orellana<\/option><option value=\"Pastaza\"  data-calculation=\"0\">Pastaza<\/option><option value=\"Pichicha\"  data-calculation=\"0\">Pichicha<\/option><option value=\"Santa-Elena\"  data-calculation=\"0\">Santa Elena<\/option><option value=\"Santo-Domingo\"  data-calculation=\"0\">Santo Domingo<\/option><option value=\"Sucumb\u00edos\"  data-calculation=\"0\">Sucumb\u00edos<\/option><option value=\"Tungurahua\"  data-calculation=\"0\">Tungurahua<\/option><option value=\"Zamora-Chinchipe\"  data-calculation=\"0\">Zamora Chinchipe<\/option><\/select><\/div><\/div><div id=\"text-1\" class=\"forminator-field-text forminator-col forminator-col-6 \"><div class=\"forminator-field\"><label for=\"forminator-field-text-1_69f1737423900\" id=\"forminator-field-text-1_69f1737423900-label\" class=\"forminator-label\">Ciudad <span class=\"forminator-required\">*<\/span><\/label><input type=\"text\" name=\"text-1\" value=\"\" placeholder=\"\" id=\"forminator-field-text-1_69f1737423900\" class=\"forminator-input forminator-name--field\" data-required=\"1\" \/><\/div><\/div><\/div><div class=\"forminator-row\"><div id=\"textarea-1\" class=\"forminator-field-textarea forminator-col forminator-col-12 \"><div class=\"forminator-field\"><label for=\"forminator-field-textarea-1_69f1737423900\" id=\"forminator-field-textarea-1_69f1737423900-label\" class=\"forminator-label\">Describa su solicitud <span class=\"forminator-required\">*<\/span><\/label><textarea name=\"textarea-1\" placeholder=\"Ejemplo: texto de marcador de posici\u00f3n Puedes a\u00f1adir una nueva l\u00ednea\" id=\"forminator-field-textarea-1_69f1737423900\" class=\"forminator-textarea\" rows=\"6\" style=\"--forminator-textarea-min-height:140px;\" ><\/textarea><\/div><\/div><\/div><input type=\"hidden\" name=\"referer_url\" value=\"\" \/><div class=\"forminator-row forminator-row-last\"><div class=\"forminator-col\"><div class=\"forminator-field\"><button class=\"forminator-button forminator-button-submit\"><span>Enviar mensaje<\/span><span aria-hidden=\"true\"><\/span><\/button><\/div><\/div><\/div><input type=\"hidden\" id=\"forminator_nonce\" name=\"forminator_nonce\" value=\"a4104e1309\" \/><input type=\"hidden\" name=\"_wp_http_referer\" value=\"\/hidroagoyan\/wp-json\/wp\/v2\/pages\/170\" \/><input type=\"hidden\" name=\"form_id\" value=\"2618\"><input type=\"hidden\" name=\"page_id\" value=\"170\"><input type=\"hidden\" name=\"form_type\" value=\"default\"><input type=\"hidden\" name=\"current_url\" value=\"https:\/\/www.celec.gob.ec\/hidroagoyan\/contacto\/\"><input type=\"hidden\" name=\"render_id\" value=\"0\"><input type=\"hidden\" name=\"action\" value=\"forminator_submit_form_custom-forms\"><\/form><\/div>\n\n\n\n<div style=\"height:50px\" aria-hidden=\"true\" class=\"wp-block-spacer\"><\/div>\n\n\n\n<h2 class=\"wp-block-heading\">Encuentrenos en:<\/h2>\n\n\n\n<p><\/p>\n\n\n\n<div style=\"height:30px\" aria-hidden=\"true\" class=\"wp-block-spacer\"><\/div>\n\n\n\n<div class=\"wp-block-columns is-layout-flex wp-container-core-columns-is-layout-9d6595d7 wp-block-columns-is-layout-flex\">\n<div class=\"wp-block-column is-layout-flow wp-block-column-is-layout-flow\"><div class=\"wp-block-image\">\n<figure class=\"aligncenter size-full\"><img loading=\"lazy\" decoding=\"async\" width=\"160\" height=\"120\" src=\"https:\/\/www.celec.gob.ec\/hidroagoyan\/wp-content\/uploads\/2023\/06\/Pinos.gif\" alt=\"\" class=\"wp-image-2628\"\/><\/figure>\n<\/div>\n\n\n<div style=\"height:30px\" aria-hidden=\"true\" class=\"wp-block-spacer\"><\/div>\n\n\n\n<p class=\"has-text-align-center\"><strong>Oficinas Administrativas<\/strong><br>Provincia: Tungurahua<br>Localidad: Ba\u00f1os de Agua Santa<br>Direcci\u00f3n: Calle Ambato S\/N, Campamento Los Pinos<br>Tel\u00e9fono: (593) 03 2996710, ext 31101<\/p>\n<\/div>\n\n\n\n<div class=\"wp-block-column is-layout-flow wp-block-column-is-layout-flow\"><div class=\"wp-block-image\">\n<figure class=\"aligncenter size-full\"><img loading=\"lazy\" decoding=\"async\" width=\"160\" height=\"120\" src=\"https:\/\/www.celec.gob.ec\/hidroagoyan\/wp-content\/uploads\/2023\/06\/Agoyan.gif\" alt=\"\" class=\"wp-image-2631\"\/><\/figure>\n<\/div>\n\n\n<div style=\"height:30px\" aria-hidden=\"true\" class=\"wp-block-spacer\"><\/div>\n\n\n\n<h3 class=\"wp-block-heading has-text-align-center\">Central Agoy\u00e1n<\/h3>\n\n\n\n<p class=\"has-text-align-center\">Provincia: Tungurahua<br>Localidad: Ba\u00f1os de Agua Santa<br>Direcci\u00f3n: V\u00eda Ba\u00f1os Puyo, Km 5 1\/2<br>Tel\u00e9fono: (593) 03 2996710 , extensi\u00f3n 31301<\/p>\n<\/div>\n<\/div>\n\n\n\n<div style=\"height:50px\" aria-hidden=\"true\" class=\"wp-block-spacer\"><\/div>\n\n\n\n<div class=\"wp-block-columns is-layout-flex wp-container-core-columns-is-layout-9d6595d7 wp-block-columns-is-layout-flex\">\n<div class=\"wp-block-column is-layout-flow wp-block-column-is-layout-flow\"><div class=\"wp-block-image\">\n<figure class=\"aligncenter size-full\"><img loading=\"lazy\" decoding=\"async\" width=\"160\" height=\"120\" src=\"https:\/\/www.celec.gob.ec\/hidroagoyan\/wp-content\/uploads\/2023\/06\/Pucara.gif\" alt=\"\" class=\"wp-image-2634\"\/><\/figure>\n<\/div>\n\n\n<div style=\"height:30px\" aria-hidden=\"true\" class=\"wp-block-spacer\"><\/div>\n\n\n\n<p class=\"has-text-align-center\"><strong>Central Pucar\u00e1<\/strong><br>Provincia: Tungurahua<br>Localidad: San Jos\u00e9 de Poal\u00f3<br>Direcci\u00f3n: Central Pucar\u00e1<br>Tel\u00e9fono: (593) 03 2996710 , ext 31201<\/p>\n<\/div>\n\n\n\n<div class=\"wp-block-column is-layout-flow wp-block-column-is-layout-flow\"><div class=\"wp-block-image\">\n<figure class=\"aligncenter size-full is-resized\"><img loading=\"lazy\" decoding=\"async\" src=\"https:\/\/www.celec.gob.ec\/hidroagoyan\/wp-content\/uploads\/2023\/06\/Sanfrancisco.gif\" alt=\"\" class=\"wp-image-2635\" style=\"width:175px;height:131px\" width=\"175\" height=\"131\"\/><\/figure>\n<\/div>\n\n\n<div style=\"height:30px\" aria-hidden=\"true\" class=\"wp-block-spacer\"><\/div>\n\n\n\n<p class=\"has-text-align-center\"><strong>Central San Francisco<\/strong><br>Provincia: Tungurahua<br>Localidad: San Francisco<br>Direcci\u00f3n: V\u00eda Ba\u00f1os Puyo, Km 26<br>Tel\u00e9fono: (593) 03 2996710 , ext 31501<\/p>\n<\/div>\n<\/div>\n\n\n\n<div style=\"height:50px\" aria-hidden=\"true\" class=\"wp-block-spacer\"><\/div>\n\n\n\n<div class=\"wp-block-columns is-layout-flex wp-container-core-columns-is-layout-9d6595d7 wp-block-columns-is-layout-flex\">\n<div class=\"wp-block-column is-layout-flow wp-block-column-is-layout-flow\" style=\"flex-basis:25%\"><\/div>\n\n\n\n<div class=\"wp-block-column is-layout-flow wp-block-column-is-layout-flow\" style=\"flex-basis:50%\"><div class=\"wp-block-image\">\n<figure class=\"aligncenter size-full is-resized\"><img loading=\"lazy\" decoding=\"async\" src=\"https:\/\/www.celec.gob.ec\/hidroagoyan\/wp-content\/uploads\/2023\/06\/Cirt.jpg\" alt=\"\" class=\"wp-image-2638\" style=\"width:261px;height:138px\" width=\"261\" height=\"138\" srcset=\"https:\/\/www.celec.gob.ec\/hidroagoyan\/wp-content\/uploads\/2023\/06\/Cirt.jpg 655w, https:\/\/www.celec.gob.ec\/hidroagoyan\/wp-content\/uploads\/2023\/06\/Cirt-300x159.jpg 300w\" sizes=\"auto, (max-width: 261px) 100vw, 261px\" \/><\/figure>\n<\/div>\n\n\n<p class=\"has-text-align-center\"><strong>Centro de Investigaci\u00f3n y Recuperaci\u00f3n de Turbinas Hidr\u00e1ulicas y Partes Industriales CIRT<\/strong><br>Provincia: Tungurahua<br>Localidad: Ba\u00f1os de Agua Santa<br>Direcci\u00f3n: V\u00eda Ba\u00f1os Puyo, Km 5 1\/2<br>Tel\u00e9fono: (593) 03 2996710 , ext 31601<\/p>\n<\/div>\n\n\n\n<div class=\"wp-block-column is-layout-flow wp-block-column-is-layout-flow\" style=\"flex-basis:25%\"><\/div>\n<\/div>\n","protected":false},"excerpt":{"rendered":"<p>Llene el formulario para solicitar su requerimiento: Encuentrenos en: Oficinas AdministrativasProvincia: TungurahuaLocalidad: Ba\u00f1os de Agua SantaDirecci\u00f3n: Calle Ambato S\/N, Campamento Los PinosTel\u00e9fono: (593) 03 2996710, ext 31101 Central Agoy\u00e1n Provincia: TungurahuaLocalidad: Ba\u00f1os de Agua SantaDirecci\u00f3n: V\u00eda Ba\u00f1os Puyo, Km 5 1\/2Tel\u00e9fono: (593) 03 2996710 , extensi\u00f3n 31301 Central Pucar\u00e1Provincia: TungurahuaLocalidad: San Jos\u00e9 de Poal\u00f3Direcci\u00f3n: Central [&hellip;]<\/p>\n","protected":false},"author":1,"featured_media":0,"parent":0,"menu_order":0,"comment_status":"closed","ping_status":"closed","template":"","meta":{"_acf_changed":false,"_themeisle_gutenberg_block_has_review":false,"footnotes":""},"class_list":["post-170","page","type-page","status-publish","hentry"],"acf":[],"publishpress_future_action":{"enabled":false,"date":"2026-05-05 21:56:52","action":"change-status","newStatus":"draft","terms":[],"taxonomy":"","extraData":[]},"publishpress_future_workflow_manual_trigger":{"enabledWorkflows":[]},"_links":{"self":[{"href":"https:\/\/www.celec.gob.ec\/hidroagoyan\/wp-json\/wp\/v2\/pages\/170","targetHints":{"allow":["GET"]}}],"collection":[{"href":"https:\/\/www.celec.gob.ec\/hidroagoyan\/wp-json\/wp\/v2\/pages"}],"about":[{"href":"https:\/\/www.celec.gob.ec\/hidroagoyan\/wp-json\/wp\/v2\/types\/page"}],"author":[{"embeddable":true,"href":"https:\/\/www.celec.gob.ec\/hidroagoyan\/wp-json\/wp\/v2\/users\/1"}],"replies":[{"embeddable":true,"href":"https:\/\/www.celec.gob.ec\/hidroagoyan\/wp-json\/wp\/v2\/comments?post=170"}],"version-history":[{"count":11,"href":"https:\/\/www.celec.gob.ec\/hidroagoyan\/wp-json\/wp\/v2\/pages\/170\/revisions"}],"predecessor-version":[{"id":2981,"href":"https:\/\/www.celec.gob.ec\/hidroagoyan\/wp-json\/wp\/v2\/pages\/170\/revisions\/2981"}],"wp:attachment":[{"href":"https:\/\/www.celec.gob.ec\/hidroagoyan\/wp-json\/wp\/v2\/media?parent=170"}],"curies":[{"name":"wp","href":"https:\/\/api.w.org\/{rel}","templated":true}]}}