{"id":18,"date":"2023-02-10T19:07:19","date_gmt":"2023-02-10T19:07:19","guid":{"rendered":"https:\/\/www.celec.gob.ec\/hidroagoyan\/?page_id=18"},"modified":"2025-10-22T14:51:41","modified_gmt":"2025-10-22T19:51:41","slug":"autoridades","status":"publish","type":"page","link":"https:\/\/www.celec.gob.ec\/hidroagoyan\/autoridades\/","title":{"rendered":"Autoridades"},"content":{"rendered":"<div class=\"wp-block-image\">\n<figure class=\"aligncenter size-large is-resized\"><img loading=\"lazy\" decoding=\"async\" width=\"683\" height=\"1024\" src=\"https:\/\/www.celec.gob.ec\/hidroagoyan\/wp-content\/uploads\/2025\/08\/Gerente_General-683x1024.jpg\" alt=\"\" class=\"wp-image-4535\" style=\"width:432px;height:auto\" srcset=\"https:\/\/www.celec.gob.ec\/hidroagoyan\/wp-content\/uploads\/2025\/08\/Gerente_General-683x1024.jpg 683w, https:\/\/www.celec.gob.ec\/hidroagoyan\/wp-content\/uploads\/2025\/08\/Gerente_General-200x300.jpg 200w, https:\/\/www.celec.gob.ec\/hidroagoyan\/wp-content\/uploads\/2025\/08\/Gerente_General-768x1152.jpg 768w, https:\/\/www.celec.gob.ec\/hidroagoyan\/wp-content\/uploads\/2025\/08\/Gerente_General.jpg 1024w\" sizes=\"auto, (max-width: 683px) 100vw, 683px\" \/><\/figure>\n<\/div>\n\n\n<p class=\"has-text-align-center\"><strong>Jorge Antonio J\u00e1come P\u00f3lit<\/strong><\/p>\n\n\n\n<p class=\"has-text-align-center\"><strong>GERENTE GENERAL<\/strong><\/p>\n\n\n\n<p class=\"has-text-align-center\"><strong>CORPORACI\u00d3N EL\u00c9CTRICA DEL ECUADOR<\/strong><\/p>\n\n\n\n<p>Es un profesional con m\u00e1s de 26 a\u00f1os de trayectoria en el sector energ\u00e9tico y petrolero del Ecuador. A lo largo de su carrera, ha participado activamente en proyectos estrat\u00e9gicos de generaci\u00f3n el\u00e9ctrica, perforaci\u00f3n, reacondicionamiento y exploraci\u00f3n de pozos, aportando con su experiencia t\u00e9cnica y visi\u00f3n integral del sector.<\/p>\n\n\n\n<p>Es abogado con distinci\u00f3n acad\u00e9mica, formaci\u00f3n que ha complementado su perfil t\u00e9cnico con una s\u00f3lida comprensi\u00f3n del marco legal y regulatorio. Su gesti\u00f3n se ha caracterizado por un liderazgo efectivo, alto sentido t\u00e9cnico, capacidad anal\u00edtica y destacadas habilidades de negociaci\u00f3n, cualidades que le han permitido desempe\u00f1ar roles clave en equipos multidisciplinarios y procesos decisivos para el desarrollo energ\u00e9tico del pa\u00eds.<\/p>\n\n\n\n<p>Su compromiso con la excelencia y la institucionalidad le posicionan como un referente en su campo&nbsp;de&nbsp;acci\u00f3n.<\/p>\n","protected":false},"excerpt":{"rendered":"<p>Jorge Antonio J\u00e1come P\u00f3lit GERENTE GENERAL CORPORACI\u00d3N EL\u00c9CTRICA DEL ECUADOR Es un profesional con m\u00e1s de 26 a\u00f1os de trayectoria en el sector energ\u00e9tico y petrolero del Ecuador. A lo largo de su carrera, ha participado activamente en proyectos estrat\u00e9gicos de generaci\u00f3n el\u00e9ctrica, perforaci\u00f3n, reacondicionamiento y exploraci\u00f3n de pozos, aportando con su experiencia t\u00e9cnica y [&hellip;]<\/p>\n","protected":false},"author":1,"featured_media":0,"parent":0,"menu_order":0,"comment_status":"closed","ping_status":"closed","template":"","meta":{"_acf_changed":false,"_themeisle_gutenberg_block_has_review":false,"footnotes":""},"class_list":["post-18","page","type-page","status-publish","hentry"],"acf":[],"publishpress_future_action":{"enabled":false,"date":"2026-04-17 07:04:06","action":"change-status","newStatus":"draft","terms":[],"taxonomy":"","extraData":[]},"publishpress_future_workflow_manual_trigger":{"enabledWorkflows":[]},"_links":{"self":[{"href":"https:\/\/www.celec.gob.ec\/hidroagoyan\/wp-json\/wp\/v2\/pages\/18","targetHints":{"allow":["GET"]}}],"collection":[{"href":"https:\/\/www.celec.gob.ec\/hidroagoyan\/wp-json\/wp\/v2\/pages"}],"about":[{"href":"https:\/\/www.celec.gob.ec\/hidroagoyan\/wp-json\/wp\/v2\/types\/page"}],"author":[{"embeddable":true,"href":"https:\/\/www.celec.gob.ec\/hidroagoyan\/wp-json\/wp\/v2\/users\/1"}],"replies":[{"embeddable":true,"href":"https:\/\/www.celec.gob.ec\/hidroagoyan\/wp-json\/wp\/v2\/comments?post=18"}],"version-history":[{"count":9,"href":"https:\/\/www.celec.gob.ec\/hidroagoyan\/wp-json\/wp\/v2\/pages\/18\/revisions"}],"predecessor-version":[{"id":4540,"href":"https:\/\/www.celec.gob.ec\/hidroagoyan\/wp-json\/wp\/v2\/pages\/18\/revisions\/4540"}],"wp:attachment":[{"href":"https:\/\/www.celec.gob.ec\/hidroagoyan\/wp-json\/wp\/v2\/media?parent=18"}],"curies":[{"name":"wp","href":"https:\/\/api.w.org\/{rel}","templated":true}]}}