{"id":2938,"date":"2023-08-07T11:01:50","date_gmt":"2023-08-07T16:01:50","guid":{"rendered":"https:\/\/www.celec.gob.ec\/hidroagoyan\/?page_id=2938"},"modified":"2025-09-25T15:13:17","modified_gmt":"2025-09-25T20:13:17","slug":"objetivos-de-calidad","status":"publish","type":"page","link":"https:\/\/www.celec.gob.ec\/hidroagoyan\/objetivos-de-calidad\/","title":{"rendered":"Objetivos de Calidad"},"content":{"rendered":"\n<figure class=\"wp-block-table\"><table><tbody><tr><td>Incrementar la sostenibilidad financiera de CELEC EP &#8211; Hidroagoy\u00e1n.<\/td><td>ESTRATEGIAS<\/td><td>Optimizar el uso de los recursos de Administraci\u00f3n, Operaci\u00f3n y Mantenimiento, Calidad de Servicio e Inversi\u00f3n.<br>Ampliar nuevas fuentes de financiamiento e ingresos dirigidas a la construcci\u00f3n de nuevos proyectos de inversi\u00f3n y de calidad de servicio.<\/td><\/tr><tr><td>Incrementar el desarrollo sostenible de CELEC EP &#8211; Hidroagoy\u00e1n, aplicando medidas de adaptaci\u00f3n y mitigaci\u00f3n al cambio clim\u00e1tico.<\/td><td>ESTRATEGIAS<\/td><td>Promover la implementaci\u00f3n de un sistema corporativo de gesti\u00f3n ambiental y social.<br>Contribuir al desarrollo de los territorios de las \u00e1reas de influencia y conservaci\u00f3n de las cuencas hidrogr\u00e1ficas.<\/td><\/tr><tr><td>Incrementar el valor para los clientes y grupos de inter\u00e9s de CELEC EP &#8211; Hidroagoy\u00e1n de forma sostenible.<\/td><td>ESTRATEGIAS<\/td><td>Desarrollar programas para mejorar la imagen corporativa.<br>Desarrollar e implementar estrategias de comunicaci\u00f3n transparente sobre el desempe\u00f1o y gesti\u00f3n de la empresa con sus grupos de inter\u00e9s.<br>Desarrollar programas para mejorar la imagen.<\/td><\/tr><tr><td>Incrementar la eficiencia empresarial de CELEC EP &#8211; Hidroagoy\u00e1n<\/td><td>ESTRATEGIAS<\/td><td>Desarrollar e implementar el nuevo modelo de gesti\u00f3n de la corporaci\u00f3n.<br>Fortalecer la cultura de toma de decisiones basada en datos y su interpretaci\u00f3n anal\u00edtica.<br>Implementar el sistema de control interno y fortalecer la gesti\u00f3n de riesgos en la Corporaci\u00f3n.<\/td><\/tr><tr><td>Incrementar el nivel de la transformaci\u00f3n digital en CELEC EP &#8211; Hidroagoy\u00e1n.<\/td><td>ESTRATEGIAS<\/td><td>Incrementar la automatizaci\u00f3n de los procesos corporativos.<br>Implementar el plan de Seguridad de la Informaci\u00f3n y Ciberseguridad Industrial<br>Establecer una cultura digital en la corporaci\u00f3n.<\/td><\/tr><tr><td>Incrementar las capacidades y el desarrollo del talento humano de CELEC EP &#8211; Hidroagoy\u00e1n.<\/td><td>ESTRATEGIAS<\/td><td>Implementar la gesti\u00f3n del conocimiento en la Corporaci\u00f3n.<br>Implementar un Plan integral de gesti\u00f3n de Seguridad y Salud Laboral en toda la Corporaci\u00f3n.<\/td><\/tr><tr><td>Incrementar las capacidades para desarrollar nuevos negocios con enfoque en innovaci\u00f3n y diversificaci\u00f3n de modelos de gesti\u00f3n en CELEC EP &#8211; Hidroagoy\u00e1n.<\/td><td>ESTRATEGIAS<\/td><td>Fomentar el desarrollo de estudios de reinversi\u00f3n para aumentar la capacidad operativa utilizando los recursos disponibles.<br>Promover la explotaci\u00f3n de un sistema de gesti\u00f3n medioambiental y social para el CIRT.<\/td><\/tr><\/tbody><\/table><\/figure>\n\n\n\n<p><strong>DESCARGAR DOCUMENTO<\/strong><\/p>\n\n\n\n<div class=\"wp-block-file\"><a id=\"wp-block-file--media-40285c5e-fe8d-4fe7-9a75-7ba7506906f8\" href=\"https:\/\/www.celec.gob.ec\/hidroagoyan\/wp-content\/uploads\/2025\/09\/Objetivos-de-Calidad.pdf\" target=\"_blank\" rel=\"noreferrer noopener\">Objetivos de Calidad<\/a><\/div>\n\n\n\n<p><\/p>\n","protected":false},"excerpt":{"rendered":"<p>Incrementar la sostenibilidad financiera de CELEC EP &#8211; Hidroagoy\u00e1n. ESTRATEGIAS Optimizar el uso de los recursos de Administraci\u00f3n, Operaci\u00f3n y Mantenimiento, Calidad de Servicio e Inversi\u00f3n.Ampliar nuevas fuentes de financiamiento e ingresos dirigidas a la construcci\u00f3n de nuevos proyectos de inversi\u00f3n y de calidad de servicio. Incrementar el desarrollo sostenible de CELEC EP &#8211; Hidroagoy\u00e1n, [&hellip;]<\/p>\n","protected":false},"author":3,"featured_media":2935,"parent":0,"menu_order":0,"comment_status":"closed","ping_status":"closed","template":"","meta":{"_acf_changed":false,"_themeisle_gutenberg_block_has_review":false,"footnotes":""},"class_list":["post-2938","page","type-page","status-publish","has-post-thumbnail","hentry"],"acf":[],"publishpress_future_action":{"enabled":false,"date":"2026-04-30 17:39:38","action":"change-status","newStatus":"draft","terms":[],"taxonomy":"","extraData":[]},"publishpress_future_workflow_manual_trigger":{"enabledWorkflows":[]},"_links":{"self":[{"href":"https:\/\/www.celec.gob.ec\/hidroagoyan\/wp-json\/wp\/v2\/pages\/2938","targetHints":{"allow":["GET"]}}],"collection":[{"href":"https:\/\/www.celec.gob.ec\/hidroagoyan\/wp-json\/wp\/v2\/pages"}],"about":[{"href":"https:\/\/www.celec.gob.ec\/hidroagoyan\/wp-json\/wp\/v2\/types\/page"}],"author":[{"embeddable":true,"href":"https:\/\/www.celec.gob.ec\/hidroagoyan\/wp-json\/wp\/v2\/users\/3"}],"replies":[{"embeddable":true,"href":"https:\/\/www.celec.gob.ec\/hidroagoyan\/wp-json\/wp\/v2\/comments?post=2938"}],"version-history":[{"count":8,"href":"https:\/\/www.celec.gob.ec\/hidroagoyan\/wp-json\/wp\/v2\/pages\/2938\/revisions"}],"predecessor-version":[{"id":4565,"href":"https:\/\/www.celec.gob.ec\/hidroagoyan\/wp-json\/wp\/v2\/pages\/2938\/revisions\/4565"}],"wp:featuredmedia":[{"embeddable":true,"href":"https:\/\/www.celec.gob.ec\/hidroagoyan\/wp-json\/wp\/v2\/media\/2935"}],"wp:attachment":[{"href":"https:\/\/www.celec.gob.ec\/hidroagoyan\/wp-json\/wp\/v2\/media?parent=2938"}],"curies":[{"name":"wp","href":"https:\/\/api.w.org\/{rel}","templated":true}]}}