{"id":3176,"date":"2023-10-06T11:22:00","date_gmt":"2023-10-06T16:22:00","guid":{"rendered":"https:\/\/www.celec.gob.ec\/hidroagoyan\/?page_id=3176"},"modified":"2025-02-17T13:57:12","modified_gmt":"2025-02-17T18:57:12","slug":"planes-de-manejo-y-licencias-ambientales-de-la-u-n-hidroagoyan","status":"publish","type":"page","link":"https:\/\/www.celec.gob.ec\/hidroagoyan\/planes-de-manejo-y-licencias-ambientales-de-la-u-n-hidroagoyan\/","title":{"rendered":"Planes de manejo y licencias ambientales de la U.N. Hidroagoy\u00e1n"},"content":{"rendered":"\n<h2 class=\"wp-block-heading\">Central Hidroel\u00e9ctrica Agoy\u00e1n<\/h2>\n\n\n\n<p>Plan de manejo ambiental<\/p>\n\n\n\n<div class=\"wp-block-file\"><a id=\"wp-block-file--media-0ed9130e-4738-49ca-a7b3-34c3416821a9\" href=\"https:\/\/www.celec.gob.ec\/hidroagoyan\/wp-content\/uploads\/2023\/10\/12.-ACTUALIZACION-DEL-PLAN-DE-MANEJO-AMBIENTAL-AGOYAN.pdf\">ACTUALIZACI\u00d3N DEL PLAN DE MANEJO AMBIENTAL AGOY\u00c1N<\/a><a href=\"https:\/\/www.celec.gob.ec\/hidroagoyan\/wp-content\/uploads\/2023\/10\/12.-ACTUALIZACION-DEL-PLAN-DE-MANEJO-AMBIENTAL-AGOYAN.pdf\" class=\"wp-block-file__button wp-element-button\" download aria-describedby=\"wp-block-file--media-0ed9130e-4738-49ca-a7b3-34c3416821a9\">DESCARGAR<\/a><\/div>\n\n\n\n<p>Licencia ambiental<\/p>\n\n\n\n<div class=\"wp-block-file\"><a id=\"wp-block-file--media-9b767d3d-21f9-4302-b457-04cd95d79fbd\" href=\"https:\/\/www.celec.gob.ec\/hidroagoyan\/wp-content\/uploads\/2023\/10\/Licencia-Ambiental-Agoyan.pdf\">Licencia Ambiental Agoy\u00e1n<\/a><a href=\"https:\/\/www.celec.gob.ec\/hidroagoyan\/wp-content\/uploads\/2023\/10\/Licencia-Ambiental-Agoyan.pdf\" class=\"wp-block-file__button wp-element-button\" download aria-describedby=\"wp-block-file--media-9b767d3d-21f9-4302-b457-04cd95d79fbd\">DESCARGAR<\/a><\/div>\n\n\n\n<div class=\"wp-block-file\"><a id=\"wp-block-file--media-a0799730-8d8a-42d5-ade5-bebdd366e364\" href=\"https:\/\/www.celec.gob.ec\/hidroagoyan\/wp-content\/uploads\/2023\/10\/Oficio-No.-MAE-DPPCTCH-2011-0650-CA.pdf\">Oficio No. MAE-DPPCTCH-2011-0650 CA<\/a><a href=\"https:\/\/www.celec.gob.ec\/hidroagoyan\/wp-content\/uploads\/2023\/10\/Oficio-No.-MAE-DPPCTCH-2011-0650-CA.pdf\" class=\"wp-block-file__button wp-element-button\" download aria-describedby=\"wp-block-file--media-a0799730-8d8a-42d5-ade5-bebdd366e364\">DESCARGAR<\/a><\/div>\n\n\n\n<h2 class=\"wp-block-heading\">Central Hidroel\u00e9ctrica Pucar\u00e1<\/h2>\n\n\n\n<p>Plan de manejo ambiental<\/p>\n\n\n\n<div class=\"wp-block-file\"><a id=\"wp-block-file--media-24331ce1-8f95-4676-bad7-1dddd4c3d457\" href=\"https:\/\/www.celec.gob.ec\/hidroagoyan\/wp-content\/uploads\/2025\/02\/ACTUALIZACION-DEL-PMA-PUCARA_vff_04-02-2025.pdf\">ACTUALIZACI\u00d3N DEL PLAN DE MANEJO AMBIENTAL PUCAR\u00c1<\/a><a href=\"https:\/\/www.celec.gob.ec\/hidroagoyan\/wp-content\/uploads\/2025\/02\/ACTUALIZACION-DEL-PMA-PUCARA_vff_04-02-2025.pdf\" class=\"wp-block-file__button wp-element-button\" download aria-describedby=\"wp-block-file--media-24331ce1-8f95-4676-bad7-1dddd4c3d457\">DESCARGAR<\/a><\/div>\n\n\n\n<p>Licencia ambiental<\/p>\n\n\n\n<div class=\"wp-block-file\"><a id=\"wp-block-file--media-34687797-5dd6-4210-b224-6ffe3591a099\" href=\"https:\/\/www.celec.gob.ec\/hidroagoyan\/wp-content\/uploads\/2023\/10\/Licencia-Ambiental-Central-Pucar.pdf\">Licencia Ambiental Pucar\u00e1<\/a><a href=\"https:\/\/www.celec.gob.ec\/hidroagoyan\/wp-content\/uploads\/2023\/10\/Licencia-Ambiental-Central-Pucar.pdf\" class=\"wp-block-file__button wp-element-button\" download aria-describedby=\"wp-block-file--media-34687797-5dd6-4210-b224-6ffe3591a099\">DESCARGAR<\/a><\/div>\n\n\n\n<div class=\"wp-block-file\"><a id=\"wp-block-file--media-73fb4f08-990e-4368-bba1-1ee2b506e707\" href=\"https:\/\/www.celec.gob.ec\/hidroagoyan\/wp-content\/uploads\/2023\/10\/Certificado-de-interseccion.pdf\">Certificado de intersecci\u00f3n<\/a><a href=\"https:\/\/www.celec.gob.ec\/hidroagoyan\/wp-content\/uploads\/2023\/10\/Certificado-de-interseccion.pdf\" class=\"wp-block-file__button wp-element-button\" download aria-describedby=\"wp-block-file--media-73fb4f08-990e-4368-bba1-1ee2b506e707\">DESCARGAR<\/a><\/div>\n\n\n\n<h2 class=\"wp-block-heading\">Central Hidroel\u00e9ctrica San Francisco<\/h2>\n\n\n\n<p>Plan de manejo ambiental<\/p>\n\n\n\n<div class=\"wp-block-file\"><a id=\"wp-block-file--media-91c01166-0d4f-4d37-b7e9-a26212d29065\" href=\"https:\/\/www.celec.gob.ec\/hidroagoyan\/wp-content\/uploads\/2023\/10\/PLAN-MANEJO-AMBIENTAL_AAC-CHSF-ULTIMO-03-2022.pdf\">ACTUALIZACI\u00d3N DEL PLAN DE MANEJO AMBIENTAL SAN FRANCISCO<\/a><a href=\"https:\/\/www.celec.gob.ec\/hidroagoyan\/wp-content\/uploads\/2023\/10\/PLAN-MANEJO-AMBIENTAL_AAC-CHSF-ULTIMO-03-2022.pdf\" class=\"wp-block-file__button wp-element-button\" download aria-describedby=\"wp-block-file--media-91c01166-0d4f-4d37-b7e9-a26212d29065\">DESCARGAR<\/a><\/div>\n\n\n\n<p>Licencia ambiental<\/p>\n\n\n\n<div class=\"wp-block-file\"><a id=\"wp-block-file--media-2fa59d3d-8d19-4cca-9fba-a572e381f412\" href=\"https:\/\/www.celec.gob.ec\/hidroagoyan\/wp-content\/uploads\/2023\/10\/Licencia-Ambiental-San-Francisco-.pdf\">Licencia Ambiental San Francisco<\/a><a href=\"https:\/\/www.celec.gob.ec\/hidroagoyan\/wp-content\/uploads\/2023\/10\/Licencia-Ambiental-San-Francisco-.pdf\" class=\"wp-block-file__button wp-element-button\" download aria-describedby=\"wp-block-file--media-2fa59d3d-8d19-4cca-9fba-a572e381f412\">DESCARGAR<\/a><\/div>\n\n\n\n<div class=\"wp-block-file\"><a id=\"wp-block-file--media-08b0dee1-fcca-483d-921b-6948a936f471\" href=\"https:\/\/www.celec.gob.ec\/hidroagoyan\/wp-content\/uploads\/2023\/10\/CERTIFICADO_INTERSECCION.pdf\">Certificado de intersecci\u00f3n<\/a><a href=\"https:\/\/www.celec.gob.ec\/hidroagoyan\/wp-content\/uploads\/2023\/10\/CERTIFICADO_INTERSECCION.pdf\" class=\"wp-block-file__button wp-element-button\" download aria-describedby=\"wp-block-file--media-08b0dee1-fcca-483d-921b-6948a936f471\">DESCARGAR<\/a><\/div>\n","protected":false},"excerpt":{"rendered":"<p>Central Hidroel\u00e9ctrica Agoy\u00e1n Plan de manejo ambiental Licencia ambiental Central Hidroel\u00e9ctrica Pucar\u00e1 Plan de manejo ambiental Licencia ambiental Central Hidroel\u00e9ctrica San Francisco Plan de manejo ambiental Licencia ambiental<\/p>\n","protected":false},"author":3,"featured_media":0,"parent":0,"menu_order":0,"comment_status":"closed","ping_status":"closed","template":"","meta":{"_acf_changed":false,"_themeisle_gutenberg_block_has_review":false,"footnotes":""},"class_list":["post-3176","page","type-page","status-publish","hentry"],"acf":[],"publishpress_future_action":{"enabled":false,"date":"2026-04-30 18:04:53","action":"change-status","newStatus":"draft","terms":[],"taxonomy":"","extraData":[]},"publishpress_future_workflow_manual_trigger":{"enabledWorkflows":[]},"_links":{"self":[{"href":"https:\/\/www.celec.gob.ec\/hidroagoyan\/wp-json\/wp\/v2\/pages\/3176","targetHints":{"allow":["GET"]}}],"collection":[{"href":"https:\/\/www.celec.gob.ec\/hidroagoyan\/wp-json\/wp\/v2\/pages"}],"about":[{"href":"https:\/\/www.celec.gob.ec\/hidroagoyan\/wp-json\/wp\/v2\/types\/page"}],"author":[{"embeddable":true,"href":"https:\/\/www.celec.gob.ec\/hidroagoyan\/wp-json\/wp\/v2\/users\/3"}],"replies":[{"embeddable":true,"href":"https:\/\/www.celec.gob.ec\/hidroagoyan\/wp-json\/wp\/v2\/comments?post=3176"}],"version-history":[{"count":10,"href":"https:\/\/www.celec.gob.ec\/hidroagoyan\/wp-json\/wp\/v2\/pages\/3176\/revisions"}],"predecessor-version":[{"id":4288,"href":"https:\/\/www.celec.gob.ec\/hidroagoyan\/wp-json\/wp\/v2\/pages\/3176\/revisions\/4288"}],"wp:attachment":[{"href":"https:\/\/www.celec.gob.ec\/hidroagoyan\/wp-json\/wp\/v2\/media?parent=3176"}],"curies":[{"name":"wp","href":"https:\/\/api.w.org\/{rel}","templated":true}]}}