{"id":3248,"date":"2023-10-13T09:39:53","date_gmt":"2023-10-13T14:39:53","guid":{"rendered":"https:\/\/www.celec.gob.ec\/hidroagoyan\/?page_id=3248"},"modified":"2023-10-13T09:54:27","modified_gmt":"2023-10-13T14:54:27","slug":"manual-de-desarrollo-territorial","status":"publish","type":"page","link":"https:\/\/www.celec.gob.ec\/hidroagoyan\/manual-de-desarrollo-territorial\/","title":{"rendered":"MANUAL DE DESARROLLO TERRITORIAL"},"content":{"rendered":"\n<h2 class=\"wp-block-heading\">Parroquia San Jos\u00e9 de Poal\u00f3<\/h2>\n\n\n\n<div class=\"wp-block-file\"><a id=\"wp-block-file--media-488e0697-b12b-4b79-bd28-f983b9608cab\" href=\"https:\/\/www.celec.gob.ec\/hidroagoyan\/wp-content\/uploads\/2023\/10\/Anexo-a.-Excedente_Poalo.pdf\">Anexo a. Excedente_Poal\u00f3<\/a><a href=\"https:\/\/www.celec.gob.ec\/hidroagoyan\/wp-content\/uploads\/2023\/10\/Anexo-a.-Excedente_Poalo.pdf\" class=\"wp-block-file__button wp-element-button\" download aria-describedby=\"wp-block-file--media-488e0697-b12b-4b79-bd28-f983b9608cab\">Descarga<\/a><\/div>\n\n\n\n<div class=\"wp-block-file\"><a id=\"wp-block-file--media-541f182a-b26c-49eb-b260-ef646c5e1f5b\" href=\"https:\/\/www.celec.gob.ec\/hidroagoyan\/wp-content\/uploads\/2023\/10\/Anexo-I.-MAPA-AREA-DE-INFLUENCIA-CENTRAL-PUCARA.pdf\">Anexo I. MAPA AREA DE INFLUENCIA CENTRAL PUCAR\u00c1<\/a><a href=\"https:\/\/www.celec.gob.ec\/hidroagoyan\/wp-content\/uploads\/2023\/10\/Anexo-I.-MAPA-AREA-DE-INFLUENCIA-CENTRAL-PUCARA.pdf\" class=\"wp-block-file__button wp-element-button\" download aria-describedby=\"wp-block-file--media-541f182a-b26c-49eb-b260-ef646c5e1f5b\">Descarga<\/a><\/div>\n\n\n\n<div class=\"wp-block-file\"><a id=\"wp-block-file--media-98727af5-4b8d-4293-ba7b-aa32038480a9\" href=\"https:\/\/www.celec.gob.ec\/hidroagoyan\/wp-content\/uploads\/2023\/10\/Anexo-II.-modelopresentacionproyectosdt.pdf\">Anexo II. modelopresentaci\u00f3nproyectosdt<\/a><a href=\"https:\/\/www.celec.gob.ec\/hidroagoyan\/wp-content\/uploads\/2023\/10\/Anexo-II.-modelopresentacionproyectosdt.pdf\" class=\"wp-block-file__button wp-element-button\" download aria-describedby=\"wp-block-file--media-98727af5-4b8d-4293-ba7b-aa32038480a9\">Descarga<\/a><\/div>\n\n\n\n<div class=\"wp-block-file\"><a id=\"wp-block-file--media-167b0dfb-f7d1-484c-ad05-6f47cca136f9\" href=\"https:\/\/www.celec.gob.ec\/hidroagoyan\/wp-content\/uploads\/2023\/10\/Anexo-III.-Pre-convocatoria-GAD-SJ-DE-POALO.docx-signed-signed.pdf\">Anexo III. Pre convocatoria GAD SJ DE POAL\u00d3.docx-signed-signed<\/a><a href=\"https:\/\/www.celec.gob.ec\/hidroagoyan\/wp-content\/uploads\/2023\/10\/Anexo-III.-Pre-convocatoria-GAD-SJ-DE-POALO.docx-signed-signed.pdf\" class=\"wp-block-file__button wp-element-button\" download aria-describedby=\"wp-block-file--media-167b0dfb-f7d1-484c-ad05-6f47cca136f9\">Descarga<\/a><\/div>\n\n\n\n<div class=\"wp-block-file\"><a id=\"wp-block-file--media-dc4bd1c6-3a5f-4640-9e04-39d8c63aae93\" href=\"https:\/\/www.celec.gob.ec\/hidroagoyan\/wp-content\/uploads\/2023\/10\/Anexo-IV.-Bases-convocatoria-SJ-POALO-ANO-2023-signed.pdf\">Anexo IV. Bases convocatoria SJ-POAL\u00d3 A\u00d1O 2023-signed<\/a><a href=\"https:\/\/www.celec.gob.ec\/hidroagoyan\/wp-content\/uploads\/2023\/10\/Anexo-IV.-Bases-convocatoria-SJ-POALO-ANO-2023-signed.pdf\" class=\"wp-block-file__button wp-element-button\" download aria-describedby=\"wp-block-file--media-dc4bd1c6-3a5f-4640-9e04-39d8c63aae93\">Descarga<\/a><\/div>\n\n\n\n<h2 class=\"wp-block-heading\"><\/h2>\n\n\n\n<h2 class=\"wp-block-heading\"><\/h2>\n\n\n\n<h2 class=\"wp-block-heading\">Parroquia Lligua<\/h2>\n\n\n\n<div class=\"wp-block-file\"><a id=\"wp-block-file--media-3f3eff5d-5dc5-4966-bbcf-e4edb81da01b\" href=\"https:\/\/www.celec.gob.ec\/hidroagoyan\/wp-content\/uploads\/2023\/10\/Anexo-a.-Excedentes_Lligua.pdf\">Anexo a. Excedentes_Lligua<\/a><a href=\"https:\/\/www.celec.gob.ec\/hidroagoyan\/wp-content\/uploads\/2023\/10\/Anexo-a.-Excedentes_Lligua.pdf\" class=\"wp-block-file__button wp-element-button\" download aria-describedby=\"wp-block-file--media-3f3eff5d-5dc5-4966-bbcf-e4edb81da01b\">Descarga<\/a><\/div>\n\n\n\n<div class=\"wp-block-file\"><a id=\"wp-block-file--media-55ddb310-4b5d-4149-836d-19942b6a1db8\" href=\"https:\/\/www.celec.gob.ec\/hidroagoyan\/wp-content\/uploads\/2023\/10\/Anexo-I.-MAPA-DE-AREA-DE-INFLUENCIA-CENTRAL-AGOYAN.pdf\">Anexo I. MAPA DE AREA DE INFLUENCIA CENTRAL AGOY\u00c1N<\/a><a href=\"https:\/\/www.celec.gob.ec\/hidroagoyan\/wp-content\/uploads\/2023\/10\/Anexo-I.-MAPA-DE-AREA-DE-INFLUENCIA-CENTRAL-AGOYAN.pdf\" class=\"wp-block-file__button wp-element-button\" download aria-describedby=\"wp-block-file--media-55ddb310-4b5d-4149-836d-19942b6a1db8\">Descarga<\/a><\/div>\n\n\n\n<div class=\"wp-block-file\"><a id=\"wp-block-file--media-a2592115-f238-469a-a4b8-88abea181d65\" href=\"https:\/\/www.celec.gob.ec\/hidroagoyan\/wp-content\/uploads\/2023\/10\/Anexo-II.-modelopresentacionproyectosdt-1.pdf\">Anexo II. modelopresentaci\u00f3nproyectosdt<\/a><a href=\"https:\/\/www.celec.gob.ec\/hidroagoyan\/wp-content\/uploads\/2023\/10\/Anexo-II.-modelopresentacionproyectosdt-1.pdf\" class=\"wp-block-file__button wp-element-button\" download aria-describedby=\"wp-block-file--media-a2592115-f238-469a-a4b8-88abea181d65\">Descarga<\/a><\/div>\n\n\n\n<div class=\"wp-block-file\"><a id=\"wp-block-file--media-b1f1fe69-d44e-4bc7-8e48-7512eb158589\" href=\"https:\/\/www.celec.gob.ec\/hidroagoyan\/wp-content\/uploads\/2023\/10\/Anexo-III.-Preconvocatoria_GAD-LLIGUA.docx-signed-signed.pdf\">Anexo III. Preconvocatoria_GAD LLIGUA.docx-signed-signed<\/a><a href=\"https:\/\/www.celec.gob.ec\/hidroagoyan\/wp-content\/uploads\/2023\/10\/Anexo-III.-Preconvocatoria_GAD-LLIGUA.docx-signed-signed.pdf\" class=\"wp-block-file__button wp-element-button\" download aria-describedby=\"wp-block-file--media-b1f1fe69-d44e-4bc7-8e48-7512eb158589\">Descarga<\/a><\/div>\n\n\n\n<div class=\"wp-block-file\"><a id=\"wp-block-file--media-f6b22ac8-7f49-457f-8fd9-e725d24029f9\" href=\"https:\/\/www.celec.gob.ec\/hidroagoyan\/wp-content\/uploads\/2023\/10\/Anexo-IV.-bases_convocatoria_GAD-LLIGUA-signed.pdf\">Anexo IV. bases_convocatoria_GAD LLIGUA-signed<\/a><a href=\"https:\/\/www.celec.gob.ec\/hidroagoyan\/wp-content\/uploads\/2023\/10\/Anexo-IV.-bases_convocatoria_GAD-LLIGUA-signed.pdf\" class=\"wp-block-file__button wp-element-button\" download aria-describedby=\"wp-block-file--media-f6b22ac8-7f49-457f-8fd9-e725d24029f9\">Descarga<\/a><\/div>\n\n\n\n<h2 class=\"wp-block-heading\"><\/h2>\n\n\n\n<h2 class=\"wp-block-heading\"><\/h2>\n\n\n\n<h2 class=\"wp-block-heading\">Parroquia Ulba<\/h2>\n\n\n\n<div class=\"wp-block-file\"><a id=\"wp-block-file--media-da3a8403-49ad-4477-8fae-3ecc0895a8c2\" href=\"https:\/\/www.celec.gob.ec\/hidroagoyan\/wp-content\/uploads\/2023\/10\/Anexo-a.-Excedente_Ulba.pdf\">Anexo a. Excedente_Ulba<\/a><a href=\"https:\/\/www.celec.gob.ec\/hidroagoyan\/wp-content\/uploads\/2023\/10\/Anexo-a.-Excedente_Ulba.pdf\" class=\"wp-block-file__button wp-element-button\" download aria-describedby=\"wp-block-file--media-da3a8403-49ad-4477-8fae-3ecc0895a8c2\">Descarga<\/a><\/div>\n\n\n\n<div class=\"wp-block-file\"><a id=\"wp-block-file--media-9a1679b1-8bed-44b2-a082-95c233da670b\" href=\"https:\/\/www.celec.gob.ec\/hidroagoyan\/wp-content\/uploads\/2023\/10\/Anexo-I.-MAPA-DE-AREA-DE-INFLUENCIA-CENTRAL-AGOYAN-1.pdf\">Anexo I. MAPA DE AREA DE INFLUENCIA CENTRAL AGOY\u00c1N<\/a><a href=\"https:\/\/www.celec.gob.ec\/hidroagoyan\/wp-content\/uploads\/2023\/10\/Anexo-I.-MAPA-DE-AREA-DE-INFLUENCIA-CENTRAL-AGOYAN-1.pdf\" class=\"wp-block-file__button wp-element-button\" download aria-describedby=\"wp-block-file--media-9a1679b1-8bed-44b2-a082-95c233da670b\">Descarga<\/a><\/div>\n\n\n\n<div class=\"wp-block-file\"><a id=\"wp-block-file--media-5fc3e66e-9e21-40e2-ac24-04015fdcc5a0\" href=\"https:\/\/www.celec.gob.ec\/hidroagoyan\/wp-content\/uploads\/2023\/10\/Anexo-II.-modelopresentacionproyectosdt-2.pdf\">Anexo II. modelopresentaci\u00f3nproyectosdt<\/a><a href=\"https:\/\/www.celec.gob.ec\/hidroagoyan\/wp-content\/uploads\/2023\/10\/Anexo-II.-modelopresentacionproyectosdt-2.pdf\" class=\"wp-block-file__button wp-element-button\" download aria-describedby=\"wp-block-file--media-5fc3e66e-9e21-40e2-ac24-04015fdcc5a0\">Descarga<\/a><\/div>\n\n\n\n<div class=\"wp-block-file\"><a id=\"wp-block-file--media-9f0f4507-16ce-4de0-8b51-b421b0959a9e\" href=\"https:\/\/www.celec.gob.ec\/hidroagoyan\/wp-content\/uploads\/2023\/10\/Anexo-III.-Preconvocatoria-GAD-ULBA-signed-signed.pdf\">Anexo III. Preconvocatoria GAD ULBA-signed-signed<\/a><a href=\"https:\/\/www.celec.gob.ec\/hidroagoyan\/wp-content\/uploads\/2023\/10\/Anexo-III.-Preconvocatoria-GAD-ULBA-signed-signed.pdf\" class=\"wp-block-file__button wp-element-button\" download aria-describedby=\"wp-block-file--media-9f0f4507-16ce-4de0-8b51-b421b0959a9e\">Descarga<\/a><\/div>\n\n\n\n<div class=\"wp-block-file\"><a id=\"wp-block-file--media-70cf7203-7f12-4950-9f75-da77ff4c32a6\" href=\"https:\/\/www.celec.gob.ec\/hidroagoyan\/wp-content\/uploads\/2023\/10\/Anexo-IV.-Bases-de-convocatoria-ULBA-ANO-2023-signed.pdf\">Anexo IV. Bases de convocatoria ULBA A\u00d1O 2023-signed<\/a><a href=\"https:\/\/www.celec.gob.ec\/hidroagoyan\/wp-content\/uploads\/2023\/10\/Anexo-IV.-Bases-de-convocatoria-ULBA-ANO-2023-signed.pdf\" class=\"wp-block-file__button wp-element-button\" download aria-describedby=\"wp-block-file--media-70cf7203-7f12-4950-9f75-da77ff4c32a6\">Descarga<\/a><\/div>\n\n\n\n<p><\/p>\n\n\n\n<h2 class=\"wp-block-heading\"><\/h2>\n\n\n\n<h2 class=\"wp-block-heading\"><\/h2>\n\n\n\n<h2 class=\"wp-block-heading\">Parroquia R\u00edo Verde<\/h2>\n\n\n\n<div class=\"wp-block-file\"><a id=\"wp-block-file--media-86fd7aa6-d6df-462f-8dcb-bfc122a2139b\" href=\"https:\/\/www.celec.gob.ec\/hidroagoyan\/wp-content\/uploads\/2023\/10\/Anexo-a.-Excedente_Rio_Verde.pdf\">Anexo a. Excedente_Rio_Verde<\/a><a href=\"https:\/\/www.celec.gob.ec\/hidroagoyan\/wp-content\/uploads\/2023\/10\/Anexo-a.-Excedente_Rio_Verde.pdf\" class=\"wp-block-file__button wp-element-button\" download aria-describedby=\"wp-block-file--media-86fd7aa6-d6df-462f-8dcb-bfc122a2139b\">Descarga<\/a><\/div>\n\n\n\n<div class=\"wp-block-file\"><a id=\"wp-block-file--media-e2821940-be88-44c9-b21c-00f61c1dd41d\" href=\"https:\/\/www.celec.gob.ec\/hidroagoyan\/wp-content\/uploads\/2023\/10\/Anexo-I.-MAPA-AREA-DE-INFLUENCIA-CENTRAL-SAN-FRANCISCO.docx.pdf\">Anexo I. MAPA \u00c1REA DE INFLUENCIA CENTRAL SAN FRANCISCO.docx<\/a><a href=\"https:\/\/www.celec.gob.ec\/hidroagoyan\/wp-content\/uploads\/2023\/10\/Anexo-I.-MAPA-AREA-DE-INFLUENCIA-CENTRAL-SAN-FRANCISCO.docx.pdf\" class=\"wp-block-file__button wp-element-button\" download aria-describedby=\"wp-block-file--media-e2821940-be88-44c9-b21c-00f61c1dd41d\">Descarga<\/a><\/div>\n\n\n\n<div class=\"wp-block-file\"><a id=\"wp-block-file--media-32983f4b-48e7-4e20-a83b-8b36ba994578\" href=\"https:\/\/www.celec.gob.ec\/hidroagoyan\/wp-content\/uploads\/2023\/10\/Anexo-II.-modelopresentacionproyectosdt-3.pdf\">Anexo II. modelopresentaci\u00f3nproyectosdt<\/a><a href=\"https:\/\/www.celec.gob.ec\/hidroagoyan\/wp-content\/uploads\/2023\/10\/Anexo-II.-modelopresentacionproyectosdt-3.pdf\" class=\"wp-block-file__button wp-element-button\" download aria-describedby=\"wp-block-file--media-32983f4b-48e7-4e20-a83b-8b36ba994578\">Descarga<\/a><\/div>\n\n\n\n<div class=\"wp-block-file\"><a id=\"wp-block-file--media-b7fd05a1-830a-4480-8a1a-ae6005ca1c48\" href=\"https:\/\/www.celec.gob.ec\/hidroagoyan\/wp-content\/uploads\/2023\/10\/Anexo-III.-Preconvocatoria-GAD-RIO-VERDE.docx-signed-signed.pdf\">Anexo III. Preconvocatoria GAD RIO VERDE.docx-signed-signed<\/a><a href=\"https:\/\/www.celec.gob.ec\/hidroagoyan\/wp-content\/uploads\/2023\/10\/Anexo-III.-Preconvocatoria-GAD-RIO-VERDE.docx-signed-signed.pdf\" class=\"wp-block-file__button wp-element-button\" download aria-describedby=\"wp-block-file--media-b7fd05a1-830a-4480-8a1a-ae6005ca1c48\">Descarga<\/a><\/div>\n\n\n\n<div class=\"wp-block-file\"><a id=\"wp-block-file--media-ecf83fed-b1f4-46fa-9892-83d5c1f76bc9\" href=\"https:\/\/www.celec.gob.ec\/hidroagoyan\/wp-content\/uploads\/2023\/10\/Anexo-IV.-Bases-de-convocatoria-RIO-VERDE-ANO-2023-signed.pdf\">Anexo IV. Bases de convocatoria RIO VERDE A\u00d1O 2023-signed<\/a><a href=\"https:\/\/www.celec.gob.ec\/hidroagoyan\/wp-content\/uploads\/2023\/10\/Anexo-IV.-Bases-de-convocatoria-RIO-VERDE-ANO-2023-signed.pdf\" class=\"wp-block-file__button wp-element-button\" download aria-describedby=\"wp-block-file--media-ecf83fed-b1f4-46fa-9892-83d5c1f76bc9\">Descarga<\/a><\/div>\n\n\n\n<h2 class=\"wp-block-heading\"><\/h2>\n\n\n\n<h2 class=\"wp-block-heading\"><\/h2>\n\n\n\n<h2 class=\"wp-block-heading\">Parroquia R\u00edo Negro<\/h2>\n\n\n\n<div class=\"wp-block-file\"><a id=\"wp-block-file--media-c392eecc-6eed-49c5-8c7b-816ab2b46369\" href=\"https:\/\/www.celec.gob.ec\/hidroagoyan\/wp-content\/uploads\/2023\/10\/Anexo-a.-Excedente_Rio-Negro.pdf\">Anexo a. Excedente_Rio Negro<\/a><a href=\"https:\/\/www.celec.gob.ec\/hidroagoyan\/wp-content\/uploads\/2023\/10\/Anexo-a.-Excedente_Rio-Negro.pdf\" class=\"wp-block-file__button wp-element-button\" download aria-describedby=\"wp-block-file--media-c392eecc-6eed-49c5-8c7b-816ab2b46369\">Descarga<\/a><\/div>\n\n\n\n<div class=\"wp-block-file\"><a id=\"wp-block-file--media-63a49e40-1fe7-41a3-b10d-db3e789eb28f\" href=\"https:\/\/www.celec.gob.ec\/hidroagoyan\/wp-content\/uploads\/2023\/10\/Anexo-I.-MAPA-AREA-DE-INFLUENCIA-CENTRAL-SAN-FRANCISCO.docx-1.pdf\">Anexo I. MAPA \u00c1REA DE INFLUENCIA CENTRAL SAN FRANCISCO.docx<\/a><a href=\"https:\/\/www.celec.gob.ec\/hidroagoyan\/wp-content\/uploads\/2023\/10\/Anexo-I.-MAPA-AREA-DE-INFLUENCIA-CENTRAL-SAN-FRANCISCO.docx-1.pdf\" class=\"wp-block-file__button wp-element-button\" download aria-describedby=\"wp-block-file--media-63a49e40-1fe7-41a3-b10d-db3e789eb28f\">Descarga<\/a><\/div>\n\n\n\n<div class=\"wp-block-file\"><a id=\"wp-block-file--media-44d57eaf-f1a1-4815-ae29-bf4ddfe4f9c4\" href=\"https:\/\/www.celec.gob.ec\/hidroagoyan\/wp-content\/uploads\/2023\/10\/Anexo-II.-modelopresentacionproyectosdt-4.pdf\">Anexo II. modelopresentaci\u00f3nproyectosdt<\/a><a href=\"https:\/\/www.celec.gob.ec\/hidroagoyan\/wp-content\/uploads\/2023\/10\/Anexo-II.-modelopresentacionproyectosdt-4.pdf\" class=\"wp-block-file__button wp-element-button\" download aria-describedby=\"wp-block-file--media-44d57eaf-f1a1-4815-ae29-bf4ddfe4f9c4\">Descarga<\/a><\/div>\n\n\n\n<div class=\"wp-block-file\"><a id=\"wp-block-file--media-0e2bb1ea-b37e-4e6c-a78f-4a280066e04d\" href=\"https:\/\/www.celec.gob.ec\/hidroagoyan\/wp-content\/uploads\/2023\/10\/Anexo-III.-Preconvocatoria-GAD-RIO-NEGRO.docx-signed-signed.pdf\">Anexo III. Preconvocatoria GAD RIO NEGRO.docx-signed-signed<\/a><a href=\"https:\/\/www.celec.gob.ec\/hidroagoyan\/wp-content\/uploads\/2023\/10\/Anexo-III.-Preconvocatoria-GAD-RIO-NEGRO.docx-signed-signed.pdf\" class=\"wp-block-file__button wp-element-button\" download aria-describedby=\"wp-block-file--media-0e2bb1ea-b37e-4e6c-a78f-4a280066e04d\">Descarga<\/a><\/div>\n\n\n\n<div class=\"wp-block-file\"><a id=\"wp-block-file--media-59fd8985-4b7f-4f90-9a26-4b7a19f1f1fe\" href=\"https:\/\/www.celec.gob.ec\/hidroagoyan\/wp-content\/uploads\/2023\/10\/Anexo-IV.-Bases-de-convocatoria-RIO-NEGRO-ANO-2023-signed.pdf\">Anexo IV. Bases de convocatoria RIO NEGRO A\u00d1O 2023-signed<\/a><a href=\"https:\/\/www.celec.gob.ec\/hidroagoyan\/wp-content\/uploads\/2023\/10\/Anexo-IV.-Bases-de-convocatoria-RIO-NEGRO-ANO-2023-signed.pdf\" class=\"wp-block-file__button wp-element-button\" download aria-describedby=\"wp-block-file--media-59fd8985-4b7f-4f90-9a26-4b7a19f1f1fe\">Descarga<\/a><\/div>\n\n\n\n<h2 class=\"wp-block-heading\"><\/h2>\n\n\n\n<h2 class=\"wp-block-heading\"><\/h2>\n","protected":false},"excerpt":{"rendered":"<p>Parroquia San Jos\u00e9 de Poal\u00f3 Parroquia Lligua Parroquia Ulba Parroquia R\u00edo Verde Parroquia R\u00edo Negro<\/p>\n","protected":false},"author":3,"featured_media":0,"parent":0,"menu_order":0,"comment_status":"closed","ping_status":"closed","template":"","meta":{"_acf_changed":false,"_themeisle_gutenberg_block_has_review":false,"footnotes":""},"class_list":["post-3248","page","type-page","status-publish","hentry"],"acf":[],"publishpress_future_action":{"enabled":false,"date":"2026-04-23 09:43:49","action":"change-status","newStatus":"draft","terms":[],"taxonomy":"","extraData":[]},"publishpress_future_workflow_manual_trigger":{"enabledWorkflows":[]},"_links":{"self":[{"href":"https:\/\/www.celec.gob.ec\/hidroagoyan\/wp-json\/wp\/v2\/pages\/3248","targetHints":{"allow":["GET"]}}],"collection":[{"href":"https:\/\/www.celec.gob.ec\/hidroagoyan\/wp-json\/wp\/v2\/pages"}],"about":[{"href":"https:\/\/www.celec.gob.ec\/hidroagoyan\/wp-json\/wp\/v2\/types\/page"}],"author":[{"embeddable":true,"href":"https:\/\/www.celec.gob.ec\/hidroagoyan\/wp-json\/wp\/v2\/users\/3"}],"replies":[{"embeddable":true,"href":"https:\/\/www.celec.gob.ec\/hidroagoyan\/wp-json\/wp\/v2\/comments?post=3248"}],"version-history":[{"count":5,"href":"https:\/\/www.celec.gob.ec\/hidroagoyan\/wp-json\/wp\/v2\/pages\/3248\/revisions"}],"predecessor-version":[{"id":3282,"href":"https:\/\/www.celec.gob.ec\/hidroagoyan\/wp-json\/wp\/v2\/pages\/3248\/revisions\/3282"}],"wp:attachment":[{"href":"https:\/\/www.celec.gob.ec\/hidroagoyan\/wp-json\/wp\/v2\/media?parent=3248"}],"curies":[{"name":"wp","href":"https:\/\/api.w.org\/{rel}","templated":true}]}}