{"id":4247,"date":"2025-02-05T12:06:06","date_gmt":"2025-02-05T17:06:06","guid":{"rendered":"https:\/\/www.celec.gob.ec\/hidroagoyan\/?page_id=4247"},"modified":"2025-02-07T10:29:36","modified_gmt":"2025-02-07T15:29:36","slug":"recorridos-virtuales-hidroagoyan","status":"publish","type":"page","link":"https:\/\/www.celec.gob.ec\/hidroagoyan\/recorridos-virtuales-hidroagoyan\/","title":{"rendered":"Recorridos virtuales por las Centrales Hidroel\u00e9ctricas de CELEC EP HIDROAGOY\u00c1N"},"content":{"rendered":"\n<p>Conoce c\u00f3mo se utiliza el agua para generar energ\u00eda el\u00e9ctrica limpia y renovable.<\/p>\n\n\n\n<h2 class=\"wp-block-heading\">Recorrido por la Central Agoy\u00e1n<\/h2>\n\n\n\n<iframe loading=\"lazy\" width=\"560\" height=\"315\" src=\"https:\/\/www.youtube.com\/embed\/DZGrAiZDn6c?si=2tYsFxsVfv2NAZoo\" title=\"YouTube video player\" frameborder=\"0\" allow=\"accelerometer; autoplay; clipboard-write; encrypted-media; gyroscope; picture-in-picture; web-share\" referrerpolicy=\"strict-origin-when-cross-origin\" allowfullscreen><\/iframe>\n\n\n\n<div style=\"height:50px\" aria-hidden=\"true\" class=\"wp-block-spacer\"><\/div>\n\n\n\n<h2 class=\"wp-block-heading\">Recorrido por la Central San Francisco<\/h2>\n\n\n\n<iframe loading=\"lazy\" width=\"560\" height=\"315\" src=\"https:\/\/www.youtube.com\/embed\/oix3MQBS-DU?si=8iQYt8MLncALnvvV\" title=\"YouTube video player\" frameborder=\"0\" allow=\"accelerometer; autoplay; clipboard-write; encrypted-media; gyroscope; picture-in-picture; web-share\" referrerpolicy=\"strict-origin-when-cross-origin\" allowfullscreen><\/iframe>\n\n\n\n<div style=\"height:50px\" aria-hidden=\"true\" class=\"wp-block-spacer\"><\/div>\n\n\n\n<h2 class=\"wp-block-heading\">Recorrido por la Central Pucar\u00e1<\/h2>\n\n\n\n<iframe loading=\"lazy\" width=\"560\" height=\"315\" src=\"https:\/\/www.youtube.com\/embed\/9ktI_OQ3c5o?si=bniF0gYRqp6dEKbg\" title=\"YouTube video player\" frameborder=\"0\" allow=\"accelerometer; autoplay; clipboard-write; encrypted-media; gyroscope; picture-in-picture; web-share\" referrerpolicy=\"strict-origin-when-cross-origin\" allowfullscreen><\/iframe>\n","protected":false},"excerpt":{"rendered":"<p>Conoce c\u00f3mo se utiliza el agua para generar energ\u00eda el\u00e9ctrica limpia y renovable. Recorrido por la Central Agoy\u00e1n Recorrido por la Central San Francisco Recorrido por la Central Pucar\u00e1<\/p>\n","protected":false},"author":3,"featured_media":0,"parent":0,"menu_order":0,"comment_status":"closed","ping_status":"closed","template":"","meta":{"_acf_changed":false,"_themeisle_gutenberg_block_has_review":false,"footnotes":""},"class_list":["post-4247","page","type-page","status-publish","hentry"],"acf":[],"publishpress_future_action":{"enabled":false,"date":"2026-04-30 19:07:49","action":"change-status","newStatus":"draft","terms":[],"taxonomy":"","extraData":[]},"publishpress_future_workflow_manual_trigger":{"enabledWorkflows":[]},"_links":{"self":[{"href":"https:\/\/www.celec.gob.ec\/hidroagoyan\/wp-json\/wp\/v2\/pages\/4247","targetHints":{"allow":["GET"]}}],"collection":[{"href":"https:\/\/www.celec.gob.ec\/hidroagoyan\/wp-json\/wp\/v2\/pages"}],"about":[{"href":"https:\/\/www.celec.gob.ec\/hidroagoyan\/wp-json\/wp\/v2\/types\/page"}],"author":[{"embeddable":true,"href":"https:\/\/www.celec.gob.ec\/hidroagoyan\/wp-json\/wp\/v2\/users\/3"}],"replies":[{"embeddable":true,"href":"https:\/\/www.celec.gob.ec\/hidroagoyan\/wp-json\/wp\/v2\/comments?post=4247"}],"version-history":[{"count":3,"href":"https:\/\/www.celec.gob.ec\/hidroagoyan\/wp-json\/wp\/v2\/pages\/4247\/revisions"}],"predecessor-version":[{"id":4260,"href":"https:\/\/www.celec.gob.ec\/hidroagoyan\/wp-json\/wp\/v2\/pages\/4247\/revisions\/4260"}],"wp:attachment":[{"href":"https:\/\/www.celec.gob.ec\/hidroagoyan\/wp-json\/wp\/v2\/media?parent=4247"}],"curies":[{"name":"wp","href":"https:\/\/api.w.org\/{rel}","templated":true}]}}