{"id":7,"date":"2023-02-10T19:03:58","date_gmt":"2023-02-10T19:03:58","guid":{"rendered":"https:\/\/www.celec.gob.ec\/hidroagoyan\/?page_id=7"},"modified":"2023-02-10T19:03:59","modified_gmt":"2023-02-10T19:03:59","slug":"la-unidad-de-negocio","status":"publish","type":"page","link":"https:\/\/www.celec.gob.ec\/hidroagoyan\/la-unidad-de-negocio\/","title":{"rendered":"La Unidad de Negocio"},"content":{"rendered":"\n<h2 class=\"wp-block-heading\">Antecedentes<\/h2>\n\n\n\n<p>A finales de 1998 -luego de 37 a\u00f1os- la vida del Instituto Ecuatoriano de Electrificaci\u00f3n (INECEL), llega a su fin, en raz\u00f3n de las corrientes modernizadoras y privatizadoras de entonces, que induc\u00edan la segmentaci\u00f3n de la cadena de actividades del servicio de energ\u00eda el\u00e9ctrica, la conformaci\u00f3n de los denominados mercados el\u00e9ctricos mayoristas como bolsas de negocio de este servicio, y la integraci\u00f3n internacional de los mismos.<\/p>\n\n\n\n<p>Como consecuencia de la extinci\u00f3n del INECEL, se crearon las nuevas empresas privadas de generaci\u00f3n y transmisi\u00f3n, quedando con domicilio en la provincia de Tungurahua dos de ellas: La Compa\u00f1\u00eda de Generaci\u00f3n Hidroel\u00e9ctrica, Agoy\u00e1n &#8211; HIDROAGOY\u00c1N S.A. y la Compa\u00f1\u00eda de Generaci\u00f3n Hidroel\u00e9ctrica Pisayambo &#8211; HIDROPUCAR\u00c1 S.A., con el fondo de solidaridad como su \u00fanico accionista. En corto tiempo se produce la fusi\u00f3n por absorci\u00f3n entre estas dos empresas, y queda exclusivamente HIDROAGOY\u00c1N S.A &#8211; inscrita en el Registro Mercantil el 27 de enero de 1999- para encargarse de la producci\u00f3n de energ\u00eda en las centrales Agoy\u00e1n y Pucar\u00e1, ubicadas en los cantones de Ba\u00f1os y P\u00edllaro respectivamente.<\/p>\n\n\n\n<p>Durante 10 a\u00f1os, HIDROAGOY\u00c1N S.A. oper\u00f3 como empresa privada aut\u00f3noma, hasta que en el gobierno actual del Eco. Rafael Correa, se decide nuevamente reformar el sector el\u00e9ctrico ecuatoriano. El Fondo de Solidaridad como \u00fanico accionista de varias empresas, lidera la fusi\u00f3n de: Electroguayas S.A., Hidroagoy\u00e1n S.A., Hidropaute S.A., Termoesmeraldas S.A., Termopichincha S.A., y Transelectric S.A., en una sola empresa de generaci\u00f3n y transmisi\u00f3n de energ\u00eda denominada: Corporaci\u00f3n El\u00e9ctrica del Ecuador &#8211; CELEC S.A., inscrita en el Registro Mercantil el 26 febrero de 2009.<\/p>\n\n\n\n<p>Finalmente, bajo el amparo de la ley de Empresas P\u00fablicas, se emite el Decreto Ejecutivo N\u00b0 220 del 14 de enero de 2010, que crea la Empresa P\u00fablica Estrat\u00e9gica CORPORACI\u00d3N EL\u00c9CTRICA DEL ECUADOR &#8211; CELEC E.P., como resultado de la fusi\u00f3n de las empresas: Corporaci\u00f3n El\u00e9ctrica del Ecuador &#8211; CELEC S.A. e Hidroel\u00e9ctrica Nacional &#8211; Hidronaci\u00f3n S.A.<\/p>\n\n\n\n<p>En la actualidad, HIDROAGOYAN es una de las Unidades de Negocio de CELEC E.P., se encarga de la administraci\u00f3n de la producci\u00f3n de las centrales Agoy\u00e1n, Pucar\u00e1, y San Francisco, tambi\u00e9n ubicada en el cant\u00f3n Ba\u00f1os de la Provincia de Tungurahua.<\/p>\n","protected":false},"excerpt":{"rendered":"<p>Antecedentes A finales de 1998 -luego de 37 a\u00f1os- la vida del Instituto Ecuatoriano de Electrificaci\u00f3n (INECEL), llega a su fin, en raz\u00f3n de las corrientes modernizadoras y privatizadoras de entonces, que induc\u00edan la segmentaci\u00f3n de la cadena de actividades del servicio de energ\u00eda el\u00e9ctrica, la conformaci\u00f3n de los denominados mercados el\u00e9ctricos mayoristas como bolsas [&hellip;]<\/p>\n","protected":false},"author":1,"featured_media":0,"parent":0,"menu_order":0,"comment_status":"closed","ping_status":"closed","template":"","meta":{"_acf_changed":false,"_themeisle_gutenberg_block_has_review":false,"footnotes":""},"class_list":["post-7","page","type-page","status-publish","hentry"],"acf":[],"publishpress_future_action":{"enabled":false,"date":"2026-05-01 06:48:29","action":"change-status","newStatus":"draft","terms":[],"taxonomy":"","extraData":[]},"publishpress_future_workflow_manual_trigger":{"enabledWorkflows":[]},"_links":{"self":[{"href":"https:\/\/www.celec.gob.ec\/hidroagoyan\/wp-json\/wp\/v2\/pages\/7","targetHints":{"allow":["GET"]}}],"collection":[{"href":"https:\/\/www.celec.gob.ec\/hidroagoyan\/wp-json\/wp\/v2\/pages"}],"about":[{"href":"https:\/\/www.celec.gob.ec\/hidroagoyan\/wp-json\/wp\/v2\/types\/page"}],"author":[{"embeddable":true,"href":"https:\/\/www.celec.gob.ec\/hidroagoyan\/wp-json\/wp\/v2\/users\/1"}],"replies":[{"embeddable":true,"href":"https:\/\/www.celec.gob.ec\/hidroagoyan\/wp-json\/wp\/v2\/comments?post=7"}],"version-history":[{"count":1,"href":"https:\/\/www.celec.gob.ec\/hidroagoyan\/wp-json\/wp\/v2\/pages\/7\/revisions"}],"predecessor-version":[{"id":8,"href":"https:\/\/www.celec.gob.ec\/hidroagoyan\/wp-json\/wp\/v2\/pages\/7\/revisions\/8"}],"wp:attachment":[{"href":"https:\/\/www.celec.gob.ec\/hidroagoyan\/wp-json\/wp\/v2\/media?parent=7"}],"curies":[{"name":"wp","href":"https:\/\/api.w.org\/{rel}","templated":true}]}}