{"id":14,"date":"2023-02-13T15:12:29","date_gmt":"2023-02-13T15:12:29","guid":{"rendered":"https:\/\/www.celec.gob.ec\/hidroazogues\/?page_id=14"},"modified":"2023-02-13T15:12:30","modified_gmt":"2023-02-13T15:12:30","slug":"informacion-general","status":"publish","type":"page","link":"https:\/\/www.celec.gob.ec\/hidroazogues\/informacion-general\/","title":{"rendered":"Informaci\u00f3n General"},"content":{"rendered":"\n<h2 class=\"wp-block-heading\">Desarrollo Territorial<\/h2>\n\n\n\n<p>La Corporaci\u00f3n El\u00e9ctrica del Ecuador CELEC EP, Unidad de Negocio HIDROAZOGUES, como ejecutora del Proyecto Hidroel\u00e9ctrico Mazar-Dudas, desde el inicio del proyecto ha venido ejecutando acciones, proyectos y convenios con criterios de Responsabilidad Social y Ambiental dentro del \u00e1rea de influencia del proyecto, espec\u00edficamente en las parroquias Taday, Pindilig, Rivera, Luis Cordero y sus comunidades; acciones que le corresponden como promotora de proyectos de generaci\u00f3n el\u00e9ctrica.<\/p>\n\n\n\n<p>En esta perspectiva, la CELEC-EP Unidad de Negocio HIDROAZOGUES como empresa p\u00fablica, tiene como un eje de acci\u00f3n la gesti\u00f3n ambiental y la responsabilidad social con la participaci\u00f3n propositiva de los sectores y actores presentes en el \u00e1rea de influencia del proyecto. Por lo cual se present\u00f3 el Plan de Desarrollo Territorial con la finalidad de contar con una hoja de ruta para orientar las acciones que la empresa puede realizar en la zona.<\/p>\n\n\n\n<p>El Plan de Desarrollo Territorial del proyecto Mazar-Dudas, est\u00e1 formulado con base en los siguientes ejes fundamentales: Conservaci\u00f3n ambiental, Electrificaci\u00f3n, Infraestructura y vialidad, Salud, Servicios b\u00e1sicos y Saneamiento, Socio econ\u00f3mico.<\/p>\n\n\n\n<h2 class=\"wp-block-heading\">Objetivo<\/h2>\n\n\n\n<p>Impulsar un proceso de desarrollo territorial participativo con la poblaci\u00f3n del \u00e1rea de influencia del proyecto Mazar-Dudas, fortaleciendo las capacidades locales, conservando las cuencas h\u00eddricas y aportando al bienestar social y econ\u00f3mico.<\/p>\n\n\n\n<div id=\"wp-block-themeisle-blocks-accordion-e1ab2e2e\" class=\"wp-block-themeisle-blocks-accordion exclusive\">\n<details class=\"wp-block-themeisle-blocks-accordion-item\"><summary class=\"wp-block-themeisle-blocks-accordion-item__title\"><div>Conservaci\u00f3n Ambiental<\/div><\/summary><div class=\"wp-block-themeisle-blocks-accordion-item__content\">\n<p>Se refiere a todas las obras de remediaci\u00f3n, mitigaci\u00f3n o conservaci\u00f3n ambiental que no hayan sido consideradas dentro Plan de Manejo Ambiental del Estudio de Impacto Ambiental del Proyecto. Dentro de este eje se incluye la gesti\u00f3n de residuos s\u00f3lidos (Relleno sanitarios)<\/p>\n<\/div><\/details>\n\n\n\n<details class=\"wp-block-themeisle-blocks-accordion-item\"><summary class=\"wp-block-themeisle-blocks-accordion-item__title\"><div>Educaci\u00f3n<\/div><\/summary><div class=\"wp-block-themeisle-blocks-accordion-item__content\">\n<p><br>Se refiere a todas las obras correspondientes a construcci\u00f3n, mejoramiento o adecuaci\u00f3n de infraestructura de escuelas, colegios y\/o universidades del \u00e1rea de influencia del proyecto. Adicionalmente se consideran como parte de este eje la dotaci\u00f3n de equipamiento escolar, servicio de telecomunicaciones y campa\u00f1as educativas dirigidas a ni\u00f1os y adolescentes en edad escolar.<\/p>\n<\/div><\/details>\n\n\n\n<details class=\"wp-block-themeisle-blocks-accordion-item\"><summary class=\"wp-block-themeisle-blocks-accordion-item__title\"><div>Electrificaci\u00f3n<\/div><\/summary><div class=\"wp-block-themeisle-blocks-accordion-item__content\">\n<p><br>Se refiere a todas las obras de dotaci\u00f3n y mejoramiento del servicio de energ\u00eda el\u00e9ctrica que se ejecuten en las comunidades del \u00e1rea de influencia del proyecto<\/p>\n<\/div><\/details>\n\n\n\n<details class=\"wp-block-themeisle-blocks-accordion-item\"><summary class=\"wp-block-themeisle-blocks-accordion-item__title\"><div>Infraestructura y Vialidad<\/div><\/summary><div class=\"wp-block-themeisle-blocks-accordion-item__content\">\n<p>Se refiere a todas las obras de construcci\u00f3n, mejoramiento, adecuaci\u00f3n y\/o mantenimiento con respecto a seguridad, recreaci\u00f3n, organizaci\u00f3n y emprendimiento comunitario, turismo y vialidad<\/p>\n<\/div><\/details>\n\n\n\n<details class=\"wp-block-themeisle-blocks-accordion-item\"><summary class=\"wp-block-themeisle-blocks-accordion-item__title\"><div>Salud<\/div><\/summary><div class=\"wp-block-themeisle-blocks-accordion-item__content\">\n<p>Se refiere a todas las obras correspondientes a construcci\u00f3n, mejoramiento o adecuaci\u00f3n de infraestructura de salud p\u00fablica. Adicionalmente se consideran como parte de este eje la dotaci\u00f3n de medicinas y equipos e instrumental a subcentros de salud p\u00fablica y adem\u00e1s las campa\u00f1as de salud en todos sus \u00e1mbitos.<\/p>\n<\/div><\/details>\n\n\n\n<details class=\"wp-block-themeisle-blocks-accordion-item\"><summary class=\"wp-block-themeisle-blocks-accordion-item__title\"><div>Servicios B\u00e1sicos y Saneamiento<\/div><\/summary><div class=\"wp-block-themeisle-blocks-accordion-item__content\">\n<p>Se refiere a todas las obras de construcci\u00f3n, ampliaci\u00f3n y mejoramiento del servicio de agua potable, alcantarillado sanitario y pluvial y el tratamiento de aguas servidas. Adem\u00e1s se incluyen en este eje la dotaci\u00f3n de unidades b\u00e1sicas sanitarias.<\/p>\n<\/div><\/details>\n\n\n\n<details class=\"wp-block-themeisle-blocks-accordion-item\"><summary class=\"wp-block-themeisle-blocks-accordion-item__title\"><div>Socio Econ\u00f3mico<\/div><\/summary><div class=\"wp-block-themeisle-blocks-accordion-item__content\">\n<p>Se refiere a todos los programas de capacitaci\u00f3n, asesoramiento y cooperaci\u00f3n en temas de capacitaci\u00f3n profesional, producci\u00f3n agr\u00edcola y pecuaria, agroindustrias, peque\u00f1a y mediana empresa, fortalecimiento de la organizaci\u00f3n comunitaria, fomento del turismo y todas aquellas que est\u00e9n dirigidas al mejoramiento de la calidad de vida de las personas de las comunidades del \u00e1rea de influencia.<\/p>\n<\/div><\/details>\n<\/div>\n","protected":false},"excerpt":{"rendered":"<p>Desarrollo Territorial La Corporaci\u00f3n El\u00e9ctrica del Ecuador CELEC EP, Unidad de Negocio HIDROAZOGUES, como ejecutora del Proyecto Hidroel\u00e9ctrico Mazar-Dudas, desde el inicio del proyecto ha venido ejecutando acciones, proyectos y convenios con criterios de Responsabilidad Social y Ambiental dentro del \u00e1rea de influencia del proyecto, espec\u00edficamente en las parroquias Taday, Pindilig, Rivera, Luis Cordero y [&hellip;]<\/p>\n","protected":false},"author":1,"featured_media":0,"parent":0,"menu_order":0,"comment_status":"closed","ping_status":"closed","template":"","meta":{"_acf_changed":false,"_themeisle_gutenberg_block_has_review":false,"footnotes":""},"class_list":["post-14","page","type-page","status-publish","hentry"],"acf":[],"_links":{"self":[{"href":"https:\/\/www.celec.gob.ec\/hidroazogues\/wp-json\/wp\/v2\/pages\/14","targetHints":{"allow":["GET"]}}],"collection":[{"href":"https:\/\/www.celec.gob.ec\/hidroazogues\/wp-json\/wp\/v2\/pages"}],"about":[{"href":"https:\/\/www.celec.gob.ec\/hidroazogues\/wp-json\/wp\/v2\/types\/page"}],"author":[{"embeddable":true,"href":"https:\/\/www.celec.gob.ec\/hidroazogues\/wp-json\/wp\/v2\/users\/1"}],"replies":[{"embeddable":true,"href":"https:\/\/www.celec.gob.ec\/hidroazogues\/wp-json\/wp\/v2\/comments?post=14"}],"version-history":[{"count":1,"href":"https:\/\/www.celec.gob.ec\/hidroazogues\/wp-json\/wp\/v2\/pages\/14\/revisions"}],"predecessor-version":[{"id":15,"href":"https:\/\/www.celec.gob.ec\/hidroazogues\/wp-json\/wp\/v2\/pages\/14\/revisions\/15"}],"wp:attachment":[{"href":"https:\/\/www.celec.gob.ec\/hidroazogues\/wp-json\/wp\/v2\/media?parent=14"}],"curies":[{"name":"wp","href":"https:\/\/api.w.org\/{rel}","templated":true}]}}