{"id":18,"date":"2023-02-13T15:20:56","date_gmt":"2023-02-13T15:20:56","guid":{"rendered":"https:\/\/www.celec.gob.ec\/hidroazogues\/?page_id=18"},"modified":"2023-02-13T15:22:24","modified_gmt":"2023-02-13T15:22:24","slug":"filosofia-corporativa","status":"publish","type":"page","link":"https:\/\/www.celec.gob.ec\/hidroazogues\/filosofia-corporativa\/","title":{"rendered":"Filosofia Corporativa"},"content":{"rendered":"\n<h2 class=\"wp-block-heading\">Visi\u00f3n CELEC EP<\/h2>\n\n\n\n<p><br>Ser la Empresa p\u00fablica l\u00edder que garantiza la soberan\u00eda el\u00e9ctrica e impulsa el desarrollo del Ecuador.<\/p>\n\n\n\n<h2 class=\"wp-block-heading\">Misi\u00f3n CELEC EP<\/h2>\n\n\n\n<p>Generamos bienestar y desarrollo nacional, asegurando la provisi\u00f3n de energ\u00eda el\u00e9ctrica a todo el pa\u00eds, con altos est\u00e1ndares de calidad y eficiencia, con el aporte de su talento humano comprometido y competente, actuando responsablemente con la comunidad y el ambiente.<\/p>\n\n\n\n<h2 class=\"wp-block-heading\">Misi\u00f3n CELEC EP HIDROAZOGUES<\/h2>\n\n\n\n<p>Generaremos energ\u00eda el\u00e9ctrica limpia, para brindar un servicio de alta calidad con eficiencia y responsabilidad, aportando al desarrollo energ\u00e9tico del pa\u00eds, aprovechando los recursos humanos y naturales con \u00e9nfasis en la protecci\u00f3n y preservaci\u00f3n ambiental.<\/p>\n\n\n\n<h2 class=\"wp-block-heading\">Valores Institucionales<\/h2>\n\n\n\n<p><strong>Compromiso:<\/strong> Honramos todas nuestras responsabilidades como un deber c\u00edvico con la Patria, impulsados por nuestra lealtad con la misi\u00f3n de CELEC EP. La mejor medida de nuestro trabajo, es la consecuci\u00f3n de los objetivos buscados, en el marco de las pol\u00edticas institucionales y de nuestros valores y principios.<\/p>\n\n\n\n<p><strong>Trabajo en equipo: <\/strong>Actuamos en la unidad, sabiendo que la integraci\u00f3n sin barreras y coordinada de nuestros esfuerzos es superior a la suma de los aportes individuales. El poder de nuestra inteligencia colectiva es superior a la magnitud de nuestros retos.<\/p>\n\n\n\n<p><strong>Integridad:<\/strong> Nuestras acciones, decisiones y resultados est\u00e1n siempre enmarcados en la legalidad, oportunidad y \u00e9tica, enfrentando con decisi\u00f3n la corrupci\u00f3n en todas sus formas.<\/p>\n\n\n\n<p><strong>Responsabilidad Socio-ambiental:<\/strong> Proveemos bienestar y desarrollo a nuestros clientes, a todos los colaboradores de la empresa y sus familias, a nuestros proveedores y socios de negocios, a las comunidades en que actuamos y a la sociedad en general, equilibrando el progreso con la preservaci\u00f3n de la naturaleza y el ambiente.<\/p>\n\n\n\n<p><strong>Pasi\u00f3n por la excelencia:<\/strong> Generamos ideas para la eficacia, eficiencia e innovaci\u00f3n de nuestros servicios y gesti\u00f3n. Nos exigimos nuestro mayor esfuerzo a nivel t\u00e9cnico, administrativo y directivo. Estamos permanentemente aprendiendo y actualizando nuestras competencias. Actuamos proactivamente en nuestras decisiones.<\/p>\n\n\n\n<h2 class=\"wp-block-heading\">Objetivos Estrat\u00e9gicos<\/h2>\n\n\n\n<p>Incrementar la disponibilidad y confiabilidad del Sistema El\u00e9ctrico Nacional bajo est\u00e1ndares de calidad, eficiencia, eficacia y responsabilidad social.<br>Incrementar la oferta del servicio el\u00e9ctrico para abastecer la demanda con responsabilidad social, mejorar la reserva, ampliar la cobertura y contribuir al cambio de la matriz energ\u00e9tica.<br>Incrementar la eficiencia institucional.<br>Incrementar el desarrollo del Talento Humano.<br>Incrementar la sustentabilidad Financiera.<\/p>\n\n\n\n<h2 class=\"wp-block-heading\">Directorio CELEC EP<\/h2>\n\n\n<div class=\"wp-block-image\">\n<figure class=\"aligncenter size-large\"><img loading=\"lazy\" decoding=\"async\" width=\"791\" height=\"1024\" src=\"https:\/\/www.celec.gob.ec\/hidroazogues\/wp-content\/uploads\/2023\/02\/Directorio-CELEC-EP-791x1024.png\" alt=\"\" class=\"wp-image-20\" srcset=\"https:\/\/www.celec.gob.ec\/hidroazogues\/wp-content\/uploads\/2023\/02\/Directorio-CELEC-EP-791x1024.png 791w, https:\/\/www.celec.gob.ec\/hidroazogues\/wp-content\/uploads\/2023\/02\/Directorio-CELEC-EP-232x300.png 232w, https:\/\/www.celec.gob.ec\/hidroazogues\/wp-content\/uploads\/2023\/02\/Directorio-CELEC-EP-768x994.png 768w, https:\/\/www.celec.gob.ec\/hidroazogues\/wp-content\/uploads\/2023\/02\/Directorio-CELEC-EP-1187x1536.png 1187w, https:\/\/www.celec.gob.ec\/hidroazogues\/wp-content\/uploads\/2023\/02\/Directorio-CELEC-EP.png 1275w\" sizes=\"auto, (max-width: 791px) 100vw, 791px\" \/><\/figure>\n<\/div>","protected":false},"excerpt":{"rendered":"<p>Visi\u00f3n CELEC EP Ser la Empresa p\u00fablica l\u00edder que garantiza la soberan\u00eda el\u00e9ctrica e impulsa el desarrollo del Ecuador. Misi\u00f3n CELEC EP Generamos bienestar y desarrollo nacional, asegurando la provisi\u00f3n de energ\u00eda el\u00e9ctrica a todo el pa\u00eds, con altos est\u00e1ndares de calidad y eficiencia, con el aporte de su talento humano comprometido y competente, actuando [&hellip;]<\/p>\n","protected":false},"author":1,"featured_media":0,"parent":0,"menu_order":0,"comment_status":"closed","ping_status":"closed","template":"","meta":{"_acf_changed":false,"_themeisle_gutenberg_block_has_review":false,"footnotes":""},"class_list":["post-18","page","type-page","status-publish","hentry"],"acf":[],"_links":{"self":[{"href":"https:\/\/www.celec.gob.ec\/hidroazogues\/wp-json\/wp\/v2\/pages\/18","targetHints":{"allow":["GET"]}}],"collection":[{"href":"https:\/\/www.celec.gob.ec\/hidroazogues\/wp-json\/wp\/v2\/pages"}],"about":[{"href":"https:\/\/www.celec.gob.ec\/hidroazogues\/wp-json\/wp\/v2\/types\/page"}],"author":[{"embeddable":true,"href":"https:\/\/www.celec.gob.ec\/hidroazogues\/wp-json\/wp\/v2\/users\/1"}],"replies":[{"embeddable":true,"href":"https:\/\/www.celec.gob.ec\/hidroazogues\/wp-json\/wp\/v2\/comments?post=18"}],"version-history":[{"count":2,"href":"https:\/\/www.celec.gob.ec\/hidroazogues\/wp-json\/wp\/v2\/pages\/18\/revisions"}],"predecessor-version":[{"id":21,"href":"https:\/\/www.celec.gob.ec\/hidroazogues\/wp-json\/wp\/v2\/pages\/18\/revisions\/21"}],"wp:attachment":[{"href":"https:\/\/www.celec.gob.ec\/hidroazogues\/wp-json\/wp\/v2\/media?parent=18"}],"curies":[{"name":"wp","href":"https:\/\/api.w.org\/{rel}","templated":true}]}}