{"id":209,"date":"2023-05-16T10:36:27","date_gmt":"2023-05-16T10:36:27","guid":{"rendered":"https:\/\/www.celec.gob.ec\/hidroazogues\/?page_id=987"},"modified":"2023-05-16T10:36:27","modified_gmt":"2023-05-16T10:36:27","slug":"politica-para-el-tratamiento-de-datos-personales","status":"publish","type":"page","link":"https:\/\/www.celec.gob.ec\/hidroazogues\/politica-para-el-tratamiento-de-datos-personales\/","title":{"rendered":"Pol\u00edtica para el tratamiento de datos personales"},"content":{"rendered":"\n<ol class=\"wp-block-list\">\n<li><strong>POL\u00cdTICA DE PRIVACIDAD<\/strong><\/li>\n<\/ol>\n\n\n\n<p><strong>1.1.&nbsp;&nbsp;&nbsp;&nbsp;&nbsp; ALCANCE<\/strong><\/p>\n\n\n\n<p>Esta pol\u00edtica de privacidad se aplica a todos los datos personales recolectados a trav\u00e9s del portal web www.celec.gob.ec y de servicios de la Corporaci\u00f3n El\u00e9ctrica del Ecuador CELEC EP.<\/p>\n\n\n\n<p>En CELEC EP, todos los servidores que realizan el tratamiento de datos personales, suscriben acuerdos de confidencialidad de la informaci\u00f3n.<\/p>\n\n\n\n<p><strong>1.2.&nbsp;&nbsp;&nbsp;&nbsp;&nbsp; DATOS QUE SE RECOLECTA:<\/strong><\/p>\n\n\n\n<p>La Corporaci\u00f3n El\u00e9ctrica del Ecuador CELEC EP a trav\u00e9s del portal web www.celec.gob.ec y de los servicios institucionales, recopila los siguientes datos personales:<\/p>\n\n\n\n<p><strong>Persona Natural (Nacional \u2013Extranjera)<\/strong><\/p>\n\n\n\n<ul class=\"wp-block-list\">\n<li>Nombres y apellidos<\/li>\n\n\n\n<li>Lugar de nacimiento<\/li>\n\n\n\n<li>Fecha de nacimiento<\/li>\n\n\n\n<li>N\u00famero de c\u00e9dula de ciudadan\u00eda o pasaporte, documento de identidad y otros,<\/li>\n\n\n\n<li>Edad<\/li>\n\n\n\n<li>Correo electr\u00f3nico<\/li>\n\n\n\n<li>G\u00e9nero<\/li>\n\n\n\n<li>Etnia<\/li>\n\n\n\n<li>Estado civil<\/li>\n\n\n\n<li>Pa\u00eds de Residencia<\/li>\n\n\n\n<li>Provincia<\/li>\n\n\n\n<li>Ciudad<\/li>\n\n\n\n<li>Parroquia<\/li>\n\n\n\n<li>Sector<\/li>\n\n\n\n<li>Direcci\u00f3n<\/li>\n\n\n\n<li>Tel\u00e9fono fijo<\/li>\n\n\n\n<li>Tel\u00e9fono celular<\/li>\n\n\n\n<li>Nro. hijos<\/li>\n\n\n\n<li>Discapacidad<\/li>\n\n\n\n<li>Tipo de discapacidad<\/li>\n\n\n\n<li>Nro. carnet conadis<\/li>\n\n\n\n<li>Formaci\u00f3n acad\u00e9mica<\/li>\n\n\n\n<li>Experiencia laboral<\/li>\n\n\n\n<li>Cursos realizados<\/li>\n<\/ul>\n\n\n\n<p><strong>Persona Jur\u00eddica (Nacional \u2013Extranjera) (requisitos adicionales a los detallados antes)<\/strong><\/p>\n\n\n\n<ul class=\"wp-block-list\">\n<li>Ruc<\/li>\n\n\n\n<li>Representante Legal<\/li>\n\n\n\n<li>Raz\u00f3n Social<\/li>\n\n\n\n<li>Tel\u00e9fono convencional<\/li>\n\n\n\n<li>Actividad econ\u00f3mica<\/li>\n\n\n\n<li>Casillero judicial<\/li>\n\n\n\n<li>C\u00f3digo CPC<\/li>\n<\/ul>\n\n\n\n<p><strong>Pr\u00e1cticas de registro<\/strong><\/p>\n\n\n\n<p>La&nbsp;Corporaci\u00f3n El\u00e9ctrica del Ecuador CELEC EP registra autom\u00e1ticamente las direcciones de Protocolo de Internet (IP) de los visitantes. La direcci\u00f3n IP es un n\u00famero \u00fanico asignado a cada computadora en Internet. En general, una direcci\u00f3n IP que cambia cada vez que se conecta a Internet es una direcci\u00f3n din\u00e1mica. Sin embargo, tenga en cuenta que, con algunas direcciones de banda ancha, su direcci\u00f3n IP es est\u00e1tica y podr\u00eda estar asociada a su computadora personal.<\/p>\n\n\n\n<p>Se realiza un seguimiento a las p\u00e1ginas visitadas en el sitio web de la Corporaci\u00f3n El\u00e9ctrica del Ecuador CELEC EP, la cantidad de tiempo que pasa en esas p\u00e1ginas y los tipos de b\u00fasquedas realizadas en ellas. Sus b\u00fasquedas permanecen confidenciales y an\u00f3nimas.<\/p>\n\n\n\n<p>La Corporaci\u00f3n El\u00e9ctrica del Ecuador CELEC EP utiliza esta informaci\u00f3n solo con fines estad\u00edsticos para averiguar que paginas los usuarios m\u00e1s visitan y para mejorar el sitio web, en este sentido tambi\u00e9n se puede almacenar datos que usted transmite. Esto puede ser:<\/p>\n\n\n\n<ul class=\"wp-block-list\">\n<li>\u2022 Navegador<\/li>\n\n\n\n<li>\u2022 Sistema operativo que utiliza<\/li>\n\n\n\n<li>\u2022 Direcci\u00f3n de control de acceso a medios (MAC)<\/li>\n\n\n\n<li>\u2022 Fecha y hora de la solicitud del servidor<\/li>\n\n\n\n<li>\u2022 Volumen de datos transferidos<\/li>\n<\/ul>\n\n\n\n<ol class=\"wp-block-list\" start=\"2\">\n<li><strong>FINALIDAD<\/strong><\/li>\n<\/ol>\n\n\n\n<p>Se utiliza la informaci\u00f3n para mejorar el contenido, la accesibilidad, la usabilidad y experiencia de los usuarios de las diferentes plataformas Corporativas.<br>La Corporaci\u00f3n El\u00e9ctrica del Ecuador CELEC EP, a trav\u00e9s de su canal electr\u00f3nico y diferentes plataformas no solicita, utiliza, \u00a1almacena ni comparte informaci\u00f3n personal de los ciudadanos; en virtud de que no tiene procesos de misi\u00f3n que as\u00ed lo exijan.<\/p>\n\n\n\n<ol class=\"wp-block-list\" start=\"3\">\n<li><strong>PROCESO PARA EJERCER DERECHO DE ACCESO Y RECTIFICACI\u00d3N<\/strong><\/li>\n<\/ol>\n\n\n\n<p>La Corporaci\u00f3n El\u00e9ctrica del Ecuador CELEC EP, reconoce a los titulares de datos personales el Acceso y Rectificaci\u00f3n al tratamiento que se realice sobre sus datos, en este sentido cuando requiera su derecho de acceso y, en el caso de tener errores de omisi\u00f3n, como errores tipogr\u00e1ficos y ortogr\u00e1ficos en sus datos.<\/p>\n\n\n\n<p>En ejercicio del derecho de rectificaci\u00f3n los ciudadanos podr\u00e1n solicitar se rectifique o actualicen sus datos a trav\u00e9s de los diferentes canales informativos de atenci\u00f3n al ciudadano.<\/p>\n\n\n\n<ol class=\"wp-block-list\" start=\"4\">\n<li><strong>NOTIFICACIONES CUANDO EXISTAN CAMBIOS EN LA POL\u00cdTICA DE PRIVACIDAD<\/strong><\/li>\n<\/ol>\n\n\n\n<p>La Corporaci\u00f3n El\u00e9ctrica del Ecuador CELEC EP puede actualizar su Pol\u00edtica de Privacidad cuando sea necesario. En caso de realizar cambios sustanciales, se notificar\u00e1 mediante un aviso en las diferentes plataformas institucionales. Se recomienda al usuario que revise peri\u00f3dicamente las plataformas institucionales para obtener la informaci\u00f3n m\u00e1s reciente sobre la pol\u00edtica de privacidad.<\/p>\n\n\n\n<ol class=\"wp-block-list\" start=\"5\">\n<li><strong>USO DE COOKIES<\/strong><\/li>\n<\/ol>\n\n\n\n<p>La Corporaci\u00f3n El\u00e9ctrica del Ecuador CELEC EP puede utilizar los datos recopilados como resultado de la navegaci\u00f3n del sitio web, para ayudar a crear y personalizar el contenido del sitio web, mejorar la navegaci\u00f3n y la calidad de este.<\/p>\n\n\n\n<p>No compartimos sus datos personales. Cuando hace clic o interact\u00faa con un anuncio o banner, existe la posibilidad de que el propietario de este recurso pueda colocar una cookie en su navegador con sus propias condiciones de uso.<\/p>\n\n\n\n<ol class=\"wp-block-list\" start=\"6\">\n<li><strong>MEDIDAS PARA PRECAUTELAR LA SEGURIDAD DE LOS DATOS PERSONALES<\/strong><\/li>\n<\/ol>\n\n\n\n<p>La Corporaci\u00f3n El\u00e9ctrica del Ecuador CELEC EP protege la confidencialidad, integridad y disponibilidad de los activos de informaci\u00f3n al seguir un enfoque de administraci\u00f3n de riesgos basado en las pol\u00edticas, est\u00e1ndares, pautas y procedimientos para cumplir con los objetivos de seguridad.<\/p>\n\n\n\n<p>La Corporaci\u00f3n El\u00e9ctrica del Ecuador CELEC EP utiliza el protocolo HTTPS para brindar seguridad en el uso de este canal electr\u00f3nico, y se realiza revisiones peri\u00f3dicas a sus procedimientos de seguridad.<\/p>\n\n\n\n<ol class=\"wp-block-list\" start=\"7\">\n<li><strong>BASE LEGAL QUE SUSTENTA EL TRATAMIENTO DE LOS DATOS<\/strong><\/li>\n<\/ol>\n\n\n\n<p>La Corporaci\u00f3n El\u00e9ctrica del Ecuador CELEC EP fundamenta el tratamiento que da a los datos personales en los siguientes instrumentos legales:<\/p>\n\n\n\n<ul class=\"wp-block-list\">\n<li>Ley Org\u00e1nica del Sistema Nacional de Registro de Datos P\u00fablicos, publicada en el Registro Oficial Suplemento No. 162 de 31 de marzo de 2010; art\u00edculo 4.\u201cResponsabilidad de la informaci\u00f3n.Las instituciones del sector p\u00fablico y privado y las personas naturales que actualmente o en el futuro administren bases o registros de datos p\u00fablicos, son responsables de la integridad, protecci\u00f3n y control de los registros y bases de datos a su cargo. Dichas instituciones responder\u00e1n por la veracidad, autenticidad, custodia y debida conservaci\u00f3n de los registros. La responsabilidad sobre la veracidad y autenticidad de los datos registrados es exclusiva de la o el declarante cuando esta o este provee toda la informaci\u00f3n (\u2026)\u201d.<\/li>\n<\/ul>\n\n\n\n<ul class=\"wp-block-list\">\n<li>El art\u00edculo 6 de la referida Ley, determina: \u201cAccesibilidad y confidencialidad. Son confidenciales los datos de car\u00e1cter personal, tales como: ideolog\u00eda, afiliaci\u00f3n pol\u00edtica o sindical, etnia, estado de salud, orientaci\u00f3n sexual, religi\u00f3n, condici\u00f3n migratoria y los dem\u00e1s atinentes a la intimidad personal y en especial aquella informaci\u00f3n cuyo uso p\u00fablico atente contra los derechos humanos consagrados en la Constituci\u00f3n e instrumentos internacionales (\u2026)\u201d<\/li>\n<\/ul>\n\n\n\n<ul class=\"wp-block-list\">\n<li>Mediante Acuerdo Ministerial No. 166 de 19 de septiembre de 2013, publicado en el Registro Oficial Suplemento No. 88 del 25 de septiembre de 2013, el Secretario Nacional de la Administraci\u00f3n P\u00fablica, acuerda: \u201cArt. 1. Disponer a las entidades de la Administraci\u00f3n P\u00fablica Central, Institucional y que dependen de la Funci\u00f3n Ejecutiva el uso obligatorio de las Normas T\u00e9cnicas Ecuatorianas NTE INENISO\/IEC 27000 para la Gesti\u00f3n de Seguridad de la Informaci\u00f3n\u2026\u201d ;<\/li>\n<\/ul>\n\n\n\n<ul class=\"wp-block-list\">\n<li>El n\u00famero 2.10, del referido Acuerdo Ministerial No. 166, establece, que son consideraciones de la seguridad cuando se trata con ciudadanos o clientes, entre otros, que: \u201cProtecci\u00f3n de datos en base la Constituci\u00f3n y leyes nacionales, \u00a1particularmente datos personales o financieros de los ciudadanos&#8230;\u201d ;<\/li>\n<\/ul>\n\n\n\n<ul class=\"wp-block-list\">\n<li>El n\u00famero 11.4, del Acuerdo ibidem, determina que, para la protecci\u00f3n de los datos y privacidad de la informaci\u00f3n personal, se debe establecer, entre otros, lo se\u00f1alado en su letra c), que manifiesta: \u201cImplementar mecanismos de car\u00e1cter organizacional y tecnol\u00f3gico para autorizaci\u00f3n al acceso, uso e intercambio de datos personales de las personas o ciudadanos en custodia de las entidades p\u00fablicas. Prima el principio que los datos personales pertenecen a las personas y no a las instituciones, \u00e9stas los custodian al amparo de la normativa legal vigente.\u201d ;Gu\u00eda para la protecci\u00f3n de datos personales en la Administraci\u00f3n P\u00fablica Central, emitido por el Ministerio de Telecomunicaciones y Sociedad de la Informaci\u00f3n mediante Acuerdo Ministerial 012-2019 del 11 de junio de 2019.<\/li>\n<\/ul>\n\n\n\n<ol class=\"wp-block-list\" start=\"8\">\n<li><strong>T\u00c9RMINOS Y CONDICIONES DE USO<\/strong><\/li>\n<\/ol>\n\n\n\n<p>El uso de este portal o de cualquiera de sus componentes, implica la aceptaci\u00f3n expresa de los presentes t\u00e9rminos y condiciones de uso.<\/p>\n\n\n\n<p>La Corporaci\u00f3n El\u00e9ctrica del Ecuador CELEC EP dispone de este portal web para prestar informaci\u00f3n a los ciudadanos sobre la gesti\u00f3n que lleva adelante.<\/p>\n\n\n\n<p><strong>8.1.&nbsp;&nbsp;&nbsp;&nbsp;&nbsp;&nbsp;RESPONSABILIDAD<\/strong><\/p>\n\n\n\n<p>La Corporaci\u00f3n El\u00e9ctrica del Ecuador CELEC EP:<\/p>\n\n\n\n<ul class=\"wp-block-list\">\n<li>Solamente ser\u00e1 responsable del tratamiento y uso de los datos personales que recabe en forma directa a trav\u00e9s de este portal web.<\/li>\n\n\n\n<li>Se deslinda de cualquier responsabilidad que pueda generar al usuario por cualquier uso inadecuado o contrario a los fines de este canal electr\u00f3nico.<\/li>\n\n\n\n<li>No se hace responsable de la veracidad o exactitud de la informaci\u00f3n contenida en los enlaces a otros sitios web o que haya sido entregada por terceros.<\/li>\n<\/ul>\n\n\n\n<p><strong>8.2.&nbsp;&nbsp;&nbsp;&nbsp;&nbsp;&nbsp;SON OBLIGACIONES DEL USUARIO<\/strong><\/p>\n\n\n\n<ul class=\"wp-block-list\">\n<li>No utilizar versiones de sistemas modificados con el fin de obtener accesos no autorizados a cualquier canal electr\u00f3nico, contenido y\/o servicios ofrecidos a trav\u00e9s de estos.<\/li>\n\n\n\n<li>No interferir ni interrumpir el acceso, funcionalidad y utilizaci\u00f3n de canales electr\u00f3nicos y redes conectados al mismo.<\/li>\n\n\n\n<li>En caso de detectarse alg\u00fan comportamiento que infrinja los t\u00e9rminos de esta pol\u00edtica, La Corporaci\u00f3n El\u00e9ctrica del Ecuador CELEC EP se reserva el derecho a suspender temporalmente el servicio para el usuario infractor a fin de precautelar la confidencialidad y la integridad de los datos de los dem\u00e1s usuarios<\/li>\n<\/ul>\n\n\n\n<ol class=\"wp-block-list\" start=\"9\">\n<li><strong>REVISI\u00d3N DE LA POL\u00cdTICA DE TRATAMIENTO DE DATOS PERSONALES<\/strong><\/li>\n<\/ol>\n\n\n\n<ul class=\"wp-block-list\">\n<li>Revisar anualmente o cuando se produzcan cambios significativos a nivel operativo, legal, tecnol\u00f3gico, econ\u00f3mico, entre otros, la Pol\u00edtica de Tratamiento de Datos Personales de la Instituci\u00f3n.<\/li>\n<\/ul>\n\n\n\n<ol class=\"wp-block-list\" start=\"10\">\n<li><strong>VIGENCIA<\/strong><\/li>\n<\/ol>\n\n\n\n<ul class=\"wp-block-list\">\n<li>Esta pol\u00edtica, y las gu\u00edas que a acompa\u00f1en, tendr\u00e1n vigencia desde la fecha de su expedici\u00f3n.<\/li>\n<\/ul>\n","protected":false},"excerpt":{"rendered":"<p>1.1.&nbsp;&nbsp;&nbsp;&nbsp;&nbsp; ALCANCE Esta pol\u00edtica de privacidad se aplica a todos los datos personales recolectados a trav\u00e9s del portal web www.celec.gob.ec y de servicios de la Corporaci\u00f3n El\u00e9ctrica del Ecuador CELEC EP. En CELEC EP, todos los servidores que realizan el tratamiento de datos personales, suscriben acuerdos de confidencialidad de la informaci\u00f3n. 1.2.&nbsp;&nbsp;&nbsp;&nbsp;&nbsp; DATOS QUE SE [&hellip;]<\/p>\n","protected":false},"author":1,"featured_media":0,"parent":0,"menu_order":0,"comment_status":"closed","ping_status":"closed","template":"","meta":{"_acf_changed":false,"_themeisle_gutenberg_block_has_review":false,"footnotes":""},"class_list":["post-209","page","type-page","status-publish","hentry"],"acf":[],"_links":{"self":[{"href":"https:\/\/www.celec.gob.ec\/hidroazogues\/wp-json\/wp\/v2\/pages\/209","targetHints":{"allow":["GET"]}}],"collection":[{"href":"https:\/\/www.celec.gob.ec\/hidroazogues\/wp-json\/wp\/v2\/pages"}],"about":[{"href":"https:\/\/www.celec.gob.ec\/hidroazogues\/wp-json\/wp\/v2\/types\/page"}],"author":[{"embeddable":true,"href":"https:\/\/www.celec.gob.ec\/hidroazogues\/wp-json\/wp\/v2\/users\/1"}],"replies":[{"embeddable":true,"href":"https:\/\/www.celec.gob.ec\/hidroazogues\/wp-json\/wp\/v2\/comments?post=209"}],"version-history":[{"count":0,"href":"https:\/\/www.celec.gob.ec\/hidroazogues\/wp-json\/wp\/v2\/pages\/209\/revisions"}],"wp:attachment":[{"href":"https:\/\/www.celec.gob.ec\/hidroazogues\/wp-json\/wp\/v2\/media?parent=209"}],"curies":[{"name":"wp","href":"https:\/\/api.w.org\/{rel}","templated":true}]}}