{"id":214,"date":"2025-07-15T21:33:15","date_gmt":"2025-07-15T21:33:15","guid":{"rendered":"https:\/\/www.celec.gob.ec\/hidroazogues\/?page_id=214"},"modified":"2025-07-15T21:33:15","modified_gmt":"2025-07-15T21:33:15","slug":"noticias","status":"publish","type":"page","link":"https:\/\/www.celec.gob.ec\/hidroazogues\/noticias\/","title":{"rendered":"Noticias"},"content":{"rendered":"\n<p><strong>MANIFESTACI\u00d3N DE INTER\u00c9S PARA CONSULTOR\u00cdA<\/strong><\/p>\n\n\n\n<p>CELEC EP se encuentra llevando adelante la fase preparatoria del proceso de contrataci\u00f3n CONSULTOR\u00cdA DE ESTUDIOS Y DISE\u00d1OS DEFINITIVOS ARQUITECT\u00d3NICOS E INGENIER\u00cdAS PARA LA CONSTRUCCI\u00d3N DE UN CAMPAMENTO, BODEGA INSTALACIONES OPERATIVAS Y UNA ESCOMBRERA EN LA CENTRAL ALAZ\u00c1N.<\/p>\n\n\n\n<p>En virtud de lo expuesto, y con el objeto de continuar con los tr\u00e1mites inherentes a la ejecuci\u00f3n precontractual de este proceso de contrataci\u00f3n, ponemos a su consideraci\u00f3n la documentaci\u00f3n que se lista a continuaci\u00f3n (contenida en el siguiente link: <a href=\"https:\/\/celecloud.celec.gob.ec\/s\/8NGTcEHpQdrcZ99\">https:\/\/celecloud.celec.gob.ec\/s\/8NGTcEHpQdrcZ99<\/a>), para efectos de que exprese su manifestaci\u00f3n de inter\u00e9s, indicando el cumplimiento de los t\u00e9rminos de referencia y remita paralelamente una pre oferta (de acuerdo al formato solicitado) para la ejecuci\u00f3n de esta consultor\u00eda, as\u00ed como tambi\u00e9n la experiencia que posee, relacionada a este tipo de trabajos:<\/p>\n\n\n\n<p>Modelo de cotizaci\u00f3n<\/p>\n\n\n\n<p>T\u00e9rminos de referencia para la consultor\u00eda<\/p>\n\n\n\n<p>Especificaciones t\u00e9cnicas topograf\u00eda<\/p>\n\n\n\n<p>Especificaciones t\u00e9cnicas geof\u00edsica<\/p>\n\n\n\n<p>Especificaciones t\u00e9cnicas exploraciones con recuperaci\u00f3n de testigos<\/p>\n\n\n\n<p>Especificaciones t\u00e9cnicas geolog\u00eda y geotecnia<\/p>\n\n\n\n<p>T\u00e9rminos de referencia del componente ambiental<\/p>\n\n\n\n<p>Plano del predio donde se implantar\u00e1 el campamento, bodega e instalaciones operativas.<\/p>\n\n\n\n<div id=\"wp-block-themeisle-blocks-button-group-e293d8c9\" class=\"wp-block-themeisle-blocks-button-group wp-block-buttons\">\n<div id=\"wp-block-themeisle-blocks-button-6c0d9ff1\" class=\"wp-block-themeisle-blocks-button wp-block-button\"><a href=\"https:\/\/www.celec.gob.ec\/hidroazogues\/wp-content\/uploads\/2023\/06\/BASES-REMATE.pdf\" target=\"_blank\" rel=\"noopener noreferrer\" class=\"wp-block-button__link\"><span>Descargar bases<\/span><\/a><\/div>\n<\/div>\n","protected":false},"excerpt":{"rendered":"<p>MANIFESTACI\u00d3N DE INTER\u00c9S PARA CONSULTOR\u00cdA CELEC EP se encuentra llevando adelante la fase preparatoria del proceso de contrataci\u00f3n CONSULTOR\u00cdA DE ESTUDIOS Y DISE\u00d1OS DEFINITIVOS ARQUITECT\u00d3NICOS E INGENIER\u00cdAS PARA LA CONSTRUCCI\u00d3N DE UN CAMPAMENTO, BODEGA INSTALACIONES OPERATIVAS Y UNA ESCOMBRERA EN LA CENTRAL ALAZ\u00c1N. En virtud de lo expuesto, y con el objeto de continuar con [&hellip;]<\/p>\n","protected":false},"author":1,"featured_media":0,"parent":0,"menu_order":0,"comment_status":"closed","ping_status":"closed","template":"","meta":{"_acf_changed":false,"_themeisle_gutenberg_block_has_review":false,"footnotes":""},"class_list":["post-214","page","type-page","status-publish","hentry"],"acf":[],"_links":{"self":[{"href":"https:\/\/www.celec.gob.ec\/hidroazogues\/wp-json\/wp\/v2\/pages\/214","targetHints":{"allow":["GET"]}}],"collection":[{"href":"https:\/\/www.celec.gob.ec\/hidroazogues\/wp-json\/wp\/v2\/pages"}],"about":[{"href":"https:\/\/www.celec.gob.ec\/hidroazogues\/wp-json\/wp\/v2\/types\/page"}],"author":[{"embeddable":true,"href":"https:\/\/www.celec.gob.ec\/hidroazogues\/wp-json\/wp\/v2\/users\/1"}],"replies":[{"embeddable":true,"href":"https:\/\/www.celec.gob.ec\/hidroazogues\/wp-json\/wp\/v2\/comments?post=214"}],"version-history":[{"count":3,"href":"https:\/\/www.celec.gob.ec\/hidroazogues\/wp-json\/wp\/v2\/pages\/214\/revisions"}],"predecessor-version":[{"id":739,"href":"https:\/\/www.celec.gob.ec\/hidroazogues\/wp-json\/wp\/v2\/pages\/214\/revisions\/739"}],"wp:attachment":[{"href":"https:\/\/www.celec.gob.ec\/hidroazogues\/wp-json\/wp\/v2\/media?parent=214"}],"curies":[{"name":"wp","href":"https:\/\/api.w.org\/{rel}","templated":true}]}}