{"id":24,"date":"2023-02-13T15:23:54","date_gmt":"2023-02-13T15:23:54","guid":{"rendered":"https:\/\/www.celec.gob.ec\/hidroazogues\/?page_id=24"},"modified":"2023-02-13T19:43:06","modified_gmt":"2023-02-13T19:43:06","slug":"informacion-general-2","status":"publish","type":"page","link":"https:\/\/www.celec.gob.ec\/hidroazogues\/informacion-general-2\/","title":{"rendered":"Contrataciones"},"content":{"rendered":"\n<p><strong>CONTRATACIONES<\/strong><\/p>\n\n\n\n<p>La Unidad de Negocio HIDROAZOGUES como parte de la Corporaci\u00f3n El\u00e9ctrica del Ecuador CELEC EP, publica a trav\u00e9s del portal www.compraspublicas.gob.ec todos sus procesos de contrataci\u00f3n. En el siguiente listado se puede revisar los procesos que actualmente est\u00e1n en tr\u00e1mite.<\/p>\n\n\n\n<p><a href=\"https:\/\/www.celec.gob.ec\/hidroazogues\/images\/Plan_Anual_Comp2020.pdf\" target=\"_blank\" rel=\"noreferrer noopener\">Plan anual de contrataciones CELEC EP 2020<\/a><\/p>\n\n\n\n<p><a href=\"https:\/\/www.celec.gob.ec\/hidroazogues\/images\/t2020\/PUBLICACION%20INSUMOS%20PAGINA%20WEB.pdf\" target=\"_blank\" rel=\"noreferrer noopener\">Proceso de contrataci\u00f3n emergente para adquisici\u00f3n de insumos m\u00e9dicos &#8211; bienes a ser suministrados<\/a><\/p>\n\n\n\n<p><strong>Resoluciones relacionadas a compras:<\/strong><\/p>\n\n\n\n<p><a href=\"https:\/\/www.celec.gob.ec\/hidroazogues\/images\/i-general\/terminacion_unilateral_suscrita.pdf\" target=\"_blank\" rel=\"noreferrer noopener\">TERMINACI\u00d3N ANTICIPADA Y UNILATERAL DEL CONTRATO NO. HAZ-CON 0012-2019 PARA LA \u201cADQUISICI\u00d3N DE REPUESTOS ELECTROMEC\u00c1NICOS PARA EL EQUIPAMIENTO DE LA CENTRAL ALAZ\u00c1N\u201d<\/a><\/p>\n\n\n\n<hr class=\"wp-block-separator has-alpha-channel-opacity\"\/>\n\n\n\n<p><strong>PLAN MAESTRO DE ELECTRIFICACI\u00d3N<\/strong><\/p>\n\n\n\n<p><a href=\"https:\/\/www.celec.gob.ec\/hidroazogues\/images\/PME-2016-2025.pdf\" target=\"_blank\" rel=\"noreferrer noopener\">Plan Maestro de Electricidad 2016-2025<\/a><\/p>\n\n\n\n<p><a href=\"https:\/\/celecloud.celec.gob.ec\/s\/3MZ0I18G8LAjwO0\" target=\"_blank\" rel=\"noreferrer noopener\">Plan Nacional de Eficiencia Energ\u00e9tica 2016-2035<\/a><\/p>\n\n\n\n<p><a href=\"https:\/\/celecloud.celec.gob.ec\/s\/VEPMuw6NL5qGIqR\" target=\"_blank\" rel=\"noreferrer noopener\">National energy Efficiency Plan 2016-2035<\/a><\/p>\n\n\n\n<hr class=\"wp-block-separator has-alpha-channel-opacity\"\/>\n\n\n\n<p><strong>EXPROPIACIONES\/DONACIONES<\/strong><\/p>\n\n\n\n<p><a href=\"https:\/\/www.celec.gob.ec\/hidroazogues\/images\/noticias\/ACTA%20LIQUIDACION%20FINAL%20CHATARRIZACION.pdf\" target=\"_blank\" rel=\"noreferrer noopener\">Proceso de chatarizaci\u00f3n de desechos s\u00f3lidos 2020<\/a><\/p>\n","protected":false},"excerpt":{"rendered":"<p>CONTRATACIONES La Unidad de Negocio HIDROAZOGUES como parte de la Corporaci\u00f3n El\u00e9ctrica del Ecuador CELEC EP, publica a trav\u00e9s del portal www.compraspublicas.gob.ec todos sus procesos de contrataci\u00f3n. En el siguiente listado se puede revisar los procesos que actualmente est\u00e1n en tr\u00e1mite. Plan anual de contrataciones CELEC EP 2020 Proceso de contrataci\u00f3n emergente para adquisici\u00f3n de [&hellip;]<\/p>\n","protected":false},"author":1,"featured_media":0,"parent":0,"menu_order":0,"comment_status":"closed","ping_status":"closed","template":"","meta":{"_acf_changed":false,"_themeisle_gutenberg_block_has_review":false,"footnotes":""},"class_list":["post-24","page","type-page","status-publish","hentry"],"acf":[],"_links":{"self":[{"href":"https:\/\/www.celec.gob.ec\/hidroazogues\/wp-json\/wp\/v2\/pages\/24","targetHints":{"allow":["GET"]}}],"collection":[{"href":"https:\/\/www.celec.gob.ec\/hidroazogues\/wp-json\/wp\/v2\/pages"}],"about":[{"href":"https:\/\/www.celec.gob.ec\/hidroazogues\/wp-json\/wp\/v2\/types\/page"}],"author":[{"embeddable":true,"href":"https:\/\/www.celec.gob.ec\/hidroazogues\/wp-json\/wp\/v2\/users\/1"}],"replies":[{"embeddable":true,"href":"https:\/\/www.celec.gob.ec\/hidroazogues\/wp-json\/wp\/v2\/comments?post=24"}],"version-history":[{"count":2,"href":"https:\/\/www.celec.gob.ec\/hidroazogues\/wp-json\/wp\/v2\/pages\/24\/revisions"}],"predecessor-version":[{"id":101,"href":"https:\/\/www.celec.gob.ec\/hidroazogues\/wp-json\/wp\/v2\/pages\/24\/revisions\/101"}],"wp:attachment":[{"href":"https:\/\/www.celec.gob.ec\/hidroazogues\/wp-json\/wp\/v2\/media?parent=24"}],"curies":[{"name":"wp","href":"https:\/\/api.w.org\/{rel}","templated":true}]}}