{"id":57,"date":"2023-02-13T16:15:32","date_gmt":"2023-02-13T16:15:32","guid":{"rendered":"https:\/\/www.celec.gob.ec\/hidroazogues\/?page_id=57"},"modified":"2023-02-13T16:16:19","modified_gmt":"2023-02-13T16:16:19","slug":"seguridad-y-salud-laboral","status":"publish","type":"page","link":"https:\/\/www.celec.gob.ec\/hidroazogues\/seguridad-y-salud-laboral\/","title":{"rendered":"Seguridad y Salud Laboral"},"content":{"rendered":"\n<h2 class=\"wp-block-heading\">\u00c1rea de Seguridad y Salud Laboral<\/h2>\n\n\n\n<p>El \u00e1rea de Seguridad y Salud Laboral de CELEC EP \u2013 HIDROAZOGUES, tiene como principal objetivo prevenir todo tipo de situaciones que perjudiquen a sus trabajadores, siendo nuestra principal fuente los Riesgos Laborales. El departamento SSL se compromete a realizar las gestiones necesarias para mitigar y\/o minimizar los riesgos y conseguir nuestro objetivo, esto con el fin de preservar la Integridad f\u00edsica y mental de nuestros colaboradores.<\/p>\n\n\n\n<div style=\"height:30px\" aria-hidden=\"true\" class=\"wp-block-spacer\"><\/div>\n\n\n\n<h2 class=\"wp-block-heading\">Actividades de Seguridad y Salud Laboral.<\/h2>\n\n\n\n<p><strong>Ex\u00e1menes m\u00e9dicos preventivos.-<\/strong> Se los realiza anualmente y la finalidad detectar a tiempo diferentes patolog\u00edas en funci\u00f3n del riesgo al que est\u00e1 expuesto el trabajador, adem\u00e1s se posibilita conocer los problemas metab\u00f3licos y\/o establecer los debidos controles.<\/p>\n\n\n\n<p><strong>Stocks de equipos de protecci\u00f3n.- <\/strong>Est\u00e1 en funci\u00f3n de las necesidades con un reabastecimiento aproximado de 1 vez por a\u00f1o, estos cumplen especificaciones y normas internacionales de calidad.<\/p>\n\n\n\n<p><strong>Controles sanitarios.-<\/strong> Con la finalidad de evitar afecciones microbianas al personal, se realiza peri\u00f3dicamente las inspecciones a instalaciones sanitarias y viviendas.<\/p>\n\n\n\n<p><strong>Revisi\u00f3n Vehicular.-<\/strong><br>Establecido en la Resoluci\u00f3n<br>Programas de capacitaci\u00f3n anual<\/p>\n\n\n\n<p><strong>Identificaci\u00f3n de Riesgos.-<\/strong> Identificar los Riesgos laborales en las etapas de construcci\u00f3n y generaci\u00f3n.<\/p>\n\n\n\n<p><strong>Inspecciones de Seguridad.-<\/strong> Actividad planificada en periodos de tiempo establecidas en el Plan Anual de Seguridad y Salud Laboral.<\/p>\n\n\n\n<div style=\"height:30px\" aria-hidden=\"true\" class=\"wp-block-spacer\"><\/div>\n\n\n\n<figure class=\"wp-block-table is-style-stripes\"><table><tbody><tr><th>Reglamentos<\/th><th>Descripci\u00f3n<\/th><\/tr><tr><th>Reglamento Interno<\/th><td>En el Ecuador, toda organizaci\u00f3n que intervenga en un proceso productivo es responsable de cumplir y hacer cumplir el ordenamiento jur\u00eddico definido en su legislaci\u00f3n laboral, que protege la vida, la integridad f\u00edsica, la salud org\u00e1nica y emocional como un derecho b\u00e1sico de las personas que realizan una actividad por cuenta propia o ajena, siendo deber de las empresas el promoverlo y garantizarlo en todo momento. &nbsp;<br><br>Dentro CELEC EP y en ejercicio de sus facultades legales, dicta su Reglamento Interno de Seguridad, Salud y Medio Ambiente Laboral, a trav\u00e9s de su pol\u00edtica y objetivos que regula las condiciones de trabajo y garantiza un ambiente laboral sano y libre de riesgos importantes.<\/td><\/tr><tr><th>C\u00f3digo de Convivencia en campamentos<\/th><td>Regula el comportamiento para el personal residente, cuando se encuentren dentro de campamentos de la Unidad de Negocio HIDROAZOGUES.<\/td><\/tr><tr><th>Reglamento de Visitas<\/th><td>Regula el ingreso y autorizaciones de visitas a las instalaciones de la Unidad de Negocio HIDROAZOGUES.<\/td><\/tr><tr><th>Uso de equipos de protecci\u00f3n<\/th><td>Regula el tipo, caracter\u00edsticas, condiciones, uso y mantenimiento que deben reunir los equipos de protecci\u00f3n individual y colectiva para las actividades que se ejecutan el personal de CELEC EP \u2013 HIDROAZOGUES&nbsp;<\/td><\/tr><\/tbody><\/table><\/figure>\n\n\n\n<div style=\"height:30px\" aria-hidden=\"true\" class=\"wp-block-spacer\"><\/div>\n\n\n\n<h2 class=\"wp-block-heading\">Documentos descargables de Normativa Nacional Vigente en materia de Seguridad y Salud Laboral<\/h2>\n\n\n\n<p>Decreto Ejecutivo 2393 \u2013 Reglamento de Seguridad y Salud de los Trabajadores y mejoramiento del medio ambiente<br>Resoluci\u00f3n No. C.D. 390 \u2013 Reglamento del Seguro General de Riesgos del Trabajo<br>Resoluci\u00f3n No. C.D. 333 \u2013 Reglamento para el Sistema de Auditor\u00eda de Riesgos del Trabajo \u201cSART\u201d<br>Acuerdo No. 174 \u2013 Reglamento de Seguridad y Salud para la Construcci\u00f3n y Obras P\u00fablicas.<br>Acuerdo No. 13 \u2013 Reglamento de Seguridad del Trabajo contra Riesgos en Instalaciones de Energ\u00eda El\u00e9ctrica.<\/p>\n\n\n\n<div style=\"height:30px\" aria-hidden=\"true\" class=\"wp-block-spacer\"><\/div>\n\n\n\n<h2 class=\"wp-block-heading\">Seguridad y Salud Laboral<\/h2>\n\n\n\n<div id=\"wp-block-themeisle-blocks-slider-a0366213\" class=\"wp-block-themeisle-blocks-slider glide\" data-per-view=\"1\" data-gap=\"0\" data-peek=\"0\" data-autoplay=\"true\" data-height=\"400px\" data-hide-arrows=\"false\"><div class=\"glide__track\" data-glide-el=\"track\"><div class=\"glide__slides\"><div class=\"wp-block-themeisle-blocks-slider-item-wrapper glide__slide\" tabindex=\"0\"><figure><img decoding=\"async\" class=\"wp-block-themeisle-blocks-slider-item\" src=\"https:\/\/www.celec.gob.ec\/hidroazogues\/wp-content\/uploads\/2023\/02\/ss01.jpg\" alt=\"\" title=\"\" data-id=\"58\"\/><\/figure><\/div><div class=\"wp-block-themeisle-blocks-slider-item-wrapper glide__slide\" tabindex=\"0\"><figure><img decoding=\"async\" class=\"wp-block-themeisle-blocks-slider-item\" src=\"https:\/\/www.celec.gob.ec\/hidroazogues\/wp-content\/uploads\/2023\/02\/ss02.jpg\" alt=\"\" title=\"\" data-id=\"59\"\/><\/figure><\/div><div class=\"wp-block-themeisle-blocks-slider-item-wrapper glide__slide\" tabindex=\"0\"><figure><img decoding=\"async\" class=\"wp-block-themeisle-blocks-slider-item\" src=\"https:\/\/www.celec.gob.ec\/hidroazogues\/wp-content\/uploads\/2023\/02\/ss03.jpg\" alt=\"\" title=\"\" data-id=\"60\"\/><\/figure><\/div><\/div><div class=\"glide__bullets\" data-glide-el=\"controls[nav]\"><button class=\"glide__bullet\" data-glide-dir=\"=0\"><\/button><button class=\"glide__bullet\" data-glide-dir=\"=1\"><\/button><button class=\"glide__bullet\" data-glide-dir=\"=2\"><\/button><\/div><\/div><\/div>\n","protected":false},"excerpt":{"rendered":"<p>\u00c1rea de Seguridad y Salud Laboral El \u00e1rea de Seguridad y Salud Laboral de CELEC EP \u2013 HIDROAZOGUES, tiene como principal objetivo prevenir todo tipo de situaciones que perjudiquen a sus trabajadores, siendo nuestra principal fuente los Riesgos Laborales. El departamento SSL se compromete a realizar las gestiones necesarias para mitigar y\/o minimizar los riesgos [&hellip;]<\/p>\n","protected":false},"author":1,"featured_media":0,"parent":0,"menu_order":0,"comment_status":"closed","ping_status":"closed","template":"","meta":{"_acf_changed":false,"_themeisle_gutenberg_block_has_review":false,"footnotes":""},"class_list":["post-57","page","type-page","status-publish","hentry"],"acf":[],"_links":{"self":[{"href":"https:\/\/www.celec.gob.ec\/hidroazogues\/wp-json\/wp\/v2\/pages\/57","targetHints":{"allow":["GET"]}}],"collection":[{"href":"https:\/\/www.celec.gob.ec\/hidroazogues\/wp-json\/wp\/v2\/pages"}],"about":[{"href":"https:\/\/www.celec.gob.ec\/hidroazogues\/wp-json\/wp\/v2\/types\/page"}],"author":[{"embeddable":true,"href":"https:\/\/www.celec.gob.ec\/hidroazogues\/wp-json\/wp\/v2\/users\/1"}],"replies":[{"embeddable":true,"href":"https:\/\/www.celec.gob.ec\/hidroazogues\/wp-json\/wp\/v2\/comments?post=57"}],"version-history":[{"count":2,"href":"https:\/\/www.celec.gob.ec\/hidroazogues\/wp-json\/wp\/v2\/pages\/57\/revisions"}],"predecessor-version":[{"id":63,"href":"https:\/\/www.celec.gob.ec\/hidroazogues\/wp-json\/wp\/v2\/pages\/57\/revisions\/63"}],"wp:attachment":[{"href":"https:\/\/www.celec.gob.ec\/hidroazogues\/wp-json\/wp\/v2\/media?parent=57"}],"curies":[{"name":"wp","href":"https:\/\/api.w.org\/{rel}","templated":true}]}}