{"id":89,"date":"2023-02-17T16:26:05","date_gmt":"2023-02-17T16:26:05","guid":{"rendered":"https:\/\/www.celec.gob.ec\/hidronacion\/?page_id=89"},"modified":"2026-01-15T13:09:47","modified_gmt":"2026-01-15T18:09:47","slug":"adquisiciones","status":"publish","type":"page","link":"https:\/\/www.celec.gob.ec\/hidronacion\/adquisiciones\/","title":{"rendered":"Adquisiciones"},"content":{"rendered":"\n<p>La Unidad de Negocio HIDRONACI\u00d3N, parte de la Corporaci\u00f3n El\u00e9ctrica del Ecuador, CELEC EP publica a trav\u00e9s del portal del Sistema Oficial de Contrataci\u00f3n P\u00fablica www.compraspublicas.gob.ec todos sus procesos de contrataci\u00f3n. En el siguiente listado se puede revisar los procesos que actualmente est\u00e1n en tr\u00e1mite:<\/p>\n\n\n\n<div style=\"height:30px\" aria-hidden=\"true\" class=\"wp-block-spacer\"><\/div>\n\n\n\n<div class=\"wp-block-columns is-layout-flex wp-container-core-columns-is-layout-9d6595d7 wp-block-columns-is-layout-flex\">\n<div class=\"wp-block-column is-layout-flow wp-block-column-is-layout-flow\">\n<p class=\"has-text-align-center\"><strong>Plan anual de contrataci\u00f3n 2026<\/strong><\/p>\n\n\n\n<div class=\"wp-block-buttons is-content-justification-center is-layout-flex wp-container-core-buttons-is-layout-16018d1d wp-block-buttons-is-layout-flex\">\n<div class=\"wp-block-button\"><a class=\"wp-block-button__link has-small-font-size has-custom-font-size wp-element-button\" href=\"https:\/\/www.celec.gob.ec\/hidronacion\/wp-content\/uploads\/2026\/01\/PAC-CELEC-EP-2026_soce.pdf\" target=\"_blank\" rel=\"noreferrer noopener\">DESCARGAR<\/a><\/div>\n<\/div>\n<\/div>\n\n\n\n<div class=\"wp-block-column is-layout-flow wp-block-column-is-layout-flow\">\n<p class=\"has-text-align-center\"><strong>Resoluci\u00f3n Aprobaci\u00f3n del PAC<\/strong><\/p>\n\n\n\n<div class=\"wp-block-buttons is-content-justification-center is-layout-flex wp-container-core-buttons-is-layout-16018d1d wp-block-buttons-is-layout-flex\">\n<div class=\"wp-block-button\"><a class=\"wp-block-button__link has-small-font-size has-custom-font-size wp-element-button\" href=\"https:\/\/www.celec.gob.ec\/hidronacion\/wp-content\/uploads\/2026\/01\/resolucion_de_aprobacion_PAC-2026.pdf\" target=\"_blank\" rel=\"noreferrer noopener\">DESCARGAR<\/a><\/div>\n<\/div>\n<\/div>\n<\/div>\n\n\n\n<p><\/p>\n\n\n\n<p class=\"has-small-font-size\"><\/p>\n\n\n\n<p><\/p>\n","protected":false},"excerpt":{"rendered":"<p>La Unidad de Negocio HIDRONACI\u00d3N, parte de la Corporaci\u00f3n El\u00e9ctrica del Ecuador, CELEC EP publica a trav\u00e9s del portal del Sistema Oficial de Contrataci\u00f3n P\u00fablica www.compraspublicas.gob.ec todos sus procesos de contrataci\u00f3n. En el siguiente listado se puede revisar los procesos que actualmente est\u00e1n en tr\u00e1mite: Plan anual de contrataci\u00f3n 2026 Resoluci\u00f3n Aprobaci\u00f3n del PAC<\/p>\n","protected":false},"author":3,"featured_media":0,"parent":0,"menu_order":0,"comment_status":"closed","ping_status":"closed","template":"","meta":{"_acf_changed":false,"_themeisle_gutenberg_block_has_review":false,"footnotes":""},"class_list":["post-89","page","type-page","status-publish","hentry"],"acf":[],"_links":{"self":[{"href":"https:\/\/www.celec.gob.ec\/hidronacion\/wp-json\/wp\/v2\/pages\/89","targetHints":{"allow":["GET"]}}],"collection":[{"href":"https:\/\/www.celec.gob.ec\/hidronacion\/wp-json\/wp\/v2\/pages"}],"about":[{"href":"https:\/\/www.celec.gob.ec\/hidronacion\/wp-json\/wp\/v2\/types\/page"}],"author":[{"embeddable":true,"href":"https:\/\/www.celec.gob.ec\/hidronacion\/wp-json\/wp\/v2\/users\/3"}],"replies":[{"embeddable":true,"href":"https:\/\/www.celec.gob.ec\/hidronacion\/wp-json\/wp\/v2\/comments?post=89"}],"version-history":[{"count":13,"href":"https:\/\/www.celec.gob.ec\/hidronacion\/wp-json\/wp\/v2\/pages\/89\/revisions"}],"predecessor-version":[{"id":2393,"href":"https:\/\/www.celec.gob.ec\/hidronacion\/wp-json\/wp\/v2\/pages\/89\/revisions\/2393"}],"wp:attachment":[{"href":"https:\/\/www.celec.gob.ec\/hidronacion\/wp-json\/wp\/v2\/media?parent=89"}],"curies":[{"name":"wp","href":"https:\/\/api.w.org\/{rel}","templated":true}]}}