{"id":94,"date":"2023-02-17T16:26:40","date_gmt":"2023-02-17T16:26:40","guid":{"rendered":"https:\/\/www.celec.gob.ec\/hidronacion\/?page_id=94"},"modified":"2023-02-17T16:26:41","modified_gmt":"2023-02-17T16:26:41","slug":"juridico","status":"publish","type":"page","link":"https:\/\/www.celec.gob.ec\/hidronacion\/juridico\/","title":{"rendered":"Jur\u00eddico"},"content":{"rendered":"\n<p>El \u00e1rea legal desarrolla y ejecuta funciones dentro del \u00e1mbito jur\u00eddico con el objeto de brindar apoyo y asesor\u00eda legal en el desarrollo de las actividades de gran importancia de la corporaci\u00f3n, &nbsp;analiza y tramita documentos y\/o expedientes encomendados, elaborando dict\u00e1menes con opini\u00f3n legal sobre los aspectos que sean requeridos.<\/p>\n\n\n\n<p>En el desempe\u00f1o de sus responsabilidades act\u00faa en nombre de la corporaci\u00f3n en el \u00e1mbito de la Unidad de Negocio en gestiones relacionadas con los procesos civiles, mercantiles, penales, laborales y administrativos, ante las instancias legales correspondientes, represent\u00e1ndola y defendiendo sus intereses, &nbsp;con un vasto conocimiento del marco jur\u00eddico que regula y ampara la actividad de la corporaci\u00f3n, ante entidades civiles , administrativas, entidades p\u00fablicas y privadas juzgados, tribunales y toda otra que sea necesaria para el pleno ejercicio de los derechos corporativos y espec\u00edficos de la Unidad de Negocio.<\/p>\n","protected":false},"excerpt":{"rendered":"<p>El \u00e1rea legal desarrolla y ejecuta funciones dentro del \u00e1mbito jur\u00eddico con el objeto de brindar apoyo y asesor\u00eda legal en el desarrollo de las actividades de gran importancia de la corporaci\u00f3n, &nbsp;analiza y tramita documentos y\/o expedientes encomendados, elaborando dict\u00e1menes con opini\u00f3n legal sobre los aspectos que sean requeridos. En el desempe\u00f1o de sus [&hellip;]<\/p>\n","protected":false},"author":3,"featured_media":0,"parent":0,"menu_order":0,"comment_status":"closed","ping_status":"closed","template":"","meta":{"_acf_changed":false,"_themeisle_gutenberg_block_has_review":false,"footnotes":""},"class_list":["post-94","page","type-page","status-publish","hentry"],"acf":[],"_links":{"self":[{"href":"https:\/\/www.celec.gob.ec\/hidronacion\/wp-json\/wp\/v2\/pages\/94","targetHints":{"allow":["GET"]}}],"collection":[{"href":"https:\/\/www.celec.gob.ec\/hidronacion\/wp-json\/wp\/v2\/pages"}],"about":[{"href":"https:\/\/www.celec.gob.ec\/hidronacion\/wp-json\/wp\/v2\/types\/page"}],"author":[{"embeddable":true,"href":"https:\/\/www.celec.gob.ec\/hidronacion\/wp-json\/wp\/v2\/users\/3"}],"replies":[{"embeddable":true,"href":"https:\/\/www.celec.gob.ec\/hidronacion\/wp-json\/wp\/v2\/comments?post=94"}],"version-history":[{"count":1,"href":"https:\/\/www.celec.gob.ec\/hidronacion\/wp-json\/wp\/v2\/pages\/94\/revisions"}],"predecessor-version":[{"id":95,"href":"https:\/\/www.celec.gob.ec\/hidronacion\/wp-json\/wp\/v2\/pages\/94\/revisions\/95"}],"wp:attachment":[{"href":"https:\/\/www.celec.gob.ec\/hidronacion\/wp-json\/wp\/v2\/media?parent=94"}],"curies":[{"name":"wp","href":"https:\/\/api.w.org\/{rel}","templated":true}]}}