{"id":1186,"date":"2026-01-26T20:26:53","date_gmt":"2026-01-26T20:26:53","guid":{"rendered":"https:\/\/www.celec.gob.ec\/hidrotoapi\/?page_id=1186"},"modified":"2026-04-13T14:26:07","modified_gmt":"2026-04-13T14:26:07","slug":"bolsa-de-empleo","status":"publish","type":"page","link":"https:\/\/www.celec.gob.ec\/hidrotoapi\/bolsa-de-empleo\/","title":{"rendered":"Bolsa de empleo"},"content":{"rendered":"\n<p><strong>En este espacio se publican las convocatorias cuando la Corporaci\u00f3n El\u00e9ctrica del Ecuador \u2013 CELEC EP \u2013 requiere cumplir con el proceso determinado para la contrataci\u00f3n de personal.<\/strong><\/p>\n\n\n\n<h2 class=\"wp-block-heading\">Convocatoria<\/h2>\n\n\n\n<figure class=\"wp-block-table is-style-stripes\"><table class=\"has-fixed-layout\"><thead><tr><th>Cargo<\/th><th>Fecha publicaci\u00f3n<\/th><th>Fecha finalizaci\u00f3n<\/th><th>C\u00f3digo<\/th><th class=\"has-text-align-center\" data-align=\"center\">Documento<\/th><\/tr><\/thead><tbody><tr><td>Especialista de programaci\u00f3n y control generaci\u00f3n hidr\u00e1ulica<\/td><td>13 de abril de 2026<\/td><td>14 de abril de 2026<\/td><td>PSS-HTP-009-2026<\/td><td class=\"has-text-align-center\" data-align=\"center\"><a href=\"https:\/\/www.celec.gob.ec\/hidrotoapi\/wp-content\/uploads\/2026\/04\/8_Convocatoria_PSS_HTP_009_2026_PSS_HTP_010_2026_2.pdf\" target=\"_blank\" rel=\"noreferrer noopener\"><img loading=\"lazy\" decoding=\"async\" width=\"30\" height=\"30\" class=\"alignnone size-medium wp-image-5\" src=\"https:\/\/www.celec.gob.ec\/cocacodo\/images\/pdf.png\" alt=\"Descargar\"><\/a><\/td><\/tr><tr><td>Especialista de calidad y procesos<\/td><td>13 de abril de 2026<\/td><td>14 de abril de 2026<\/td><td>PSS-HTP-010-2026<\/td><td class=\"has-text-align-center\" data-align=\"center\"><a href=\"https:\/\/www.celec.gob.ec\/hidrotoapi\/wp-content\/uploads\/2026\/04\/8_Convocatoria_PSS_HTP_009_2026_PSS_HTP_010_2026_2.pdf\" target=\"_blank\" rel=\"noreferrer noopener\"><img loading=\"lazy\" decoding=\"async\" width=\"30\" height=\"30\" class=\"alignnone size-medium wp-image-5\" src=\"https:\/\/www.celec.gob.ec\/cocacodo\/images\/pdf.png\" alt=\"Descargar\"><\/a><\/td><\/tr><\/tbody><\/table><\/figure>\n\n\n\n<h2 class=\"wp-block-heading\">Historial de convocatorias<\/h2>\n\n\n\n<div id=\"wp-block-themeisle-blocks-tabs-a175aaec\" class=\"wp-block-themeisle-blocks-tabs\"><div class=\"wp-block-themeisle-blocks-tabs__content\">\n<div data-title=\"2026\" class=\"wp-block-themeisle-blocks-tabs-item\"><div class=\"wp-block-themeisle-blocks-tabs-item__header\" tabindex=\"0\">2026<\/div><div class=\"wp-block-themeisle-blocks-tabs-item__content\">\n<div id=\"wp-block-themeisle-blocks-accordion-a9004741\" class=\"wp-block-themeisle-blocks-accordion exclusive\">\n<details class=\"wp-block-themeisle-blocks-accordion-item\"><summary class=\"wp-block-themeisle-blocks-accordion-item__title\"><div>Enero<\/div><\/summary><div class=\"wp-block-themeisle-blocks-accordion-item__content\">\n<figure class=\"wp-block-table is-style-stripes\"><table class=\"has-fixed-layout\"><thead><tr><th>Cargo<\/th><th>Fecha publicaci\u00f3n<\/th><th>Fecha finalizaci\u00f3n<\/th><th>C\u00f3digo<\/th><th class=\"has-text-align-center\" data-align=\"center\">Documento<\/th><\/tr><\/thead><tbody><tr><td>Asistente de gerencia<\/td><td>21 de enero de 2026<\/td><td>22 de enero de 2026<\/td><td>PSS-HTP-001-2026<\/td><td class=\"has-text-align-center\" data-align=\"center\"><a href=\"https:\/\/www.celec.gob.ec\/hidrotoapi\/wp-content\/uploads\/2026\/01\/8.-Convocatoria-PSS-HTP-001-2026-ASISTENTE-DE-GERENCIA-1.pdf\" target=\"_blank\" rel=\"noreferrer noopener\"><img loading=\"lazy\" decoding=\"async\" width=\"30\" height=\"30\" class=\"alignnone size-medium wp-image-5\" src=\"https:\/\/www.celec.gob.ec\/cocacodo\/images\/pdf.png\" alt=\"Descargar\"><\/a><\/td><\/tr><tr><td>Especialista de gesti\u00f3n ambiental<\/td><td>29 de enero de 2026<\/td><td>30 de enero de 2026<\/td><td>PSS-HTP-002-2026<\/td><td class=\"has-text-align-center\" data-align=\"center\"><a href=\"https:\/\/www.celec.gob.ec\/hidrotoapi\/wp-content\/uploads\/2026\/01\/8_Convocatoria_PSS_HTP_002_2026_ESPECIALISTA_DE_GESTION_AMBIENTAL.pdf\" target=\"_blank\" rel=\"noreferrer noopener\"><img loading=\"lazy\" decoding=\"async\" width=\"30\" height=\"30\" class=\"alignnone size-medium wp-image-5\" src=\"https:\/\/www.celec.gob.ec\/cocacodo\/images\/pdf.png\" alt=\"Descargar\"><\/a><\/td><\/tr><\/tbody><\/table><\/figure>\n<\/div><\/details>\n\n\n\n<details class=\"wp-block-themeisle-blocks-accordion-item\"><summary class=\"wp-block-themeisle-blocks-accordion-item__title\"><div>Febrero<\/div><\/summary><div class=\"wp-block-themeisle-blocks-accordion-item__content\">\n<figure class=\"wp-block-table is-style-stripes\"><table class=\"has-fixed-layout\"><thead><tr><th>Cargo<\/th><th>Fecha publicaci\u00f3n<\/th><th>Fecha finalizaci\u00f3n<\/th><th>C\u00f3digo<\/th><th class=\"has-text-align-center\" data-align=\"center\">Documento<\/th><\/tr><\/thead><tbody><tr><td>Especialista jur\u00eddico<\/td><td>04 de febrero de 2026<\/td><td>05 de febrero de 2026<\/td><td><br>PSS-HTP-003-2026<\/td><td class=\"has-text-align-center\" data-align=\"center\"><a href=\"https:\/\/www.celec.gob.ec\/hidrotoapi\/wp-content\/uploads\/2026\/02\/8_Convocatoria_PSS_HTP_003_2026_ESPECIALISTA_JURIDICO.pdf\" target=\"_blank\" rel=\"noreferrer noopener\"><img loading=\"lazy\" decoding=\"async\" width=\"30\" height=\"30\" class=\"alignnone size-medium wp-image-5\" src=\"https:\/\/www.celec.gob.ec\/cocacodo\/images\/pdf.png\" alt=\"Descargar\"><\/a><\/td><\/tr><tr><td>Especialista de calidad y procesos<\/td><td>11 de febrero de 2026<\/td><td>12 de febrero de 2026<\/td><td>CODIGO: PSS-HTP-004-2026<\/td><td class=\"has-text-align-center\" data-align=\"center\"><a href=\"https:\/\/www.celec.gob.ec\/hidrotoapi\/wp-content\/uploads\/2026\/02\/8.-Convocatoria-PSS-HTP-004-2026-ESPECIALISTA-DE-CALIDAD.pdf\" target=\"_blank\" rel=\"noreferrer noopener\"><img loading=\"lazy\" decoding=\"async\" width=\"30\" height=\"30\" class=\"alignnone size-medium wp-image-5\" src=\"https:\/\/www.celec.gob.ec\/cocacodo\/images\/pdf.png\" alt=\"Descargar\"><\/a><\/td><\/tr><tr><td>Especialista de salud ocupacional y seguridad laboral<\/td><td>13 de febrero de 2026<\/td><td>18 de febrero de 2026<\/td><td>PSS-HTP-005-2026<\/td><td class=\"has-text-align-center\" data-align=\"center\"><a href=\"https:\/\/www.celec.gob.ec\/hidrotoapi\/wp-content\/uploads\/2026\/02\/8_Convocatoria_PSS_HTP_005_2026_ESPECIALISTA_DE_SEGURIDAD.pdf\" target=\"_blank\" rel=\"noreferrer noopener\"><img loading=\"lazy\" decoding=\"async\" width=\"30\" height=\"30\" class=\"alignnone size-medium wp-image-5\" src=\"https:\/\/www.celec.gob.ec\/cocacodo\/images\/pdf.png\" alt=\"Descargar\"><\/a><\/td><\/tr><\/tbody><\/table><\/figure>\n<\/div><\/details>\n\n\n\n<details class=\"wp-block-themeisle-blocks-accordion-item\"><summary class=\"wp-block-themeisle-blocks-accordion-item__title\"><div>Marzo<\/div><\/summary><div class=\"wp-block-themeisle-blocks-accordion-item__content\">\n<figure class=\"wp-block-table is-style-stripes\"><table class=\"has-fixed-layout\"><thead><tr><th>Cargo<\/th><th>Fecha publicaci\u00f3n<\/th><th>Fecha finalizaci\u00f3n<\/th><th>C\u00f3digo<\/th><th class=\"has-text-align-center\" data-align=\"center\">Documento<\/th><\/tr><\/thead><tbody><tr><td>Jefe administrativo<\/td><td>09 de marzo de 2026<\/td><td>10 de marzo de 2026<\/td><td>PSS-HTP-006-2026<\/td><td class=\"has-text-align-center\" data-align=\"center\"><a href=\"https:\/\/www.celec.gob.ec\/hidrotoapi\/wp-content\/uploads\/2026\/03\/Convocatoria_PSS_HTP_006_2026_JEFE_ADMINISTRATIVO.pdf\" target=\"_blank\" rel=\"noreferrer noopener\"><img loading=\"lazy\" decoding=\"async\" width=\"30\" height=\"30\" class=\"alignnone size-medium wp-image-5\" src=\"https:\/\/www.celec.gob.ec\/cocacodo\/images\/pdf.png\" alt=\"Descargar\"><\/a><\/td><\/tr><tr><td>Especialista de adquisiciones<\/td><td>30 de marzo de 2026<\/td><td>31 de marzo de 2026<\/td><td>PSS-HTP-008-2026<\/td><td class=\"has-text-align-center\" data-align=\"center\"><a href=\"https:\/\/www.celec.gob.ec\/hidrotoapi\/wp-content\/uploads\/2026\/03\/8_Convocatoria_PSS_HTP_008_2026_ESPECIALISTA_DE_ADQUISICIONES.pdf\" target=\"_blank\" rel=\"noreferrer noopener\"><img loading=\"lazy\" decoding=\"async\" width=\"30\" height=\"30\" class=\"alignnone size-medium wp-image-5\" src=\"https:\/\/www.celec.gob.ec\/cocacodo\/images\/pdf.png\" alt=\"Descargar\"><\/a><\/td><\/tr><tr><td>Especialista de tesorer\u00eda<\/td><td>30 de marzo de 2026<\/td><td>31 de marzo de 2026<\/td><td>PSS-HTP-007-2026<\/td><td class=\"has-text-align-center\" data-align=\"center\"><a href=\"https:\/\/www.celec.gob.ec\/hidrotoapi\/wp-content\/uploads\/2026\/03\/8_Convocatoria_PSS_HTP_007_2026-_ESPECIALISTA_DE_TESORERIA.pdf\" target=\"_blank\" rel=\"noreferrer noopener\"><img loading=\"lazy\" decoding=\"async\" width=\"30\" height=\"30\" class=\"alignnone size-medium wp-image-5\" src=\"https:\/\/www.celec.gob.ec\/cocacodo\/images\/pdf.png\" alt=\"Descargar\"><\/a><\/td><\/tr><\/tbody><\/table><\/figure>\n<\/div><\/details>\n<\/div>\n<\/div><\/div>\n<\/div><\/div>\n\n\n\n<p><\/p>\n","protected":false},"excerpt":{"rendered":"<p>En este espacio se publican las convocatorias cuando la Corporaci\u00f3n El\u00e9ctrica del Ecuador \u2013 CELEC EP \u2013 requiere cumplir con el proceso determinado para la contrataci\u00f3n de personal. Convocatoria Cargo Fecha publicaci\u00f3n Fecha finalizaci\u00f3n C\u00f3digo Documento Especialista de programaci\u00f3n y control generaci\u00f3n hidr\u00e1ulica 13 de abril de 2026 14 de abril de 2026 PSS-HTP-009-2026 Especialista [&hellip;]<\/p>\n","protected":false},"author":11,"featured_media":0,"parent":0,"menu_order":0,"comment_status":"closed","ping_status":"closed","template":"","meta":{"_acf_changed":false,"inline_featured_image":false,"_themeisle_gutenberg_block_has_review":false,"footnotes":""},"class_list":["post-1186","page","type-page","status-publish","hentry"],"acf":[],"_links":{"self":[{"href":"https:\/\/www.celec.gob.ec\/hidrotoapi\/wp-json\/wp\/v2\/pages\/1186","targetHints":{"allow":["GET"]}}],"collection":[{"href":"https:\/\/www.celec.gob.ec\/hidrotoapi\/wp-json\/wp\/v2\/pages"}],"about":[{"href":"https:\/\/www.celec.gob.ec\/hidrotoapi\/wp-json\/wp\/v2\/types\/page"}],"author":[{"embeddable":true,"href":"https:\/\/www.celec.gob.ec\/hidrotoapi\/wp-json\/wp\/v2\/users\/11"}],"replies":[{"embeddable":true,"href":"https:\/\/www.celec.gob.ec\/hidrotoapi\/wp-json\/wp\/v2\/comments?post=1186"}],"version-history":[{"count":18,"href":"https:\/\/www.celec.gob.ec\/hidrotoapi\/wp-json\/wp\/v2\/pages\/1186\/revisions"}],"predecessor-version":[{"id":1234,"href":"https:\/\/www.celec.gob.ec\/hidrotoapi\/wp-json\/wp\/v2\/pages\/1186\/revisions\/1234"}],"wp:attachment":[{"href":"https:\/\/www.celec.gob.ec\/hidrotoapi\/wp-json\/wp\/v2\/media?parent=1186"}],"curies":[{"name":"wp","href":"https:\/\/api.w.org\/{rel}","templated":true}]}}