{"id":14,"date":"2023-02-18T00:06:38","date_gmt":"2023-02-18T00:06:38","guid":{"rendered":"https:\/\/www.celec.gob.ec\/hidrotoapi\/?page_id=14"},"modified":"2023-02-18T00:06:38","modified_gmt":"2023-02-18T00:06:38","slug":"unidad-de-negocio","status":"publish","type":"page","link":"https:\/\/www.celec.gob.ec\/hidrotoapi\/unidad-de-negocio\/","title":{"rendered":"Unidad de Negocio"},"content":{"rendered":"\n<p>Se consideran tres periodos importantes que definieron la constituci\u00f3n jur\u00eddica del Proyecto Hidroel\u00e9ctrico Toachi Pilat\u00f3n, los que definen la historia de este proyecto en construcci\u00f3n.<\/p>\n\n\n\n<p>El 25 de agosto de 2005, el Honorable Consejo Provincial de Pichincha mediante escritura p\u00fablica y con plenos poderes para la conformaci\u00f3n de una Sociedad An\u00f3nima, suscribe el documento de constituci\u00f3n de la denominada Hidrotoapi S.A., cuyo principal objeto consist\u00eda en dedicarse principalmente al dise\u00f1o, construcci\u00f3n, instalaci\u00f3n, operaci\u00f3n y mantenimiento de centrales de generaci\u00f3n el\u00e9ctrica.<\/p>\n\n\n\n<p>Despu\u00e9s mediante Ordenanza Provincial No. 002-HCPP-2010 de 14 de enero de 2010, se disuelve de manera forzosa y sin liquidaci\u00f3n, la compa\u00f1\u00eda Hidrotoapi S.A. y se constituye la empresa Hidrotoapi E.P. como sociedad de derecho p\u00fablico, dando inicio a un cambio importante dentro de la estructura y manejo de la empresa.&nbsp;<\/p>\n\n\n\n<p>Finalmente el 23 de enero de 2012, CELEC EP adopt\u00f3 la resoluci\u00f3n No. 02-2012, mediante la cual aprob\u00f3 la fusi\u00f3n por absorci\u00f3n de la Empresa P\u00fablica Estrat\u00e9gica HIDROTOAPI EP. El 27 de enero de 2012, mediante Resoluci\u00f3n No. CELEC EP-GG-022-2012, se crea la Unidad de Negocio Hidrotoapi como \u00e1rea administrativa-operativa de la Empresa P\u00fablica Corporaci\u00f3n El\u00e9ctrica del Ecuador CELEC EP.<\/p>\n\n\n<div class=\"wp-block-image\">\n<figure class=\"aligncenter size-full is-resized\"><img loading=\"lazy\" decoding=\"async\" src=\"https:\/\/www.celec.gob.ec\/hidrotoapi\/wp-content\/uploads\/2023\/02\/celec-hidrotoapi-logo.png\" alt=\"\" class=\"wp-image-15\" width=\"333\" height=\"156\" srcset=\"https:\/\/www.celec.gob.ec\/hidrotoapi\/wp-content\/uploads\/2023\/02\/celec-hidrotoapi-logo.png 422w, https:\/\/www.celec.gob.ec\/hidrotoapi\/wp-content\/uploads\/2023\/02\/celec-hidrotoapi-logo-300x141.png 300w\" sizes=\"auto, (max-width: 333px) 100vw, 333px\" \/><\/figure>\n<\/div>\n\n\n<p>En todos sus periodos, la autoridades a cargo en conjunto esfuerzo con los funcionarios que laboran en sus instalaciones, han procurado mantener el objetivo principal, que es la construcci\u00f3n del Proyecto Hidroel\u00e9ctrico Toachi \u2013 Pilat\u00f3n.<\/p>\n\n\n\n<p>La actual Unidad de Negocio Hidrotoapi, como parte de la gran familia de CELEC EP, persigue el mismo objetivo, apoy\u00e1ndose en la misi\u00f3n&nbsp;<em>\u201cCELEC EP es una corporaci\u00f3n dedicada a la generaci\u00f3n y la transmisi\u00f3n de electricidad que contribuye al desarrollo del Ecuador, a trav\u00e9s de un modelo de gesti\u00f3n transparente y sostenible basada en la optimizaci\u00f3n de los recursos, el compromiso de su talento humano y la efectividad de sus operaciones con responsabilidad social y ambiental\u201d<\/em>; y de esta manera conseguir cristalizar el sue\u00f1o de aportar con el Proyecto Toachi \u2013 Pilat\u00f3n, a la generaci\u00f3n de energ\u00eda limpia para todos los ecuatorianos.<\/p>\n","protected":false},"excerpt":{"rendered":"<p>Se consideran tres periodos importantes que definieron la constituci\u00f3n jur\u00eddica del Proyecto Hidroel\u00e9ctrico Toachi Pilat\u00f3n, los que definen la historia de este proyecto en construcci\u00f3n. El 25 de agosto de 2005, el Honorable Consejo Provincial de Pichincha mediante escritura p\u00fablica y con plenos poderes para la conformaci\u00f3n de una Sociedad An\u00f3nima, suscribe el documento de [&hellip;]<\/p>\n","protected":false},"author":1,"featured_media":0,"parent":0,"menu_order":0,"comment_status":"closed","ping_status":"closed","template":"","meta":{"_acf_changed":false,"inline_featured_image":false,"_themeisle_gutenberg_block_has_review":false,"footnotes":""},"class_list":["post-14","page","type-page","status-publish","hentry"],"acf":[],"_links":{"self":[{"href":"https:\/\/www.celec.gob.ec\/hidrotoapi\/wp-json\/wp\/v2\/pages\/14","targetHints":{"allow":["GET"]}}],"collection":[{"href":"https:\/\/www.celec.gob.ec\/hidrotoapi\/wp-json\/wp\/v2\/pages"}],"about":[{"href":"https:\/\/www.celec.gob.ec\/hidrotoapi\/wp-json\/wp\/v2\/types\/page"}],"author":[{"embeddable":true,"href":"https:\/\/www.celec.gob.ec\/hidrotoapi\/wp-json\/wp\/v2\/users\/1"}],"replies":[{"embeddable":true,"href":"https:\/\/www.celec.gob.ec\/hidrotoapi\/wp-json\/wp\/v2\/comments?post=14"}],"version-history":[{"count":1,"href":"https:\/\/www.celec.gob.ec\/hidrotoapi\/wp-json\/wp\/v2\/pages\/14\/revisions"}],"predecessor-version":[{"id":16,"href":"https:\/\/www.celec.gob.ec\/hidrotoapi\/wp-json\/wp\/v2\/pages\/14\/revisions\/16"}],"wp:attachment":[{"href":"https:\/\/www.celec.gob.ec\/hidrotoapi\/wp-json\/wp\/v2\/media?parent=14"}],"curies":[{"name":"wp","href":"https:\/\/api.w.org\/{rel}","templated":true}]}}