{"id":17,"date":"2023-02-18T00:07:27","date_gmt":"2023-02-18T00:07:27","guid":{"rendered":"https:\/\/www.celec.gob.ec\/hidrotoapi\/?page_id=17"},"modified":"2023-02-18T00:07:27","modified_gmt":"2023-02-18T00:07:27","slug":"normativas","status":"publish","type":"page","link":"https:\/\/www.celec.gob.ec\/hidrotoapi\/normativas\/","title":{"rendered":"Normativas"},"content":{"rendered":"\n<p>A.1 Normas de Creaci\u00f3n<\/p>\n\n\n\n<p>A.1.1&nbsp;<a href=\"https:\/\/www.celec.gob.ec\/images\/pdf\/a11_const_ecuador.pdf\" target=\"_blank\" rel=\"noreferrer noopener\">Normas constitucionales inherentes a su competencia<\/a><\/p>\n\n\n\n<p>A.1.2&nbsp;<a href=\"https:\/\/www.celec.gob.ec\/images\/pdf\/a12_decre_220%2029-ENE-2010.pdf\" target=\"_blank\" rel=\"noreferrer noopener\">Base legal de creaci\u00f3n de la Empresa P\u00fablica<\/a><\/p>\n\n\n\n<p>A.2 Normas de Regulaci\u00f3n<\/p>\n\n\n\n<p>A.2.1 Leyes y reglamentos relacionados<\/p>\n\n\n\n<p>\u2022&nbsp;<a href=\"https:\/\/www.celec.gob.ec\/images\/pdf\/Decreto_220.pdf\" target=\"_blank\" rel=\"noreferrer noopener\">Decreto Ejecutivo N\u00b0 220<\/a><br>\u2022&nbsp;<a href=\"https:\/\/www.celec.gob.ec\/images\/pdf\/Ley_empresas_publicas.pdf\" target=\"_blank\" rel=\"noreferrer noopener\">Ley de Empresas P\u00fablicas<\/a><br>\u2022&nbsp;<a href=\"https:\/\/www.celec.gob.ec\/images\/pdf\/Reglamento_LOSNCP.pdf\" target=\"_blank\" rel=\"noreferrer noopener\">Reglamento General de la Ley Org\u00e1nica de Contrataci\u00f3n P\u00fablica<\/a><\/p>\n\n\n\n<p>A.2.2 Disposiciones constitucionales<\/p>\n\n\n\n<p>\u2022&nbsp;<a href=\"https:\/\/www.celec.gob.ec\/images\/pdf\/DECRETO_726_12_ABR_2011.pdf\" target=\"_blank\" rel=\"noreferrer noopener\">Decreto Ejecutivo N\u00b0 726<\/a><br>\u2022&nbsp;<a href=\"https:\/\/www.celec.gob.ec\/images\/pdf\/Plan_Nacional_2013_2017.pdf\" target=\"_blank\" rel=\"noreferrer noopener\">Plan del Buen Vivir<\/a><br>\u2022&nbsp;<a href=\"https:\/\/www.celec.gob.ec\/images\/pdf\/Buen_Vivir_Plan_Nacional_2013_2017.pdf\" target=\"_blank\" rel=\"noreferrer noopener\">Alineamiento de Objetivos Estrat\u00e9gicos PNBV<\/a><\/p>\n\n\n\n<p>A.3 Procedimientos Internos<\/p>\n\n\n\n<p>A.3.1&nbsp;<a href=\"https:\/\/www.celec.gob.ec\/hidrotoapi\/images\/lotaip\/2.Legal\/a3.estatuto14.pdf\" target=\"_blank\" rel=\"noreferrer noopener\">Normas constitucionales inherentes a su competencia<br><\/a>A.3.2 Manual de clasificaci\u00f3n de puestos<br>A.3.3 Manual de perfiles<br>A.3.4 Manual de procedimientos de servicios institucionales<\/p>\n","protected":false},"excerpt":{"rendered":"<p>A.1 Normas de Creaci\u00f3n A.1.1&nbsp;Normas constitucionales inherentes a su competencia A.1.2&nbsp;Base legal de creaci\u00f3n de la Empresa P\u00fablica A.2 Normas de Regulaci\u00f3n A.2.1 Leyes y reglamentos relacionados \u2022&nbsp;Decreto Ejecutivo N\u00b0 220\u2022&nbsp;Ley de Empresas P\u00fablicas\u2022&nbsp;Reglamento General de la Ley Org\u00e1nica de Contrataci\u00f3n P\u00fablica A.2.2 Disposiciones constitucionales \u2022&nbsp;Decreto Ejecutivo N\u00b0 726\u2022&nbsp;Plan del Buen Vivir\u2022&nbsp;Alineamiento de Objetivos Estrat\u00e9gicos [&hellip;]<\/p>\n","protected":false},"author":1,"featured_media":0,"parent":0,"menu_order":0,"comment_status":"closed","ping_status":"closed","template":"","meta":{"_acf_changed":false,"inline_featured_image":false,"_themeisle_gutenberg_block_has_review":false,"footnotes":""},"class_list":["post-17","page","type-page","status-publish","hentry"],"acf":[],"_links":{"self":[{"href":"https:\/\/www.celec.gob.ec\/hidrotoapi\/wp-json\/wp\/v2\/pages\/17","targetHints":{"allow":["GET"]}}],"collection":[{"href":"https:\/\/www.celec.gob.ec\/hidrotoapi\/wp-json\/wp\/v2\/pages"}],"about":[{"href":"https:\/\/www.celec.gob.ec\/hidrotoapi\/wp-json\/wp\/v2\/types\/page"}],"author":[{"embeddable":true,"href":"https:\/\/www.celec.gob.ec\/hidrotoapi\/wp-json\/wp\/v2\/users\/1"}],"replies":[{"embeddable":true,"href":"https:\/\/www.celec.gob.ec\/hidrotoapi\/wp-json\/wp\/v2\/comments?post=17"}],"version-history":[{"count":1,"href":"https:\/\/www.celec.gob.ec\/hidrotoapi\/wp-json\/wp\/v2\/pages\/17\/revisions"}],"predecessor-version":[{"id":18,"href":"https:\/\/www.celec.gob.ec\/hidrotoapi\/wp-json\/wp\/v2\/pages\/17\/revisions\/18"}],"wp:attachment":[{"href":"https:\/\/www.celec.gob.ec\/hidrotoapi\/wp-json\/wp\/v2\/media?parent=17"}],"curies":[{"name":"wp","href":"https:\/\/api.w.org\/{rel}","templated":true}]}}