{"id":179,"date":"2023-02-18T07:13:26","date_gmt":"2023-02-18T07:13:26","guid":{"rendered":"https:\/\/www.celec.gob.ec\/hidrotoapi\/?page_id=179"},"modified":"2023-02-18T07:13:28","modified_gmt":"2023-02-18T07:13:28","slug":"contacto","status":"publish","type":"page","link":"https:\/\/www.celec.gob.ec\/hidrotoapi\/contacto\/","title":{"rendered":"Contacto"},"content":{"rendered":"\n<h2 class=\"wp-block-heading\">Llene el formulario para solicitar su requerimiento:<\/h2>\n\n\n\n<div class=\"forminator-guttenberg\"><div class=\"forminator-ui forminator-custom-form forminator-custom-form-178 forminator-design--material  forminator_ajax\" data-forminator-render=\"0\" data-form=\"forminator-module-178\" data-uid=\"69d28fe16b9df\"><br\/><\/div><form\n\t\t\t\tid=\"forminator-module-178\"\n\t\t\t\tclass=\"forminator-ui forminator-custom-form forminator-custom-form-178 forminator-design--material  forminator_ajax\"\n\t\t\t\tmethod=\"post\"\n\t\t\t\tdata-forminator-render=\"0\"\n\t\t\t\tdata-form-id=\"178\"\n\t\t\t\t data-color-option=\"default\" data-design=\"material\" data-grid=\"open\" style=\"display: none;\"\n\t\t\t\tdata-uid=\"69d28fe16b9df\"\n\t\t\t><div role=\"alert\" aria-live=\"polite\" class=\"forminator-response-message forminator-error\" aria-hidden=\"true\"><\/div><div class=\"forminator-row\"><div id=\"select-1\" class=\"forminator-field-select forminator-col forminator-col-12 \"><div class=\"forminator-field\"><label for=\"forminator-form-178__field--select-1_69d28fe16b9df\" id=\"forminator-form-178__field--select-1_69d28fe16b9df-label\" class=\"forminator-label\">Seleccionar <span class=\"forminator-required\">*<\/span><\/label><select  id=\"forminator-form-178__field--select-1_69d28fe16b9df\" class=\"forminator-select--field forminator-select2 forminator-select2-multiple\" data-required=\"1\" name=\"select-1\" data-default-value=\"\" data-placeholder=\"Servicio Institucional\" data-search=\"false\" data-search-placeholder=\"Servicio Institucional\" data-checkbox=\"false\" data-allow-clear=\"false\" aria-labelledby=\"forminator-form-178__field--select-1_69d28fe16b9df-label\"><option value=\"\"  >Servicio Institucional<\/option><option value=\"one\"  data-calculation=\"0\">Servicio de Generaci\u00f3n y transporte de energ\u00eda el\u00e9ctrica<\/option><option value=\"two\"  data-calculation=\"0\">Acceso a Internet y Servicio de portador<\/option><option value=\"Conexi\u00f3n-al-Sistema-Nacional-de-Transmisi\u00f3n\"  data-calculation=\"0\">Conexi\u00f3n al Sistema Nacional de Transmisi\u00f3n<\/option><option value=\"Servicio-de-Mantenimiento,-reparaci\u00f3n-y-fabricaci\u00f3n-de-turbinas-hidr\u00e1ulicas-y-partes-industriales,-mediante-servicios-especializados-de-ingenier\u00eda,-manufactura,-control-de-calidad-e-investigaci\u00f3n-(CIRT)\"  data-calculation=\"0\">Servicio de Mantenimiento, reparaci\u00f3n y fabricaci\u00f3n de turbinas hidr\u00e1ulicas y partes industriales, mediante servicios especializados de ingenier\u00eda, manufactura, control de calidad e investigaci\u00f3n (CIRT)<\/option><option value=\"Visitas-guiadas-a-centrales-de-generaci\u00f3n-el\u00e9ctrica-y-proyectos-estrat\u00e9gicos\"  data-calculation=\"0\">Visitas guiadas a centrales de generaci\u00f3n el\u00e9ctrica y proyectos estrat\u00e9gicos<\/option><option value=\"Acceso-a-informaci\u00f3n-p\u00fablica\"  data-calculation=\"0\">Acceso a informaci\u00f3n p\u00fablica<\/option><option value=\"Otros\"  data-calculation=\"0\">Otros<\/option><\/select><\/div><\/div><\/div><div class=\"forminator-row\"><div id=\"select-2\" class=\"forminator-field-select forminator-col forminator-col-12 \"><div class=\"forminator-field\"><label for=\"forminator-form-178__field--select-2_69d28fe16b9df\" id=\"forminator-form-178__field--select-2_69d28fe16b9df-label\" class=\"forminator-label\">Seleccionar <span class=\"forminator-required\">*<\/span><\/label><select  id=\"forminator-form-178__field--select-2_69d28fe16b9df\" class=\"forminator-select--field forminator-select2 forminator-select2-multiple\" data-required=\"1\" name=\"select-2\" data-default-value=\"\" data-placeholder=\"Tipo de Requerimiento\" data-search=\"false\" data-search-placeholder=\"Tipo de Requerimiento\" data-checkbox=\"false\" data-allow-clear=\"false\" aria-labelledby=\"forminator-form-178__field--select-2_69d28fe16b9df-label\"><option value=\"\"  >Tipo de Requerimiento<\/option><option value=\"one\"  data-calculation=\"0\">Pregunta<\/option><option value=\"two\"  data-calculation=\"0\">Queja<\/option><option value=\"Sugerencia\"  data-calculation=\"0\">Sugerencia<\/option><option value=\"Solicitudes-de-informaci\u00f3n\"  data-calculation=\"0\">Solicitudes de informaci\u00f3n<\/option><option value=\"Felicitaciones\"  data-calculation=\"0\">Felicitaciones<\/option><\/select><\/div><\/div><\/div><div class=\"forminator-row\"><div id=\"name-1\" class=\"forminator-field-name forminator-col forminator-col-6 \"><div class=\"forminator-field\"><label for=\"forminator-field-name-1_69d28fe16b9df\" id=\"forminator-field-name-1_69d28fe16b9df-label\" class=\"forminator-label\">Nombre <span class=\"forminator-required\">*<\/span><\/label><input type=\"text\" name=\"name-1\" value=\"\" placeholder=\"Ejemplo: Juan P\u00e9rez\" id=\"forminator-field-name-1_69d28fe16b9df\" class=\"forminator-input forminator-name--field\" aria-required=\"true\" autocomplete=\"name\" \/><\/div><\/div><div id=\"number-1\" class=\"forminator-field-number forminator-col forminator-col-6 \"><div class=\"forminator-field\"><label for=\"forminator-field-number-1_69d28fe16b9df\" id=\"forminator-field-number-1_69d28fe16b9df-label\" class=\"forminator-label\">C\u00e9dula <span class=\"forminator-required\">*<\/span><\/label><input name=\"number-1\" value=\"\" placeholder=\"\" id=\"forminator-field-number-1_69d28fe16b9df\" class=\"forminator-input forminator-number--field\" inputmode=\"decimal\" data-required=\"1\" data-decimals=\"0\" aria-required=\"true\" data-inputmask=\"&#039;groupSeparator&#039;: &#039;&#039;, &#039;radixPoint&#039;: &#039;&#039;, &#039;digits&#039;: &#039;0&#039;\" type=\"number\" step=\"any\" min=\"0\" max=\"9999999999\" \/><\/div><\/div><\/div><div class=\"forminator-row\"><div id=\"email-1\" class=\"forminator-field-email forminator-col forminator-col-6 \"><div class=\"forminator-field\"><label for=\"forminator-field-email-1_69d28fe16b9df\" id=\"forminator-field-email-1_69d28fe16b9df-label\" class=\"forminator-label\">Correo electr\u00f3nico <span class=\"forminator-required\">*<\/span><\/label><input type=\"email\" name=\"email-1\" value=\"\" placeholder=\"Ej . : john@doe.com\" id=\"forminator-field-email-1_69d28fe16b9df\" class=\"forminator-input forminator-email--field\" data-required=\"1\" aria-required=\"true\" autocomplete=\"email\" \/><\/div><\/div><div id=\"phone-1\" class=\"forminator-field-phone forminator-col forminator-col-6 \"><div class=\"forminator-field\"><label for=\"forminator-field-phone-1_69d28fe16b9df\" id=\"forminator-field-phone-1_69d28fe16b9df-label\" class=\"forminator-label\">N\u00famero Telef\u00f3nico <span class=\"forminator-required\">*<\/span><\/label><input type=\"text\" name=\"phone-1\" value=\"\" placeholder=\"\" id=\"forminator-field-phone-1_69d28fe16b9df\" class=\"forminator-input forminator-field--phone\" data-required=\"1\" aria-required=\"true\" autocomplete=\"off\" \/><\/div><\/div><\/div><div class=\"forminator-row\"><div id=\"select-3\" class=\"forminator-field-select forminator-col forminator-col-6 \"><div class=\"forminator-field\"><label for=\"forminator-form-178__field--select-3_69d28fe16b9df\" id=\"forminator-form-178__field--select-3_69d28fe16b9df-label\" class=\"forminator-label\">Seleccionar <span class=\"forminator-required\">*<\/span><\/label><select  id=\"forminator-form-178__field--select-3_69d28fe16b9df\" class=\"forminator-select--field forminator-select2 forminator-select2-multiple\" data-required=\"1\" name=\"select-3\" data-default-value=\"\" data-placeholder=\"Provincia\" data-search=\"false\" data-search-placeholder=\"Provincia\" data-checkbox=\"false\" data-allow-clear=\"false\" aria-labelledby=\"forminator-form-178__field--select-3_69d28fe16b9df-label\"><option value=\"\"  >Provincia<\/option><option value=\"one\"  data-calculation=\"0\">Azuay<\/option><option value=\"two\"  data-calculation=\"0\">Bol\u00edvar<\/option><option value=\"Ca\u00f1ar\"  data-calculation=\"0\">Ca\u00f1ar<\/option><option value=\"Carchi\"  data-calculation=\"0\">Carchi<\/option><option value=\"Cotopaxi\"  data-calculation=\"0\">Cotopaxi<\/option><option value=\"Chimborazo\"  data-calculation=\"0\">Chimborazo<\/option><option value=\"El-Oro\"  data-calculation=\"0\">El Oro<\/option><option value=\"Esmeraldas\"  data-calculation=\"0\">Esmeraldas<\/option><option value=\"Gal\u00e1pagos\"  data-calculation=\"0\">Gal\u00e1pagos<\/option><option value=\"Guayas\"  data-calculation=\"0\">Guayas<\/option><option value=\"Imbabura\"  data-calculation=\"0\">Imbabura<\/option><option value=\"Loja\"  data-calculation=\"0\">Loja<\/option><option value=\"Los-R\u00edos\"  data-calculation=\"0\">Los R\u00edos<\/option><option value=\"Manab\u00ed\"  data-calculation=\"0\">Manab\u00ed<\/option><option value=\"Morona-Santiago\"  data-calculation=\"0\">Morona Santiago<\/option><option value=\"Napo\"  data-calculation=\"0\">Napo<\/option><option value=\"Orellana\"  data-calculation=\"0\">Orellana<\/option><option value=\"Pastaza\"  data-calculation=\"0\">Pastaza<\/option><option value=\"Pichicha\"  data-calculation=\"0\">Pichicha<\/option><option value=\"Santa-Elena\"  data-calculation=\"0\">Santa Elena<\/option><option value=\"Santo-Domingo\"  data-calculation=\"0\">Santo Domingo<\/option><option value=\"Sucumb\u00edos\"  data-calculation=\"0\">Sucumb\u00edos<\/option><option value=\"Tungurahua\"  data-calculation=\"0\">Tungurahua<\/option><option value=\"Zamora-Chinchipe\"  data-calculation=\"0\">Zamora Chinchipe<\/option><\/select><\/div><\/div><div id=\"text-1\" class=\"forminator-field-text forminator-col forminator-col-6 \"><div class=\"forminator-field\"><label for=\"forminator-field-text-1_69d28fe16b9df\" id=\"forminator-field-text-1_69d28fe16b9df-label\" class=\"forminator-label\">Ciudad <span class=\"forminator-required\">*<\/span><\/label><input type=\"text\" name=\"text-1\" value=\"\" placeholder=\"\" id=\"forminator-field-text-1_69d28fe16b9df\" class=\"forminator-input forminator-name--field\" data-required=\"1\" \/><\/div><\/div><\/div><div class=\"forminator-row\"><div id=\"textarea-1\" class=\"forminator-field-textarea forminator-col forminator-col-12 \"><div class=\"forminator-field\"><label for=\"forminator-field-textarea-1_69d28fe16b9df\" id=\"forminator-field-textarea-1_69d28fe16b9df-label\" class=\"forminator-label\">Describa su solicitud <span class=\"forminator-required\">*<\/span><\/label><textarea name=\"textarea-1\" placeholder=\"Ejemplo: texto de marcador de posici\u00f3n Puedes a\u00f1adir una nueva l\u00ednea\" id=\"forminator-field-textarea-1_69d28fe16b9df\" class=\"forminator-textarea\" rows=\"6\" style=\"min-height:140px;\" ><\/textarea><\/div><\/div><\/div><input type=\"hidden\" name=\"referer_url\" value=\"\" \/><div class=\"forminator-row forminator-row-last\"><div class=\"forminator-col\"><div class=\"forminator-field\"><button class=\"forminator-button forminator-button-submit\"><span>Enviar mensaje<\/span><span aria-hidden=\"true\"><\/span><\/button><\/div><\/div><\/div><input type=\"hidden\" id=\"forminator_nonce\" name=\"forminator_nonce\" value=\"af25b768b1\" \/><input type=\"hidden\" name=\"_wp_http_referer\" value=\"\/hidrotoapi\/wp-json\/wp\/v2\/pages\/179\" \/><input type=\"hidden\" name=\"form_id\" value=\"178\"><input type=\"hidden\" name=\"page_id\" value=\"179\"><input type=\"hidden\" name=\"form_type\" value=\"default\"><input type=\"hidden\" name=\"current_url\" value=\"https:\/\/www.celec.gob.ec\/hidrotoapi\/contacto\/\"><input type=\"hidden\" name=\"render_id\" value=\"0\"><input type=\"hidden\" name=\"action\" value=\"forminator_submit_form_custom-forms\"><\/form><\/div>\n\n\n\n<p>Encuentrenos en:<\/p>\n\n\n<div style=\"height:600pxpx;\" class=\"wp-block-themeisle-blocks-leaflet-map\" id=\"wp-block-themeisle-blocks-leaflet-map-411ca3ba\"><\/div>\n<script type=\"text\/javascript\">\n\t\/* <![CDATA[ *\/\n\t\tif ( ! window.themeisleLeafletMaps ) window.themeisleLeafletMaps =[];\n\t\twindow.themeisleLeafletMaps.push( { container: \"wp-block-themeisle-blocks-leaflet-map-411ca3ba\", attributes: {\"id\":\"wp-block-themeisle-blocks-leaflet-map-411ca3ba\",\"latitude\":\"-0.17183278074391936\",\"longitude\":\"-78.48409652709962\",\"bbox\":\"-78.49310874938966,-0.17827005233215265,-78.47508430480958,-0.16539550698664957\",\"zoom\":16,\"height\":\"600px\",\"markers\":[{\"id\":\"6f93d67b-5166-4804-8311-89c00eeafc2c\",\"latitude\":\"-0.17182124723034378\",\"longitude\":\"-78.4840911979185\",\"title\":\"Hidrotapi\",\"description\":\"<p>Jose Mar\\u00eda Ayora y Alfonso Pereira - Plataforma Gubernamental, piso 11<\\\/p>\\n<p>Horario de Atenci\\u00f3n:<br \\\/>De 8:00 a 17:00<\\\/p>\"}],\"location\":\"La Sagrada Familia, Barcelona, Spain\",\"zoomControl\":true,\"draggable\":true,\"hasCustomCSS\":false,\"customCSS\":\"\",\"otterConditions\":[]} } );\n\t\/* ]]> *\/\n<\/script>\n","protected":false},"excerpt":{"rendered":"<p>Llene el formulario para solicitar su requerimiento: Encuentrenos en:<\/p>\n","protected":false},"author":1,"featured_media":0,"parent":0,"menu_order":0,"comment_status":"closed","ping_status":"closed","template":"","meta":{"_acf_changed":false,"inline_featured_image":false,"_themeisle_gutenberg_block_has_review":false,"footnotes":""},"class_list":["post-179","page","type-page","status-publish","hentry"],"acf":[],"_links":{"self":[{"href":"https:\/\/www.celec.gob.ec\/hidrotoapi\/wp-json\/wp\/v2\/pages\/179","targetHints":{"allow":["GET"]}}],"collection":[{"href":"https:\/\/www.celec.gob.ec\/hidrotoapi\/wp-json\/wp\/v2\/pages"}],"about":[{"href":"https:\/\/www.celec.gob.ec\/hidrotoapi\/wp-json\/wp\/v2\/types\/page"}],"author":[{"embeddable":true,"href":"https:\/\/www.celec.gob.ec\/hidrotoapi\/wp-json\/wp\/v2\/users\/1"}],"replies":[{"embeddable":true,"href":"https:\/\/www.celec.gob.ec\/hidrotoapi\/wp-json\/wp\/v2\/comments?post=179"}],"version-history":[{"count":1,"href":"https:\/\/www.celec.gob.ec\/hidrotoapi\/wp-json\/wp\/v2\/pages\/179\/revisions"}],"predecessor-version":[{"id":180,"href":"https:\/\/www.celec.gob.ec\/hidrotoapi\/wp-json\/wp\/v2\/pages\/179\/revisions\/180"}],"wp:attachment":[{"href":"https:\/\/www.celec.gob.ec\/hidrotoapi\/wp-json\/wp\/v2\/media?parent=179"}],"curies":[{"name":"wp","href":"https:\/\/api.w.org\/{rel}","templated":true}]}}