{"id":181,"date":"2023-02-18T07:13:56","date_gmt":"2023-02-18T07:13:56","guid":{"rendered":"https:\/\/www.celec.gob.ec\/hidrotoapi\/?page_id=181"},"modified":"2023-02-18T07:13:57","modified_gmt":"2023-02-18T07:13:57","slug":"kichwa-willay","status":"publish","type":"page","link":"https:\/\/www.celec.gob.ec\/hidrotoapi\/kichwa-willay\/","title":{"rendered":"Kichwa\u00a0Willay"},"content":{"rendered":"\n<p><strong>Rurana:<\/strong>&nbsp;CELEC EP kayka kanmi wantanta mushuk yashpa sahamuk kay illariy nishka kaya ecuador mamallaptapi maypimi kan katunarantina sumakta muksurink kaya tikrachinanawan ayllukumawa tantanakushpa .<\/p>\n\n\n\n<p><strong>Rikuy:<\/strong>&nbsp;kayka ishkay waranka iskay chunka shuk watapika kankamy shuk hatun yachana kaya kanka kay illariy may sumak all\u00ed wi\u00f1ashpa wi\u00f1ashpa rinka shukta llankaykunawan.<\/p>\n\n\n\n<h2 class=\"wp-block-heading\">Kay ruruchina:<\/h2>\n\n\n\n<p>Kay Celec Ep kanmi shuk Kay ruruchina maypi tukuy runakunapa yaykuna.<\/p>\n\n\n\n<p>Kayka kanmi imashina runakunamay shuk yanapayta kay illariy kayka charimy shuk sapi shinapish kay kunatami paktachina kankuna, rantipana , shuta kutakunapish.<\/p>\n\n\n\n<p>Kay hatun ruraykuna kanmy chay CELEC EPpa kayka kanmy illariy Ecuador mamallaktapa shinapish kaykunamy kan.<\/p>\n\n\n\n<ol class=\"wp-block-list\">\n<li>Shinapish kamy imashina manchina katuna shukta shukta kay illariy manta shinapish kaytaka paktachinamy kanchi shukuna kamutachunkuna.<\/li>\n<\/ol>\n\n\n\n<p>a. Kay paktaykuna, chayta, churakuna , operachikuy shinapish rikushpa purikrinkuna kay imay mana kaya imayman all\u00ed kaypica shukta llika cunanta chuchanrinkuna.<\/p>\n\n\n\n<p>b. rantina, katuna, rantinakuna shinapish mintalana kallpata rakinkakuna sukta hatun llaynkaywan tantarishpashinapish ruwarinkuna katuna rantinawan.<\/p>\n\n\n\n<p>c. katuna rantina mintalana tukuy kay runakunawan tantarishpa maypimi shuk kamachiy ruwashpa kay illariy shukuman rakinamam shinapish mintalana kay illariyta.<\/p>\n\n\n\n<p>d. tukuy Runakuna tantarishpa shuk waka yuyarinkuna tukuy mashikunawan imashina kay taripayta ruwanklapak.<\/p>\n\n\n\n<p>e. rikuchina imashina kallarina shuk hatun emprersakunata shukta shutak yachaykunawan mushuk yuyaykunata lluchinkpak.<\/p>\n\n\n\n<ol class=\"wp-block-list\" start=\"2\">\n<li>Kayka kamy imashina shuta runakunawan mukshurinkapa \u00f1ashina ima \u00f1aupa ruraykunata ruwankapa.<\/li>\n\n\n\n<li>Pakta pakta kanan kaya hatun tantanakuypi maypimi wi\u00f1ashpa wi\u00f1aspa rinkapa kay kuskikuy yachak shinaish achikata yachamunkuna kay illariy achika runakuna<\/li>\n\n\n\n<li>All\u00ed mashkana amawta ima shina Wi\u00f1ana kaya katunakunawan.<\/li>\n<\/ol>\n\n\n\n<h2 class=\"wp-block-heading\">Wi\u00f1ay kausaykuna muskuk shimikuna:<\/h2>\n\n\n\n<p><strong>314 niki.-<\/strong>&nbsp;Mamallaktami tukuyllaman chuya yaku mitachinata, parkuna yakuta, pachamama hampinata, zirma ushayta, karuwillakkunata, fiankunata, mamakuchapak punku uchilla wallpata, antanka tiyarinata, shuktak kamachiypi churashka uchilla wallpata harkashpa paktachinka.<\/p>\n\n\n\n<p><strong>315 niki.-<\/strong>&nbsp;Mamallaktami tukuyllaman chuya yaku mitachinata, parkuna yakuta, pachamama hampinata, zirma ushayta, karuwillakkunata, fiankunata, mamakuchapak punku uchilla wallpata, antanka tiyarinata, shuktak kamachiypi churashka uchilla wallpata harkashpa paktachinka.<\/p>\n\n\n\n<p>Mamallaktami pushayyachay hatunkuskapi llankachun tukuylla llankakwasita shayachinka, tuluylla mitachita ma\u00f1achichunpash churanka, pachamamapi tiyakkunata charirayankapa, tukuyllapak charimushkata hapina; kullki wi\u00f1arichun shuktak llankaykunatapash shayachina.Tukuylla Ilankakwasika chaypak churashka tantanakuy ukupi, kamachiywan yuyarishpa nikishka, rikurayashkami kanka.Tukuylla hayfiita chaskik runakuna, kamachiyta paktachishpami awllinka. Kikinllatak kullkimanta, kullkichishpa, kamashpa, mashkashpa, hatun alli tupukunawan awllinka. Llankakwasi, kullki, runakuna, pachamama yuyayta charinka.<\/p>\n\n\n\n<p>Shinap\u00edsh runakunaman willayka kashkamy chunka kimsa punllapy kamay killapi ishkay waranka iskun watapi kay illariy ecuador mamallatapi CELEC.S.A nishkawa ishkayti chimpa purashpa shuk hatun tantanakuy<\/p>\n\n\n\n<p>HIDROPAUTE S.A., HIDROAGOYAN S.A., ELECTROGUAYAS S.A., TERMOESMERALDAS S.A., TERMOPICHINCHA S.A. y TRANSELECTRIC S.A.<\/p>\n\n\n\n<p>Kayka kanmy shuk panka maypimi chunka shukta punllapi yaku killapy ishkay warnka iskun watapi kay hatun runakunapak tantanakuy shuk tantanakuyta charishpa shuk katita ruwashkakuna maypimy yuysrishkakuna imashinami \u00f1aupa punllakunapi kaykuna paktachishpa rinkapak kay kamachikuskata<\/p>\n\n\n\n<p>Kay hatun tantanakuy runakunapa canmi kay illariy ecuador mamallatapi CELEC EP, kayka kallaryshkamy chunka chusku punllapi kamy killapy ishkay chunka warankaa watapy<\/p>\n\n\n\n<p>Shinallata tukuykuna kamachinanakuyta paktachina kanchik kay CELEC S.A. e HIDRONACION S.A.<\/p>\n","protected":false},"excerpt":{"rendered":"<p>Rurana:&nbsp;CELEC EP kayka kanmi wantanta mushuk yashpa sahamuk kay illariy nishka kaya ecuador mamallaptapi maypimi kan katunarantina sumakta muksurink kaya tikrachinanawan ayllukumawa tantanakushpa . Rikuy:&nbsp;kayka ishkay waranka iskay chunka shuk watapika kankamy shuk hatun yachana kaya kanka kay illariy may sumak all\u00ed wi\u00f1ashpa wi\u00f1ashpa rinka shukta llankaykunawan. Kay ruruchina: Kay Celec Ep kanmi shuk Kay [&hellip;]<\/p>\n","protected":false},"author":1,"featured_media":0,"parent":0,"menu_order":0,"comment_status":"closed","ping_status":"closed","template":"","meta":{"_acf_changed":false,"inline_featured_image":false,"_themeisle_gutenberg_block_has_review":false,"footnotes":""},"class_list":["post-181","page","type-page","status-publish","hentry"],"acf":[],"_links":{"self":[{"href":"https:\/\/www.celec.gob.ec\/hidrotoapi\/wp-json\/wp\/v2\/pages\/181","targetHints":{"allow":["GET"]}}],"collection":[{"href":"https:\/\/www.celec.gob.ec\/hidrotoapi\/wp-json\/wp\/v2\/pages"}],"about":[{"href":"https:\/\/www.celec.gob.ec\/hidrotoapi\/wp-json\/wp\/v2\/types\/page"}],"author":[{"embeddable":true,"href":"https:\/\/www.celec.gob.ec\/hidrotoapi\/wp-json\/wp\/v2\/users\/1"}],"replies":[{"embeddable":true,"href":"https:\/\/www.celec.gob.ec\/hidrotoapi\/wp-json\/wp\/v2\/comments?post=181"}],"version-history":[{"count":1,"href":"https:\/\/www.celec.gob.ec\/hidrotoapi\/wp-json\/wp\/v2\/pages\/181\/revisions"}],"predecessor-version":[{"id":182,"href":"https:\/\/www.celec.gob.ec\/hidrotoapi\/wp-json\/wp\/v2\/pages\/181\/revisions\/182"}],"wp:attachment":[{"href":"https:\/\/www.celec.gob.ec\/hidrotoapi\/wp-json\/wp\/v2\/media?parent=181"}],"curies":[{"name":"wp","href":"https:\/\/api.w.org\/{rel}","templated":true}]}}