{"id":29,"date":"2023-02-18T07:41:10","date_gmt":"2023-02-18T07:41:10","guid":{"rendered":"https:\/\/www.celec.gob.ec\/termoesmeraldas\/?page_id=29"},"modified":"2023-02-18T07:41:12","modified_gmt":"2023-02-18T07:41:12","slug":"certificado-iso","status":"publish","type":"page","link":"https:\/\/www.celec.gob.ec\/termoesmeraldas\/certificado-iso\/","title":{"rendered":"Certificado ISO"},"content":{"rendered":"\n<p>Es una directriz para gestionar el \u00e9xito sostenido de una empresa<br>CELEC EP TERMOESMERALDAS, cuenta con la certificaci\u00f3n ISO 9001-2008, otorgado por la certificadora ICONTEC, que le permite optimizar sus procesos, satisfaciendo las necesidades de producci\u00f3n de energ\u00eda el\u00e9ctrica del sistema nacional interconectado, mientras reduce costos y mejora la calidad del servicio. Este sistema de calidad aporta el marco que Termoesmeraldas necesita para mejorar el desempe\u00f1o de los procesos y productividad, contribuyendo al \u00e9xito alcanzado por esta Unidad de Negocio, lo cual motiva y compromete a mantener un alto est\u00e1ndar de eficiencia, permitiendo flexibilidad y desarrollo para enfrentar los retos que exige el mundo actual. El Sistema de Gesti\u00f3n de Calidad basado en la Norma ISO 9001, permite a la Gerencia de Unidad asegurar el cumplimiento de los objetivos mediante seguimientos peri\u00f3dicos y mediciones constantes de los procesos, lo cual permite tomar decisiones y mejoras oportunas, favoreciendo al desarrollo y crecimiento permanente de Termoesmeraldas. El Sistema de Gesti\u00f3n de Calidad facilita la estandarizaci\u00f3n de las actividades, procesos y personal, con lo cual se minimizan los riesgos, transform\u00e1ndolos en oportunidades de mejora, lo que a su vez brinda a nuestro cliente confianza y satisfacci\u00f3n; y a la Unidad, reducci\u00f3n en los costos y gastos de operaci\u00f3n y funcionamiento. El Sistema de Gesti\u00f3n de Calidad, ha favorecido al mejoramiento de la comunicaci\u00f3n de la Unidad, tambi\u00e9n ha permitido aumentar el grado de compromiso y participaci\u00f3n del personal en los equipos de trabajo, los cuales identifican puntos de mejoras y establecen las acciones de perfeccionamiento, a fin de cumplir con los objetivos y metas planteados.<\/p>\n\n\n\n<p>La certificaci\u00f3n, es sin\u00f3nimo de gesti\u00f3n eficaz y eficiente de los procesos y sus recursos, lo que a su vez garantiza la satisfacci\u00f3n de nuestro cliente.<br>Pagina oficial ISO<br>Informaci\u00f3n en Espa\u00f1ol ISO<\/p>\n","protected":false},"excerpt":{"rendered":"<p>Es una directriz para gestionar el \u00e9xito sostenido de una empresaCELEC EP TERMOESMERALDAS, cuenta con la certificaci\u00f3n ISO 9001-2008, otorgado por la certificadora ICONTEC, que le permite optimizar sus procesos, satisfaciendo las necesidades de producci\u00f3n de energ\u00eda el\u00e9ctrica del sistema nacional interconectado, mientras reduce costos y mejora la calidad del servicio. Este sistema de calidad [&hellip;]<\/p>\n","protected":false},"author":1,"featured_media":0,"parent":0,"menu_order":0,"comment_status":"closed","ping_status":"closed","template":"","meta":{"_acf_changed":false,"inline_featured_image":false,"_themeisle_gutenberg_block_has_review":false,"footnotes":"","_links_to":"","_links_to_target":""},"class_list":["post-29","page","type-page","status-publish","hentry"],"acf":[],"_links":{"self":[{"href":"https:\/\/www.celec.gob.ec\/termoesmeraldas\/wp-json\/wp\/v2\/pages\/29","targetHints":{"allow":["GET"]}}],"collection":[{"href":"https:\/\/www.celec.gob.ec\/termoesmeraldas\/wp-json\/wp\/v2\/pages"}],"about":[{"href":"https:\/\/www.celec.gob.ec\/termoesmeraldas\/wp-json\/wp\/v2\/types\/page"}],"author":[{"embeddable":true,"href":"https:\/\/www.celec.gob.ec\/termoesmeraldas\/wp-json\/wp\/v2\/users\/1"}],"replies":[{"embeddable":true,"href":"https:\/\/www.celec.gob.ec\/termoesmeraldas\/wp-json\/wp\/v2\/comments?post=29"}],"version-history":[{"count":1,"href":"https:\/\/www.celec.gob.ec\/termoesmeraldas\/wp-json\/wp\/v2\/pages\/29\/revisions"}],"predecessor-version":[{"id":30,"href":"https:\/\/www.celec.gob.ec\/termoesmeraldas\/wp-json\/wp\/v2\/pages\/29\/revisions\/30"}],"wp:attachment":[{"href":"https:\/\/www.celec.gob.ec\/termoesmeraldas\/wp-json\/wp\/v2\/media?parent=29"}],"curies":[{"name":"wp","href":"https:\/\/api.w.org\/{rel}","templated":true}]}}