{"id":46,"date":"2023-02-18T07:51:12","date_gmt":"2023-02-18T07:51:12","guid":{"rendered":"https:\/\/www.celec.gob.ec\/termoesmeraldas\/?page_id=46"},"modified":"2023-02-18T07:51:13","modified_gmt":"2023-02-18T07:51:13","slug":"capacidad-de-contencion","status":"publish","type":"page","link":"https:\/\/www.celec.gob.ec\/termoesmeraldas\/capacidad-de-contencion\/","title":{"rendered":"Capacidad de contenci\u00f3n"},"content":{"rendered":"\n<h3 class=\"wp-block-heading\">Manejo de Desechos Industriales<\/h3>\n\n\n\n<p><strong>Central T\u00e9rmica Esmeraldas I<\/strong><\/p>\n\n\n\n<ul class=\"wp-block-list\">\n<li><strong>Emisiones de Part\u00edculas<\/strong><br>Diariamente para controlar las emisiones de part\u00edculas, se realiza un monitoreo de la calidad de gases a la salida del ducto del economisador, teniendo como valor de referencia mantener el nivel de CO por debajo de 10ppm.<br>Durante el monitoreo de emisiones se tiene un promedio de entre 283,26 y 287 mg\/Nm<sup>3<\/sup>, cumpliendo con la Norma Ambiental.<\/li>\n\n\n\n<li><strong>Emisiones de Ruido<\/strong><br>Dos veces al a\u00f1o con empresa externa, se realiza mediciones de verificaci\u00f3n del ruido en diferentes sitios de la planta, y al externo en los linderos de la Empresa, en los cuales se ha podido comprobar que no existen problemas.<\/li>\n\n\n\n<li><strong>Aguas Residuales Industriales<\/strong><br>Para periodos de mantenimiento de la caldera, esto es lavado de caldera y CAR, se implement\u00f3 el tratamiento de aguas residuales del lavado, en el clarificador, con lo que se consigui\u00f3 reducir sustancialmente la contaminaci\u00f3n del r\u00edo.<\/li>\n\n\n\n<li><strong>Residuos Aceitosos<\/strong><br>Se devuelven al proveedor. quienes se encargan de llevar el aceite usado a HOLCIM para su incineraci\u00f3n.<\/li>\n\n\n\n<li><strong>Cenizas de la Caldera<\/strong><br>Los desechos s\u00f3lidos producto de la combusti\u00f3n, se almacenan y son enviados a la empresa HOLCIM para su disposici\u00f3n final, se&nbsp;firm\u00f3 un convenio con Fundaci\u00f3n Natura, para el manejo de estos desechos.<\/li>\n<\/ul>\n","protected":false},"excerpt":{"rendered":"<p>Manejo de Desechos Industriales Central T\u00e9rmica Esmeraldas I<\/p>\n","protected":false},"author":1,"featured_media":0,"parent":0,"menu_order":0,"comment_status":"closed","ping_status":"closed","template":"","meta":{"_acf_changed":false,"inline_featured_image":false,"_themeisle_gutenberg_block_has_review":false,"footnotes":"","_links_to":"","_links_to_target":""},"class_list":["post-46","page","type-page","status-publish","hentry"],"acf":[],"_links":{"self":[{"href":"https:\/\/www.celec.gob.ec\/termoesmeraldas\/wp-json\/wp\/v2\/pages\/46","targetHints":{"allow":["GET"]}}],"collection":[{"href":"https:\/\/www.celec.gob.ec\/termoesmeraldas\/wp-json\/wp\/v2\/pages"}],"about":[{"href":"https:\/\/www.celec.gob.ec\/termoesmeraldas\/wp-json\/wp\/v2\/types\/page"}],"author":[{"embeddable":true,"href":"https:\/\/www.celec.gob.ec\/termoesmeraldas\/wp-json\/wp\/v2\/users\/1"}],"replies":[{"embeddable":true,"href":"https:\/\/www.celec.gob.ec\/termoesmeraldas\/wp-json\/wp\/v2\/comments?post=46"}],"version-history":[{"count":1,"href":"https:\/\/www.celec.gob.ec\/termoesmeraldas\/wp-json\/wp\/v2\/pages\/46\/revisions"}],"predecessor-version":[{"id":47,"href":"https:\/\/www.celec.gob.ec\/termoesmeraldas\/wp-json\/wp\/v2\/pages\/46\/revisions\/47"}],"wp:attachment":[{"href":"https:\/\/www.celec.gob.ec\/termoesmeraldas\/wp-json\/wp\/v2\/media?parent=46"}],"curies":[{"name":"wp","href":"https:\/\/api.w.org\/{rel}","templated":true}]}}