{"id":224,"date":"2024-01-12T08:10:00","date_gmt":"2024-01-12T08:10:00","guid":{"rendered":"https:\/\/www.celec.gob.ec\/termogasmachala\/?page_id=224"},"modified":"2024-03-22T15:35:25","modified_gmt":"2024-03-22T15:35:25","slug":"noticias","status":"publish","type":"page","link":"https:\/\/www.celec.gob.ec\/termogasmachala\/noticias\/","title":{"rendered":"Noticias"},"content":{"rendered":"\n<p><strong>El Gobierno Nacional suspende racionamientos hasta el 29 de febrero<\/strong><\/p>\n\n\n\n<p>El Gobierno del presidente Daniel Noboa Az\u00edn suspende los racionamientos a escala nacional hasta el pr\u00f3ximo 29 de febrero. La decisi\u00f3n se da como resultado de las acciones implementadas para el manejo eficiente de los embalses de las centrales hidroel\u00e9ctricas, sumado a la presencia de precipitaciones durante las \u00faltimas semanas y a la campa\u00f1a de ahorro de energ\u00eda \u201cEcuador se ilumina con tu ahorro\u201d.<\/p>\n\n\n\n<p>Seg\u00fan datos del Operador Nacional de Electricidad (Cenace), en cuanto al Complejo Integral de Paute, los embalses de las centrales Mazar y Amaluza se encuentran en cotas cercanas a 2 143.2 metros sobre el nivel del mar (msnm) y 1 982.1 msnm respectivamente, lo que representa una energ\u00eda almacenada de 690 gigavatios-hora (GWh) aproximadamente.<\/p>\n\n\n\n<p>Esta favorable situaci\u00f3n se debe principalmente a las lluvias de las \u00faltimas semanas, lo cual ha permitido incrementar la participaci\u00f3n de la hidroelectricidad en el abastecimiento de la demanda; optimizando los despachos y disminuyendo dr\u00e1sticamente la importaci\u00f3n diaria de energ\u00eda desde el sistema colombiano y peruano, registrando valores menores a 5 GWh\/d\u00eda en enero.<\/p>\n\n\n\n<p>En este sentido, el despacho de energ\u00eda en este mes se ha compuesto de: 70% en generaci\u00f3n hidroel\u00e9ctrica y energ\u00eda renovable no convencional, 25% en generaci\u00f3n t\u00e9rmica (gas natural y combustibles l\u00edquidos) y 5%&nbsp;en&nbsp;importaci\u00f3n.<\/p>\n\n\n\n<p>Con el fin de asegurar y garantizar el suministro de energ\u00eda a los ecuatorianos, desde la segunda quincena de enero hasta marzo de 2024, se programan mantenimientos en varias centrales del parque generador; los cuales resultan fundamentales dada la operaci\u00f3n exhaustiva de los sistemas de generaci\u00f3n durante el per\u00edodo de estiaje.<\/p>\n\n\n\n<p>El Gobierno Nacional, a trav\u00e9s del Ministerio de Energ\u00eda y Minas, trabaja de forma incansable para asegurar a la ciudadan\u00eda un servicio el\u00e9ctrico continuo, confiable y seguro, que promueva el desarrollo econ\u00f3mico del pa\u00eds.<\/p>\n\n\n\n<p>\u00a1Trabajamos para construir El Nuevo Ecuador!<\/p>\n","protected":false},"excerpt":{"rendered":"<p>El Gobierno Nacional suspende racionamientos hasta el 29 de febrero El Gobierno del presidente Daniel Noboa Az\u00edn suspende los racionamientos a escala nacional hasta el pr\u00f3ximo 29 de febrero. La decisi\u00f3n se da como resultado de las acciones implementadas para el manejo eficiente de los embalses de las centrales hidroel\u00e9ctricas, sumado a la presencia de [&hellip;]<\/p>\n","protected":false},"author":1,"featured_media":0,"parent":0,"menu_order":0,"comment_status":"closed","ping_status":"closed","template":"","meta":{"_acf_changed":false,"inline_featured_image":false,"_themeisle_gutenberg_block_has_review":false,"footnotes":""},"class_list":["post-224","page","type-page","status-publish","hentry"],"acf":[],"_links":{"self":[{"href":"https:\/\/www.celec.gob.ec\/termogasmachala\/wp-json\/wp\/v2\/pages\/224","targetHints":{"allow":["GET"]}}],"collection":[{"href":"https:\/\/www.celec.gob.ec\/termogasmachala\/wp-json\/wp\/v2\/pages"}],"about":[{"href":"https:\/\/www.celec.gob.ec\/termogasmachala\/wp-json\/wp\/v2\/types\/page"}],"author":[{"embeddable":true,"href":"https:\/\/www.celec.gob.ec\/termogasmachala\/wp-json\/wp\/v2\/users\/1"}],"replies":[{"embeddable":true,"href":"https:\/\/www.celec.gob.ec\/termogasmachala\/wp-json\/wp\/v2\/comments?post=224"}],"version-history":[{"count":11,"href":"https:\/\/www.celec.gob.ec\/termogasmachala\/wp-json\/wp\/v2\/pages\/224\/revisions"}],"predecessor-version":[{"id":1089,"href":"https:\/\/www.celec.gob.ec\/termogasmachala\/wp-json\/wp\/v2\/pages\/224\/revisions\/1089"}],"wp:attachment":[{"href":"https:\/\/www.celec.gob.ec\/termogasmachala\/wp-json\/wp\/v2\/media?parent=224"}],"curies":[{"name":"wp","href":"https:\/\/api.w.org\/{rel}","templated":true}]}}