{"id":85,"date":"2023-02-18T09:13:47","date_gmt":"2023-02-18T09:13:47","guid":{"rendered":"https:\/\/www.celec.gob.ec\/termogasmachala\/?page_id=85"},"modified":"2023-02-18T09:13:48","modified_gmt":"2023-02-18T09:13:48","slug":"resena-historica-y-constitucion","status":"publish","type":"page","link":"https:\/\/www.celec.gob.ec\/termogasmachala\/resena-historica-y-constitucion\/","title":{"rendered":"Rese\u00f1a Hist\u00f3rica y Constituci\u00f3n"},"content":{"rendered":"\n<p>El 2 de julio de 1996 la empresa Energy Development Corporation EDC firm\u00f3 un contrato con el Estado ecuatoriano para la exploraci\u00f3n y explotaci\u00f3n del gas natural en el Golfo de Guayaquil y el 13 de septiembre de 2000, el Consejo Nacional de Electricidad &#8211; CONELEC otorg\u00f3 el certificado de concesi\u00f3n a la compa\u00f1\u00eda EDC Ecuador, subsidiaria de Noble Energy, para la construcci\u00f3n y operaci\u00f3n de la Central Termoel\u00e9ctrica Machala.<\/p>\n\n\n\n<p>El 18 de abril de 2001, el Directorio del CONELEC autoriz\u00f3 la transferencia de los derechos de concesi\u00f3n otorgados a la compa\u00f1\u00eda EDC Ecuador a favor de la compa\u00f1\u00eda Machala Power Limited, tambi\u00e9n subsidiaria de Noble Energy, y el contrato fue suscrito el 15 de octubre de 2001.<\/p>\n\n\n\n<p>El objetivo de las concesiones otorgadas fue que EDC se dedicara exclusivamente a la extracci\u00f3n y producci\u00f3n de gas y Machala Power al negocio de la generaci\u00f3n el\u00e9ctrica.<\/p>\n\n\n\n<p>EDC entre los a\u00f1os 2000 a 2004 perfor\u00f3 8 pozos en el Golfo de Guayaquil, de los cuales tres se encontraban en producci\u00f3n, con un promedio diario de producci\u00f3n de 32 MMPC (millones de pies c\u00fabicos) en el a\u00f1o 2010, la misma que era entregada en su totalidad a la Empresa Machala Power para generaci\u00f3n termoel\u00e9ctrica.<\/p>\n\n\n\n<p>Con resoluci\u00f3n No. 286 del 25 de Noviembre de 2010 la Secretar\u00eda de Hidrocarburos declara terminado el contrato de participaci\u00f3n entre el Estado ecuatoriano y EDC, y le encarga la operaci\u00f3n y transici\u00f3n operacional del bloque 3 a EP PETROECUADOR. Por su parte y mediante Resoluci\u00f3n No. 082-10 del 9 de diciembre de 2010, el Directorio del Consejo Nacional de Electricidad resolvi\u00f3 \u201c\u2026aprobar la cesi\u00f3n del Contrato de Concesi\u00f3n y sus contratos modificatorios suscritos entre CONELEC y la Compa\u00f1\u00eda MACHALA POWER Cia. Ltda., a favor de la Empresa P\u00fablica Estrat\u00e9gica CORPORACI\u00d3N EL\u00c9CTRICA DEL ECUADOR CELEC EP.<\/p>\n\n\n\n<p>A partir del 27 de mayo de 2011, la actual Central Termogas Machala pas\u00f3 a ser operada por la Corporaci\u00f3n El\u00e9ctrica del Ecuador CELEC EP, de conformidad con el convenio establecido entre la anterior operadora, Machala Power Company (MPC), y la Empresa P\u00fablica Estrat\u00e9gica CORPORACI\u00d3N EL\u00c9CTRICA DEL ECUADOR CELEC EP.<\/p>\n","protected":false},"excerpt":{"rendered":"<p>El 2 de julio de 1996 la empresa Energy Development Corporation EDC firm\u00f3 un contrato con el Estado ecuatoriano para la exploraci\u00f3n y explotaci\u00f3n del gas natural en el Golfo de Guayaquil y el 13 de septiembre de 2000, el Consejo Nacional de Electricidad &#8211; CONELEC otorg\u00f3 el certificado de concesi\u00f3n a la compa\u00f1\u00eda EDC [&hellip;]<\/p>\n","protected":false},"author":1,"featured_media":0,"parent":0,"menu_order":0,"comment_status":"closed","ping_status":"closed","template":"","meta":{"_acf_changed":false,"inline_featured_image":false,"_themeisle_gutenberg_block_has_review":false,"footnotes":""},"class_list":["post-85","page","type-page","status-publish","hentry"],"acf":[],"_links":{"self":[{"href":"https:\/\/www.celec.gob.ec\/termogasmachala\/wp-json\/wp\/v2\/pages\/85","targetHints":{"allow":["GET"]}}],"collection":[{"href":"https:\/\/www.celec.gob.ec\/termogasmachala\/wp-json\/wp\/v2\/pages"}],"about":[{"href":"https:\/\/www.celec.gob.ec\/termogasmachala\/wp-json\/wp\/v2\/types\/page"}],"author":[{"embeddable":true,"href":"https:\/\/www.celec.gob.ec\/termogasmachala\/wp-json\/wp\/v2\/users\/1"}],"replies":[{"embeddable":true,"href":"https:\/\/www.celec.gob.ec\/termogasmachala\/wp-json\/wp\/v2\/comments?post=85"}],"version-history":[{"count":1,"href":"https:\/\/www.celec.gob.ec\/termogasmachala\/wp-json\/wp\/v2\/pages\/85\/revisions"}],"predecessor-version":[{"id":86,"href":"https:\/\/www.celec.gob.ec\/termogasmachala\/wp-json\/wp\/v2\/pages\/85\/revisions\/86"}],"wp:attachment":[{"href":"https:\/\/www.celec.gob.ec\/termogasmachala\/wp-json\/wp\/v2\/media?parent=85"}],"curies":[{"name":"wp","href":"https:\/\/api.w.org\/{rel}","templated":true}]}}