{"id":25,"date":"2023-02-18T10:57:24","date_gmt":"2023-02-18T10:57:24","guid":{"rendered":"https:\/\/www.celec.gob.ec\/termomanabi\/?page_id=25"},"modified":"2023-02-18T10:57:25","modified_gmt":"2023-02-18T10:57:25","slug":"unidad-de-negocio","status":"publish","type":"page","link":"https:\/\/www.celec.gob.ec\/termomanabi\/unidad-de-negocio\/","title":{"rendered":"Unidad de Negocio"},"content":{"rendered":"\n<p>La Unidad de Negocio Termomanab\u00ed opera con cuatro centrales de generaci\u00f3n termoel\u00e9ctrica:<br>\u2022 Manta II<br>\u2022 Pedernales<br>\u2022 Jaramij\u00f3 y<br>\u2022 Miraflores (Termoel\u00e9ctrica y la Turbina).<\/p>\n\n\n\n<p>La Unidad de Negocio Termomanab\u00ed cre\u00f3 oportunidades laborales con fuentes de trabajo directas para los manabitas. Adicionalmente emplea mano de obra indirecta, multiplicando su aporte a la comunidad.<\/p>\n\n\n\n<p>La creaci\u00f3n de Termomanab\u00ed contribuye al fortalecimiento de la confiabilidad y disponibilidad del sistema de generaci\u00f3n de energ\u00eda en la provincia, cuya producci\u00f3n se inyecta al Sistema Nacional Interconectado y al Sistema de Distribuci\u00f3n de la provincia dando estabilidad al sistema el\u00e9ctrico de Manab\u00ed, con una capacidad m\u00e1xima de potencia nominal de 223.89 megawatts (MW).<\/p>\n\n\n\n<p>Su mayor r\u00e9cord de generaci\u00f3n mensual fue en octubre de 2012 con 111.23 Gwh., seg\u00fan datos registrados y facturados por CENACE.<\/p>\n\n\n\n<figure class=\"wp-block-table is-style-stripes\"><table><tbody><tr><td><strong>CENTRALES<\/strong><\/td><td><strong>GENERACI\u00d3N&nbsp;&nbsp; kWh<\/strong><\/td><\/tr><tr><td>JARAMIJ\u00d3<\/td><td>&nbsp;90.939.545,24<\/td><\/tr><tr><td>MANTA II<\/td><td>10.061.773,14<\/td><\/tr><tr><td>MIRAFLORES MCI<\/td><td>2.739.007,98<\/td><\/tr><tr><td>PEDERNALES<\/td><td>594.759,99<\/td><\/tr><tr><td>MIRAFLORES TG1<\/td><td>6.892.912,53<\/td><\/tr><tr><td><strong>TOTAL EN&nbsp; kWh<\/strong><\/td><td><strong>111.227.998,88<\/strong><\/td><\/tr><\/tbody><\/table><\/figure>\n\n\n\n<div style=\"height:30px\" aria-hidden=\"true\" class=\"wp-block-spacer\"><\/div>\n\n\n<div class=\"wp-block-image\">\n<figure class=\"aligncenter size-full\"><img loading=\"lazy\" decoding=\"async\" width=\"983\" height=\"416\" src=\"https:\/\/www.celec.gob.ec\/termomanabi\/wp-content\/uploads\/2023\/02\/Produccion_Termomanabi.jpg\" alt=\"\" class=\"wp-image-26\" srcset=\"https:\/\/www.celec.gob.ec\/termomanabi\/wp-content\/uploads\/2023\/02\/Produccion_Termomanabi.jpg 983w, https:\/\/www.celec.gob.ec\/termomanabi\/wp-content\/uploads\/2023\/02\/Produccion_Termomanabi-300x127.jpg 300w, https:\/\/www.celec.gob.ec\/termomanabi\/wp-content\/uploads\/2023\/02\/Produccion_Termomanabi-768x325.jpg 768w\" sizes=\"auto, (max-width: 983px) 100vw, 983px\" \/><\/figure>\n<\/div>","protected":false},"excerpt":{"rendered":"<p>La Unidad de Negocio Termomanab\u00ed opera con cuatro centrales de generaci\u00f3n termoel\u00e9ctrica:\u2022 Manta II\u2022 Pedernales\u2022 Jaramij\u00f3 y\u2022 Miraflores (Termoel\u00e9ctrica y la Turbina). La Unidad de Negocio Termomanab\u00ed cre\u00f3 oportunidades laborales con fuentes de trabajo directas para los manabitas. Adicionalmente emplea mano de obra indirecta, multiplicando su aporte a la comunidad. La creaci\u00f3n de Termomanab\u00ed contribuye [&hellip;]<\/p>\n","protected":false},"author":1,"featured_media":0,"parent":0,"menu_order":0,"comment_status":"closed","ping_status":"closed","template":"","meta":{"_acf_changed":false,"inline_featured_image":false,"_themeisle_gutenberg_block_has_review":false,"footnotes":""},"categories":[],"tags":[],"class_list":["post-25","page","type-page","status-publish","hentry"],"acf":[],"_links":{"self":[{"href":"https:\/\/www.celec.gob.ec\/termomanabi\/wp-json\/wp\/v2\/pages\/25","targetHints":{"allow":["GET"]}}],"collection":[{"href":"https:\/\/www.celec.gob.ec\/termomanabi\/wp-json\/wp\/v2\/pages"}],"about":[{"href":"https:\/\/www.celec.gob.ec\/termomanabi\/wp-json\/wp\/v2\/types\/page"}],"author":[{"embeddable":true,"href":"https:\/\/www.celec.gob.ec\/termomanabi\/wp-json\/wp\/v2\/users\/1"}],"replies":[{"embeddable":true,"href":"https:\/\/www.celec.gob.ec\/termomanabi\/wp-json\/wp\/v2\/comments?post=25"}],"version-history":[{"count":1,"href":"https:\/\/www.celec.gob.ec\/termomanabi\/wp-json\/wp\/v2\/pages\/25\/revisions"}],"predecessor-version":[{"id":27,"href":"https:\/\/www.celec.gob.ec\/termomanabi\/wp-json\/wp\/v2\/pages\/25\/revisions\/27"}],"wp:attachment":[{"href":"https:\/\/www.celec.gob.ec\/termomanabi\/wp-json\/wp\/v2\/media?parent=25"}],"wp:term":[{"taxonomy":"category","embeddable":true,"href":"https:\/\/www.celec.gob.ec\/termomanabi\/wp-json\/wp\/v2\/categories?post=25"},{"taxonomy":"post_tag","embeddable":true,"href":"https:\/\/www.celec.gob.ec\/termomanabi\/wp-json\/wp\/v2\/tags?post=25"}],"curies":[{"name":"wp","href":"https:\/\/api.w.org\/{rel}","templated":true}]}}