{"id":55,"date":"2023-02-18T11:16:22","date_gmt":"2023-02-18T11:16:22","guid":{"rendered":"https:\/\/www.celec.gob.ec\/termomanabi\/?page_id=55"},"modified":"2025-07-08T19:51:00","modified_gmt":"2025-07-08T19:51:00","slug":"vistas-al-proyecto","status":"publish","type":"page","link":"https:\/\/www.celec.gob.ec\/termomanabi\/vistas-al-proyecto\/","title":{"rendered":"Solicitud de visitas a centrales de generaci\u00f3n el\u00e9ctrica y proyectos estrat\u00e9gicos."},"content":{"rendered":"\n<h2 class=\"wp-block-heading\">CELEC EP TERMOMANAB\u00cd<\/h2>\n\n\n\n<p>Te invitamos  a revisar el link adjunto para conocer nuestro servicio de visitas guiadas. <\/p>\n\n\n\n<p><a href=\"https:\/\/www.gob.ec\/celec-ep\/tramites\/solicitud-visitas-centrales-generacion-electrica-proyectos-estrategicos\">https:\/\/www.gob.ec\/celec-ep\/tramites\/solicitud-visitas-centrales-generacion-electrica-proyectos-estrategicos<\/a><\/p>\n\n\n\n<hr class=\"wp-block-separator has-alpha-channel-opacity\"\/>\n\n\n\n<p>Para solicitar y aplicar a una visita guiada, en las Centrales de Termomanab\u00ed, llenar el formulario completo en el siguiente link:<\/p>\n\n\n\n<p><a href=\"https:\/\/formularios.celec.gob.ec\/VisitaCentral\">https:\/\/formularios.celec.gob.ec\/VisitaCentral<\/a>&nbsp;&nbsp;&nbsp;&nbsp;&nbsp;&nbsp;&nbsp;<br><\/p>\n\n\n\n<p><\/p>\n","protected":false},"excerpt":{"rendered":"<p>CELEC EP TERMOMANAB\u00cd Te invitamos a revisar el link adjunto para conocer nuestro servicio de visitas guiadas. https:\/\/www.gob.ec\/celec-ep\/tramites\/solicitud-visitas-centrales-generacion-electrica-proyectos-estrategicos Para solicitar y aplicar a una visita guiada, en las Centrales de Termomanab\u00ed, llenar el formulario completo en el siguiente link: https:\/\/formularios.celec.gob.ec\/VisitaCentral&nbsp;&nbsp;&nbsp;&nbsp;&nbsp;&nbsp;&nbsp;<\/p>\n","protected":false},"author":1,"featured_media":0,"parent":0,"menu_order":0,"comment_status":"closed","ping_status":"closed","template":"","meta":{"_acf_changed":false,"inline_featured_image":false,"_themeisle_gutenberg_block_has_review":false,"footnotes":""},"categories":[],"tags":[],"class_list":["post-55","page","type-page","status-publish","hentry"],"acf":[],"_links":{"self":[{"href":"https:\/\/www.celec.gob.ec\/termomanabi\/wp-json\/wp\/v2\/pages\/55","targetHints":{"allow":["GET"]}}],"collection":[{"href":"https:\/\/www.celec.gob.ec\/termomanabi\/wp-json\/wp\/v2\/pages"}],"about":[{"href":"https:\/\/www.celec.gob.ec\/termomanabi\/wp-json\/wp\/v2\/types\/page"}],"author":[{"embeddable":true,"href":"https:\/\/www.celec.gob.ec\/termomanabi\/wp-json\/wp\/v2\/users\/1"}],"replies":[{"embeddable":true,"href":"https:\/\/www.celec.gob.ec\/termomanabi\/wp-json\/wp\/v2\/comments?post=55"}],"version-history":[{"count":4,"href":"https:\/\/www.celec.gob.ec\/termomanabi\/wp-json\/wp\/v2\/pages\/55\/revisions"}],"predecessor-version":[{"id":1125,"href":"https:\/\/www.celec.gob.ec\/termomanabi\/wp-json\/wp\/v2\/pages\/55\/revisions\/1125"}],"wp:attachment":[{"href":"https:\/\/www.celec.gob.ec\/termomanabi\/wp-json\/wp\/v2\/media?parent=55"}],"wp:term":[{"taxonomy":"category","embeddable":true,"href":"https:\/\/www.celec.gob.ec\/termomanabi\/wp-json\/wp\/v2\/categories?post=55"},{"taxonomy":"post_tag","embeddable":true,"href":"https:\/\/www.celec.gob.ec\/termomanabi\/wp-json\/wp\/v2\/tags?post=55"}],"curies":[{"name":"wp","href":"https:\/\/api.w.org\/{rel}","templated":true}]}}