{"id":224,"date":"2023-02-18T18:18:06","date_gmt":"2023-02-18T18:18:06","guid":{"rendered":"https:\/\/www.celec.gob.ec\/termopichincha\/?page_id=224"},"modified":"2023-02-18T18:18:08","modified_gmt":"2023-02-18T18:18:08","slug":"solicitud-de-laboratorio","status":"publish","type":"page","link":"https:\/\/www.celec.gob.ec\/termopichincha\/solicitud-de-laboratorio\/","title":{"rendered":"Solicitud de Laboratorio"},"content":{"rendered":"\n<h2 class=\"wp-block-heading\">SERVICIO\u00a0DE\u00a0AN\u00c1LISIS\u00a0DE\u00a0LABORATORIO<\/h2>\n\n\n\n<p><strong>Servicio de an\u00e1lisis de Laboratorio<\/strong><\/p>\n\n\n\n<p>La Corporaci\u00f3n El\u00e9ctrica del Ecuador CELEC EP a trav\u00e9s de la Unidad de Negocio TERMOPICHINCHA, pone a disposici\u00f3n del sector productivo, acad\u00e9mico y de la ciudadan\u00eda en general, el servicio&nbsp;del Laboratorio de Control Qu\u00edmico ubicado en la Central Guangopolode para la realizaci\u00f3n de an\u00e1lisis de cromatogr\u00e1fico de gases para muestras de aceite diel\u00e9ctrico.<\/p>\n\n\n\n<p><strong>Pasos para acceder al servicio del Laboratorio<\/strong><\/p>\n\n\n\n<ol class=\"wp-block-list\">\n<li>El cliente debe enviar su requerimiento, indicando los datos generales del servicio de an\u00e1lisis.al correo electr\u00f3nico:&nbsp;<strong><a href=\"mailto:TPI-servicios-LCQ@celec.gob.ec\">TPI-servicios-LCQ@celec.gob.ec<\/a><\/strong>&nbsp;<\/li>\n\n\n\n<li>El personal encargado del Laboratorio se contactar\u00e1 con el cliente para definir la viabilidad y t\u00e9rminos del servicio.<\/li>\n\n\n\n<li>CELEC&nbsp;EP TERMOPICHINCHA enviar\u00e1 la proforma al cliente acorde a los t\u00e9rminos ofertados, para su aprobaci\u00f3n.<\/li>\n\n\n\n<li>Aprobada la proforma por el cliente, ingresar\u00e1 a registrar la solicitud de an\u00e1lisis mediante el siguiente link:&nbsp;<strong>https:\/\/www.celec.gob.ec\/termopichincha\/index.php\/blog\/solicitud<\/strong>&nbsp;y enviar las muestras f\u00edsicas a la siguiente direcci\u00f3n: Calle Sebasti\u00e1n de Benalc\u00e1zar y Pedro Ferm\u00edn Cevallos junto al reservorio de Guangopolo, sector La Armenia &#8211; Quito.<\/li>\n\n\n\n<li>Realizado el servicio de an\u00e1lisis, CELEC EP &#8211; UN TERMOPICHINCHA emitir\u00e1 la factura para su respectivo pago.<\/li>\n\n\n\n<li>Una vez cancelada la factura, se remitir\u00e1 el Informe Final de Resultados de los an\u00e1lisis solicitados.<\/li>\n<\/ol>\n\n\n\n<p><strong>Consideraciones generales<\/strong><\/p>\n\n\n\n<p>Cada muestra de aceite diel\u00e9ctrico debe entregarse al Laboratorio en un volumen aproximado de 50 mL y en un jeringa de vidrio con v\u00e1lvula de tres v\u00edas incorporada. Tal accesorio ser\u00e1 devuelto al cliente al momento de la entrega de los resultados.<\/p>\n\n\n\n<p>Se deber\u00e1 comunicar al Laboratorio la temperatura ambiente y humedad relativa en el punto de muestreo.<\/p>\n\n\n\n<p><strong>Costo del servicio<\/strong><\/p>\n\n\n\n<p>150 USD (m\u00e1s IVA) por muestra.<\/p>\n\n\n\n<p><a href=\"https:\/\/www.celec.gob.ec\/termopichincha\/formulario-de-tramite\/\" data-type=\"page\" data-id=\"69\">FORMULARIO PARA SOLICITUD DE AN\u00c1LISIS DE LABORATORIO<\/a><\/p>\n\n\n\n<p><strong>Direcci\u00f3n:<\/strong><\/p>\n\n\n\n<p>Calle Sebasti\u00e1n de Benalc\u00e1zar y Pedro Ferm\u00edn Cevallos junto al reservorio de Guangopolo, sector La Armenia &#8211; Quito.<\/p>\n\n\n\n<p><strong>Cont\u00e1ctenos:<\/strong><\/p>\n\n\n\n<p>Horario: Lunes a viernes de 8h00 a 16h30<\/p>\n\n\n\n<p>e-mail:&nbsp;<a href=\"mailto:TPI-servicios-LCQ@celec.gob.ec\">TPI-servicios-LCQ@celec.gob.ec<\/a><\/p>\n\n\n\n<p>Tel\u00e9fono: 02 2992500 ext 23542<\/p>\n","protected":false},"excerpt":{"rendered":"<p>SERVICIO\u00a0DE\u00a0AN\u00c1LISIS\u00a0DE\u00a0LABORATORIO Servicio de an\u00e1lisis de Laboratorio La Corporaci\u00f3n El\u00e9ctrica del Ecuador CELEC EP a trav\u00e9s de la Unidad de Negocio TERMOPICHINCHA, pone a disposici\u00f3n del sector productivo, acad\u00e9mico y de la ciudadan\u00eda en general, el servicio&nbsp;del Laboratorio de Control Qu\u00edmico ubicado en la Central Guangopolode para la realizaci\u00f3n de an\u00e1lisis de cromatogr\u00e1fico de gases para [&hellip;]<\/p>\n","protected":false},"author":1,"featured_media":0,"parent":0,"menu_order":0,"comment_status":"closed","ping_status":"closed","template":"","meta":{"_acf_changed":false,"inline_featured_image":false,"_themeisle_gutenberg_block_has_review":false,"footnotes":""},"class_list":["post-224","page","type-page","status-publish","hentry"],"acf":[],"_links":{"self":[{"href":"https:\/\/www.celec.gob.ec\/termopichincha\/wp-json\/wp\/v2\/pages\/224","targetHints":{"allow":["GET"]}}],"collection":[{"href":"https:\/\/www.celec.gob.ec\/termopichincha\/wp-json\/wp\/v2\/pages"}],"about":[{"href":"https:\/\/www.celec.gob.ec\/termopichincha\/wp-json\/wp\/v2\/types\/page"}],"author":[{"embeddable":true,"href":"https:\/\/www.celec.gob.ec\/termopichincha\/wp-json\/wp\/v2\/users\/1"}],"replies":[{"embeddable":true,"href":"https:\/\/www.celec.gob.ec\/termopichincha\/wp-json\/wp\/v2\/comments?post=224"}],"version-history":[{"count":1,"href":"https:\/\/www.celec.gob.ec\/termopichincha\/wp-json\/wp\/v2\/pages\/224\/revisions"}],"predecessor-version":[{"id":225,"href":"https:\/\/www.celec.gob.ec\/termopichincha\/wp-json\/wp\/v2\/pages\/224\/revisions\/225"}],"wp:attachment":[{"href":"https:\/\/www.celec.gob.ec\/termopichincha\/wp-json\/wp\/v2\/media?parent=224"}],"curies":[{"name":"wp","href":"https:\/\/api.w.org\/{rel}","templated":true}]}}