{"id":45,"date":"2023-02-18T17:06:09","date_gmt":"2023-02-18T17:06:09","guid":{"rendered":"https:\/\/www.celec.gob.ec\/termopichincha\/?page_id=45"},"modified":"2023-02-18T17:06:34","modified_gmt":"2023-02-18T17:06:34","slug":"gestion-social-y-ambiental","status":"publish","type":"page","link":"https:\/\/www.celec.gob.ec\/termopichincha\/gestion-social-y-ambiental\/","title":{"rendered":"Planes de manejo"},"content":{"rendered":"\n<h2 class=\"wp-block-heading\">Gesti\u00f3n Social y Ambiental<\/h2>\n\n\n\n<p>Dentro de las estrategias que CELEC EP Termopichincha desarrolla est\u00e1 la expansi\u00f3n y diversificaci\u00f3n de la generaci\u00f3n el\u00e9ctrica, en este sentido lleva adelante el desarrollo de proyectos t\u00e9rmicos e hidroel\u00e9ctricos. La gesti\u00f3n social en los proyectos ha implicado desarrollar procesos de socializaci\u00f3n en las comunidades ubicadas en las \u00e1reas de influencia; establecer relacionamientos comunitarios permanentes;&nbsp;conocer y sistematizar inquietudes, entre otros aspectos.<\/p>\n\n\n\n<p>El Gobierno Nacional ante &nbsp;la necesidad de dotar de autonom\u00eda energ\u00e9tica a la ciudad de Quito ante posibles contingentes en la l\u00ednea de transmisi\u00f3n Totoras-Santa Rosa, surgi\u00f3 el Proyecto Guangopolo II. Este proyecto generar\u00e1 50 MW, con tecnolog\u00eda de punta, eficiente y que cumple con la normativa nacional e internacional en emisiones al ambiente.<\/p>\n\n\n\n<p>El Proyecto de Generaci\u00f3n Termoel\u00e9ctrica Guangopolo II contempla relaciones laborales, mejoramiento de calidad de vida y desarrollo humano.<\/p>\n\n\n\n<p>En este sentido un aspecto importante es la generaci\u00f3n de empleo a nivel local a trav\u00e9s de la contrataci\u00f3n de mano de obra calificada y no calificada necesaria en las diferentes fases del proyecto. Los beneficiarios directos son las comunidades ubicadas en las \u00e1reas de influencia del Proyecto, con las cuales, adem\u00e1s, se han establecido relaciones de cooperaci\u00f3n bajo el enfoque de cogesti\u00f3n, cofinanciamiento y participaci\u00f3n.<\/p>\n\n\n\n<p>La sostenibilidad social del proyecto plantea que, a la par del mejoramiento de la infraestructura el\u00e9ctrica, es prioritario generar acciones orientadas al desarrollo integral de las poblaciones involucradas en los proyectos implementados desde la gesti\u00f3n p\u00fablica.<\/p>\n\n\n\n<p>&nbsp;Paralelamente a lo mencionado, el alcance, naturaleza y esquema de gesti\u00f3n ambiental, establece una participaci\u00f3n mayoritaria y empoderamiento de las comunidades locales, como actores y beneficiarios de los programas de educaci\u00f3n, salud comunitaria, reforestaci\u00f3n,&nbsp; protecci\u00f3n de \u00e1reas sensibles, entre otros, todos orientados a mantener la armon\u00eda entre desarrollo econ\u00f3mico, desarrollo social y respeto al medio ambiente.<\/p>\n\n\n\n<h2 class=\"wp-block-heading\"><strong>LA PR\u00c1CTICA EN&nbsp;<\/strong><strong>EL DEPARTAMENTO DE GESTI\u00d3N SOCIAL Y AMBIENTAL<\/strong><\/h2>\n\n\n\n<p>La Unidad de Negocio Termopichincha es una unidad l\u00edder en generaci\u00f3n t\u00e9rmica que forma parte de la Corporaci\u00f3n El\u00e9ctrica del Ecuador CELEC EP.<\/p>\n\n\n\n<p>La Unidad de Negocio Termopichincha cuenta con &nbsp;20 &nbsp;generadoras t\u00e9rmicas, ubicadas en diferentes provincias del pa\u00eds: Pichincha, Los R\u00edos, Orellana, Sucumbi\u00f3s, y Gal\u00e1pagos. Dentro de su estructura organizacional cuenta con el Departamento de Gesti\u00f3n Social y Ambiental.<\/p>\n\n\n\n<p>La Gesti\u00f3n Social implica procesos de socializaci\u00f3n con las comunidades ubicadas en las \u00e1reas de influencia de cada central, es as\u00ed que con la finalidad de fomentar la educaci\u00f3n nos hemos relacionado directamente con diferentes instituciones educativas para&nbsp; darles a conocer la actividad de nuestras centrales de generaci\u00f3n,&nbsp; y lo que hacen en bien de la comunidad; ni\u00f1ez, adolescencia y tercera edad.<\/p>\n","protected":false},"excerpt":{"rendered":"<p>Gesti\u00f3n Social y Ambiental Dentro de las estrategias que CELEC EP Termopichincha desarrolla est\u00e1 la expansi\u00f3n y diversificaci\u00f3n de la generaci\u00f3n el\u00e9ctrica, en este sentido lleva adelante el desarrollo de proyectos t\u00e9rmicos e hidroel\u00e9ctricos. La gesti\u00f3n social en los proyectos ha implicado desarrollar procesos de socializaci\u00f3n en las comunidades ubicadas en las \u00e1reas de influencia; [&hellip;]<\/p>\n","protected":false},"author":1,"featured_media":0,"parent":0,"menu_order":0,"comment_status":"closed","ping_status":"closed","template":"","meta":{"_acf_changed":false,"inline_featured_image":false,"_themeisle_gutenberg_block_has_review":false,"footnotes":""},"class_list":["post-45","page","type-page","status-publish","hentry"],"acf":[],"_links":{"self":[{"href":"https:\/\/www.celec.gob.ec\/termopichincha\/wp-json\/wp\/v2\/pages\/45","targetHints":{"allow":["GET"]}}],"collection":[{"href":"https:\/\/www.celec.gob.ec\/termopichincha\/wp-json\/wp\/v2\/pages"}],"about":[{"href":"https:\/\/www.celec.gob.ec\/termopichincha\/wp-json\/wp\/v2\/types\/page"}],"author":[{"embeddable":true,"href":"https:\/\/www.celec.gob.ec\/termopichincha\/wp-json\/wp\/v2\/users\/1"}],"replies":[{"embeddable":true,"href":"https:\/\/www.celec.gob.ec\/termopichincha\/wp-json\/wp\/v2\/comments?post=45"}],"version-history":[{"count":2,"href":"https:\/\/www.celec.gob.ec\/termopichincha\/wp-json\/wp\/v2\/pages\/45\/revisions"}],"predecessor-version":[{"id":47,"href":"https:\/\/www.celec.gob.ec\/termopichincha\/wp-json\/wp\/v2\/pages\/45\/revisions\/47"}],"wp:attachment":[{"href":"https:\/\/www.celec.gob.ec\/termopichincha\/wp-json\/wp\/v2\/media?parent=45"}],"curies":[{"name":"wp","href":"https:\/\/api.w.org\/{rel}","templated":true}]}}