{"id":69,"date":"2023-02-18T17:23:27","date_gmt":"2023-02-18T17:23:27","guid":{"rendered":"https:\/\/www.celec.gob.ec\/termopichincha\/?page_id=69"},"modified":"2023-02-18T17:30:13","modified_gmt":"2023-02-18T17:30:13","slug":"formulario-de-tramite","status":"publish","type":"page","link":"https:\/\/www.celec.gob.ec\/termopichincha\/formulario-de-tramite\/","title":{"rendered":"Formulario de tr\u00e1mite"},"content":{"rendered":"\n<h2 class=\"wp-block-heading\">Formulario de tr\u00e1mite<\/h2>\n\n\n\n<p>Servicio de an\u00e1lisis de cromatograf\u00eda de gases disueltos en aceite diel\u00e9ctrico<\/p>\n\n\n\n<h2 class=\"wp-block-heading\">Formulario de inicio tr\u00e1mite<\/h2>\n\n\n\n<p>Completando todos los pasos de este formulario iniciar\u00e1 el tr\u00e1mite: An\u00e1lisis de cromatograf\u00eda de gases disueltos en aceite diel\u00e9ctricoEste tr\u00e1mite es atendido por: El laboratorio de Control Qu\u00edmico de CELEC EP &#8211; UN TERMOPICHINCHA<\/p>\n\n\n\n<div style=\"height:30px\" aria-hidden=\"true\" class=\"wp-block-spacer\"><\/div>\n\n\n\n<div class=\"forminator-guttenberg\"><div class=\"forminator-ui forminator-custom-form forminator-custom-form-71 forminator-design--material  forminator_ajax\" data-forminator-render=\"0\" data-form=\"forminator-module-71\" data-uid=\"69e003d73eb54\"><br\/><\/div><form\n\t\t\t\tid=\"forminator-module-71\"\n\t\t\t\tclass=\"forminator-ui forminator-custom-form forminator-custom-form-71 forminator-design--material  forminator_ajax\"\n\t\t\t\tmethod=\"post\"\n\t\t\t\tdata-forminator-render=\"0\"\n\t\t\t\tdata-form-id=\"71\"\n\t\t\t\t data-color-option=\"default\" data-design=\"material\" data-grid=\"open\" style=\"display: none;\"\n\t\t\t\tdata-uid=\"69e003d73eb54\"\n\t\t\t><div role=\"alert\" aria-live=\"polite\" class=\"forminator-response-message forminator-error\" aria-hidden=\"true\"><\/div><div class=\"forminator-row\"><div id=\"name-1\" class=\"forminator-field-name forminator-col forminator-col-12 \"><div class=\"forminator-field\"><label for=\"forminator-field-name-1_69e003d73eb54\" id=\"forminator-field-name-1_69e003d73eb54-label\" class=\"forminator-label\">Nombre <span class=\"forminator-required\">*<\/span><\/label><input type=\"text\" name=\"name-1\" value=\"\" placeholder=\"\" id=\"forminator-field-name-1_69e003d73eb54\" class=\"forminator-input forminator-name--field\" aria-required=\"true\" autocomplete=\"name\" \/><\/div><\/div><\/div><div class=\"forminator-row\"><div id=\"number-1\" class=\"forminator-field-number forminator-col forminator-col-12 \"><div class=\"forminator-field\"><label for=\"forminator-field-number-1_69e003d73eb54\" id=\"forminator-field-number-1_69e003d73eb54-label\" class=\"forminator-label\">RUC <span class=\"forminator-required\">*<\/span><\/label><input name=\"number-1\" value=\"\" placeholder=\"\" id=\"forminator-field-number-1_69e003d73eb54\" class=\"forminator-input forminator-number--field\" inputmode=\"decimal\" data-required=\"1\" data-decimals=\"0\" aria-required=\"true\" data-inputmask=\"&#039;groupSeparator&#039;: &#039;&#039;, &#039;radixPoint&#039;: &#039;&#039;, &#039;digits&#039;: &#039;0&#039;\" type=\"number\" step=\"any\" min=\"1\" max=\"150\" \/><\/div><\/div><\/div><div class=\"forminator-row\"><div id=\"text-1\" class=\"forminator-field-text forminator-col forminator-col-12 \"><div class=\"forminator-field\"><label for=\"forminator-field-text-1_69e003d73eb54\" id=\"forminator-field-text-1_69e003d73eb54-label\" class=\"forminator-label\">Direcci\u00f3n <span class=\"forminator-required\">*<\/span><\/label><input type=\"text\" name=\"text-1\" value=\"\" placeholder=\"\" id=\"forminator-field-text-1_69e003d73eb54\" class=\"forminator-input forminator-name--field\" data-required=\"1\" \/><\/div><\/div><\/div><div class=\"forminator-row\"><div id=\"text-2\" class=\"forminator-field-text forminator-col forminator-col-12 \"><div class=\"forminator-field\"><label for=\"forminator-field-text-2_69e003d73eb54\" id=\"forminator-field-text-2_69e003d73eb54-label\" class=\"forminator-label\">Persona de Contacto <span class=\"forminator-required\">*<\/span><\/label><input type=\"text\" name=\"text-2\" value=\"\" placeholder=\"\" id=\"forminator-field-text-2_69e003d73eb54\" class=\"forminator-input forminator-name--field\" data-required=\"1\" \/><\/div><\/div><\/div><div class=\"forminator-row\"><div id=\"email-1\" class=\"forminator-field-email forminator-col forminator-col-12 \"><div class=\"forminator-field\"><label for=\"forminator-field-email-1_69e003d73eb54\" id=\"forminator-field-email-1_69e003d73eb54-label\" class=\"forminator-label\">Correo electr\u00f3nico <span class=\"forminator-required\">*<\/span><\/label><input type=\"email\" name=\"email-1\" value=\"\" placeholder=\"\" id=\"forminator-field-email-1_69e003d73eb54\" class=\"forminator-input forminator-email--field\" data-required=\"1\" aria-required=\"true\" autocomplete=\"email\" \/><\/div><\/div><\/div><div class=\"forminator-row\"><div id=\"group-1\" class=\"forminator-field-group forminator-col forminator-col-12 \"><label class=\"forminator-label forminator-repeater-label\">DATOS GENERALES DE LAS MUESTRAS<\/label><div class=\"forminator-all-group-copies forminator-repeater-field\"><div class=\"forminator-grouped-fields\" data-options=\"{&quot;is_repeater&quot;:false,&quot;min_type&quot;:&quot;custom&quot;,&quot;max_type&quot;:&quot;custom&quot;,&quot;min&quot;:1,&quot;max&quot;:9223372036854775807,&quot;add_text&quot;:&quot;A\\u00f1adir elemento&quot;,&quot;remove_text&quot;:&quot;Eliminar art\\u00edculo&quot;,&quot;action_element_type&quot;:&quot;button&quot;}\"><div class=\"forminator-row\"><div id=\"text-4\" class=\"forminator-field-text forminator-col forminator-col-6 \"><div class=\"forminator-field\"><label for=\"forminator-field-text-4_69e003d73eb54\" id=\"forminator-field-text-4_69e003d73eb54-label\" class=\"forminator-label\">N\u00famero de muestras que se requieren analizar <span class=\"forminator-required\">*<\/span><\/label><input type=\"text\" name=\"text-4\" value=\"\" placeholder=\"\" id=\"forminator-field-text-4_69e003d73eb54\" class=\"forminator-input forminator-name--field\" data-required=\"1\" \/><\/div><\/div><div id=\"text-3\" class=\"forminator-field-text forminator-col forminator-col-6 \"><div class=\"forminator-field\"><label for=\"forminator-field-text-3_69e003d73eb54\" id=\"forminator-field-text-3_69e003d73eb54-label\" class=\"forminator-label\">Descripci\u00f3n de las muestras <span class=\"forminator-required\">*<\/span><\/label><input type=\"text\" name=\"text-3\" value=\"\" placeholder=\"\" id=\"forminator-field-text-3_69e003d73eb54\" class=\"forminator-input forminator-name--field\" data-required=\"1\" \/><\/div><\/div><\/div><\/div><\/div><\/div><\/div><input type=\"hidden\" name=\"referer_url\" value=\"\" \/><div class=\"forminator-row forminator-row-last\"><div class=\"forminator-col\"><div class=\"forminator-field\"><button class=\"forminator-button forminator-button-submit\"><span>Enviar mensaje<\/span><span aria-hidden=\"true\"><\/span><\/button><\/div><\/div><\/div><input type=\"hidden\" id=\"forminator_nonce\" name=\"forminator_nonce\" value=\"24afc73c4a\" \/><input type=\"hidden\" name=\"_wp_http_referer\" value=\"\/termopichincha\/wp-json\/wp\/v2\/pages\/69\" \/><input type=\"hidden\" name=\"form_id\" value=\"71\"><input type=\"hidden\" name=\"page_id\" value=\"69\"><input type=\"hidden\" name=\"form_type\" value=\"default\"><input type=\"hidden\" name=\"current_url\" value=\"https:\/\/www.celec.gob.ec\/termopichincha\/formulario-de-tramite\/\"><input type=\"hidden\" name=\"render_id\" value=\"0\"><input type=\"hidden\" name=\"action\" value=\"forminator_submit_form_custom-forms\"><\/form><\/div>\n","protected":false},"excerpt":{"rendered":"<p>Formulario de tr\u00e1mite Servicio de an\u00e1lisis de cromatograf\u00eda de gases disueltos en aceite diel\u00e9ctrico Formulario de inicio tr\u00e1mite Completando todos los pasos de este formulario iniciar\u00e1 el tr\u00e1mite: An\u00e1lisis de cromatograf\u00eda de gases disueltos en aceite diel\u00e9ctricoEste tr\u00e1mite es atendido por: El laboratorio de Control Qu\u00edmico de CELEC EP &#8211; UN TERMOPICHINCHA<\/p>\n","protected":false},"author":1,"featured_media":0,"parent":0,"menu_order":0,"comment_status":"closed","ping_status":"closed","template":"","meta":{"_acf_changed":false,"inline_featured_image":false,"_themeisle_gutenberg_block_has_review":false,"footnotes":""},"class_list":["post-69","page","type-page","status-publish","hentry"],"acf":[],"_links":{"self":[{"href":"https:\/\/www.celec.gob.ec\/termopichincha\/wp-json\/wp\/v2\/pages\/69","targetHints":{"allow":["GET"]}}],"collection":[{"href":"https:\/\/www.celec.gob.ec\/termopichincha\/wp-json\/wp\/v2\/pages"}],"about":[{"href":"https:\/\/www.celec.gob.ec\/termopichincha\/wp-json\/wp\/v2\/types\/page"}],"author":[{"embeddable":true,"href":"https:\/\/www.celec.gob.ec\/termopichincha\/wp-json\/wp\/v2\/users\/1"}],"replies":[{"embeddable":true,"href":"https:\/\/www.celec.gob.ec\/termopichincha\/wp-json\/wp\/v2\/comments?post=69"}],"version-history":[{"count":2,"href":"https:\/\/www.celec.gob.ec\/termopichincha\/wp-json\/wp\/v2\/pages\/69\/revisions"}],"predecessor-version":[{"id":72,"href":"https:\/\/www.celec.gob.ec\/termopichincha\/wp-json\/wp\/v2\/pages\/69\/revisions\/72"}],"wp:attachment":[{"href":"https:\/\/www.celec.gob.ec\/termopichincha\/wp-json\/wp\/v2\/media?parent=69"}],"curies":[{"name":"wp","href":"https:\/\/api.w.org\/{rel}","templated":true}]}}