{"id":10010,"date":"2025-06-16T16:26:36","date_gmt":"2025-06-16T21:26:36","guid":{"rendered":"https:\/\/www.celec.gob.ec\/transelectric\/?page_id=10010"},"modified":"2025-06-17T10:17:53","modified_gmt":"2025-06-17T15:17:53","slug":"concurso-de-meritos-y-oposicion-especialista-de-telecomunicaciones-sistema-nacional-interconectado-16-de-junio-2024-sede-quito","status":"publish","type":"page","link":"https:\/\/www.celec.gob.ec\/transelectric\/concurso-de-meritos-y-oposicion-especialista-de-telecomunicaciones-sistema-nacional-interconectado-16-de-junio-2024-sede-quito\/","title":{"rendered":"Concurso de M\u00e9ritos y Oposici\u00f3n, Especialista de Telecomunicaciones Sistema Nacional Interconectado, 16 de junio 2025 \u2013 Sede Quito"},"content":{"rendered":"\n<p>En cumplimiento a la Codificaci\u00f3n del Reglamento para el Reclutamiento, Preselecci\u00f3n, Selecci\u00f3n, Vinculaci\u00f3n, e Inducci\u00f3n del Talento Humano de la Empresa P\u00fablica Estrat\u00e9gica Corporaci\u00f3n El\u00e9ctrica del Ecuador CELEC EP\u201d, mediante resoluci\u00f3n No. CEL-RES-0320-24, se pone en consideraci\u00f3n el inicio de la fase de reclutamiento del CONCURSO DE M\u00c9RITOS Y OPOSICI\u00d3N, para cubrir&nbsp;el cargo&nbsp;detallado en el archivo adjunto.<\/p>\n\n\n\n<p><em>\u201cArt. 7.- Reclutamiento: El comit\u00e9 de selecci\u00f3n designado para el efecto tendr\u00e1 la responsabilidad de esta actividad, cuyo objetivo es recopilar todas las postulaciones de los aspirantes potencialmente calificados para ocupar los puestos ofertados por la CELEC EP, de manera temporal o definitiva, seg\u00fan corresponda.\u201d<\/em><\/p>\n\n\n\n<p>Conforme el Procedimiento para la gesti\u00f3n de la vinculaci\u00f3n de talento humano versi\u00f3n 4.0; en su numeral <strong>6.20 Realizar la socializaci\u00f3n y convocatoria<\/strong> indica:<\/p>\n\n\n\n<p><em>\u201cSe socializa la convocatoria a trav\u00e9s de correo electr\u00f3nico institucional dirigido a las Unidades de Talento Humano de la Corporaci\u00f3n El\u00e9ctrica del Ecuador CELEC EP. y se publica en los medios digitales (p\u00e1gina web de la Corporaci\u00f3n) e impresos mediante cartelera institucional.\u201d<\/em><\/p>\n\n\n\n<p>Los aspirantes que cumplan con los requisitos deber\u00e1n remitir su hoja de vida actualizada, adjuntando los documentos que acrediten su formaci\u00f3n profesional y experiencia laboral en referencia al puesto aplicado, (t\u00edtulo universitario, registro SENESCYT, certificados laborales debidamente suscritos y documento de tiempo de servicio por empleador obtenido de la p\u00e1gina del IESS;&nbsp; contratos por servicios profesionales y sus facturas para verificar el cumplimiento del contrato; indicar si posee acciones afirmativas con documento habilitante y dem\u00e1s respaldos de hoja de vida), dichos documentos deben constar en <strong>un solo archivo en formato PDF.<\/strong><\/p>\n\n\n\n<p>Las postulaciones se receptar\u00e1n hasta las <strong>11:00 del 20 de junio de 2025<\/strong>, al correo electr\u00f3nico\u00a0<a href=\"mailto:alexandra.sararbia@celec.gob.ec\">alexandra.sarabia@celec.gob.ec<\/a>, es importante indicar en el asunto, el c\u00f3digo al puesto que est\u00e1n optando, por ejemplo: \u201cCMO-001-2025 \/ APELLIDO APELLIDO NOMBRE NOMBRE\u00bb<\/p>\n\n\n\n<p>De manera paralela y obligatoria se deber\u00e1 llenar el formulario en el siguiente enlace:&nbsp;<\/p>\n\n\n\n<p class=\"has-text-align-center\"><a href=\"https:\/\/forms.office.com\/r\/EpeijMwScN?origin=lprLink%20\" data-type=\"link\" data-id=\"https:\/\/forms.office.com\/r\/EpeijMwScN?origin=lprLink%20\">Link de formulario<\/a><\/p>\n\n\n\n<p>Ser\u00e1n considerados \u00fanicamente los postulantes que cumplan los requisitos y postulen en la fecha y hora establecidas en la convocatoria.&nbsp;&nbsp;&nbsp;<\/p>\n\n\n\n<p class=\"has-text-align-center\"><strong><a href=\"https:\/\/www.celec.gob.ec\/transelectric\/wp-content\/uploads\/2025\/06\/CONVOCATORIA.-1.pdf\" data-type=\"link\" data-id=\"https:\/\/www.celec.gob.ec\/transelectric\/wp-content\/uploads\/2025\/06\/CONVOCATORIA.-1.pdf\">Para ver el requerimiento\u00a0hacer clic aqu\u00ed<\/a><\/strong><\/p>\n\n\n\n<p><\/p>\n","protected":false},"excerpt":{"rendered":"<p>En cumplimiento a la Codificaci\u00f3n del Reglamento para el Reclutamiento, Preselecci\u00f3n, Selecci\u00f3n, Vinculaci\u00f3n, e Inducci\u00f3n del Talento Humano de la Empresa P\u00fablica Estrat\u00e9gica Corporaci\u00f3n El\u00e9ctrica del Ecuador CELEC EP\u201d, mediante resoluci\u00f3n No. CEL-RES-0320-24, se pone en consideraci\u00f3n el inicio de la fase de reclutamiento del CONCURSO DE M\u00c9RITOS Y OPOSICI\u00d3N, para cubrir&nbsp;el cargo&nbsp;detallado en el [&hellip;]<\/p>\n","protected":false},"author":3,"featured_media":0,"parent":0,"menu_order":0,"comment_status":"closed","ping_status":"closed","template":"","meta":{"_acf_changed":false,"inline_featured_image":false,"_themeisle_gutenberg_block_has_review":false,"footnotes":""},"categories":[],"tags":[],"class_list":["post-10010","page","type-page","status-publish","hentry"],"acf":[],"_links":{"self":[{"href":"https:\/\/www.celec.gob.ec\/transelectric\/wp-json\/wp\/v2\/pages\/10010","targetHints":{"allow":["GET"]}}],"collection":[{"href":"https:\/\/www.celec.gob.ec\/transelectric\/wp-json\/wp\/v2\/pages"}],"about":[{"href":"https:\/\/www.celec.gob.ec\/transelectric\/wp-json\/wp\/v2\/types\/page"}],"author":[{"embeddable":true,"href":"https:\/\/www.celec.gob.ec\/transelectric\/wp-json\/wp\/v2\/users\/3"}],"replies":[{"embeddable":true,"href":"https:\/\/www.celec.gob.ec\/transelectric\/wp-json\/wp\/v2\/comments?post=10010"}],"version-history":[{"count":4,"href":"https:\/\/www.celec.gob.ec\/transelectric\/wp-json\/wp\/v2\/pages\/10010\/revisions"}],"predecessor-version":[{"id":10019,"href":"https:\/\/www.celec.gob.ec\/transelectric\/wp-json\/wp\/v2\/pages\/10010\/revisions\/10019"}],"wp:attachment":[{"href":"https:\/\/www.celec.gob.ec\/transelectric\/wp-json\/wp\/v2\/media?parent=10010"}],"wp:term":[{"taxonomy":"category","embeddable":true,"href":"https:\/\/www.celec.gob.ec\/transelectric\/wp-json\/wp\/v2\/categories?post=10010"},{"taxonomy":"post_tag","embeddable":true,"href":"https:\/\/www.celec.gob.ec\/transelectric\/wp-json\/wp\/v2\/tags?post=10010"}],"curies":[{"name":"wp","href":"https:\/\/api.w.org\/{rel}","templated":true}]}}