{"id":102,"date":"2023-02-20T15:37:07","date_gmt":"2023-02-20T15:37:07","guid":{"rendered":"https:\/\/www.celec.gob.ec\/transelectric\/?page_id=102"},"modified":"2024-07-03T14:18:35","modified_gmt":"2024-07-03T19:18:35","slug":"obligaciones-de-servidumbre-del-sistema-nacional-de-transmision-snt","status":"publish","type":"page","link":"https:\/\/www.celec.gob.ec\/transelectric\/obligaciones-de-servidumbre-del-sistema-nacional-de-transmision-snt\/","title":{"rendered":"Obligaciones de Servidumbre del Sistema Nacional de Transmisi\u00f3n (SNT)"},"content":{"rendered":"\n<p>En cumplimiento de los Planes de Manejo Ambiental de las l\u00edneas de transmisi\u00f3n en operaci\u00f3n aprobados por la Autoridad Ambiental, se realiza la difusi\u00f3n de las distancias de seguridad que se deben cumplir con respecto a las l\u00edneas de transmisi\u00f3n y las limitaciones de uso de suelo en las franjas de servidumbre.&nbsp;<\/p>\n\n\n\n<p>Para construir, operar y mantener una l\u00ednea de transmisi\u00f3n, de acuerdo al nivel de voltaje: 500, 230 y 138 mil voltios,&nbsp; es necesario contar con una franja de terreno a lo largo de la misma, a la cual se la denomina&nbsp; franja de servidumbre.<\/p>\n\n\n\n<p>A continuaci\u00f3n te contamos sobre las franjas de servidumbre:<\/p>\n\n\n<div class=\"wp-block-image\">\n<figure class=\"aligncenter size-large is-resized\"><img loading=\"lazy\" decoding=\"async\" width=\"819\" height=\"1024\" src=\"https:\/\/www.celec.gob.ec\/transelectric\/wp-content\/uploads\/2024\/07\/1-819x1024.png\" alt=\"\" class=\"wp-image-8100\" style=\"width:581px;height:auto\" srcset=\"https:\/\/www.celec.gob.ec\/transelectric\/wp-content\/uploads\/2024\/07\/1-819x1024.png 819w, https:\/\/www.celec.gob.ec\/transelectric\/wp-content\/uploads\/2024\/07\/1-240x300.png 240w, https:\/\/www.celec.gob.ec\/transelectric\/wp-content\/uploads\/2024\/07\/1-768x960.png 768w, https:\/\/www.celec.gob.ec\/transelectric\/wp-content\/uploads\/2024\/07\/1.png 1080w\" sizes=\"auto, (max-width: 819px) 100vw, 819px\" \/><\/figure>\n<\/div>\n\n\n<div style=\"height:30px\" aria-hidden=\"true\" class=\"wp-block-spacer\"><\/div>\n\n\n<div class=\"wp-block-image\">\n<figure class=\"aligncenter size-large is-resized\"><img loading=\"lazy\" decoding=\"async\" width=\"819\" height=\"1024\" src=\"https:\/\/www.celec.gob.ec\/transelectric\/wp-content\/uploads\/2024\/07\/2_1-819x1024.png\" alt=\"\" class=\"wp-image-8101\" style=\"width:584px;height:auto\" srcset=\"https:\/\/www.celec.gob.ec\/transelectric\/wp-content\/uploads\/2024\/07\/2_1-819x1024.png 819w, https:\/\/www.celec.gob.ec\/transelectric\/wp-content\/uploads\/2024\/07\/2_1-240x300.png 240w, https:\/\/www.celec.gob.ec\/transelectric\/wp-content\/uploads\/2024\/07\/2_1-768x960.png 768w, https:\/\/www.celec.gob.ec\/transelectric\/wp-content\/uploads\/2024\/07\/2_1.png 1080w\" sizes=\"auto, (max-width: 819px) 100vw, 819px\" \/><\/figure>\n<\/div>\n\n\n<p><\/p>\n\n\n\n<p><\/p>\n\n\n<div class=\"wp-block-image\">\n<figure class=\"aligncenter size-large is-resized\"><img loading=\"lazy\" decoding=\"async\" width=\"819\" height=\"1024\" src=\"https:\/\/www.celec.gob.ec\/transelectric\/wp-content\/uploads\/2024\/07\/3-819x1024.png\" alt=\"\" class=\"wp-image-8102\" style=\"width:586px;height:auto\" srcset=\"https:\/\/www.celec.gob.ec\/transelectric\/wp-content\/uploads\/2024\/07\/3-819x1024.png 819w, https:\/\/www.celec.gob.ec\/transelectric\/wp-content\/uploads\/2024\/07\/3-240x300.png 240w, https:\/\/www.celec.gob.ec\/transelectric\/wp-content\/uploads\/2024\/07\/3-768x960.png 768w, https:\/\/www.celec.gob.ec\/transelectric\/wp-content\/uploads\/2024\/07\/3.png 1081w\" sizes=\"auto, (max-width: 819px) 100vw, 819px\" \/><\/figure>\n<\/div>\n\n\n<p><\/p>\n\n\n\n<p><\/p>\n\n\n<div class=\"wp-block-image\">\n<figure class=\"aligncenter size-large is-resized\"><img loading=\"lazy\" decoding=\"async\" width=\"1081\" height=\"1351\" src=\"https:\/\/www.celec.gob.ec\/transelectric\/wp-content\/uploads\/2024\/07\/4-819x1024.png\" alt=\"\" class=\"wp-image-8103\" style=\"width:586px;height:auto\" srcset=\"https:\/\/www.celec.gob.ec\/transelectric\/wp-content\/uploads\/2024\/07\/4-819x1024.png 819w, https:\/\/www.celec.gob.ec\/transelectric\/wp-content\/uploads\/2024\/07\/4-240x300.png 240w, https:\/\/www.celec.gob.ec\/transelectric\/wp-content\/uploads\/2024\/07\/4-768x960.png 768w, https:\/\/www.celec.gob.ec\/transelectric\/wp-content\/uploads\/2024\/07\/4.png 1081w\" sizes=\"auto, (max-width: 1081px) 100vw, 1081px\" \/><\/figure>\n<\/div>\n\n\n<p><\/p>\n\n\n\n<p><\/p>\n\n\n<div class=\"wp-block-image\">\n<figure class=\"aligncenter size-large is-resized\"><img loading=\"lazy\" decoding=\"async\" width=\"819\" height=\"1024\" src=\"https:\/\/www.celec.gob.ec\/transelectric\/wp-content\/uploads\/2024\/07\/5-819x1024.png\" alt=\"\" class=\"wp-image-8104\" style=\"width:588px;height:auto\" srcset=\"https:\/\/www.celec.gob.ec\/transelectric\/wp-content\/uploads\/2024\/07\/5-819x1024.png 819w, https:\/\/www.celec.gob.ec\/transelectric\/wp-content\/uploads\/2024\/07\/5-240x300.png 240w, https:\/\/www.celec.gob.ec\/transelectric\/wp-content\/uploads\/2024\/07\/5-768x960.png 768w, https:\/\/www.celec.gob.ec\/transelectric\/wp-content\/uploads\/2024\/07\/5.png 1080w\" sizes=\"auto, (max-width: 819px) 100vw, 819px\" \/><\/figure>\n<\/div>\n\n\n<p><\/p>\n\n\n\n<p><\/p>\n\n\n<div class=\"wp-block-image\">\n<figure class=\"aligncenter size-large is-resized\"><img loading=\"lazy\" decoding=\"async\" width=\"819\" height=\"1024\" src=\"https:\/\/www.celec.gob.ec\/transelectric\/wp-content\/uploads\/2024\/07\/6-819x1024.png\" alt=\"\" class=\"wp-image-8105\" style=\"width:590px;height:auto\" srcset=\"https:\/\/www.celec.gob.ec\/transelectric\/wp-content\/uploads\/2024\/07\/6-819x1024.png 819w, https:\/\/www.celec.gob.ec\/transelectric\/wp-content\/uploads\/2024\/07\/6-240x300.png 240w, https:\/\/www.celec.gob.ec\/transelectric\/wp-content\/uploads\/2024\/07\/6-768x960.png 768w, https:\/\/www.celec.gob.ec\/transelectric\/wp-content\/uploads\/2024\/07\/6.png 1080w\" sizes=\"auto, (max-width: 819px) 100vw, 819px\" \/><\/figure>\n<\/div>\n\n\n<p><\/p>\n\n\n\n<p><\/p>\n\n\n<div class=\"wp-block-image\">\n<figure class=\"aligncenter size-large is-resized\"><img loading=\"lazy\" decoding=\"async\" width=\"819\" height=\"1024\" src=\"https:\/\/www.celec.gob.ec\/transelectric\/wp-content\/uploads\/2024\/07\/7-819x1024.png\" alt=\"\" class=\"wp-image-8108\" style=\"width:594px;height:auto\" srcset=\"https:\/\/www.celec.gob.ec\/transelectric\/wp-content\/uploads\/2024\/07\/7-819x1024.png 819w, https:\/\/www.celec.gob.ec\/transelectric\/wp-content\/uploads\/2024\/07\/7-240x300.png 240w, https:\/\/www.celec.gob.ec\/transelectric\/wp-content\/uploads\/2024\/07\/7-768x960.png 768w, https:\/\/www.celec.gob.ec\/transelectric\/wp-content\/uploads\/2024\/07\/7.png 1080w\" sizes=\"auto, (max-width: 819px) 100vw, 819px\" \/><\/figure>\n<\/div>\n\n\n<p><\/p>\n\n\n\n<p><\/p>\n\n\n<div class=\"wp-block-image\">\n<figure class=\"aligncenter size-large is-resized\"><img loading=\"lazy\" decoding=\"async\" width=\"819\" height=\"1024\" src=\"https:\/\/www.celec.gob.ec\/transelectric\/wp-content\/uploads\/2024\/07\/8-819x1024.png\" alt=\"\" class=\"wp-image-8106\" style=\"width:596px;height:auto\" srcset=\"https:\/\/www.celec.gob.ec\/transelectric\/wp-content\/uploads\/2024\/07\/8-819x1024.png 819w, https:\/\/www.celec.gob.ec\/transelectric\/wp-content\/uploads\/2024\/07\/8-240x300.png 240w, https:\/\/www.celec.gob.ec\/transelectric\/wp-content\/uploads\/2024\/07\/8-768x960.png 768w, https:\/\/www.celec.gob.ec\/transelectric\/wp-content\/uploads\/2024\/07\/8.png 1080w\" sizes=\"auto, (max-width: 819px) 100vw, 819px\" \/><\/figure>\n<\/div>\n\n\n<p><\/p>\n\n\n\n<p><\/p>\n\n\n<div class=\"wp-block-image\">\n<figure class=\"aligncenter size-large is-resized\"><img loading=\"lazy\" decoding=\"async\" width=\"819\" height=\"1024\" src=\"https:\/\/www.celec.gob.ec\/transelectric\/wp-content\/uploads\/2024\/07\/9-819x1024.png\" alt=\"\" class=\"wp-image-8107\" style=\"width:600px;height:auto\" srcset=\"https:\/\/www.celec.gob.ec\/transelectric\/wp-content\/uploads\/2024\/07\/9-819x1024.png 819w, https:\/\/www.celec.gob.ec\/transelectric\/wp-content\/uploads\/2024\/07\/9-240x300.png 240w, https:\/\/www.celec.gob.ec\/transelectric\/wp-content\/uploads\/2024\/07\/9-768x960.png 768w, https:\/\/www.celec.gob.ec\/transelectric\/wp-content\/uploads\/2024\/07\/9.png 1080w\" sizes=\"auto, (max-width: 819px) 100vw, 819px\" \/><\/figure>\n<\/div>","protected":false},"excerpt":{"rendered":"<p>En cumplimiento de los Planes de Manejo Ambiental de las l\u00edneas de transmisi\u00f3n en operaci\u00f3n aprobados por la Autoridad Ambiental, se realiza la difusi\u00f3n de las distancias de seguridad que se deben cumplir con respecto a las l\u00edneas de transmisi\u00f3n y las limitaciones de uso de suelo en las franjas de servidumbre.&nbsp; Para construir, operar [&hellip;]<\/p>\n","protected":false},"author":1,"featured_media":0,"parent":0,"menu_order":0,"comment_status":"closed","ping_status":"closed","template":"","meta":{"_acf_changed":false,"inline_featured_image":false,"_themeisle_gutenberg_block_has_review":false,"footnotes":""},"categories":[],"tags":[],"class_list":["post-102","page","type-page","status-publish","hentry"],"acf":[],"_links":{"self":[{"href":"https:\/\/www.celec.gob.ec\/transelectric\/wp-json\/wp\/v2\/pages\/102","targetHints":{"allow":["GET"]}}],"collection":[{"href":"https:\/\/www.celec.gob.ec\/transelectric\/wp-json\/wp\/v2\/pages"}],"about":[{"href":"https:\/\/www.celec.gob.ec\/transelectric\/wp-json\/wp\/v2\/types\/page"}],"author":[{"embeddable":true,"href":"https:\/\/www.celec.gob.ec\/transelectric\/wp-json\/wp\/v2\/users\/1"}],"replies":[{"embeddable":true,"href":"https:\/\/www.celec.gob.ec\/transelectric\/wp-json\/wp\/v2\/comments?post=102"}],"version-history":[{"count":6,"href":"https:\/\/www.celec.gob.ec\/transelectric\/wp-json\/wp\/v2\/pages\/102\/revisions"}],"predecessor-version":[{"id":8113,"href":"https:\/\/www.celec.gob.ec\/transelectric\/wp-json\/wp\/v2\/pages\/102\/revisions\/8113"}],"wp:attachment":[{"href":"https:\/\/www.celec.gob.ec\/transelectric\/wp-json\/wp\/v2\/media?parent=102"}],"wp:term":[{"taxonomy":"category","embeddable":true,"href":"https:\/\/www.celec.gob.ec\/transelectric\/wp-json\/wp\/v2\/categories?post=102"},{"taxonomy":"post_tag","embeddable":true,"href":"https:\/\/www.celec.gob.ec\/transelectric\/wp-json\/wp\/v2\/tags?post=102"}],"curies":[{"name":"wp","href":"https:\/\/api.w.org\/{rel}","templated":true}]}}