{"id":10203,"date":"2025-07-25T16:57:58","date_gmt":"2025-07-25T21:57:58","guid":{"rendered":"https:\/\/www.celec.gob.ec\/transelectric\/?page_id=10203"},"modified":"2025-07-25T16:57:59","modified_gmt":"2025-07-25T21:57:59","slug":"este-martes-29-de-julio-se-realizaran-trabajos-para-la-ampliacion-de-la-subestacion-posorja-guayas","status":"publish","type":"page","link":"https:\/\/www.celec.gob.ec\/transelectric\/este-martes-29-de-julio-se-realizaran-trabajos-para-la-ampliacion-de-la-subestacion-posorja-guayas\/","title":{"rendered":"Este martes, 29 de julio, se realizar\u00e1n trabajos para la ampliaci\u00f3n de la subestaci\u00f3n Posorja, Guayas"},"content":{"rendered":"\n<p>Con el objetivo de mejorar el servicio el\u00e9ctrico y garantizar la calidad y continuidad del suministro en las zonas de influencia, la Corporaci\u00f3n El\u00e9ctrica del Ecuador \u2013 CELEC EP, a trav\u00e9s de su Unidad de Negocio Transelectric, realiza trabajos de ampliaci\u00f3n de la subestaci\u00f3n Posorja, la provincia de Guayas.<\/p>\n\n\n\n<p>La ejecuci\u00f3n de estas actividades requerir\u00e1 una restricci\u00f3n parcial del servicio el\u00e9ctrico el martes 29 de julio, entre las 05:00 y 09:00, en los siguientes sectores:<\/p>\n\n\n\n<ul class=\"wp-block-list\">\n<li>Cant\u00f3n Playas: balneario de Playas, comuna San Antonio, Engabao, El Morro, San Miguel y comunas aleda\u00f1as.<\/li>\n\n\n\n<li>Cant\u00f3n Guayaquil: parroquia Posorja.<\/li>\n<\/ul>\n\n\n\n<p>Estas labores han sido coordinadas con la distribuidora CNEL EP y el Operador Nacional de Electricidad, CENACE. Gracias a estas acciones, se fortalecer\u00e1 la confiabilidad del servicio el\u00e9ctrico en la zona.<\/p>\n\n\n\n<p>CELEC EP agradece su comprensi\u00f3n ante los posibles inconvenientes.<\/p>\n","protected":false},"excerpt":{"rendered":"<p>Con el objetivo de mejorar el servicio el\u00e9ctrico y garantizar la calidad y continuidad del suministro en las zonas de influencia, la Corporaci\u00f3n El\u00e9ctrica del Ecuador \u2013 CELEC EP, a trav\u00e9s de su Unidad de Negocio Transelectric, realiza trabajos de ampliaci\u00f3n de la subestaci\u00f3n Posorja, la provincia de Guayas. La ejecuci\u00f3n de estas actividades requerir\u00e1 [&hellip;]<\/p>\n","protected":false},"author":3,"featured_media":0,"parent":0,"menu_order":0,"comment_status":"closed","ping_status":"closed","template":"","meta":{"_acf_changed":false,"inline_featured_image":false,"_themeisle_gutenberg_block_has_review":false,"footnotes":""},"categories":[],"tags":[],"class_list":["post-10203","page","type-page","status-publish","hentry"],"acf":[],"_links":{"self":[{"href":"https:\/\/www.celec.gob.ec\/transelectric\/wp-json\/wp\/v2\/pages\/10203","targetHints":{"allow":["GET"]}}],"collection":[{"href":"https:\/\/www.celec.gob.ec\/transelectric\/wp-json\/wp\/v2\/pages"}],"about":[{"href":"https:\/\/www.celec.gob.ec\/transelectric\/wp-json\/wp\/v2\/types\/page"}],"author":[{"embeddable":true,"href":"https:\/\/www.celec.gob.ec\/transelectric\/wp-json\/wp\/v2\/users\/3"}],"replies":[{"embeddable":true,"href":"https:\/\/www.celec.gob.ec\/transelectric\/wp-json\/wp\/v2\/comments?post=10203"}],"version-history":[{"count":1,"href":"https:\/\/www.celec.gob.ec\/transelectric\/wp-json\/wp\/v2\/pages\/10203\/revisions"}],"predecessor-version":[{"id":10204,"href":"https:\/\/www.celec.gob.ec\/transelectric\/wp-json\/wp\/v2\/pages\/10203\/revisions\/10204"}],"wp:attachment":[{"href":"https:\/\/www.celec.gob.ec\/transelectric\/wp-json\/wp\/v2\/media?parent=10203"}],"wp:term":[{"taxonomy":"category","embeddable":true,"href":"https:\/\/www.celec.gob.ec\/transelectric\/wp-json\/wp\/v2\/categories?post=10203"},{"taxonomy":"post_tag","embeddable":true,"href":"https:\/\/www.celec.gob.ec\/transelectric\/wp-json\/wp\/v2\/tags?post=10203"}],"curies":[{"name":"wp","href":"https:\/\/api.w.org\/{rel}","templated":true}]}}