{"id":10324,"date":"2025-08-28T11:00:00","date_gmt":"2025-08-28T16:00:00","guid":{"rendered":"https:\/\/www.celec.gob.ec\/transelectric\/?page_id=10324"},"modified":"2025-08-28T11:10:34","modified_gmt":"2025-08-28T16:10:34","slug":"autoridades-celec-ep","status":"publish","type":"page","link":"https:\/\/www.celec.gob.ec\/transelectric\/autoridades-celec-ep\/","title":{"rendered":"Autoridades"},"content":{"rendered":"<div class=\"wp-block-image\">\n<figure class=\"aligncenter size-full is-resized\"><img loading=\"lazy\" decoding=\"async\" width=\"682\" height=\"1024\" src=\"https:\/\/www.celec.gob.ec\/transelectric\/wp-content\/uploads\/2025\/07\/Gerente-de-CELEC-EP25.jpeg\" alt=\"\" class=\"wp-image-10207\" style=\"width:362px;height:auto\" srcset=\"https:\/\/www.celec.gob.ec\/transelectric\/wp-content\/uploads\/2025\/07\/Gerente-de-CELEC-EP25.jpeg 682w, https:\/\/www.celec.gob.ec\/transelectric\/wp-content\/uploads\/2025\/07\/Gerente-de-CELEC-EP25-200x300.jpeg 200w\" sizes=\"auto, (max-width: 682px) 100vw, 682px\" \/><\/figure>\n<\/div>\n\n\n<p class=\"has-text-align-center\"><strong>Jorge Antonio J\u00e1come P\u00f3lit<\/strong><\/p>\n\n\n\n<p><strong>GERENTE GENERAL<\/strong><\/p>\n\n\n\n<p><strong>CORPORACI\u00d3N EL\u00c9CTRICA DEL ECUADOR<\/strong><\/p>\n\n\n\n<p>Es un profesional con m\u00e1s de 26 a\u00f1os de trayectoria en el sector energ\u00e9tico y petrolero del Ecuador. A lo largo de su carrera, ha participado activamente en proyectos estrat\u00e9gicos de generaci\u00f3n el\u00e9ctrica, perforaci\u00f3n, reacondicionamiento y exploraci\u00f3n de pozos, aportando con su experiencia t\u00e9cnica y visi\u00f3n integral del sector.<\/p>\n\n\n\n<p>Es abogado con distinci\u00f3n acad\u00e9mica, formaci\u00f3n que ha complementado su perfil t\u00e9cnico con una s\u00f3lida comprensi\u00f3n del marco legal y regulatorio. Su gesti\u00f3n se ha caracterizado por un liderazgo efectivo, alto sentido t\u00e9cnico, capacidad anal\u00edtica y destacadas habilidades de negociaci\u00f3n, cualidades que le han permitido desempe\u00f1ar roles clave en equipos multidisciplinarios y procesos decisivos para el desarrollo energ\u00e9tico del pa\u00eds.<\/p>\n\n\n\n<p>Su compromiso con la excelencia y la institucionalidad le posicionan como un referente en su campo de acci\u00f3n.<\/p>\n","protected":false},"excerpt":{"rendered":"<p>Jorge Antonio J\u00e1come P\u00f3lit GERENTE GENERAL CORPORACI\u00d3N EL\u00c9CTRICA DEL ECUADOR Es un profesional con m\u00e1s de 26 a\u00f1os de trayectoria en el sector energ\u00e9tico y petrolero del Ecuador. A lo largo de su carrera, ha participado activamente en proyectos estrat\u00e9gicos de generaci\u00f3n el\u00e9ctrica, perforaci\u00f3n, reacondicionamiento y exploraci\u00f3n de pozos, aportando con su experiencia t\u00e9cnica y [&hellip;]<\/p>\n","protected":false},"author":3,"featured_media":0,"parent":0,"menu_order":0,"comment_status":"closed","ping_status":"closed","template":"","meta":{"_acf_changed":false,"inline_featured_image":false,"_themeisle_gutenberg_block_has_review":false,"footnotes":""},"categories":[],"tags":[],"class_list":["post-10324","page","type-page","status-publish","hentry"],"acf":[],"_links":{"self":[{"href":"https:\/\/www.celec.gob.ec\/transelectric\/wp-json\/wp\/v2\/pages\/10324","targetHints":{"allow":["GET"]}}],"collection":[{"href":"https:\/\/www.celec.gob.ec\/transelectric\/wp-json\/wp\/v2\/pages"}],"about":[{"href":"https:\/\/www.celec.gob.ec\/transelectric\/wp-json\/wp\/v2\/types\/page"}],"author":[{"embeddable":true,"href":"https:\/\/www.celec.gob.ec\/transelectric\/wp-json\/wp\/v2\/users\/3"}],"replies":[{"embeddable":true,"href":"https:\/\/www.celec.gob.ec\/transelectric\/wp-json\/wp\/v2\/comments?post=10324"}],"version-history":[{"count":2,"href":"https:\/\/www.celec.gob.ec\/transelectric\/wp-json\/wp\/v2\/pages\/10324\/revisions"}],"predecessor-version":[{"id":10329,"href":"https:\/\/www.celec.gob.ec\/transelectric\/wp-json\/wp\/v2\/pages\/10324\/revisions\/10329"}],"wp:attachment":[{"href":"https:\/\/www.celec.gob.ec\/transelectric\/wp-json\/wp\/v2\/media?parent=10324"}],"wp:term":[{"taxonomy":"category","embeddable":true,"href":"https:\/\/www.celec.gob.ec\/transelectric\/wp-json\/wp\/v2\/categories?post=10324"},{"taxonomy":"post_tag","embeddable":true,"href":"https:\/\/www.celec.gob.ec\/transelectric\/wp-json\/wp\/v2\/tags?post=10324"}],"curies":[{"name":"wp","href":"https:\/\/api.w.org\/{rel}","templated":true}]}}