{"id":10343,"date":"2025-08-29T11:28:37","date_gmt":"2025-08-29T16:28:37","guid":{"rendered":"https:\/\/www.celec.gob.ec\/transelectric\/?page_id=10343"},"modified":"2025-08-29T11:28:37","modified_gmt":"2025-08-29T16:28:37","slug":"celec-ep-realizara-mantenimiento-programado-en-la-subestacion-ibarra-imbabura","status":"publish","type":"page","link":"https:\/\/www.celec.gob.ec\/transelectric\/celec-ep-realizara-mantenimiento-programado-en-la-subestacion-ibarra-imbabura\/","title":{"rendered":"CELEC EP realizar\u00e1 mantenimiento programado en la subestaci\u00f3n Ibarra \u2013 Imbabura"},"content":{"rendered":"\n<p>Este domingo, <strong>31 de agosto de 2025<\/strong>, la Corporaci\u00f3n El\u00e9ctrica del Ecuador \u2013 CELEC EP, a trav\u00e9s de su Unidad de Negocio Transelectric, ejecutar\u00e1 trabajos de mantenimiento programado en la<strong> subestaci\u00f3n Ibarra, provincia de Imbabura.<\/strong> El objetivo es mejorar la calidad del servicio el\u00e9ctrico y garantizar su continuidad en la zona de influencia.<\/p>\n\n\n\n<p>Estas actividades requerir\u00e1n una restricci\u00f3n parcial del servicio el\u00e9ctrico, entre las 00:00 y las 04:00 en los cantones:&nbsp;<strong>Ibarra, Pimampiro, Mira, Bol\u00edvar y San Lorenzo.<\/strong><\/p>\n\n\n\n<p>Puede consultar el detalle de los sectores afectados en el siguiente enlace:<br>\ud83d\udd17\u00a0<a href=\"https:\/\/www.emelnorte.com\/suspension-de-servicio-electrico-domingo-31-de-agosto-de-2025\/?utm_source=chatgpt.com\" target=\"_blank\" rel=\"noreferrer noopener\">https:\/\/www.emelnorte.com\/suspension-de-servicio-electrico-domingo-31-de-agosto-de-2025\/<\/a><\/p>\n","protected":false},"excerpt":{"rendered":"<p>Este domingo, 31 de agosto de 2025, la Corporaci\u00f3n El\u00e9ctrica del Ecuador \u2013 CELEC EP, a trav\u00e9s de su Unidad de Negocio Transelectric, ejecutar\u00e1 trabajos de mantenimiento programado en la subestaci\u00f3n Ibarra, provincia de Imbabura. El objetivo es mejorar la calidad del servicio el\u00e9ctrico y garantizar su continuidad en la zona de influencia. Estas actividades [&hellip;]<\/p>\n","protected":false},"author":3,"featured_media":0,"parent":0,"menu_order":0,"comment_status":"closed","ping_status":"closed","template":"","meta":{"_acf_changed":false,"inline_featured_image":false,"_themeisle_gutenberg_block_has_review":false,"footnotes":""},"categories":[],"tags":[],"class_list":["post-10343","page","type-page","status-publish","hentry"],"acf":[],"_links":{"self":[{"href":"https:\/\/www.celec.gob.ec\/transelectric\/wp-json\/wp\/v2\/pages\/10343","targetHints":{"allow":["GET"]}}],"collection":[{"href":"https:\/\/www.celec.gob.ec\/transelectric\/wp-json\/wp\/v2\/pages"}],"about":[{"href":"https:\/\/www.celec.gob.ec\/transelectric\/wp-json\/wp\/v2\/types\/page"}],"author":[{"embeddable":true,"href":"https:\/\/www.celec.gob.ec\/transelectric\/wp-json\/wp\/v2\/users\/3"}],"replies":[{"embeddable":true,"href":"https:\/\/www.celec.gob.ec\/transelectric\/wp-json\/wp\/v2\/comments?post=10343"}],"version-history":[{"count":1,"href":"https:\/\/www.celec.gob.ec\/transelectric\/wp-json\/wp\/v2\/pages\/10343\/revisions"}],"predecessor-version":[{"id":10345,"href":"https:\/\/www.celec.gob.ec\/transelectric\/wp-json\/wp\/v2\/pages\/10343\/revisions\/10345"}],"wp:attachment":[{"href":"https:\/\/www.celec.gob.ec\/transelectric\/wp-json\/wp\/v2\/media?parent=10343"}],"wp:term":[{"taxonomy":"category","embeddable":true,"href":"https:\/\/www.celec.gob.ec\/transelectric\/wp-json\/wp\/v2\/categories?post=10343"},{"taxonomy":"post_tag","embeddable":true,"href":"https:\/\/www.celec.gob.ec\/transelectric\/wp-json\/wp\/v2\/tags?post=10343"}],"curies":[{"name":"wp","href":"https:\/\/api.w.org\/{rel}","templated":true}]}}