{"id":10395,"date":"2025-09-17T17:05:17","date_gmt":"2025-09-17T22:05:17","guid":{"rendered":"https:\/\/www.celec.gob.ec\/transelectric\/?page_id=10395"},"modified":"2025-09-17T17:05:18","modified_gmt":"2025-09-17T22:05:18","slug":"proceso-de-seleccion-simple-especialista-de-talento-humano-17-de-septiembre-de-2025","status":"publish","type":"page","link":"https:\/\/www.celec.gob.ec\/transelectric\/proceso-de-seleccion-simple-especialista-de-talento-humano-17-de-septiembre-de-2025\/","title":{"rendered":"Proceso de Selecci\u00f3n Simple, Especialista de Talento Humano, 17 de septiembre de 2025"},"content":{"rendered":"\n<p>En cumplimiento a la&nbsp;<em>\u00abCodificaci\u00f3n del Reglamento para el Reclutamiento, Preselecci\u00f3n, Selecci\u00f3n, Vinculaci\u00f3n, e Inducci\u00f3n del Talento Humano de la Empresa P\u00fablica Estrat\u00e9gica Corporaci\u00f3n El\u00e9ctrica del Ecuador CELEC EP.\u00bb<\/em>, y la Resoluci\u00f3n Nro. CEL-RES-0320-24, se pone en consideraci\u00f3n el inicio de la fase de reclutamiento del PROCESO DE SELECCI\u00d3N SIMPLE, para cubrir el cargo detallado en el archivo adjunto.<\/p>\n\n\n\n<p><em>\u00ab14.1.- Reclutamiento \/ Preselecci\u00f3n: Los delegados del \u00e1rea de Talento Humano y del&nbsp; \u00e1rea requirente designados para el proceso de selecci\u00f3n simple tendr\u00e1n la responsabilidad de esta actividad, cuyo objetivo es recopilar todas las postulaciones de los aspirantes potencialmente calificados para ocupar los puestos temporales ofertados por la CELEC EP.<\/em><\/p>\n\n\n\n<p><em>Este reclutamiento se lo realizar\u00e1 a trav\u00e9s de una convocatoria abierta, a trav\u00e9s del uso medios de comunicaci\u00f3n tecnol\u00f3gicos corporativos, cuya duraci\u00f3n m\u00ednima de 24 horas h\u00e1biles.\u00bb<\/em><\/p>\n\n\n\n<p>Se considerar\u00e1n&nbsp;\u00fanicamente las&nbsp;postulaciones&nbsp;que apliquen dentro de este periodo de tiempo; NO&nbsp;se receptar\u00e1 documento alguno despu\u00e9s de la recepci\u00f3n de la postulaci\u00f3n.<\/p>\n\n\n\n<p>Las postulaciones se receptar\u00e1n hasta las <strong>17:00 de mi\u00e9rcoles 17 de septiembre de 2025 hasta las 17:00 del jueves 18 de septiembre de 2025<\/strong>, al siguiente link<\/p>\n\n\n\n<p class=\"has-text-align-center\"><a href=\"https:\/\/serviciostranselectric.celec.gob.ec\/tthh\/\" data-type=\"link\" data-id=\"https:\/\/serviciostranselectric.celec.gob.ec\/tthh\/\">Link de formulario<\/a><\/p>\n\n\n\n<p>Ser\u00e1n considerados \u00fanicamente los postulantes que cumplan los requisitos y postulen en la fecha y hora establecidas en la convocatoria.&nbsp;&nbsp;&nbsp;<\/p>\n\n\n\n<p class=\"has-text-align-center\"><strong><a href=\"https:\/\/www.celec.gob.ec\/transelectric\/wp-content\/uploads\/2025\/09\/CONVOCATORIA-ESPECIALISTA-DE-TALENTO-HUMANO-pdf.pdf\" data-type=\"link\" data-id=\"https:\/\/www.celec.gob.ec\/transelectric\/wp-content\/uploads\/2025\/09\/CONVOCATORIA-ESPECIALISTA-DE-TALENTO-HUMANO-pdf.pdf\">Para ver el requerimiento\u00a0hacer clic aqu\u00ed<\/a><\/strong><\/p>\n\n\n\n<p><\/p>\n","protected":false},"excerpt":{"rendered":"<p>En cumplimiento a la&nbsp;\u00abCodificaci\u00f3n del Reglamento para el Reclutamiento, Preselecci\u00f3n, Selecci\u00f3n, Vinculaci\u00f3n, e Inducci\u00f3n del Talento Humano de la Empresa P\u00fablica Estrat\u00e9gica Corporaci\u00f3n El\u00e9ctrica del Ecuador CELEC EP.\u00bb, y la Resoluci\u00f3n Nro. CEL-RES-0320-24, se pone en consideraci\u00f3n el inicio de la fase de reclutamiento del PROCESO DE SELECCI\u00d3N SIMPLE, para cubrir el cargo detallado en [&hellip;]<\/p>\n","protected":false},"author":3,"featured_media":0,"parent":0,"menu_order":0,"comment_status":"closed","ping_status":"closed","template":"","meta":{"_acf_changed":false,"inline_featured_image":false,"_themeisle_gutenberg_block_has_review":false,"footnotes":""},"categories":[],"tags":[],"class_list":["post-10395","page","type-page","status-publish","hentry"],"acf":[],"_links":{"self":[{"href":"https:\/\/www.celec.gob.ec\/transelectric\/wp-json\/wp\/v2\/pages\/10395","targetHints":{"allow":["GET"]}}],"collection":[{"href":"https:\/\/www.celec.gob.ec\/transelectric\/wp-json\/wp\/v2\/pages"}],"about":[{"href":"https:\/\/www.celec.gob.ec\/transelectric\/wp-json\/wp\/v2\/types\/page"}],"author":[{"embeddable":true,"href":"https:\/\/www.celec.gob.ec\/transelectric\/wp-json\/wp\/v2\/users\/3"}],"replies":[{"embeddable":true,"href":"https:\/\/www.celec.gob.ec\/transelectric\/wp-json\/wp\/v2\/comments?post=10395"}],"version-history":[{"count":1,"href":"https:\/\/www.celec.gob.ec\/transelectric\/wp-json\/wp\/v2\/pages\/10395\/revisions"}],"predecessor-version":[{"id":10398,"href":"https:\/\/www.celec.gob.ec\/transelectric\/wp-json\/wp\/v2\/pages\/10395\/revisions\/10398"}],"wp:attachment":[{"href":"https:\/\/www.celec.gob.ec\/transelectric\/wp-json\/wp\/v2\/media?parent=10395"}],"wp:term":[{"taxonomy":"category","embeddable":true,"href":"https:\/\/www.celec.gob.ec\/transelectric\/wp-json\/wp\/v2\/categories?post=10395"},{"taxonomy":"post_tag","embeddable":true,"href":"https:\/\/www.celec.gob.ec\/transelectric\/wp-json\/wp\/v2\/tags?post=10395"}],"curies":[{"name":"wp","href":"https:\/\/api.w.org\/{rel}","templated":true}]}}